{"id":8763,"date":"2025-03-26T11:23:54","date_gmt":"2025-03-26T10:23:54","guid":{"rendered":"https:\/\/us.edu.pl\/instytut\/ibbios\/?page_id=8763"},"modified":"2025-03-26T11:47:24","modified_gmt":"2025-03-26T10:47:24","slug":"biolodzy-w-multimediach","status":"publish","type":"page","link":"https:\/\/us.edu.pl\/instytut\/ibbios\/biolodzy-w-multimediach\/","title":{"rendered":"Biolodzy w multimediach"},"content":{"rendered":"<p>[vc_row][vc_column width=&#8221;1\/6&#8243;][\/vc_column][vc_column width=&#8221;2\/3&#8243;]\r\n                <div class=\"text-modules\">\r\n                    <div class=\"container\">\r\n                        <h3 class=\"page-title text__title\">Biolodzy w multimediach<\/h3>\r\n                        <div class=\"text-modules__content\"><\/div>\r\n                    <\/div>\r\n                <\/div>[vc_masonry_grid post_type=&#8221;multimedia&#8221; max_items=&#8221;1000&#8243; element_width=&#8221;3&#8243; grid_id=&#8221;vc_gid:1742975249987-9a09ea97-f844-1&#8243; taxonomies=&#8221;1528&#8243;]\r\n                <div class=\"text-modules\">\r\n                    <div class=\"container\">\r\n                        <h3 class=\"page-title text__title\">Cykl ``Akcja Popularyzacja``<\/h3>\r\n                        <div class=\"text-modules__content\"><\/div>\r\n                    <\/div>\r\n                <\/div>[vc_masonry_grid post_type=&#8221;multimedia&#8221; max_items=&#8221;1000&#8243; element_width=&#8221;3&#8243; grid_id=&#8221;vc_gid:1742975678081-a73431e6-73d1-8&#8243; taxonomies=&#8221;1526&#8243;]\r\n                <div class=\"text-modules\">\r\n                    <div class=\"container\">\r\n                        <h3 class=\"page-title text__title\">Cykl ``Kiedy praca to pasja``<\/h3>\r\n                        <div class=\"text-modules__content\"><\/div>\r\n                    <\/div>\r\n                <\/div>[vc_masonry_grid post_type=&#8221;multimedia&#8221; max_items=&#8221;1000&#8243; element_width=&#8221;3&#8243; grid_id=&#8221;vc_gid:1742975677882-4d56c39a-3066-7&#8243; taxonomies=&#8221;675&#8243;]\r\n                <div class=\"text-modules\">\r\n                    <div class=\"container\">\r\n                        <h3 class=\"page-title text__title\">X Og\u00f3lnopolska Noc Biolog\u00f3w (2021) - wyk\u0142ady online<\/h3>\r\n                        <div class=\"text-modules__content\"><\/div>\r\n                    <\/div>\r\n                <\/div>[vc_masonry_grid post_type=&#8221;multimedia&#8221; max_items=&#8221;1000&#8243; element_width=&#8221;3&#8243; grid_id=&#8221;vc_gid:1742975676658-3b899b76-ba08-2&#8243; taxonomies=&#8221;1535&#8243;]\r\n                <div class=\"text-modules\">\r\n                    <div class=\"container\">\r\n                        <h3 class=\"page-title text__title\">Wirtualne dni otwarte na IBBiO\u015a<\/h3>\r\n                        <div class=\"text-modules__content\"><\/div>\r\n                    <\/div>\r\n                <\/div>[vc_masonry_grid post_type=&#8221;multimedia&#8221; max_items=&#8221;1000&#8243; element_width=&#8221;3&#8243; grid_id=&#8221;vc_gid:1742975771142-901c3248-6a5a-9&#8243; taxonomies=&#8221;677&#8243; exclude=&#8221;8943&#8243;]\r\n                <div class=\"text-modules\">\r\n                    <div class=\"container\">\r\n                        <h3 class=\"page-title text__title\">Studenci o WNP<\/h3>\r\n                        <div class=\"text-modules__content\"><\/div>\r\n                    <\/div>\r\n                <\/div>[vc_masonry_grid post_type=&#8221;multimedia&#8221; max_items=&#8221;1000&#8243; element_width=&#8221;3&#8243; grid_id=&#8221;vc_gid:1742975770698-7b92385b-3000-1&#8243; taxonomies=&#8221;676&#8243;][\/vc_column][vc_column width=&#8221;1\/6&#8243;][\/vc_column][\/vc_row]<\/p>","protected":false},"excerpt":{"rendered":"<p>[vc_row][vc_column width=&#8221;1\/6&#8243;][\/vc_column][vc_column width=&#8221;2\/3&#8243;][vc_masonry_grid post_type=&#8221;multimedia&#8221; max_items=&#8221;1000&#8243; element_width=&#8221;3&#8243; grid_id=&#8221;vc_gid:1742975249987-9a09ea97-f844-1&#8243; taxonomies=&#8221;1528&#8243;][vc_masonry_grid post_type=&#8221;multimedia&#8221; max_items=&#8221;1000&#8243; element_width=&#8221;3&#8243; grid_id=&#8221;vc_gid:1742975678081-a73431e6-73d1-8&#8243; taxonomies=&#8221;1526&#8243;][vc_masonry_grid post_type=&#8221;multimedia&#8221; max_items=&#8221;1000&#8243; element_width=&#8221;3&#8243; grid_id=&#8221;vc_gid:1742975677882-4d56c39a-3066-7&#8243; taxonomies=&#8221;675&#8243;][vc_masonry_grid post_type=&#8221;multimedia&#8221; max_items=&#8221;1000&#8243; element_width=&#8221;3&#8243; grid_id=&#8221;vc_gid:1742975676658-3b899b76-ba08-2&#8243; taxonomies=&#8221;1535&#8243;][vc_masonry_grid post_type=&#8221;multimedia&#8221; max_items=&#8221;1000&#8243; element_width=&#8221;3&#8243; grid_id=&#8221;vc_gid:1742975771142-901c3248-6a5a-9&#8243; taxonomies=&#8221;677&#8243; exclude=&#8221;8943&#8243;][vc_masonry_grid post_type=&#8221;multimedia&#8221; max_items=&#8221;1000&#8243; element_width=&#8221;3&#8243; grid_id=&#8221;vc_gid:1742975770698-7b92385b-3000-1&#8243; taxonomies=&#8221;676&#8243;][\/vc_column][vc_column width=&#8221;1\/6&#8243;][\/vc_column][\/vc_row] [&#8230;]<\/p>\n<p><a class=\"btn btn-secondary understrap-read-more-link\" href=\"https:\/\/us.edu.pl\/instytut\/ibbios\/biolodzy-w-multimediach\/\">Read More&#8230;<\/a><\/p>\n","protected":false},"author":4825,"featured_media":0,"parent":0,"menu_order":0,"comment_status":"closed","ping_status":"closed","template":"","meta":{"_expiration-date-status":"","_expiration-date":0,"_expiration-date-type":"","_expiration-date-categories":[],"_expiration-date-options":[]},"acf":[],"_links":{"self":[{"href":"https:\/\/us.edu.pl\/instytut\/ibbios\/wp-json\/wp\/v2\/pages\/8763"}],"collection":[{"href":"https:\/\/us.edu.pl\/instytut\/ibbios\/wp-json\/wp\/v2\/pages"}],"about":[{"href":"https:\/\/us.edu.pl\/instytut\/ibbios\/wp-json\/wp\/v2\/types\/page"}],"author":[{"embeddable":true,"href":"https:\/\/us.edu.pl\/instytut\/ibbios\/wp-json\/wp\/v2\/users\/4825"}],"replies":[{"embeddable":true,"href":"https:\/\/us.edu.pl\/instytut\/ibbios\/wp-json\/wp\/v2\/comments?post=8763"}],"version-history":[{"count":10,"href":"https:\/\/us.edu.pl\/instytut\/ibbios\/wp-json\/wp\/v2\/pages\/8763\/revisions"}],"predecessor-version":[{"id":9016,"href":"https:\/\/us.edu.pl\/instytut\/ibbios\/wp-json\/wp\/v2\/pages\/8763\/revisions\/9016"}],"wp:attachment":[{"href":"https:\/\/us.edu.pl\/instytut\/ibbios\/wp-json\/wp\/v2\/media?parent=8763"}],"curies":[{"name":"wp","href":"https:\/\/api.w.org\/{rel}","templated":true}]}}