{"id":911,"date":"2020-06-18T18:22:22","date_gmt":"2020-06-18T16:22:22","guid":{"rendered":"https:\/\/us.edu.pl\/instytut\/ibbios\/?page_id=911"},"modified":"2023-02-15T11:27:43","modified_gmt":"2023-02-15T10:27:43","slug":"biologia-eksperymentalna-filogeneza-i-procesy-rozwojowe-u-zwierzat","status":"publish","type":"page","link":"https:\/\/us.edu.pl\/instytut\/ibbios\/nauka\/kierunki-badawcze\/biologia-eksperymentalna-filogeneza-i-procesy-rozwojowe-u-zwierzat\/","title":{"rendered":"Biologia eksperymentalna, filogeneza i procesy rozwojowe u zwierz\u0105t"},"content":{"rendered":"<p>[vc_row][vc_column]\r\n                <div class=\"text-modules \">\r\n                    <div class=\"container\">\r\n                        <h3 class=\"section-title section-title_border-bottom\">Biologia eksperymentalna, filogeneza i procesy rozwojowe u zwierz\u0105t<\/h3> <h3 class=\"subtitle text-modules__subtitle\">Prace naukowe dotycz\u0105ce biologii eksperymentalnej, filogenezy i proces\u00f3w rozwojowych zwierz\u0105t koncentruj\u0105 si\u0119 na nast\u0119puj\u0105cych tematach badawczych:<\/h3>\r\n                        <div class=\"row m-0\">\r\n                            <div class=\"text-modules__content\">\r\n                                <\/p>\n<p><span style=\"font-size: 12pt;\"><strong>1. Strategie rozwoju zwierz\u0105t w stresie \u015brodowiskowym (<em>Insecta, Aranea; Oligochaeta, Gastropoda<\/em>)<\/strong><\/span><\/p>\n<p>Prowadzone badania koncentruj\u0105 si\u0119 na analizie por\u00f3wnawczej parametr\u00f3w rozwoju embrionalnego i historii \u017cyciowych r\u00f3\u017cnych gatunk\u00f3w bezkr\u0119gowc\u00f3w (pod uwag\u0119 bierze si\u0119 przede wszystkim tempo metabolizmu i wzrostu oraz dynamik\u0119 pojawiania si\u0119 stadi\u00f3w rozwojowych). Analizie poddaje si\u0119 mierniki fizjologiczne i biochemiczne strategii rozrodczych samic przy ilo\u015bciowych i jako\u015bciowych zmianach i interakcjach czynnik\u00f3w stresowych. W badaniach dotycz\u0105cych rozwoju zarodkowego okre\u015bla si\u0119 potencja\u0142 rozwojowy zarodk\u00f3w i mechanizmy ich (pre)adaptacji i\/lub tolerancji na r\u00f3\u017cnorodne czynniki stresowe. Prowadzone s\u0105 tak\u017ce badania na wielopokoleniowych liniach rozwojowych owad\u00f3w o wyselekcjonowanych parametrach (d\u0142ugo \u2013 lub kr\u00f3tko \u017cyj\u0105ce) nara\u017conych na wp\u0142yw metali. \r\n                                <div class=\"mt-3\"><\/div>\r\n                            <\/div>\r\n                            \r\n                            <div class=\"text-modules__img\"><img src=\"https:\/\/us.edu.pl\/instytut\/ibbios\/wp-content\/uploads\/sites\/36\/Bez-kategorii\/snail-g7efd3dee8_640-300x200.jpg\" alt=\"img\"><\/div>\r\n                        <\/div>\r\n                    <\/div>\r\n                <\/div>\r\n                <div class=\"text-modules reverse\">\r\n                    <div class=\"container\">\r\n                         \r\n                        <div class=\"row m-0\">\r\n                            <div class=\"text-modules__content\">\r\n                                <span style=\"font-size: 12pt;\"><strong>2. Ustalenia pokrewie\u0144stw filogenetycznych w obr\u0119bie\u00a0<em>Hemiptera<\/em>\u00a0na poziomie podrz\u0119d\u00f3w:\u00a0<em>Sternorrhyncha, Fulgoromorpha et Cicadomorpha\u00a0<\/em>oraz\u00a0<em>Heteroptera<\/em>.<\/strong><\/span><\/p>\n<p><span style=\"font-size: 12pt;\">W obr\u0119bie tego problemu badawczego wykonywane s\u0105 analizy cech morfologicznych, histochemicznych i molekularnych wskazuj\u0105ce kierunki ich zmian ewolucyjnych. Na tej podstawie okre\u015bla si\u0119 przemiany ewolucyjne w\u015br\u00f3d wybranych grup Hemiptera na r\u00f3\u017cnych poziomach taksonomicznych (rodzin, plemion, rodzaj\u00f3w). W oparciu o morfologi\u0119 i ultrastruktur\u0119 uk\u0142adu rozrodczego oraz morfologi\u0119 wybranych tagm cia\u0142a weryfikowane s\u0105 stosunki pokrewie\u0144stwa. W tym celu wykorzystuje si\u0119 r\u00f3wnie\u017c markery molekularne \u2013 mitochondrialne i j\u0105drowe. Przy zastosowaniu kryteri\u00f3w paleontologicznych oraz por\u00f3wna\u0144 wewn\u0105trz i pozagrupowych rozpoznawane s\u0105 zmiany w budowie element\u00f3w szkieletu\u00a0 prowadz\u0105ce do okre\u015blenia kierunk\u00f3w zmian morfologicznych.<\/span><\/p>\n<div class=\"mt-3\"><\/div>\r\n                            <\/div>\r\n                            \r\n                            <div class=\"text-modules__img\"><img src=\"https:\/\/us.edu.pl\/instytut\/ibbios\/wp-content\/uploads\/sites\/36\/Bez-kategorii\/bug-ga9012b5f7_640-300x200.jpg\" alt=\"img\"><\/div>\r\n                        <\/div>\r\n                    <\/div>\r\n                <\/div>\r\n                <div class=\"text-modules \">\r\n                    <div class=\"container\">\r\n                         \r\n                        <div class=\"row m-0\">\r\n                            <div class=\"text-modules__content\">\r\n                                <span style=\"font-size: 12pt;\"><strong>3. Uk\u0142ady rozrodcze i gametogeneza wybranych bezkr\u0119gowc\u00f3w (<em>Clitellata, Tardigrada, Insecta<\/em>)<\/strong><\/span><\/p>\n<p><span style=\"font-size: 12pt;\">W ramach tego tematu badawczego wykonywane s\u0105 badania nad przebiegiem oogenezy i spermatogenezy oraz ultrastruktur\u0105 uk\u0142ad\u00f3w rozrodczych wybranych bezkr\u0119gowc\u00f3w takich jak pier\u015bcienice z gromadysiode\u0142kowc\u00f3w, niesporczaki i owady (mszyce). Analizowana jest r\u00f3wnie\u017c organizacja przestrzenna, mechanizmy powstawania i funkcjonowanie zespo\u0142\u00f3w kom\u00f3rek p\u0142ciowych, kt\u00f3re pojawiaj\u0105 si\u0119 we wczesnej gametogenezietych zwierz\u0105t. Szczeg\u00f3lny nacisk po\u0142o\u017cony jest na poznanie organizacji i roli cytoszkieletu kom\u00f3rkowego w zespo\u0142ach oraz poznanie proces\u00f3w transferu organelli kom\u00f3rkowych w obr\u0119bie zespo\u0142\u00f3w kom\u00f3rek p\u0142ciowych. Wykazane cechy morfologiczne, histologiczne i cytologiczne wykorzystywane s\u0105 do analiz pokrewie\u0144stw filogenetycznych w obr\u0119bie badanych grup.<\/span> \r\n                                <div class=\"mt-3\"><\/div>\r\n                            <\/div>\r\n                            \r\n                            <div class=\"text-modules__img\"><img src=\"https:\/\/us.edu.pl\/instytut\/ibbios\/wp-content\/uploads\/sites\/36\/Bez-kategorii\/aphid-gdce0a3190_640-300x200.jpg\" alt=\"img\"><\/div>\r\n                        <\/div>\r\n                    <\/div>\r\n                <\/div>\r\n                <div class=\"text-modules reverse\">\r\n                    <div class=\"container\">\r\n                         \r\n                        <div class=\"row m-0\">\r\n                            <div class=\"text-modules__content\">\r\n                                <span style=\"font-size: 12pt;\"><strong>4. Rozw\u00f3j, struktura i funkcjonowanie jelita \u015brodkowego bezkr\u0119gowc\u00f3w (<em>Hexapoda, Crustacea, Myriapoda, Tardigrada<\/em>)<\/strong><\/span><\/p>\n<p><span style=\"font-size: 12pt;\">Niniejszy temat wi\u0105\u017ce si\u0119 z badaniami ultrastruktury nab\u0142onka jelita \u015brodkowego, proces\u00f3w jego degeneracji (takich jak apoptoza, nekroza, autofagia) i samoodnowy. Przy u\u017cyciu technik histo- i immunohistochemicznych poznawane s\u0105 tak\u017ce mechanizmy proces\u00f3w regeneracyjnych jelita (kom\u00f3rki proliferuj\u0105ce i r\u00f3\u017cnicuj\u0105ce si\u0119) oraz rola jelita w ochronie organizmu przed stresorami \u015brodowiskowymi (np. ksenobiotyki, patogeny, czy g\u0142odzenie). Prowadzone badania embriologiczne dotycz\u0105 powstawania i r\u00f3\u017cnicowania si\u0119 jelita \u015brodkowego w trakcie rozwoju zarodkowego, jak i rozwoju pozazarodkowego. Rozw\u00f3j uk\u0142adu pokarmowego analizowany jest przy wykorzystaniu obrazowania 3D.<\/span> \r\n                                <div class=\"mt-3\"><\/div>\r\n                            <\/div>\r\n                            \r\n                            <div class=\"text-modules__img\"><img src=\"https:\/\/us.edu.pl\/instytut\/ibbios\/wp-content\/uploads\/sites\/36\/Bez-kategorii\/pexels-chris-f-12568711-300x200.jpg\" alt=\"img\"><\/div>\r\n                        <\/div>\r\n                    <\/div>\r\n                <\/div>\r\n                <div class=\"text-modules \">\r\n                    <div class=\"container\">\r\n                         \r\n                        <div class=\"row m-0\">\r\n                            <div class=\"text-modules__content\">\r\n                                <span style=\"font-size: 12pt;\"><strong>5. R\u00f3\u017cnicowanie narz\u0105dowe w rozwoju zarodkowym kr\u0119gowc\u00f3w.<\/strong><\/span><\/p>\n<p><span style=\"font-size: 12pt;\">Badania zwi\u0105zane s\u0105 z rozwojem zarodkowym gad\u00f3w \u0142uskono\u015bnych (<em>Squamata<\/em>). W ramach projektu realizowane s\u0105 nast\u0119puj\u0105ce zagadnienia:<\/span><\/p>\n<ul>\n<li><span style=\"font-size: 12pt;\">badania por\u00f3wnawcze rozwoju zarodkowego tarczycy jaszczurek i w\u0119\u017cy<\/span><\/li>\n<li><span style=\"font-size: 12pt;\">morfogeneza trzustki zarodk\u00f3w w\u0119\u017cy<\/span><\/li>\n<li><span style=\"font-size: 12pt;\">rozw\u00f3j zarodkowy narz\u0105du lemieszowo-nosowego (narz\u0105du Jacobsona) oraz towarzysz\u0105cych mu struktur r\u00f3\u017cnych gatunk\u00f3w \u0142uskono\u015bnych<\/span><\/li>\n<li><span style=\"font-size: 12pt;\">gametogeneza w rozwoju zarodkowym r\u00f3\u017cnych gatunk\u00f3w \u0142uskono\u015bnych<\/span><\/li>\n<li><span style=\"font-size: 12pt;\">r\u00f3\u017cnicowanie z\u0119ba jajowego r\u00f3\u017cnych gatunk\u00f3w \u0142uskono\u015bnych<\/span><\/li>\n<li><span style=\"font-size: 12pt;\">r\u00f3\u017cnicowanie j\u0119zyka r\u00f3\u017cnych gatunk\u00f3w \u0142uskono\u015bnych<\/span><\/li>\n<li><span style=\"font-size: 12pt;\">rozw\u00f3j zarodkowy oczu lateralnych oraz oka ciemieniowego r\u00f3\u017cnych gatunk\u00f3w \u0142uskono\u015bnych<\/span><\/li>\n<li><span style=\"font-size: 12pt;\">r\u00f3\u017cnicowanie o\u015brodk\u00f3w zegara biologicznego gad\u00f3w \u0142uskono\u015bnych<\/span><\/li>\n<li><span style=\"font-size: 12pt;\">por\u00f3wnanie proces\u00f3w keratynizacji\u00a0 w obr\u0119bie nask\u00f3rka oraz powierzchni j\u0119zyka gad\u00f3w \u0142uskono\u015bnych<\/span><\/li>\n<li><span style=\"font-size: 12pt;\">r\u00f3\u017cnicowanie mi\u0119\u015bni r\u00f3\u017cnych gatunk\u00f3w \u0142uskono\u015bnych<\/span><\/li>\n<\/ul>\n<p><span style=\"font-size: 12pt;\">Cechy anatomiczne, morfologiczne, histologiczne oraz immunocytochemiczne r\u00f3\u017cnicuj\u0105cych si\u0119 narz\u0105d\u00f3w\u00a0<em>Squamata<\/em>\u00a0wykorzystywane s\u0105 do analiz pokrewie\u0144stw filogenetycznych w obr\u0119bie badanych grup.<\/span> \r\n                                <div class=\"mt-3\"><\/div>\r\n                            <\/div>\r\n                            \r\n                            <div class=\"text-modules__img\"><img src=\"https:\/\/us.edu.pl\/instytut\/ibbios\/wp-content\/uploads\/sites\/36\/Bez-kategorii\/lizards-g8c4bd2f1c_640-300x200.jpg\" alt=\"img\"><\/div>\r\n                        <\/div>\r\n                    <\/div>\r\n                <\/div>[\/vc_column][\/vc_row][vc_row][vc_column]\r\n                <div class=\"text-modules reverse\">\r\n                    <div class=\"container\">\r\n                         \r\n                        <div class=\"row m-0\">\r\n                            <div class=\"text-modules__content\">\r\n                                <\/p>\n<h3><span style=\"font-size: 12pt;\"><strong>W badaniach wykorzystuje si\u0119 nast\u0119puj\u0105ce metody badawcze:<\/strong><\/span><\/h3>\n<ul>\n<li><span style=\"font-size: 12pt;\">metody mikroskopowe \u015bwietlne: mikroskopia jasnego pola, mikroskopia fluorescencyjna (tradycyjna i konfokalna);<\/span><\/li>\n<li><span style=\"font-size: 12pt;\">transmisyjn\u0105 i skaningow\u0105 mikroskopi\u0119 elektronow\u0105 z wykorzystaniem komory niskopr\u00f3\u017cniowej (Phenom XL) i wysokopr\u00f3\u017cniowej (Hitachi, Phenom);<\/span><\/li>\n<li><span style=\"font-size: 12pt;\">metody histochemiczne i immunohistochemiczne;<\/span><\/li>\n<li><span style=\"font-size: 12pt;\">metody detekcji kom\u00f3rek degeneruj\u0105cych i proliferuj\u0105cych;<\/span><\/li>\n<li><span style=\"font-size: 12pt;\">przetrzymywanie kom\u00f3rek w warunkach\u00a0<em>in vitro<\/em>\u00a0oraz przy\u017cyciowa analiza organizacji cytoszkieletu i rozmieszczenia organelli kom\u00f3rkowych;<\/span><\/li>\n<li><span style=\"font-size: 12pt;\">metody tr\u00f3jwymiarowego obrazowania narz\u0105d\u00f3w, tkanek i kom\u00f3rek;<\/span><\/li>\n<li><span style=\"font-size: 12pt;\">cytometri\u0119 obrazow\u0105;<\/span><\/li>\n<li><span style=\"font-size: 12pt;\">rentgenowsk\u0105 mikrotomografi\u0119 komputerow\u0105;<\/span><\/li>\n<li><span style=\"font-size: 12pt;\">testy genotoksyczno\u015bci i uszkodze\u0144 oksydacyjnych DNA;<\/span><\/li>\n<li><span style=\"font-size: 12pt;\">luminescencja w badaniach potencja\u0142u energetycznego kom\u00f3rek;<\/span><\/li>\n<li><span style=\"font-size: 12pt;\">spektrometri\u0119 absorbcji atomowej (AAS);<\/span><\/li>\n<li><span style=\"font-size: 12pt;\">ELISA, Western Blotting (HSP; metalotioneiny);<\/span><\/li>\n<li><span style=\"font-size: 12pt;\">metody elektroforetyczne (profile izoenzym\u00f3w bia\u0142ek);<\/span><\/li>\n<li><span style=\"font-size: 12pt;\">spektrofotometri\u0119 UV-VIS i spektrofluorymetri\u0119 (aktywno\u015b\u0107 enzym\u00f3w, st\u0119\u017cenie niskocz\u0105steczkowych antyoksydant\u00f3w, detekcja wolnych rodnik\u00f3w);<\/span><\/li>\n<li><span style=\"font-size: 12pt;\">respirometryczne pomiary metabolizmu oddechowego ma\u0142ych zwierz\u0105t;<\/span><\/li>\n<li><span style=\"font-size: 12pt;\">analiz\u0119 warto\u015bci energetycznej i bilanse energetyczne;<\/span><\/li>\n<li><span style=\"font-size: 12pt;\">weryfikacj\u0119 stosunk\u00f3w pokrewie\u0144stwa za pomoc\u0105 marker\u00f3w molekularnych: mitochondrialnego genu oksydazy cytochromowej I oraz innych marker\u00f3w molekularnych;<\/span><\/li>\n<li><span style=\"font-size: 12pt;\">analiz\u0119 cech morfologicznych i histochemicznych form wsp\u00f3\u0142czesnych oraz kopalnych na poziomie gatunkowym oraz ponadgatunkowym;<\/span><\/li>\n<li><span style=\"font-size: 12pt;\">okre\u015blenie ewolucyjnych kierunk\u00f3w zmian morfologicznych przez por\u00f3wnanie cech morfometrycznych, anatomicznych i molekularnych;<\/span><\/li>\n<\/ul>\n<div class=\"mt-3\"><\/div>\r\n                            <\/div>\r\n                            \r\n                            <div class=\"text-modules__img\"><img src=\"https:\/\/us.edu.pl\/instytut\/ibbios\/wp-content\/uploads\/sites\/36\/Bez-kategorii\/analysis-g17f692f82_1280-300x200.jpg\" alt=\"img\"><\/div>\r\n                        <\/div>\r\n                    <\/div>\r\n                <\/div>[\/vc_column][\/vc_row]<\/p>","protected":false},"excerpt":{"rendered":"<p>[vc_row][vc_column][\/vc_column][\/vc_row][vc_row][vc_column][\/vc_column][\/vc_row] [&#8230;]<\/p>\n<p><a class=\"btn btn-secondary understrap-read-more-link\" href=\"https:\/\/us.edu.pl\/instytut\/ibbios\/nauka\/kierunki-badawcze\/biologia-eksperymentalna-filogeneza-i-procesy-rozwojowe-u-zwierzat\/\">Read More&#8230;<\/a><\/p>\n","protected":false},"author":114,"featured_media":0,"parent":161,"menu_order":1,"comment_status":"closed","ping_status":"closed","template":"page-templates\/inner-page.php","meta":{"_expiration-date-status":"","_expiration-date":0,"_expiration-date-type":"","_expiration-date-categories":[],"_expiration-date-options":[]},"acf":[],"_links":{"self":[{"href":"https:\/\/us.edu.pl\/instytut\/ibbios\/wp-json\/wp\/v2\/pages\/911"}],"collection":[{"href":"https:\/\/us.edu.pl\/instytut\/ibbios\/wp-json\/wp\/v2\/pages"}],"about":[{"href":"https:\/\/us.edu.pl\/instytut\/ibbios\/wp-json\/wp\/v2\/types\/page"}],"author":[{"embeddable":true,"href":"https:\/\/us.edu.pl\/instytut\/ibbios\/wp-json\/wp\/v2\/users\/114"}],"replies":[{"embeddable":true,"href":"https:\/\/us.edu.pl\/instytut\/ibbios\/wp-json\/wp\/v2\/comments?post=911"}],"version-history":[{"count":6,"href":"https:\/\/us.edu.pl\/instytut\/ibbios\/wp-json\/wp\/v2\/pages\/911\/revisions"}],"predecessor-version":[{"id":5453,"href":"https:\/\/us.edu.pl\/instytut\/ibbios\/wp-json\/wp\/v2\/pages\/911\/revisions\/5453"}],"up":[{"embeddable":true,"href":"https:\/\/us.edu.pl\/instytut\/ibbios\/wp-json\/wp\/v2\/pages\/161"}],"wp:attachment":[{"href":"https:\/\/us.edu.pl\/instytut\/ibbios\/wp-json\/wp\/v2\/media?parent=911"}],"curies":[{"name":"wp","href":"https:\/\/api.w.org\/{rel}","templated":true}]}}