{"id":1174,"date":"2021-01-25T12:45:17","date_gmt":"2021-01-25T11:45:17","guid":{"rendered":"https:\/\/us.edu.pl\/instytut\/ich\/?page_id=1174"},"modified":"2021-01-25T12:47:29","modified_gmt":"2021-01-25T11:47:29","slug":"tadeusz-pluta","status":"publish","type":"page","link":"https:\/\/us.edu.pl\/instytut\/ich\/dzialalnosc-naukowa\/badacze-indywidualni\/tadeusz-pluta\/","title":{"rendered":"dr hab. Tadeusz Pluta"},"content":{"rendered":"<p>[vc_row][vc_column width=&#8221;1\/12&#8243;][\/vc_column][vc_column width=&#8221;3\/6&#8243;]\r\n                <div class=\"text-modules\">\r\n                    <div class=\"container\">\r\n                        <h3 class=\"page-title text__title\">dr hab. Tadeusz Pluta<\/h3>\r\n                        <div class=\"text-modules__content\"><p><a href=\"https:\/\/ab.us.edu.pl\/emp?id=43191\">Uniwersytet \u015al\u0105ski<\/a><\/p>\n<p><a href=\"https:\/\/www.scopus.com\/authid\/detail.uri?authorId=6603064496\">Scopus<\/a><\/p>\n<p><a href=\"http:\/\/orcid.org\/0000-0001-5166-696X\">ORCID<\/a><\/p>\n<hr \/>\n<p>Dane kontaktowe:<\/p>\n<p>e-mail: <em>tadeusz.pluta@us.edu.pl<\/em>, <em>tadeusz.pluta@gmail.com<br \/>\n<\/em>telefon: <em>(32) 359-14-96<\/em><br \/>\nadres: <em>pok. <strong>153<\/strong>, ul. Bankowa 14, 40-007 Katowice<\/em><\/p>\n<hr \/>\n<p>Tematyka bada\u0144:<\/p>\n<p>Elektryczne, optyczne i magnetyczne w\u0142a\u015bciwo\u015bci molekularne wyznaczane metodami obliczeniowymi wsp\u00f3\u0142czesnej chemii kwantowej.<\/p>\n<hr \/>\n<p>Wsp\u00f3\u0142praca:<\/p>\n<ul>\n<li>prof. Teobald Kupka, Uniwersytet w Opolu, Opole<\/li>\n<li>prof. Miroslav Medved, Matej Bel University, Banska Bystrica, Slovakia<\/li>\n<\/ul>\n<hr \/>\n<p>Wybrane publikacje:<\/p>\n<ul>\n<li>G. Skrzy\u0144ski, K. Radula-Janik, T. Kupka, and T. Pluta<strong>, <\/strong>Dynamic Polarizability and Higher-Order Electric Properties of Fluorene, Carbazole, and Dibenzofuran, <em>J. Phys. Chem. A<\/em>2019, 123, 45, 9753\u20139762.\u00a0 <a href=\"https:\/\/doi.org\/10.1021\/acs.jpca.9b06889\">https:\/\/doi.org\/10.1021\/acs.jpca.9b06889<\/a><\/li>\n<\/ul>\n<p>&nbsp;<\/p>\n<p>\n<\/div>\r\n                    <\/div>\r\n                <\/div>[\/vc_column][vc_column width=&#8221;2\/6&#8243;][\/vc_column][vc_column width=&#8221;1\/12&#8243;][\/vc_column][\/vc_row]<\/p>","protected":false},"excerpt":{"rendered":"<p>[vc_row][vc_column width=&#8221;1\/12&#8243;][\/vc_column][vc_column width=&#8221;3\/6&#8243;][\/vc_column][vc_column width=&#8221;2\/6&#8243;][\/vc_column][vc_column width=&#8221;1\/12&#8243;][\/vc_column][\/vc_row] [&#8230;]<\/p>\n<p><a class=\"btn btn-secondary understrap-read-more-link\" href=\"https:\/\/us.edu.pl\/instytut\/ich\/dzialalnosc-naukowa\/badacze-indywidualni\/tadeusz-pluta\/\">Read More&#8230;<\/a><\/p>\n","protected":false},"author":99,"featured_media":0,"parent":128,"menu_order":0,"comment_status":"closed","ping_status":"closed","template":"","meta":{"_expiration-date-status":"saved","_expiration-date":0,"_expiration-date-type":"","_expiration-date-categories":[],"_expiration-date-options":[]},"acf":[],"_links":{"self":[{"href":"https:\/\/us.edu.pl\/instytut\/ich\/wp-json\/wp\/v2\/pages\/1174"}],"collection":[{"href":"https:\/\/us.edu.pl\/instytut\/ich\/wp-json\/wp\/v2\/pages"}],"about":[{"href":"https:\/\/us.edu.pl\/instytut\/ich\/wp-json\/wp\/v2\/types\/page"}],"author":[{"embeddable":true,"href":"https:\/\/us.edu.pl\/instytut\/ich\/wp-json\/wp\/v2\/users\/99"}],"replies":[{"embeddable":true,"href":"https:\/\/us.edu.pl\/instytut\/ich\/wp-json\/wp\/v2\/comments?post=1174"}],"version-history":[{"count":2,"href":"https:\/\/us.edu.pl\/instytut\/ich\/wp-json\/wp\/v2\/pages\/1174\/revisions"}],"predecessor-version":[{"id":1177,"href":"https:\/\/us.edu.pl\/instytut\/ich\/wp-json\/wp\/v2\/pages\/1174\/revisions\/1177"}],"up":[{"embeddable":true,"href":"https:\/\/us.edu.pl\/instytut\/ich\/wp-json\/wp\/v2\/pages\/128"}],"wp:attachment":[{"href":"https:\/\/us.edu.pl\/instytut\/ich\/wp-json\/wp\/v2\/media?parent=1174"}],"curies":[{"name":"wp","href":"https:\/\/api.w.org\/{rel}","templated":true}]}}