{"id":192,"date":"2020-03-20T12:21:22","date_gmt":"2020-03-20T11:21:22","guid":{"rendered":"http:\/\/us.edu.pl\/instytut\/ich\/?page_id=192"},"modified":"2026-03-24T11:43:59","modified_gmt":"2026-03-24T10:43:59","slug":"zastosowania-termodynamiki","status":"publish","type":"page","link":"https:\/\/us.edu.pl\/instytut\/ich\/dzialalnosc-naukowa\/zespoly-badawcze\/zastosowania-termodynamiki\/","title":{"rendered":"Zastosowania Termodynamiki"},"content":{"rendered":"<p>[vc_row][vc_column][vc_column_text][\/vc_column_text][\/vc_column][\/vc_row][vc_row][vc_column][vc_column_text][\/vc_column_text][\/vc_column][\/vc_row][vc_row][vc_column][vc_column_text][\/vc_column_text][\/vc_column][\/vc_row][vc_row][vc_column][vc_column_text][\/vc_column_text][\/vc_column][\/vc_row][vc_row][vc_column][vc_column_text][\/vc_column_text][\/vc_column][\/vc_row][vc_row][vc_column]\r\n                <div class=\"text-modules\">\r\n                    <div class=\"container\">\r\n                        <h3 class=\"page-title text__title\">Zastosowania Termodynamiki<\/h3>\r\n                        <div class=\"text-modules__content\"><p>Lider zespo\u0142u: <a href=\".\/miroslaw-chorazewski\/\">prof. dr hab. Miros\u0142aw Chor\u0105\u017cewski<\/a><\/p>\n<p>Sk\u0142ad zespo\u0142u:<\/p>\n<p><a href=\"https:\/\/ab.us.edu.pl\/emp?id=38071\">dr hab. Monika Geppert-Rybczy\u0144ska, prof. U\u015a<\/a> (<a href=\"https:\/\/orcid.org\/0000-0002-7112-9624\" target=\"_blank\" rel=\"noopener noreferrer\">ORCID<\/a>, <a href=\"https:\/\/scholar.google.com\/citations?hl=pl&amp;user=8_xZFLkAAAAJ&amp;view_op=list_works&amp;sortby=pubdate\">Google Scholar<\/a>)<br \/>\n<a href=\"https:\/\/ab.us.edu.pl\/emp?id=58333\">dr Alexander Rowland Lowe<\/a> (<a href=\"https:\/\/orcid.org\/0000-0002-9700-5873\" target=\"_blank\" rel=\"noopener noreferrer\">ORCID<\/a>, <a href=\"https:\/\/scholar.google.com\/citations?hl=pl&amp;user=Qm21T_kAAAAJ&amp;view_op=list_works&amp;sortby=pubdate\">Google Scholar<\/a>)<br \/>\n<a href=\"https:\/\/ab.us.edu.pl\/emp?id=65093\">dr Argyris Anagnostopoulos<\/a> (<a href=\"https:\/\/orcid.org\/0000-0002-1574-0824\">ORCID<\/a>, <a href=\"https:\/\/scholar.google.com\/citations?hl=en&amp;user=sluZXsgAAAAJ&amp;view_op=list_works&amp;sortby=pubdate\">Google Scholar<\/a>, <a href=\"https:\/\/www.researchgate.net\/profile\/Argyrios_Anagnostopoulos2\">Research Gate<\/a>) Uniwersytet Birmingham, Wielka Brytania \u2013 sta\u017cysta post-doc<br \/>\n<a href=\"https:\/\/ab.us.edu.pl\/emp?id=64133\">dr hab. Yuriy Geniyevich Bushuev, prof. U\u015a<\/a> (<a href=\"https:\/\/orcid.org\/0000-0001-9463-8627\">ORCID<\/a>, <a href=\"https:\/\/scholar.google.com\/citations?hl=en&amp;user=3o6rTYLYxBAC&amp;view_op=list_works&amp;sortby=pubdate\">Google Scholar<\/a>, <a href=\"https:\/\/www.researchgate.net\/profile\/Yuriy_Bushuev\">Research Gate<\/a>)<br \/>\n<a href=\"https:\/\/ab.us.edu.pl\/emp?id=64273\">dr hab. Yaroslav Grosu<\/a><br \/>\n<a href=\"https:\/\/ab.us.edu.pl\/emp?id=PE244810\">dr Emre Arkan<\/a><br \/>\n<a href=\"https:\/\/ab.us.edu.pl\/emp?id=PE246538\">dr Mesude Zeliha Arkan<\/a><br \/>\n<a href=\"https:\/\/ab.us.edu.pl\/emp?id=PE158327\">dr in\u017c. Bernadeta Jasiok<\/a> (<a href=\"https:\/\/orcid.org\/0000-0003-1553-7823\" target=\"_blank\" rel=\"noopener noreferrer\">ORCID<\/a>)<br \/>\n<a href=\"https:\/\/ab.us.edu.pl\/emp?id=PE258108\">dr Dimitrios Skondras-Giousios<\/a><br \/>\n<a href=\"https:\/\/ab.us.edu.pl\/emp?id=PE211557\">Jaros\u0142aw Wicher<\/a><\/p>\n<hr \/>\n<p><a href=\"https:\/\/www.thermodynamics.us.edu.pl\/\">Strona internetowa zespo\u0142u<\/a><\/p>\n<hr \/>\n<p>Tematyka bada\u0144 zespo\u0142u:<\/p>\n<ul>\n<li>Termodynamika faz skondensowanych:\n<ul>\n<li>Eksperymentalne badania w\u0142a\u015bciwo\u015bci termodynamicznych i fizykochemicznych skompresowanych cieczy w szerokim zakresie zmienno\u015bci temperatury i ci\u015bnienia, ze szczeg\u00f3lnym naciskiem na tzw. ciecze robocze (np. paliwa, biopaliwa, media hydrauliczne, lubrykanty itd.) z u\u017cyciem technik ultrad\u017awi\u0119kowych (pr\u0119dko\u015b\u0107 rozchodzenia si\u0119 fali ultrad\u017awi\u0119kowej) oraz kalorymetrycznych (tranzycjometria skaningowa)<\/li>\n<li>Termodynamiczne modelowanie w\u0142a\u015bciwo\u015bci fizykochemicznych p\u0142yn\u00f3w z u\u017cyciem r\u00f3wna\u0144 stanu rodziny SAFT, teorii fluktuacji FT-EoS, metod udzia\u0142\u00f3w grupowych oraz COSMO-RS<\/li>\n<li>Symulacje komputerowe uk\u0142ad\u00f3w ciek\u0142ych pod ci\u015bnieniem w oparciu o dynamik\u0119 molekularn\u0105 MD i Monte Carlo MC<\/li>\n<\/ul>\n<\/li>\n<li>Magazynowanie energii cieplnej, mechanicznej i elektrycznej:\n<ul>\n<li>Eksperymentalne oraz teoretyczne opracowanie optymalnego oraz efektywnego odwracalnego cyklu intruzji-ekstruzji cieczy w mezo- oraz nanoporowatych materia\u0142ach hydrofobowych tzw. spr\u0119\u017cyn molekularnych (ang. molecular springs) czy \u201cnanobumper\u201d, b\u0119d\u0105cych potencjalnym uk\u0142adem do gromadzenia energii cieplnej, mechanicznej i elektrycznej<\/li>\n<li>Poszukiwania nowych efektywnych porowatych materia\u0142\u00f3w hydrofobowych b\u0119d\u0105cych sk\u0142adowymi \u201cmolecular springs\u201d i \u201cnanobumper\u201d<\/li>\n<\/ul>\n<\/li>\n<li>Kinetyka reakcji polimeryzacji:\n<ul>\n<li>Eksperymentalne badania kinetyki reakcji polimeryzacji pod ci\u015bnieniem (tranzycjometria skanningowa)<\/li>\n<li>Termodynamiczne modelowanie kinetyki reakcji pod ci\u015bnieniem<\/li>\n<\/ul>\n<\/li>\n<li>Zjawiska mi\u0119dzyfazowe:\n<ul>\n<li>Eksperymentalne badania w\u0142a\u015bciwo\u015bci powierzchniowych r\u00f3\u017cnych materia\u0142\u00f3w, zwil\u017calno\u015bci wybranych cia\u0142 sta\u0142ych, wyznaczanie napi\u0119cia powierzchniowego cia\u0142 sta\u0142ych i jego sk\u0142adowych wynikaj\u0105cych z r\u00f3\u017cnego typu oddzia\u0142ywa\u0144 mi\u0119dzycz\u0105steczkowych<\/li>\n<li>Badanie w\u0142a\u015bciwo\u015bci powierzchniowych i termodynamicznych mieszanin zawieraj\u0105cych surfaktanty i biosurfaktanty<\/li>\n<\/ul>\n<\/li>\n<\/ul>\n<hr \/>\n<p>Wsp\u00f3\u0142praca:<\/p>\n<ul>\n<li>Kursk State University, Theoretical Physics Department, Russia (Prof. Eugene B. Postnikov)<\/li>\n<li>CIC energigune, Alava Technology Park, MI\u00d1ANO \u00c1lava, Spain (Dr. Yaroslav Grosu)<\/li>\n<li>Ariel University, The Department Chemical Engineering, Israel (Prof. Ilya Polishuk)<\/li>\n<li>Universit\u00e9 de Tours, D\u00e9partement de chimie, Physicochimie des Mat\u00e9riaux et Electrolytes pour l&#8217;\u00e9nergie, France (Prof. Johan Jacquemin)<\/li>\n<li>University of Lorraine, Laboratoire de Physique et Chimie Th\u00e9oriques, France (Prof. Claude Millot)<\/li>\n<li>Institut de Chimie de Clermont-Ferrand, France (Prof. Jean-Marie Nedelec)<\/li>\n<li>Western Norway University of Applied Sciences, Department of Mechanical and Marine Engineering, Norway (Prof. Boris Balakin)<\/li>\n<li>Kursk State University, General Physics Department, Laboratory of Molecular Acoustics, Russia (Dr. Vyacheslav Verveyko)<\/li>\n<\/ul>\n<hr \/>\n<p>Projekty:<\/p>\n<ol>\n<li>NCN OPUS nr 2016\/23\/B\/ST8\/02968 pt. \u201e<em>Nowe do\u015bwiadczalne i teoretyczne spojrzenie na w\u0142a\u015bciwo\u015bci termofizyczne skompresowanych cieczy. Termodynamiczne modelowanie r\u00f3wna\u0144 stanu<\/em>\u201d. Czas trwania 2017r. \u2013 2022 r.<\/li>\n<li>NCN OPUS nr 2018\/31\/B\/ST8\/00599 pt. \u201e<em>Spr\u0119\u017cyny molekularne jako nowa metoda kompaktowego magazynowania energii termicznej<\/em>\u201d. Czas trwania 2019r. &#8211; 2023r.<\/li>\n<li>Horyzont 2020 FET Proactive, pt. \u201e<em>Jednoczesne przekszta\u0142canie energii cieplej otoczenia i niepo\u017c\u0105danych drga\u0144 mechanicznych w energi\u0119 elektryczn\u0105 za pomoc\u0105 nanotryboelektryzacji w wyniku proces\u00f3w intruzji niezwil\u017caj\u0105cej cieczy w materia\u0142y nanoporowate<\/em>\u201d. Czas trwania 2021r. \u2013 2024r.<\/li>\n<\/ol>\n<hr \/>\n<p>Wybrane publikacje:<\/p>\n<ol>\n<li>Eugene B. Postnikov, Bernadeta Jasiok, Vyacheslav V.Melent&#8217;ev, Olga S. Ryshkova, Vadim I. Korotkovskii, Anton K. Radchenko, Alexander R.Lowe, Miros\u0142aw Chor\u0105\u017cewski, Prediction of high pressure properties of complex mixtures without knowledge of their composition as a problem of thermodynamic linear analysis, <em>Journal of Molecular Liquids <\/em>310, 2020, 113016.<strong><u><br \/>\n<\/u><\/strong><\/li>\n<\/ol>\n<ol start=\"2\">\n<li>Alexander R Lowe, Bernadeta Jasiok, Vyacheslav V Melent&#8217;ev, Olga S Ryshkova, Vadim I Korotkovskii, Anton K Radchenko, Eugene B Postnikov, Monika Spinnler, Ulkar Ashurova, Javid Safarov, Egon Hassel, Miros\u0142aw Chor\u0105\u017cewski, High-temperature and high-pressure thermophysical property measurements and thermodynamic modelling of an international oil standard: RAVENOL diesel rail injector calibration fluid, <em>Fuel Processing Technology<\/em> 199, 2020, 106220.<\/li>\n<\/ol>\n<ol start=\"3\">\n<li>Agnieszka Talik, Magdalena Tarnacka, Monika Geppert-Rybczyn\u0301ska, Barbara Hachu\u0142a, Kamil Kaminski, and Marian Paluch, Impact of Confinement on the Dynamics and H\u2011Bonding Pattern in Low-Molecular Weight Poly(propylene glycols), Journal of Physical Chemistry C 124, 2020, 17607\u201317621.<\/li>\n<\/ol>\n<ol start=\"4\">\n<li>Alexander Lowe, Nikolay Tsyrin, Miros\u0142aw Chora\u0328z\u0307ewski, Pawe\u0142 Zajdel, Micha\u0142 Mierzwa, Juscelino B Le\u00e3o, Markus Bleuel, Tong Feng, Dong Luo, Mian Li, Dan Li, Victor Stoudenets, Sebastian Pawlus, Abdessamad Faik, Yaroslav Grosu, Effect of Flexibility and Nanotriboelectrification on the Dynamic Reversibility of Water Intrusion into Nanopores: Pressure-Transmitting Fluid with Frequency-Dependent Dissipation Capability, <em>ACS Applied Materials &amp; Interfaces<\/em> 11 (43), 2019, 40842-40849.<\/li>\n<\/ol>\n<ol start=\"5\">\n<li>Bernadeta Jasiok, Eugene B Postnikov, Miros\u0142aw Chor\u0105\u017cewski, The prediction of high-pressure volumetric properties of compressed liquids using the two states model, <em>Physical Chemistry Chemical Physics<\/em> 21 (29), 2019, 15966-15973.<\/li>\n<\/ol>\n<ol start=\"6\">\n<li>Tim Peppel, Monika Geppert-Rybczy\u0144ska, Christin Neise, Udo Kragl, Martin K\u00f6ckerling, Low-Melting Manganese(II)-Based Ionic Liquids: Syntheses, Structures, Properties and Influence of Trace Impurities, <em>Materials<\/em> 12, 2019, 3764.<\/li>\n<\/ol>\n<ol start=\"7\">\n<li>Magdalena Tarnacka, Paulina Maksym, Andrzej Zi\u0119ba, Anna Miela\u0144czyk, Monika Geppert-Rybczy\u0144ska, Laia Leon-Boigues, Carmen Mijangos, Kamil Kami\u0144ski, Marian Paluch, The application of spatial restricted geometries as a unique route to produce well-defined poly(vinyl pyrrolidones) via free radical polymerization. Chemical Communications 55, 2019, 6441.<\/li>\n<\/ol>\n<ol start=\"8\">\n<li>Joanna Feder-Kubis, Jadwiga Zabielska-Matejuk, Anna Stangierska, Piotr Przybylski, Johan Jacquemin, Monika Geppert-Rybczyn\u0301ska, Toward designing \u201csweet\u201d ionic liquids containing a natural terpene moiety as effective wood preservatives, <em>ACS Sustainable Chemistry &amp; Engineering<\/em> 7, 2019, 15628-15639.<\/li>\n<\/ol>\n<ol start=\"9\">\n<li>Bernadeta Jasiok, Alexander R Lowe, Eugene B Postnikov, Joanna Feder-Kubis, Miros\u0142aw Chora\u0328z\u0307ewski, High-Pressure Densities of Industrial Lubricants and Complex Oils Predicted by the Fluctuation Theory-Based Equation of State, <em>Industrial &amp; Engineering Chemistry Research<\/em> 57 (34), 2018, 11797-11803.<\/li>\n<\/ol>\n<ol start=\"10\">\n<li>Bernadeta Jasiok, Eugene B Postnikov, Miros\u0142aw Chor\u0105\u017cewski, The prediction of high-pressure densities of different fuels using fluctuation theory-based Tait-like equation of state, <em>Fuel<\/em> 219, 2018, 176-181.<\/li>\n<\/ol>\n<ol start=\"11\">\n<li>Miros\u0142aw Chor\u0105\u017cewski, Eugene B Postnikov, Bernadeta Jasiok, Yuriy V Nedyalkov, Johan Jacquemin, A fluctuation equation of state for prediction of high-pressure densities of ionic liquids, <em>Scientific Reports<\/em> 7 (1), 2017, 5563.<\/li>\n<\/ol>\n<ol start=\"12\">\n<li>Yaroslav Grosu, Micha\u0142 Mierzwa, Valentine A Eroshenko, Sebastian Pawlus, Miros\u0142aw Choraz\u0307ewski, Jean-Marie Nedelec, Jean-Pierre E Grolier, Mechanical, Thermal, and Electrical Energy Storage in a Single Working Body: Electrification and Thermal Effects upon Pressure-Induced Water Intrusion\u2013Extrusion in Nanoporous Solids, <em>ACS applied materials &amp; interfaces<\/em> 9 (8), 2017, 7044-7049.<\/li>\n<\/ol>\n<ol start=\"13\">\n<li>Joanna Feder-Kubis, Monika Geppert-Rybczy\u0144ska, Ma\u0142gorzata Musia\u0142, Ewa Talik, Adam Guzik, Exploring the surface activity of a homologues series of functionalized ionic liquids with a natural chiral substituent: (\u2212)-menthol in a cation, <em>Colloids and Surfaces A: Physicochemical and Engineering Aspects <\/em>529, 2017, 725\u2013732.<\/li>\n<\/ol>\n<ol start=\"14\">\n<li>Eugene B Postnikov, Miros\u0142aw Chor\u0105\u017cewski, Transition in fluctuation behaviour of normal liquids under high pressures, <em>Physica A: Statistical Mechanics and its Applications<\/em> 449, 2016, 275-280.<\/li>\n<\/ol>\n<ol start=\"15\">\n<li>Randzio S.L., Grolier J-P.E. and Chor\u0105\u017cewski M., High-Pressure \u201cMaxwell Relations\u201d Measurements. in Volume Properties: Liquids, Solutions and Vapours, Emmerich Wilhelm (Editor), Trevor Letcher (Editor), Royal Society of Chemistry, 2014, 414-438, Cambridge, United Kingdom, ISBN: 978-1-84973-899-6. DOI: 10.1039\/9781782627043-00414.<\/li>\n<\/ol>\n<ol start=\"16\">\n<li>Chor\u0105\u017cewski M., Postnikov E.B., Thermal properties of compressed liquids: Experimental determination via an indirect acoustic technique and modeling using the volume fluctuations approach. International Journal of Thermal Sciences, 2015, 90,\u00a0 62-69.<\/li>\n<\/ol>\n<p>\n<\/div>\r\n                    <\/div>\r\n                <\/div>[\/vc_column][\/vc_row][vc_row][vc_column][vc_column_text][\/vc_column_text][\/vc_column][\/vc_row][vc_row][vc_column][vc_column_text][\/vc_column_text][\/vc_column][\/vc_row][vc_row][vc_column][vc_column_text]<\/p>","protected":false},"excerpt":{"rendered":"<p>[vc_row][vc_column][vc_column_text][\/vc_column_text][\/vc_column][\/vc_row][vc_row][vc_column][vc_column_text][\/vc_column_text][\/vc_column][\/vc_row][vc_row][vc_column][vc_column_text][\/vc_column_text][\/vc_column][\/vc_row][vc_row][vc_column][vc_column_text][\/vc_column_text][\/vc_column][\/vc_row][vc_row][vc_column][vc_column_text][\/vc_column_text][\/vc_column][\/vc_row][vc_row][vc_column][\/vc_column][\/vc_row][vc_row][vc_column][vc_column_text][\/vc_column_text][\/vc_column][\/vc_row][vc_row][vc_column][vc_column_text][\/vc_column_text][\/vc_column][\/vc_row][vc_row][vc_column][vc_column_text] [&#8230;]<\/p>\n<p><a class=\"btn btn-secondary understrap-read-more-link\" href=\"https:\/\/us.edu.pl\/instytut\/ich\/dzialalnosc-naukowa\/zespoly-badawcze\/zastosowania-termodynamiki\/\">Read More&#8230;<\/a><\/p>\n","protected":false},"author":99,"featured_media":0,"parent":126,"menu_order":0,"comment_status":"closed","ping_status":"closed","template":"","meta":{"_expiration-date-status":"","_expiration-date":0,"_expiration-date-type":"","_expiration-date-categories":[],"_expiration-date-options":[]},"acf":[],"_links":{"self":[{"href":"https:\/\/us.edu.pl\/instytut\/ich\/wp-json\/wp\/v2\/pages\/192"}],"collection":[{"href":"https:\/\/us.edu.pl\/instytut\/ich\/wp-json\/wp\/v2\/pages"}],"about":[{"href":"https:\/\/us.edu.pl\/instytut\/ich\/wp-json\/wp\/v2\/types\/page"}],"author":[{"embeddable":true,"href":"https:\/\/us.edu.pl\/instytut\/ich\/wp-json\/wp\/v2\/users\/99"}],"replies":[{"embeddable":true,"href":"https:\/\/us.edu.pl\/instytut\/ich\/wp-json\/wp\/v2\/comments?post=192"}],"version-history":[{"count":10,"href":"https:\/\/us.edu.pl\/instytut\/ich\/wp-json\/wp\/v2\/pages\/192\/revisions"}],"predecessor-version":[{"id":3759,"href":"https:\/\/us.edu.pl\/instytut\/ich\/wp-json\/wp\/v2\/pages\/192\/revisions\/3759"}],"up":[{"embeddable":true,"href":"https:\/\/us.edu.pl\/instytut\/ich\/wp-json\/wp\/v2\/pages\/126"}],"wp:attachment":[{"href":"https:\/\/us.edu.pl\/instytut\/ich\/wp-json\/wp\/v2\/media?parent=192"}],"curies":[{"name":"wp","href":"https:\/\/api.w.org\/{rel}","templated":true}]}}