{"id":2322,"date":"2022-11-21T10:52:14","date_gmt":"2022-11-21T09:52:14","guid":{"rendered":"https:\/\/us.edu.pl\/instytut\/ich\/?page_id=2322"},"modified":"2022-11-21T10:52:14","modified_gmt":"2022-11-21T09:52:14","slug":"logotypy-i-papier-firmowy","status":"publish","type":"page","link":"https:\/\/us.edu.pl\/instytut\/ich\/instytut\/logotypy-i-papier-firmowy\/","title":{"rendered":"Logotypy i papier firmowy"},"content":{"rendered":"<p>[vc_row][vc_column]\r\n                <div class=\"text-modules\">\r\n                    <div class=\"container\">\r\n                        \r\n                        <div class=\"text-modules__content\"><p><strong>Logo i papier firmowy Instytutu Chemii<\/strong><\/p>\n<p><a href=\"https:\/\/us.edu.pl\/wydzial\/wnst\/wp-content\/uploads\/sites\/18\/Strona-g%C5%82%C3%B3wna\/logotypy\/WNST_IC-1.zip\">Logo (nazwa polska i angielska) dla poligrafii i do internetu<\/a><\/p>\n<p><a href=\"https:\/\/us.edu.pl\/wydzial\/wnst\/wp-content\/uploads\/sites\/18\/Strona-g%C5%82%C3%B3wna\/logotypy\/ICH_WNST.docx\" class=\"mtli_attachment mtli_docx\" class=\"mtli_attachment mtli_docx\">Papier firmowy<\/a><\/p>\n<p>&nbsp;<\/p>\n<p><strong>T\u0142a do spotka\u0144 online<\/strong><\/p>\n<p><a href=\"https:\/\/us.edu.pl\/wp-content\/uploads\/strona-g%C5%82%C3%B3wna\/system-identyfikacji-wizualnej\/tlo-online-wersja-pl.zip\">T\u0142a do wykorzystania w<\/a><a href=\"https:\/\/us.edu.pl\/wp-content\/uploads\/strona-g%C5%82%C3%B3wna\/system-identyfikacji-wizualnej\/tlo-online-wersja-pl.zip\"> spotkania<\/a><a href=\"https:\/\/us.edu.pl\/wp-content\/uploads\/strona-g%C5%82%C3%B3wna\/system-identyfikacji-wizualnej\/tlo-online-wersja-pl.zip\">ch<\/a><a href=\"https:\/\/us.edu.pl\/wp-content\/uploads\/strona-g%C5%82%C3%B3wna\/system-identyfikacji-wizualnej\/tlo-online-wersja-pl.zip\"> online \u2013 wersja polskoj\u0119zyczna<\/a> [PL] (pakiet .zip (12 MB), zawiera pliki graficzne i zdj\u0119cia)<\/p>\n<p><a href=\"https:\/\/us.edu.pl\/wp-content\/uploads\/strona-g%C5%82%C3%B3wna\/system-identyfikacji-wizualnej\/tlo-online-wersja-ang.zip\">T\u0142a do wykorzystania w spotkaniach online \u2013 wersja angloj\u0119zyczna<\/a> [EN] (pakiet .zip (31 MB), zawiera pliki graficzne i zdj\u0119cia)<\/p>\n<p><a href=\"https:\/\/us.edu.pl\/wp-content\/uploads\/strona-g%C5%82%C3%B3wna\/system-identyfikacji-wizualnej\/WNST-20201207T084650Z-001.zip\">T\u0142a do wykorzystania w spotkaniach online \u2013 Wydzia\u0142 Nauk \u015acis\u0142ych i Technicznych \u2013 wersja polsko- i angloj\u0119zyczna<\/a> [PL\/EN] (pakiet .zip (2,17 MB), zawiera pliki graficzne i zdj\u0119cia)<\/p>\n<p>&nbsp;<\/p>\n<p><strong>T\u0142a do prezentacji<\/strong><\/p>\n<p><a href=\"https:\/\/us.edu.pl\/wp-content\/uploads\/strona-g%C5%82%C3%B3wna\/system-identyfikacji-wizualnej\/t%C5%82o-prezentacji-pl.zip\">PowerPoint (PL)<\/a> (pakiet .zip (20 MB), zawiera szablony i grafiki)<\/p>\n<p><a href=\"https:\/\/us.edu.pl\/wp-content\/uploads\/pliki\/2020_layout_prezentacji_16-9_EN.zip\">PowerPoint \u2013 format 16:9 (EN)<\/a> (pakiet .zip (7.57 MB), zawiera szablony i grafiki)<\/p>\n<p><a href=\"https:\/\/us.edu.pl\/wp-content\/uploads\/pliki\/2020_layout_prezentacji_4-3_EN.zip\">PowerPoint \u2013 format 4:3 (EN)<\/a> (pakiet .zip (7.92 MB), zawiera szablony i grafiki)<\/p>\n<p>&nbsp;<\/p>\n<p><strong>Ksi\u0119ga systemu identyfikacji wizualnej<\/strong><\/p>\n<p><a href=\"https:\/\/us.edu.pl\/wp-content\/uploads\/strona-g%C5%82%C3%B3wna\/system-identyfikacji-wizualnej\/Ksiega_SIW_US_web.pdf\" class=\"mtli_attachment mtli_pdf\" class=\"mtli_attachment mtli_pdf\">Ksi\u0119ga systemu identyfikacji wizualnej U\u015a<\/a><\/p>\n<p>\n<\/div>\r\n                    <\/div>\r\n                <\/div>[\/vc_column][\/vc_row]<\/p>","protected":false},"excerpt":{"rendered":"<p>[vc_row][vc_column][\/vc_column][\/vc_row] [&#8230;]<\/p>\n<p><a class=\"btn btn-secondary understrap-read-more-link\" href=\"https:\/\/us.edu.pl\/instytut\/ich\/instytut\/logotypy-i-papier-firmowy\/\">Read More&#8230;<\/a><\/p>\n","protected":false},"author":99,"featured_media":0,"parent":262,"menu_order":0,"comment_status":"closed","ping_status":"closed","template":"","meta":{"_expiration-date-status":"","_expiration-date":0,"_expiration-date-type":"","_expiration-date-categories":[],"_expiration-date-options":[]},"acf":[],"_links":{"self":[{"href":"https:\/\/us.edu.pl\/instytut\/ich\/wp-json\/wp\/v2\/pages\/2322"}],"collection":[{"href":"https:\/\/us.edu.pl\/instytut\/ich\/wp-json\/wp\/v2\/pages"}],"about":[{"href":"https:\/\/us.edu.pl\/instytut\/ich\/wp-json\/wp\/v2\/types\/page"}],"author":[{"embeddable":true,"href":"https:\/\/us.edu.pl\/instytut\/ich\/wp-json\/wp\/v2\/users\/99"}],"replies":[{"embeddable":true,"href":"https:\/\/us.edu.pl\/instytut\/ich\/wp-json\/wp\/v2\/comments?post=2322"}],"version-history":[{"count":2,"href":"https:\/\/us.edu.pl\/instytut\/ich\/wp-json\/wp\/v2\/pages\/2322\/revisions"}],"predecessor-version":[{"id":2324,"href":"https:\/\/us.edu.pl\/instytut\/ich\/wp-json\/wp\/v2\/pages\/2322\/revisions\/2324"}],"up":[{"embeddable":true,"href":"https:\/\/us.edu.pl\/instytut\/ich\/wp-json\/wp\/v2\/pages\/262"}],"wp:attachment":[{"href":"https:\/\/us.edu.pl\/instytut\/ich\/wp-json\/wp\/v2\/media?parent=2322"}],"curies":[{"name":"wp","href":"https:\/\/api.w.org\/{rel}","templated":true}]}}