{"id":331,"date":"2020-03-26T09:40:54","date_gmt":"2020-03-26T08:40:54","guid":{"rendered":"http:\/\/us.edu.pl\/instytut\/ich\/?page_id=331"},"modified":"2026-03-23T16:11:05","modified_gmt":"2026-03-23T15:11:05","slug":"projektowanie-lekow-i-nano-farmakologia","status":"publish","type":"page","link":"https:\/\/us.edu.pl\/instytut\/ich\/dzialalnosc-naukowa\/zespoly-badawcze\/projektowanie-lekow-i-nano-farmakologia\/","title":{"rendered":"Projektowanie Lek\u00f3w i Nano-famakologia"},"content":{"rendered":"<p>[vc_row][vc_column][vc_column_text][\/vc_column_text][\/vc_column][\/vc_row][vc_row][vc_column][vc_column_text][\/vc_column_text][\/vc_column][\/vc_row][vc_row][vc_column][vc_column_text][\/vc_column_text][\/vc_column][\/vc_row][vc_row][vc_column][vc_column_text][\/vc_column_text][\/vc_column][\/vc_row][vc_row][vc_column][vc_column_text][\/vc_column_text][\/vc_column][\/vc_row][vc_row][vc_column]\r\n                <div class=\"text-modules\">\r\n                    <div class=\"container\">\r\n                        <h3 class=\"page-title text__title\">Projektowanie Lek\u00f3w i Nano-farmakologia<\/h3>\r\n                        <div class=\"text-modules__content\"><p>Lider zespo\u0142u: <a href=\"http:\/\/us.edu.pl\/instytut\/ich\/dzialalnosc-naukowa\/zespoly-badawcze\/zespol-projektowania-lekow-i-nano-farmakologia\/robert-musiol\/\">prof. dr hab. Robert Musio\u0142<\/a> (<a href=\"https:\/\/www.scopus.com\/authid\/detail.uri?authorId=8710921500\">Scopus<\/a>, <a href=\"https:\/\/orcid.org\/0000-0002-6219-7369\">ORCID<\/a>)<\/p>\n<p>Sk\u0142ad zespo\u0142u:<\/p>\n<p><a href=\"https:\/\/ab.us.edu.pl\/emp?id=46541\" target=\"_blank\" rel=\"noopener noreferrer\">dr hab. in\u017c. Maciej Serda, prof. U\u015a<\/a> (<a href=\"https:\/\/www.scopus.com\/authid\/detail.uri?authorId=36673698800\">Scopus<\/a>, <a href=\"https:\/\/orcid.org\/0000-0003-4926-5782\" target=\"_blank\" rel=\"noopener noreferrer\">ORCID<\/a>)<br \/>\n<a href=\"https:\/\/ab.us.edu.pl\/emp?id=52703\" target=\"_blank\" rel=\"noopener noreferrer\">dr Wioleta Cie\u015blik<\/a> (<a href=\"https:\/\/www.scopus.com\/authid\/detail.uri?authorId=55470755600\">Scopus<\/a>, <a href=\"https:\/\/orcid.org\/0000-0001-6371-9061\" target=\"_blank\" rel=\"noopener noreferrer\">ORCID<\/a>)<br \/>\n<a href=\"https:\/\/ab.us.edu.pl\/emp?id=PE246542\">dr Quazi Tanminul Haque Shubra<\/a> (<a href=\"https:\/\/www.scopus.com\/authid\/detail.uri?authorId=35727053800\">Scopus<\/a>, <a href=\"https:\/\/orcid.org\/0000-0003-4791-2763\">ORCID<\/a>)<\/p>\n<hr \/>\n<p>Tematyka bada\u0144 zespo\u0142u:<\/p>\n<p>Badania prowadzone w zespole koncentruj\u0105 si\u0119 na wybranych aspektach chemii medycznej i projektowania lek\u00f3w. Aktualna tematyka obejmuje poszukiwanie nowych zwi\u0105zk\u00f3w o dzia\u0142aniu przeciwnowotworowym, ze szczeg\u00f3lnym uwzgl\u0119dnieniem:<\/p>\n<ul>\n<li>chelator\u00f3w \u017celaza o w\u0142a\u015bciwo\u015bciach jonoforycznych<\/li>\n<li>inhibitor\u00f3w kinaz tyrozynowych oraz wybranych szlak\u00f3w metabolicznych<\/li>\n<li>pochodnych fulleren\u00f3w i ich aktywno\u015bci biologicznej<\/li>\n<\/ul>\n<p>Zwi\u0105zki zdolne do chelatowania jon\u00f3w metali w szczeg\u00f3lno\u015bci \u017celaza oraz miedzi s\u0105 znane z szerokiego spektrum aktywno\u015bci biologicznej. Badania prowadzone w naszym zespole, wykazuj\u0105 \u017ce zdolno\u015b\u0107 do transportu takich jon\u00f3w oraz generowanie reaktywnych form tlenu mo\u017ce prowadzi\u0107 do zaburzenia r\u00f3wnowagi red-ox w kom\u00f3rce i za\u0142amania ochrony antyoksydacyjnej. Z uwagi na specyfik\u0119 metabolizmu kom\u00f3rek nowotworowych, staj\u0105 si\u0119 one bardziej podatne na dzia\u0142anie takich substancji ni\u017c normalne kom\u00f3rki organizmu. Badania s\u0105 prowadzone dzi\u0119ki finansowaniu projektu NCN Dualne jonofory jako wielocelowe leki przeciw nowotworom trzustki.<\/p>\n<p>Ponadto w zespole prowadzone s\u0105 badania skoncentrowane na syntezie biologicznie aktywnych i\u00a0 rozpuszczalnych w wodzie nanomateria\u0142\u00f3w fullerenowych. W tym celu eksplorowane s\u0105 r\u00f3\u017cne podej\u015bcia syntetyczne, w tym modyfikowane reakcje cyklopropanacji Bingela-Hirscha oraz reakcje cykloaddycji 1,3-dipolarnej Prato. Otrzymywane w naszej grupie pochodne fulleren\u00f3w, testowane s\u0105 pod wzgl\u0119dem ich dzia\u0142ania inhibituj\u0105cego enzymy z rodziny kinaz tyrozynowych, jak r\u00f3wnie\u017c w terapii fotodynamicznej nowotwor\u00f3w. Obiecuj\u0105ce wyniki zosta\u0142y ponadto otrzymane podczas eksperyment\u00f3w z u\u017cyciem aminofulleren\u00f3w, jako \u015brodk\u00f3w do transfekcji siRNA. Przedstawiona tematyka badawcza jest finansowana w ramach grantu SONATA, kt\u00f3rego kierownikiem jest dr in\u017c. Maciej Serda (<em>Nowe glikofullereny dla terapii przeciwnowotworowych<\/em>).<\/p>\n<hr \/>\n<p>Projekty:<\/p>\n<ul>\n<li>Projekt badawczy NCN OPUS nr 2018\/31\/B\/NZ7\/02122 <em>Dualne jonofory jako leki wielocelowe przeciw nowotworom trzustki<\/em>, Kierownik: prof. dr hab. Robert Musio\u0142 (2019-2022).<\/li>\n<li>Projekt badawczy NCN OPUS nr 2019\/35\/B\/NZ7\/02459 <em>\u015arodek teranostyczny oparty o struktur\u0119 [60]fullerenu dla leczenia i diagnozy nowotwor\u00f3w trzustki, Kierownik<\/em>: dr in\u017c. Maciej Serda, (2020-2023).<\/li>\n<li>Projekt badawczy NCN SONATA\u00a0 nr 2016\/23\/D\/NZ7\/00912, Kierownik: dr in\u017c. Maciej Serda (2017-2020).<\/li>\n<li>Projekt badawczy NCN PRELUDIUM nr 2011\/01\/N\/NZ4\/01166 <em>Chelatory \u017celaza- nowe podej\u015bcie do terapii przeciwnowotworowej<\/em>, Kierownik: dr in\u017c. Maciej Serda (2011-2014).<\/li>\n<li>Projekt badawczy NCN OPUS nr 2018\/31\/B\/ST4\/00041 <em>Nowe modyfikowane nanomateria\u0142y w\u0119glowe w \u015bladowej i ultra\u015bladowej rentgenowskiej analizie fluorescencyjnej z ca\u0142kowitym odbiciem promieniowania<\/em>, Wykonawca: dr in\u017c. Maciej Serda, (2019-2022).<\/li>\n<\/ul>\n<hr \/>\n<p>Wsp\u00f3\u0142praca:<\/p>\n<ul>\n<li>Wsp\u00f3\u0142praca krajowa:\n<ul>\n<li>Dr hab. Anna Krasowska, Wydzia\u0142 Biotechnologii Uniwersytetu Wroc\u0142awskiego<\/li>\n<li>Dr hab. Gabriela Pastuch-Gawo\u0142ek, Wydzia\u0142 Chemiczny Politechniki \u015al\u0105skiej<\/li>\n<li>Dr Ryszard Kaczka, Wydzia\u0142 Nauk o Ziemii Uniwersytetu \u015al\u0105skiego<\/li>\n<li>Chorzowskie Centrum Pediatrii i Onkologii<\/li>\n<li>Dr Martyna Krzykawska-Serda, Uniwersytet Jagiello\u0144ski<\/li>\n<li>Dr Grzegorz Szewczyk, Uniwersytet Jagiello\u0144ski<\/li>\n<li>Dr Monika Rak, Uniwersytet Jagiello\u0144ski<\/li>\n<\/ul>\n<\/li>\n<li>Wsp\u00f3\u0142praca zagraniczna:\n<ul>\n<li>Prof. Martin Dolezal Faculty of Pharmacy, Charles University in Prague Czech Republic<\/li>\n<li>Prof. Josef Jampilek Comenius University in Bratislava Slovak Republic<\/li>\n<li>Prof Aidan Coffey Department of Biological Science, Cork Institute of Technology, Ireland<\/li>\n<li>Dr Claudia Corbo, University of Milano Bicocca, Italy<\/li>\n<li>Prof. Matteo Calvaresi, University of Bologna, Italy<\/li>\n<li>prof. Viresh Rawal (The University of Chciago, USA)<\/li>\n<li>prof. Lon Wilson (Rice University, USA)<\/li>\n<li>prof. Yuri Mackeyev (Mayo Clinic, USA)<\/li>\n<\/ul>\n<\/li>\n<\/ul>\n<hr \/>\n<p>Wybrane publikacje:<\/p>\n<ul>\n<li>Serda, G. Szewczyk, O. Krzysztynska-Kuleta, J. Korzuch, M. Dulski, R. Musiol, T. Sarna, Developing [60]fullerene nanomaterials for better photodynamic treatment of non-melanoma skin cancers. ACS Biomater. Sci. Eng. <strong>2020<\/strong>, 6, 10, 5930\u20135940, <a href=\"https:\/\/doi.org\/10.1021\/acsbiomaterials.0c00932\">https:\/\/doi.org\/10.1021\/acsbiomaterials.0c00932<\/a><\/li>\n<li>Malarz, K.; Mularski, J.; Pacholczyk, M.; Musiol, R. The Landscape of the Anti-Kinase Activity of the IDH1 Inhibitors. <em>Cancers <\/em><strong>2020<\/strong>, <em>12<\/em>, 536, doi:10.3390\/cancers12030536.<\/li>\n<li>Malarz, D. Zych, M. Kuczak, R. Musiol, A. Mrozek-Wilczkiewicz, Anticancer activity of 4&#8242;-phenyl-2,2&#8242;:6&#8242;,2&#8221;-terpyridines &#8211; behind the metal complexation Eur J. Med. Chem. <strong>2020<\/strong>, 189 113039, Doi: <a href=\"https:\/\/doi.org\/10.1016\/j.ejmech.2020.113032\">10.1016\/j.ejmech.2020.113032 <\/a><\/li>\n<li>Serda, K. Malarz, A. Mrozek-Wilczkiewicz, M. Wojtyniak, R. Musiol, S.A. Curley, Glycofullerenes as non-receptor tyrosine kinase inhibitors- towards better anotherapeutics for pancreatic cancer treatment Scientific Report <strong>2020<\/strong>, 10, 260 (IF=4,122 140pkt) Doi: 10.1038\/s41598-019-57155-7<\/li>\n<li>Czaplinska, K. Malarz, A. Mrozek-Wilczkiewicz, R. Musiol, Acid selective pro-dye for cellular compartments. Sci. Rep. <strong>2019<\/strong>, 9, 15304.<\/li>\n<li>Mrozek-Wilczkiewicz, M. Kuczak, K. Malarz, W. Cie\u015blik, E. Spaczynska, R. Musiol. The synthesis and anticancer activity of 2-styrylquinoline derivatives. A p53 independent mechanism of action. <em> J. Med. Chem.<\/em> <strong>2019<\/strong>, 177, 338-349, doi: 10.1016\/j.ejmech.2019.05.061<\/li>\n<li>Spaczy\u0144ska, A. Mrozek-Wilczkiewicz, K. Malarz, J. Kos, T. Gonec, M. Oravec, R. Gawecki, A. Bak, J. Dohanosova, I. Kapustikova, T. Liptaj, J. Jampilek, R. Musiol. \u201cDesign and synthesis of anticancer 1-hydroxynaphthalene-2-carboxanilides with a p53 independent mechanism of action\u201d <em>Scientific Reports<\/em>, <strong>2019<\/strong>,\u00a0 9:6387\u00a0 doi.org: 10.1038\/s41598-019-42595-y<\/li>\n<li>Slodek, D. Zych, A. Maro\u0144, R. Gawecki, A. Mrozek-Wilczkiewicz, K. Malarz, R Musiol, Phenothiazine derivatives &#8211; synthesis, characterization, and theoretical studies with an emphasis on the solvatochromic properties, <em>Journal of Molecular Liquids<\/em> <strong>2019<\/strong>, 285, 515-525<\/li>\n<li>Mularski, K. Malarz, M. Pacholczyk, R. Musiol. The p53 stabilizing agent CP-31398 and multi-kinase inhibitors. Designing, synthesizing and screening of styrylquinazoline series. <em>Eur. J. Med. Chem.<\/em> <strong>2019<\/strong>, <em>163<\/em>, 610\u2013625, doi:10.1016\/j.ejmech.2018.12.012. (IF=4,816)<\/li>\n<li>Mrozek-Wilczkiewicz, K. Malarz, M. Rejmund, J. Polanski, R. Musiol. Anticancer activity of the thiosemicarbazones that are based on di-2-pyridine ketone and quinoline moiety. <em>Eur. J. Med. Chem.<\/em> <strong>2019<\/strong>, 171, 180-194<\/li>\n<\/ul>\n<hr \/>\n<p>Napisali o nas:<\/p>\n<p><a href=\"http:\/\/fakty.interia.pl\/zdrowie\/news-walka-z-rakiem-alternatywa-dla-chemioterapii,nId,2328388\">http:\/\/fakty.interia.pl\/zdrowie\/news-walka-z-rakiem-alternatywa-dla-chemioterapii,nId,2328388<\/a><\/p>\n<p><a href=\"http:\/\/naukawpolsce.pap.pl\/aktualnosci\/news,412483,naukowcy-z-us-ulepszaja-fototerapie-do-walki-z-nowotworami.html\">http:\/\/naukawpolsce.pap.pl\/aktualnosci\/news,412483,naukowcy-z-us-ulepszaja-fototerapie-do-walki-z-nowotworami.html<\/a><\/p>\n<p><a href=\"http:\/\/naukawpolsce.pap.pl\/aktualnosci\/news,411787,chorzowski-szpital-bedzie-wspolpracowal-z-us-nad-rozwojem-diagnostyki-izotopowej.html\">http:\/\/naukawpolsce.pap.pl\/aktualnosci\/news,411787,chorzowski-szpital-bedzie-wspolpracowal-z-us-nad-rozwojem-diagnostyki-izotopowej.html<\/a><\/p>\n<p><a href=\"https:\/\/naukawpolsce.pap.pl\/aktualnosci\/news%2C84661%2Cnowe-zwiazki-do-ochrony-starodrukow-przed-grzybami.html\">https:\/\/naukawpolsce.pap.pl\/aktualnosci\/news%2C84661%2Cnowe-zwiazki-do-ochrony-starodrukow-przed-grzybami.html<\/a><\/p>\n<p><a href=\"https:\/\/naukawpolsce.pap.pl\/aktualnosci\/news%2C84786%2Czelazo-rak-trzustki-pomysl-na-przeciwnowotworowy-lek.html\">https:\/\/naukawpolsce.pap.pl\/aktualnosci\/news%2C84786%2Czelazo-rak-trzustki-pomysl-na-przeciwnowotworowy-lek.html<\/a><\/p>\n<\/div>\r\n                    <\/div>\r\n                <\/div>[\/vc_column][\/vc_row][vc_row][vc_column][vc_column_text][\/vc_column_text][\/vc_column][\/vc_row][vc_row][vc_column][vc_column_text]<\/p>","protected":false},"excerpt":{"rendered":"<p>[vc_row][vc_column][vc_column_text][\/vc_column_text][\/vc_column][\/vc_row][vc_row][vc_column][vc_column_text][\/vc_column_text][\/vc_column][\/vc_row][vc_row][vc_column][vc_column_text][\/vc_column_text][\/vc_column][\/vc_row][vc_row][vc_column][vc_column_text][\/vc_column_text][\/vc_column][\/vc_row][vc_row][vc_column][vc_column_text][\/vc_column_text][\/vc_column][\/vc_row][vc_row][vc_column][\/vc_column][\/vc_row][vc_row][vc_column][vc_column_text][\/vc_column_text][\/vc_column][\/vc_row][vc_row][vc_column][vc_column_text] [&#8230;]<\/p>\n<p><a class=\"btn btn-secondary understrap-read-more-link\" href=\"https:\/\/us.edu.pl\/instytut\/ich\/dzialalnosc-naukowa\/zespoly-badawcze\/projektowanie-lekow-i-nano-farmakologia\/\">Read More&#8230;<\/a><\/p>\n","protected":false},"author":99,"featured_media":0,"parent":126,"menu_order":0,"comment_status":"closed","ping_status":"closed","template":"","meta":{"_expiration-date-status":"","_expiration-date":0,"_expiration-date-type":"","_expiration-date-categories":[],"_expiration-date-options":[]},"acf":[],"_links":{"self":[{"href":"https:\/\/us.edu.pl\/instytut\/ich\/wp-json\/wp\/v2\/pages\/331"}],"collection":[{"href":"https:\/\/us.edu.pl\/instytut\/ich\/wp-json\/wp\/v2\/pages"}],"about":[{"href":"https:\/\/us.edu.pl\/instytut\/ich\/wp-json\/wp\/v2\/types\/page"}],"author":[{"embeddable":true,"href":"https:\/\/us.edu.pl\/instytut\/ich\/wp-json\/wp\/v2\/users\/99"}],"replies":[{"embeddable":true,"href":"https:\/\/us.edu.pl\/instytut\/ich\/wp-json\/wp\/v2\/comments?post=331"}],"version-history":[{"count":10,"href":"https:\/\/us.edu.pl\/instytut\/ich\/wp-json\/wp\/v2\/pages\/331\/revisions"}],"predecessor-version":[{"id":3728,"href":"https:\/\/us.edu.pl\/instytut\/ich\/wp-json\/wp\/v2\/pages\/331\/revisions\/3728"}],"up":[{"embeddable":true,"href":"https:\/\/us.edu.pl\/instytut\/ich\/wp-json\/wp\/v2\/pages\/126"}],"wp:attachment":[{"href":"https:\/\/us.edu.pl\/instytut\/ich\/wp-json\/wp\/v2\/media?parent=331"}],"curies":[{"name":"wp","href":"https:\/\/api.w.org\/{rel}","templated":true}]}}