{"id":440,"date":"2020-04-14T11:34:46","date_gmt":"2020-04-14T09:34:46","guid":{"rendered":"http:\/\/us.edu.pl\/instytut\/ich\/?page_id=440"},"modified":"2025-05-23T12:58:50","modified_gmt":"2025-05-23T10:58:50","slug":"chemia-fizyczna","status":"publish","type":"page","link":"https:\/\/us.edu.pl\/instytut\/ich\/dzialalnosc-naukowa\/zespoly-badawcze\/chemia-fizyczna\/","title":{"rendered":"Chemia Fizyczna"},"content":{"rendered":"<p>[vc_row][vc_column][vc_column_text][\/vc_column_text][\/vc_column][\/vc_row][vc_row][vc_column][vc_column_text][\/vc_column_text][\/vc_column][\/vc_row][vc_row][vc_column]\r\n                <div class=\"text-modules\">\r\n                    <div class=\"container\">\r\n                        <h3 class=\"page-title text__title\">Chemia Fizyczna<\/h3>\r\n                        <div class=\"text-modules__content\"><p>Lider zespo\u0142u: <a href=\".\/marzena-dzida\/\">prof. dr hab. Marzena Dzida<\/a> (<a href=\"https:\/\/www.scopus.com\/authid\/detail.uri?authorId=6603168118\">Scopus<\/a>, <a href=\"https:\/\/orcid.org\/0000-0001-9566-4093\">ORCID<\/a>)<\/p>\n<p>Sk\u0142ad zespo\u0142u:<\/p>\n<p><a href=\"https:\/\/ab.us.edu.pl\/emp?id=44201\">dr hab. Edward Zor\u0119bski, prof. U\u015a<\/a> (<a href=\"https:\/\/www.scopus.com\/authid\/detail.uri?authorId=55879891900\" target=\"_blank\" rel=\"noopener noreferrer\">Scopus<\/a>, <a href=\"https:\/\/orcid.org\/0000-0001-8152-6693\" target=\"_blank\" rel=\"noopener noreferrer\">ORCID<\/a>)<br \/>\n<a href=\"https:\/\/ab.us.edu.pl\/emp?id=PE246855\">dr Katarzyna Kaczmarek<\/a> (<a href=\"https:\/\/www.scopus.com\/authid\/detail.uri?authorId=57190068085\">Scopus<\/a>, <a href=\"https:\/\/orcid.org\/0000-0002-3193-0070\">ORCID<\/a>)<br \/>\n<a href=\"https:\/\/ab.us.edu.pl\/emp?id=PE251941\">dr in\u017c. Anna Kolanowska<\/a> (<a href=\"https:\/\/www.scopus.com\/authid\/detail.uri?authorId=57188767945\">Scopus<\/a>, <a href=\"https:\/\/orcid.org\/0000-0002-2073-4808\">ORCID<\/a>)<br \/>\nmgr in\u017c. Karolina Brz\u00f3ska (<a href=\"https:\/\/www.scopus.com\/authid\/detail.uri?authorId=57190403106\" target=\"_blank\" rel=\"noopener noreferrer\">Scopus<\/a>, <a href=\"https:\/\/orcid.org\/0000-0003-4221-6363\" target=\"_blank\" rel=\"noopener noreferrer\">ORCID<\/a>)<br \/>\nmgr Krzysztof Cwynar<\/p>\n<p>Strona internetowa: <a href=\"http:\/\/www.zchf.us.edu.pl\">www.zchf.us.edu.pl<\/a><\/p>\n<hr \/>\n<p>Tematyka bada\u0144 zespo\u0142u:<\/p>\n<ul>\n<li>Opracowanie warunk\u00f3w otrzymywania stabilnych d\u0142ugoterminowo nanofluid\u00f3w zawieraj\u0105cych nanocz\u0105stki w\u0119glowe oraz ciecze molekularne<\/li>\n<li>Analiza wp\u0142ywu nanocz\u0105stek w\u0119glowych na w\u0142a\u015bciwo\u015bci termofizyczne stabilnych nanofluid\u00f3w<\/li>\n<li>Analiza wp\u0142ywu struktury cieczy jonowych na w\u0142a\u015bciwo\u015bci termodynamiczne, akustyczne i elektrochemiczne, ze szczeg\u00f3lnym uwzgl\u0119dnieniem relaksacji<\/li>\n<\/ul>\n<p>Zainteresowania badawcze zespo\u0142u:<\/p>\n<ul>\n<li>Badanie wp\u0142ywu struktury cieczy jonowych oraz cieczy molekularnych na wysokoci\u015bnieniowe w\u0142a\u015bciwo\u015bciach akustyczne i termodynamiczne<\/li>\n<li>Badanie wp\u0142ywu struktury cieczy jonowych na w\u0142asno\u015bci elektrochemiczne ze szczeg\u00f3lnym uwzgl\u0119dnieniem relaksacji<\/li>\n<li>W\u0142a\u015bciwo\u015bci fizykochemiczne paliw i biopaliw zar\u00f3wno pod ci\u015bnieniem atmosferycznym jak i w obszarze wysokich ci\u015bnie\u0144<\/li>\n<li>W\u0142a\u015bciwo\u015bci cieczy z nanocz\u0105stkami jako uk\u0142ad\u00f3w do magazynowania energii<\/li>\n<li>W\u0142a\u015bciwo\u015bci fizykochemiczne alkoholi oraz mieszanin ciek\u0142ych z jednym sk\u0142adnikiem asocjuj\u0105cym<\/li>\n<li>Prace projektowe i konstrukcyjne przyrz\u0105d\u00f3w do pomiar\u00f3w pr\u0119dko\u015bci ultrad\u017awi\u0119k\u00f3w w cieczach zar\u00f3wno pod ci\u015bnieniem atmosferycznym\u00a0 jak i w obszarze wysokich ci\u015bnie\u0144<em><br \/>\n<\/em><\/li>\n<\/ul>\n<hr \/>\n<p>Projekty:<\/p>\n<ul>\n<li>Grant NCN, konkurs OPUS 14: 2017\/27\/B\/ST4\/02748: Otrzymywanie, stabilno\u015b\u0107, struktura i w\u0142a\u015bciwo\u015bci fizykochemiczne cieczy jonowych z nanostrukturami w\u0119glowymi jako materia\u0142\u00f3w do magazynowania energii, Kierownik: prof. dr hab. Marzena Dzida, konsorcjum z grup\u0105 dr. hab. S\u0142awomira Boncla, prof. Pol\u015al, Wydzia\u0142 Chemiczny Politechniki \u015al\u0105skiej, 10.2018\u20132.10.2021<\/li>\n<li>Projekt nr POIR.01.02.00-00-0031\/17: Ekologiczny p\u0142yn do ch\u0142odnic samochodowych o innowacyjnych parametrach u\u017cytkowych, realizowany w ramach Programu sektorowego \u201eINNOCHEM\u201d Dzia\u0142ania 1.2. \u201eSektorowe programy B+R\u201d Programu Operacyjnego Inteligentny Rozw\u00f3j 2014-2020, lider Boryszew Sp\u00f3\u0142ka Akcyjna Oddzia\u0142 Boryszew ERG w Sochaczewie, podwykonawca Uniwersytet \u015al\u0105ski w Katowicach, Kierownik pracy zleconej: prof. dr hab. Marzena Dzida, 04. 2019\u201331.12.2019<\/li>\n<\/ul>\n<hr \/>\n<p>Wybrane publikacje:<\/p>\n<ul>\n<li>B. J\u00f3\u017awiak, G. Dzido, E. Zor\u0119bski, A. Kolanowska, R. J\u0119drysiak, J. Dziadosz, M. Libera, S. Boncel, M. Dzida, ACS Applied Materials &amp; Interfaces 2020, 12 (34), 38113-38123.<br \/>\nIF=8.758, 200 pkt MNiSW<\/li>\n<li>M. Kapkowski, M. Ludynia, M. Rudnicka, M. Dzida, E. Zor\u0119bski, M. Musia\u0142, M. Dole\u017eal, J. Polanski, Enhancing the CO2 capturing ability in leaf via xenobiotic auxin uptake, Science of the Total Environment 2020, 745, 141032-1-7. IF=6.551, 200 pkt MNiSW<\/li>\n<li>M. Dzida, Thermophysical Properties of 1-Butanol at High Pressures, Energies 2020, 13, 5046. IF=2.207, 140 pkt MNiSW<\/li>\n<li>S. Pawlus, A. Grzybowski, S. Ko\u0142odziej, M. Wikarek, M. Dzida, P. G\u00f3ralski, S. Bair, M. Paluch, Density Scaling Based Detection of Thermodynamic Regions of Complex Intermolecular Interactions Characterizing Supramolecular Structures, Scientific Reports 2020, 10, 1-8. IF = 3.998, 140 pkt MNiSW<\/li>\n<li>M. Musia\u0142, E. Zor\u0119bski, M. Zor\u0119bski, M. Dzida, High-pressure speed of sound and related thermodynamic properties of N-alkylpyridinium bis(trifluoromethylsulfonyl)imides, Journal of Molecular Liquids 2020, 113188. IF = 5.065, 100 pkt MNiSW<\/li>\n<li>Z. Wojnarowska, M. Musia\u0142, M. Dzida, M. Paluch, Experimental Evidence for a State-Point-Independent Density-Scaling Exponent in Ionic Liquids, Physical Review Letters 2019, 123, 125702. IF = 9.227, 200 pkt MNiSW<\/li>\n<li>M. Musia\u0142, E. Zor\u0119bski, M. Zor\u0119bski, M. Dzida, Effect of alkyl chain length in cation on thermophysical properties of two homologous series: 1-alkyl-1-methylpyrrolidinium bis(trifluoromethylsulfonyl)imides and 1-alkyl-3-methylimidazolium trifluoromethanesulfonates, Journal of Molecular Liquids 2019, 293, 111511. IF = 4.513, 100 pkt MNiSW<\/li>\n<li>M. Dzida, M. Musia\u0142, E. Zor\u0119bski, M. Zor\u0119bski, J. Jacquemin, P. Goodrich, Z. Wojnarowska, M. Paluch, Comparative study of effect of alkyl chain length on thermophysical characteristics of five N-alkylpyridinium bis(trifluoromethylsulfonyl)imides with selected imidazolium-based ionic liquids, Journal of Molecular Liquids 2019, 278, 401-412. IF = 4.513, 100 pkt MNiSW<\/li>\n<li>M. Musia\u0142, M. Zor\u0119bski, M. Dzida, J. Safarov, E. Zor\u0119bski, E. Hassel, High pressure speed of sound and related properties of 1-ethyl-3-methylimidazolium methanesulfonate, Journal of Molecular Liquids 2019, 276, 885-896. IF = 4.513, 100 pkt MNiSW<\/li>\n<li>E. Zor\u0119bski, M. Musia\u0142, M. Dzida, Relation between temperature-pressure dependence of internal pressure and intermolecular interactions in ionic liquids &#8211; Comparison with molecular liquids, The Journal of Chemical Thermodynamics 2019, 131, 347-359. (invited paper) IF = 2.631, 100 pkt MNiSW<\/li>\n<li>Z. I. Zaripov, F. M. Gumerov, V. F. Khairutdinov, M. Musia\u0142, E. Zor\u0119bski, M. Dzida, I. M. Abdulagatov, Thermal conductivity and thermal diffusivity of pyrrolidinium-based ionic liquids at atmospheric pressure, Fluid Phase Equilibria 2019, 485, 135-145. IF = 2.197, 100 pkt MNiSW<\/li>\n<li>M. Kapkowski, J. Popiel, T. Siudyga, M. Dzida, E. Zor\u0119bski, M. Musia\u0142, R. Sitko, J. Szade, K. Balin, J. Klimontko, M. Zubko, J. Polanski, Mono- and bimetallic nano-Re systems doped Os, Mo, Ru, Ir as nanocatalytic platforms for the acetalization of polyalcohols into cyclic acetals and their applications as fuel additives, Applied Catalysis B: Environmental 2018, 239, 154-167. IF = 11.698, 45 pkt MNiSW<\/li>\n<li>M. Dzida, M. Musia\u0142, E. Zor\u0119bski, S. J\u0119\u017cak, J. Skowronek, K. Malarz, A. Mrozek-Wilczkiewicz, R. Musiol, A. Cyranka, M. \u015awi\u0105tek, Comparative study of the high pressure thermophysical properties of 1-ethyl-3-methylimidazolium and 1,3-diethylimidazolium ethyl sulfates for use as sustainable and efficient hydraulic fluids, ACS Sustainable Chemistry &amp; Engineering 2018, 6, 10934-10943. IF = 6.970, 40 pkt MNiSW<\/li>\n<li>M. Musial, M. Kuczak, A. Mrozek-Wilczkiewicz, R. Musiol, E. Zorebski, M. Dzida, Trisubstituted imidazolium-based ionic liquids as innovative heat transfer media in sustainable energy systems, ACS Sustainable Chemistry &amp; Engineering 2018, 6, 7960-7968. IF = 6.970, 40 pkt MNiSW<\/li>\n<li>M. Dzida, E. Zor\u0119bski, M. Zor\u0119bski, M. \u017barska, M. Geppert-Rybczy\u0144ska, M. Chor\u0105\u017cewski, J. Jacquemin, I. Cibulka, Speed of sound and ultrasound absorption in ionic liquids, Chemical Reviews 2017, 117, 3883-3929. IF = 52.613, 50 pkt MNiSW<\/li>\n<li>M. Musia\u0142, K. Malarz, A. Mrozek-Wilczkiewicz, R. Musiol, E. Zor\u0119bski, M. Dzida, Pyrrolidinium-based ionic liquids as sustainable media in heat transfer processes, ACS Sustainable Chemistry &amp; Engineering 2017, 5, 11024-11033. IF = 6.140, 40 pkt MNiSW<\/li>\n<\/ul>\n<p>\n<\/div>\r\n                    <\/div>\r\n                <\/div>[\/vc_column][\/vc_row][vc_row][vc_column][vc_column_text][\/vc_column_text][\/vc_column][\/vc_row][vc_row][vc_column][vc_column_text][\/vc_column_text][\/vc_column][\/vc_row]<\/p>","protected":false},"excerpt":{"rendered":"<p>[vc_row][vc_column][vc_column_text][\/vc_column_text][\/vc_column][\/vc_row][vc_row][vc_column][vc_column_text][\/vc_column_text][\/vc_column][\/vc_row][vc_row][vc_column][\/vc_column][\/vc_row][vc_row][vc_column][vc_column_text][\/vc_column_text][\/vc_column][\/vc_row][vc_row][vc_column][vc_column_text][\/vc_column_text][\/vc_column][\/vc_row] [&#8230;]<\/p>\n<p><a class=\"btn btn-secondary understrap-read-more-link\" href=\"https:\/\/us.edu.pl\/instytut\/ich\/dzialalnosc-naukowa\/zespoly-badawcze\/chemia-fizyczna\/\">Read More&#8230;<\/a><\/p>\n","protected":false},"author":99,"featured_media":0,"parent":126,"menu_order":0,"comment_status":"closed","ping_status":"closed","template":"","meta":{"_expiration-date-status":"","_expiration-date":0,"_expiration-date-type":"","_expiration-date-categories":[],"_expiration-date-options":[]},"acf":[],"_links":{"self":[{"href":"https:\/\/us.edu.pl\/instytut\/ich\/wp-json\/wp\/v2\/pages\/440"}],"collection":[{"href":"https:\/\/us.edu.pl\/instytut\/ich\/wp-json\/wp\/v2\/pages"}],"about":[{"href":"https:\/\/us.edu.pl\/instytut\/ich\/wp-json\/wp\/v2\/types\/page"}],"author":[{"embeddable":true,"href":"https:\/\/us.edu.pl\/instytut\/ich\/wp-json\/wp\/v2\/users\/99"}],"replies":[{"embeddable":true,"href":"https:\/\/us.edu.pl\/instytut\/ich\/wp-json\/wp\/v2\/comments?post=440"}],"version-history":[{"count":7,"href":"https:\/\/us.edu.pl\/instytut\/ich\/wp-json\/wp\/v2\/pages\/440\/revisions"}],"predecessor-version":[{"id":3470,"href":"https:\/\/us.edu.pl\/instytut\/ich\/wp-json\/wp\/v2\/pages\/440\/revisions\/3470"}],"up":[{"embeddable":true,"href":"https:\/\/us.edu.pl\/instytut\/ich\/wp-json\/wp\/v2\/pages\/126"}],"wp:attachment":[{"href":"https:\/\/us.edu.pl\/instytut\/ich\/wp-json\/wp\/v2\/media?parent=440"}],"curies":[{"name":"wp","href":"https:\/\/api.w.org\/{rel}","templated":true}]}}