{"id":522,"date":"2020-06-08T08:52:27","date_gmt":"2020-06-08T06:52:27","guid":{"rendered":"https:\/\/us.edu.pl\/instytut\/ich\/?page_id=522"},"modified":"2021-02-23T15:10:40","modified_gmt":"2021-02-23T14:10:40","slug":"uchwaly-rady-naukowej","status":"publish","type":"page","link":"https:\/\/us.edu.pl\/instytut\/ich\/instytut\/rada-naukowa\/uchwaly-rady-naukowej\/","title":{"rendered":"Uchwa\u0142y Rady Naukowej"},"content":{"rendered":"<p>[vc_row][vc_column]\r\n                <div class=\"text-modules\">\r\n                    <div class=\"container\">\r\n                        <h3 class=\"page-title text__title\">Uchwa\u0142y Rady Naukowej Instytutu Chemii<\/h3>\r\n                        <div class=\"text-modules__content\"><\/p>\n<h5>2019:<\/h5>\n<ul>\n<li><a href=\"https:\/\/us.edu.pl\/instytut\/ich\/wp-content\/uploads\/sites\/38\/2020\/06\/uchwala-nr1-RNICH-12112019.pdf\" class=\"mtli_attachment mtli_pdf\" data-mtli=\"mtli_filesize255,09kB\" class=\"mtli_attachment mtli_pdf\" data-mtli=\"mtli_filesize255,09kB\">Uchwa\u0142a nr 1\/2019 w sprawie przyj\u0119cia regulaminu obrad Rady Naukowej Instytutu Chemii<\/a><\/li>\n<\/ul>\n<h5>2021:<\/h5>\n<ul>\n<li><a href=\"https:\/\/us.edu.pl\/instytut\/ich\/wp-content\/uploads\/sites\/38\/unnamed-file.pdf\/uchwala-nr1-RNICH-16022021.pdf\" class=\"mtli_attachment mtli_pdf\" data-mtli=\"mtli_filesize226,60kB\" class=\"mtli_attachment mtli_pdf\" data-mtli=\"mtli_filesize226,60kB\">Uchwa\u0142a nr 1\/2021 w sprawie przyj\u0119cia regulaminu organizacji, funkcjonowania i finansowania dzia\u0142alno\u015bci badawczej w Instytucie Chemii<\/a>\n<ul>\n<li><a href=\"https:\/\/us.edu.pl\/instytut\/ich\/wp-content\/uploads\/sites\/38\/unnamed-file.pdf\/zalacznik-uchwala-nr1-RNICH-16022021.pdf\" class=\"mtli_attachment mtli_pdf\" data-mtli=\"mtli_filesize742,21kB\" class=\"mtli_attachment mtli_pdf\" data-mtli=\"mtli_filesize742,21kB\">Za\u0142\u0105cznik do Uchwa\u0142y nr 1\/2021<\/a><\/li>\n<\/ul>\n<\/li>\n<li><a href=\"https:\/\/us.edu.pl\/instytut\/ich\/wp-content\/uploads\/sites\/38\/unnamed-file.pdf\/uchwala-nr2-RNICH-16022021.pdf\" class=\"mtli_attachment mtli_pdf\" data-mtli=\"mtli_filesize475,13kB\" class=\"mtli_attachment mtli_pdf\" data-mtli=\"mtli_filesize475,13kB\">Uchwa\u0142a nr 2\/2021 w sprawie okre\u015blenia warunk\u00f3w uznania rozprawy doktorskiej za wyr\u00f3\u017cniaj\u0105c\u0105<\/a><\/li>\n<\/ul>\n<p>\n<style type=\"text\/css\">a[data-mtli~=\"mtli_filesize255,09kB\"]:after {content:\" (255,09 kB)\"}a[data-mtli~=\"mtli_filesize226,60kB\"]:after {content:\" (226,60 kB)\"}a[data-mtli~=\"mtli_filesize742,21kB\"]:after {content:\" (742,21 kB)\"}a[data-mtli~=\"mtli_filesize475,13kB\"]:after {content:\" (475,13 kB)\"}<\/style><\/div>\r\n                    <\/div>\r\n                <\/div>[\/vc_column][\/vc_row]<\/p>\n<style type=\"text\/css\">a[data-mtli~=\"mtli_filesize255,09kB\"]:after {content:\" (255,09 kB)\"}a[data-mtli~=\"mtli_filesize226,60kB\"]:after {content:\" (226,60 kB)\"}a[data-mtli~=\"mtli_filesize742,21kB\"]:after {content:\" (742,21 kB)\"}a[data-mtli~=\"mtli_filesize475,13kB\"]:after {content:\" (475,13 kB)\"}<\/style>","protected":false},"excerpt":{"rendered":"<p>[vc_row][vc_column][\/vc_column][\/vc_row] [&#8230;]<\/p>\n<p><a class=\"btn btn-secondary understrap-read-more-link\" href=\"https:\/\/us.edu.pl\/instytut\/ich\/instytut\/rada-naukowa\/uchwaly-rady-naukowej\/\">Read More&#8230;<\/a><\/p>\n","protected":false},"author":99,"featured_media":0,"parent":270,"menu_order":0,"comment_status":"closed","ping_status":"closed","template":"","meta":{"_expiration-date-status":"saved","_expiration-date":0,"_expiration-date-type":"","_expiration-date-categories":[],"_expiration-date-options":[]},"acf":[],"_links":{"self":[{"href":"https:\/\/us.edu.pl\/instytut\/ich\/wp-json\/wp\/v2\/pages\/522"}],"collection":[{"href":"https:\/\/us.edu.pl\/instytut\/ich\/wp-json\/wp\/v2\/pages"}],"about":[{"href":"https:\/\/us.edu.pl\/instytut\/ich\/wp-json\/wp\/v2\/types\/page"}],"author":[{"embeddable":true,"href":"https:\/\/us.edu.pl\/instytut\/ich\/wp-json\/wp\/v2\/users\/99"}],"replies":[{"embeddable":true,"href":"https:\/\/us.edu.pl\/instytut\/ich\/wp-json\/wp\/v2\/comments?post=522"}],"version-history":[{"count":5,"href":"https:\/\/us.edu.pl\/instytut\/ich\/wp-json\/wp\/v2\/pages\/522\/revisions"}],"predecessor-version":[{"id":1713,"href":"https:\/\/us.edu.pl\/instytut\/ich\/wp-json\/wp\/v2\/pages\/522\/revisions\/1713"}],"up":[{"embeddable":true,"href":"https:\/\/us.edu.pl\/instytut\/ich\/wp-json\/wp\/v2\/pages\/270"}],"wp:attachment":[{"href":"https:\/\/us.edu.pl\/instytut\/ich\/wp-json\/wp\/v2\/media?parent=522"}],"curies":[{"name":"wp","href":"https:\/\/api.w.org\/{rel}","templated":true}]}}