{"id":533,"date":"2020-06-08T09:48:44","date_gmt":"2020-06-08T07:48:44","guid":{"rendered":"https:\/\/us.edu.pl\/instytut\/ich\/?page_id=533"},"modified":"2021-01-25T13:00:32","modified_gmt":"2021-01-25T12:00:32","slug":"rafal-podeszwa","status":"publish","type":"page","link":"https:\/\/us.edu.pl\/instytut\/ich\/dzialalnosc-naukowa\/badacze-indywidualni\/rafal-podeszwa\/","title":{"rendered":"dr hab. Rafa\u0142 Podeszwa, prof. U\u015a"},"content":{"rendered":"<p>[vc_row][vc_column width=&#8221;1\/12&#8243;][\/vc_column][vc_column width=&#8221;3\/6&#8243;]\r\n                <div class=\"text-modules\">\r\n                    <div class=\"container\">\r\n                        <h3 class=\"page-title text__title\">dr hab. Rafa\u0142 Podeszwa, prof. U\u015a<\/h3>\r\n                        <div class=\"text-modules__content\"><p><a href=\"https:\/\/ab.us.edu.pl\/emp?id=21642\">Uniwersytet \u015al\u0105ski<\/a><\/p>\n<p><a href=\"https:\/\/www.scopus.com\/authid\/detail.uri?authorId=9841999300\" target=\"_blank\" rel=\"noopener noreferrer\">Scopus<\/a><\/p>\n<p><a href=\"https:\/\/orcid.org\/0000-0002-4519-3577\" target=\"_blank\" rel=\"noopener noreferrer\">ORCID<\/a><\/p>\n<hr \/>\n<p>Informacje:<\/p>\n<p>Doktorat: <em>2003 &#8211; Uniwersytet Warszawski<\/em><br \/>\nHabilitacja: <em>2010 &#8211; Uniwersytet Warszawski<\/em><\/p>\n<hr \/>\n<p>Dane kontaktowe:<\/p>\n<p>e-mail: <em>rafal.podeszwa@us.edu.pl<br \/>\n<\/em>telefon: <em>(32) 359-14-60<\/em><br \/>\nadres: <em>pok. <strong>163<\/strong>, ul. Bankowa 14, 40-007 Katowice<\/em><\/p>\n<hr \/>\n<p>Informacje o wsp\u00f3\u0142pracy z innymi o\u015brodkami\/zespo\u0142ami:<\/p>\n<ul>\n<li>prof. Henryk Witek, National Chiao Tung University, Hsinchu, Tajwan<\/li>\n<li>prof. Krzysztof Szalewicz, University of Delware, USA<\/li>\n<\/ul>\n<hr \/>\n<p>Tematyka bada\u0144:<\/p>\n<p>Moj\u0105 specjalno\u015bci\u0105 naukow\u0105 jest chemia teoretyczna\/obliczeniowa. W szczeg\u00f3lno\u015bci interesuj\u0105 mnie oddzia\u0142ywania mi\u0119dzycz\u0105steczkowe, a ostatnio r\u00f3wnie\u017c mi\u0119dzycz\u0105stkowe (nieadiabatyczny model trzech cz\u0105stek).\u00a0 Moja praca skupia si\u0119 na tworzeniu nowych metod obliczeniowych i ich komputerowej implementacji w j\u0119zykach programowania, takich jak\u00a0 Fortran, C oraz Julia. Takie podej\u015bcie umo\u017cliwia szeroki wachlarz zastosowa\u0144 od potencja\u0142\u00f3w molekularnych (modelowanie cieczy oraz kryszta\u0142\u00f3w) a\u017c po modele relatywistyczne.<\/p>\n<hr \/>\n<p>Projekty:<\/p>\n<ol>\n<li>Empiryczna nieaddytywna dyspersja w kompleksach van der Waalss, NCN, OPUS 9, 2016-2019,<\/li>\n<li>,Modelowanie materia\u0142\u00f3w molekularnych dok\u0142adnymi i wydajnymi metodami kwantowymi, Polsko-tajwa\u0144ska wsp\u00f3\u0142praca bilateralna, NCBR, 2016-2019<\/li>\n<li>Gradienty w rachunku zaburze\u0144 o adaptowanej symetrii, NCN, OPUS 3, 2013-2016<\/li>\n<li>Przewidywanie struktur polimorficznych oraz teoretyczne modelowanie kryszta\u0142\u00f3w molekularnych substancji czynnych lek\u00f3w, MNiSW, 2009-2012<\/li>\n<li>&#8222;Powroty&#8221; Dwuletnie subsydium Fundacji na rzecz Nauki Polskie,\u00a0 2007, przed\u0142u\u017cone o dodatkowy rok w 2009\/10<\/li>\n<\/ol>\n<p>Wybrane publikacje:<\/p>\n<ol>\n<li>R Podeszwa, W. Jankiewicz, M. Krzu\u015b, and Henryk A. Witek, <em>Correcting long-range electrostatics in DFTB<\/em>, J. Chem. Phys., <strong>150<\/strong>, 234110 (2019).<\/li>\n<li>W. Jankiewicz and R. Podeszwa, and H. A. Witek, <em>Dispersion-Corrected DFT Struggles with Predicting Three-Body Interaction Energies<\/em>, J. Chem. Theor. Comput., <strong>14<\/strong>, 5079 (2018).<\/li>\n<li>R. Podeszwa and G. Jansen, <em>Comment on \u201cLong-Range Repulsion Between Spatially Confined van der Waals Dimers\u201d<\/em>, Phys. Rev. Lett., <strong>120<\/strong>, 258901 (2018).<\/li>\n<li>D. E. Taylor, J. G. \u00c1ngy\u00e1n, G. Galli, C. Zhang, F. Gygi, K. Hirao, J. W Song, K. Rahul, O. A. von Lilienfeld, R. Podeszwa,\u00a0 I. W. Bulik, T. M. Henderson, G. E. Scuseria, J. Toulouse, R. Peverati, D. G. Truhlar, and K. Szalewicz, <em>Blind test of density-functional-based methods on intermolecular interaction energies<\/em>, J. Chem. Phys. <strong>145<\/strong>, 124105 (2016).<\/li>\n<li>A. M. Reilly <em>et al.<\/em>}, <em>Report on the sixth blind test of organic crystal structure prediction methods<\/em>, Acta Cryst. <strong>B72<\/strong>, 439-459 (2016).<\/li>\n<li>R. Podeszwa, W. Cencek, and K. Szalewicz, <em>Efficient Calculations of Dispersion Energies for Nanoscale Systems from Coupled Density Response Functions<\/em>, J. Chem. Theor. Comput. <strong>8<\/strong>, 1963-1969 (2012).<\/li>\n<li>A. van der Avoird, R. Podeszwa, K. Szalewicz, C. Leforestier, R. van Harrevelt, P. R. Bunker, M. Schnell, G. von Helden G, and G. Meijer, <em>Vibration-rotation-tunneling states of the benzene dimer: an ab initio study<\/em>, Phys. Chem. Chem. Phys., <strong>12<\/strong>, 8219 (2010).<\/li>\n<li>R. Podeszwa, K. Patkowski, and K. Szalewicz, <em>Improved interaction energy benchmarks for dimers of biological relevance, <\/em>Phys. Chem. Chem. Phys., <strong>12<\/strong>, 5974 (2010).<\/li>\n<li>R. Podeszwa,\u00a0 <em>Interactions of graphene sheets deduced from properties of polycyclic aromatic hydrocarbons<\/em>, J. Chem. Phys., <strong>132<\/strong>, 044704 (2010).<\/li>\n<li>R. Podeszwa, K. Pernal, K. Patkowski, and K. Szalewicz, <em>An extension of the Hartree-Fock plus dispersion method by first-order correlation effects<\/em>, J. Phys. Chem. Lett., <strong>1<\/strong>, 550-555 (2010).<\/li>\n<li>K. Pernal, R. Podeszwa, K. Patkowski, and K. Szalewicz, <em>Dispersionless density functional theory<\/em>, Phys. Rev. Lett., <strong>103<\/strong>, 263201 (2009).<\/li>\n<li>R. Podeszwa, B. M. Rice, and K. Szalewicz, <em>Predicting structure of molecular crystals from first principles<\/em>, Phys. Rev. Lett, <strong>101<\/strong>, 115503 (2008).<\/li>\n<li>R. Podeszwa, <em>Comment on: Beyond the Benzene Dimer: An Investigation of the Additivity of pi-pi Interactions<\/em>, J. Phys. Chem. A, <strong>112<\/strong>, 8884 (2008).<\/li>\n<li>R. Podeszwa and K. Szalewicz, <em>Three-body symmetry-adapted perturbation <\/em><\/li>\n<li><em>theory based on Kohn-Sham description of the monomers<\/em>, J. Chem. Phys., <strong>126<\/strong>, 194101 (2007).<\/li>\n<li>R. Podeszwa, R. Bukowski, and K. Szalewicz, <em>Potential energy surface for the benzene dimer and perturbational analysis of pi-pi interactions<\/em>, J. Phys. Chem. A, <strong>110<\/strong>, 10345 (2006).<\/li>\n<li>R. Podeszwa, R. Bukowski, and K. Szalewicz <em>Density-fitting method in symmetry-adapted perturbation theory based on Kohn-Sham description of monomers<\/em>,\u00a0 J. Chem. Theor. Comput., <strong>2<\/strong>, 400 (2006).<\/li>\n<li>A. J. Misquitta, R. Podeszwa, B. Jeziorski, and K. Szalewicz, <em>Intermolecular potentials based on symmetry-adapted perturbation theory with dispersion energies from time-dependent density-functional calculations<\/em>,\u00a0 J. Chem. Phys. <strong>123<\/strong>, 214103 (2005).<\/li>\n<\/ol>\n<p>\n<\/div>\r\n                    <\/div>\r\n                <\/div>[\/vc_column][vc_column width=&#8221;2\/6&#8243;][\/vc_column][vc_column width=&#8221;1\/12&#8243;][\/vc_column][\/vc_row]<\/p>","protected":false},"excerpt":{"rendered":"<p>[vc_row][vc_column width=&#8221;1\/12&#8243;][\/vc_column][vc_column width=&#8221;3\/6&#8243;][\/vc_column][vc_column width=&#8221;2\/6&#8243;][\/vc_column][vc_column width=&#8221;1\/12&#8243;][\/vc_column][\/vc_row] [&#8230;]<\/p>\n<p><a class=\"btn btn-secondary understrap-read-more-link\" href=\"https:\/\/us.edu.pl\/instytut\/ich\/dzialalnosc-naukowa\/badacze-indywidualni\/rafal-podeszwa\/\">Read More&#8230;<\/a><\/p>\n","protected":false},"author":99,"featured_media":0,"parent":128,"menu_order":0,"comment_status":"closed","ping_status":"closed","template":"","meta":{"_expiration-date-status":"saved","_expiration-date":0,"_expiration-date-type":"","_expiration-date-categories":[],"_expiration-date-options":[]},"acf":[],"_links":{"self":[{"href":"https:\/\/us.edu.pl\/instytut\/ich\/wp-json\/wp\/v2\/pages\/533"}],"collection":[{"href":"https:\/\/us.edu.pl\/instytut\/ich\/wp-json\/wp\/v2\/pages"}],"about":[{"href":"https:\/\/us.edu.pl\/instytut\/ich\/wp-json\/wp\/v2\/types\/page"}],"author":[{"embeddable":true,"href":"https:\/\/us.edu.pl\/instytut\/ich\/wp-json\/wp\/v2\/users\/99"}],"replies":[{"embeddable":true,"href":"https:\/\/us.edu.pl\/instytut\/ich\/wp-json\/wp\/v2\/comments?post=533"}],"version-history":[{"count":3,"href":"https:\/\/us.edu.pl\/instytut\/ich\/wp-json\/wp\/v2\/pages\/533\/revisions"}],"predecessor-version":[{"id":1184,"href":"https:\/\/us.edu.pl\/instytut\/ich\/wp-json\/wp\/v2\/pages\/533\/revisions\/1184"}],"up":[{"embeddable":true,"href":"https:\/\/us.edu.pl\/instytut\/ich\/wp-json\/wp\/v2\/pages\/128"}],"wp:attachment":[{"href":"https:\/\/us.edu.pl\/instytut\/ich\/wp-json\/wp\/v2\/media?parent=533"}],"curies":[{"name":"wp","href":"https:\/\/api.w.org\/{rel}","templated":true}]}}