{"id":65,"date":"2019-10-25T12:48:48","date_gmt":"2019-10-25T10:48:48","guid":{"rendered":"http:\/\/us.edu.pl\/instytut\/ich\/?page_id=65"},"modified":"2019-11-04T09:21:05","modified_gmt":"2019-11-04T08:21:05","slug":"mapa-strony","status":"publish","type":"page","link":"https:\/\/us.edu.pl\/instytut\/ich\/mapa-strony\/","title":{"rendered":"Mapa strony"},"content":{"rendered":"<p>[vc_row][vc_column]\r\n                <div class=\"text-modules\">\r\n                    <div class=\"container\">\r\n                        <h3 class=\"page-title text__title\">Mapa strony<\/h3>\r\n                        <div class=\"text-modules__content\"><div class=\"wsp-container\"><h2 class=\"wsp-pages-title\">Pages<\/h2>\n<ul class=\"wsp-pages-list\">\n<li class=\"page_item page-item-262 page_item_has_children\"><a href=\"https:\/\/us.edu.pl\/instytut\/ich\/instytut\/\">Instytut<\/a>\n<ul class='children'>\n\t<li class=\"page_item page-item-518\"><a href=\"https:\/\/us.edu.pl\/instytut\/ich\/instytut\/popularyzacja-instytutu\/\">Popularyzacja Instytutu<\/a><\/li>\n\t<li class=\"page_item page-item-268\"><a href=\"https:\/\/us.edu.pl\/instytut\/ich\/instytut\/wladze-instytutu\/\">W\u0142adze Instytutu<\/a><\/li>\n\t<li class=\"page_item page-item-270 page_item_has_children\"><a href=\"https:\/\/us.edu.pl\/instytut\/ich\/instytut\/rada-naukowa\/\">Rada Naukowa<\/a>\n\t<ul class='children'>\n\t\t<li class=\"page_item page-item-522\"><a href=\"https:\/\/us.edu.pl\/instytut\/ich\/instytut\/rada-naukowa\/uchwaly-rady-naukowej\/\">Uchwa\u0142y Rady Naukowej<\/a><\/li>\n\t<\/ul>\n<\/li>\n\t<li class=\"page_item page-item-272\"><a href=\"https:\/\/us.edu.pl\/instytut\/ich\/instytut\/akredytacje\/\">Akredytacje<\/a><\/li>\n\t<li class=\"page_item page-item-274\"><a href=\"https:\/\/us.edu.pl\/instytut\/ich\/instytut\/historia-instytutu\/\">Historia Instytutu<\/a><\/li>\n\t<li class=\"page_item page-item-2322\"><a href=\"https:\/\/us.edu.pl\/instytut\/ich\/instytut\/logotypy-i-papier-firmowy\/\">Logotypy i papier firmowy<\/a><\/li>\n\t<li class=\"page_item page-item-507\"><a href=\"https:\/\/us.edu.pl\/instytut\/ich\/instytut\/goscie\/\">Go\u015bcie<\/a><\/li>\n<\/ul>\n<\/li>\n<li class=\"page_item page-item-264\"><a href=\"https:\/\/us.edu.pl\/instytut\/ich\/ksztalcenie\/\">Kszta\u0142cenie<\/a><\/li>\n<li class=\"page_item page-item-10\"><a href=\"https:\/\/us.edu.pl\/instytut\/ich\/\">Strona g\u0142\u00f3wna<\/a><\/li>\n<li class=\"page_item page-item-266 page_item_has_children\"><a href=\"https:\/\/us.edu.pl\/instytut\/ich\/realizowane-projekty\/\">Realizowane projekty<\/a>\n<ul class='children'>\n\t<li class=\"page_item page-item-405\"><a href=\"https:\/\/us.edu.pl\/instytut\/ich\/realizowane-projekty\/projekt-chemik\/\">Projekt ChemiK<\/a><\/li>\n\t<li class=\"page_item page-item-416\"><a href=\"https:\/\/us.edu.pl\/instytut\/ich\/realizowane-projekty\/projekt-kreatywny-odkrywca\/\">Projekt Kreatywny odkrywca<\/a><\/li>\n\t<li class=\"page_item page-item-418\"><a href=\"https:\/\/us.edu.pl\/instytut\/ich\/realizowane-projekty\/projekt-pik\/\">Projekt PIK<\/a><\/li>\n\t<li class=\"page_item page-item-422\"><a href=\"https:\/\/us.edu.pl\/instytut\/ich\/realizowane-projekty\/projekt-ches\/\">Projekt CheS<\/a><\/li>\n\t<li class=\"page_item page-item-429\"><a href=\"https:\/\/us.edu.pl\/instytut\/ich\/realizowane-projekty\/projekt-kreatywny-eksperymentator\/\">Projekt Kreatywny eksperymentator<\/a><\/li>\n\t<li class=\"page_item page-item-434\"><a href=\"https:\/\/us.edu.pl\/instytut\/ich\/realizowane-projekty\/projekt-chip\/\">Projekt CHiP<\/a><\/li>\n\t<li class=\"page_item page-item-435\"><a href=\"https:\/\/us.edu.pl\/instytut\/ich\/realizowane-projekty\/projekt-chemia-i-staze\/\">Projekt Chemia i Sta\u017ce<\/a><\/li>\n<\/ul>\n<\/li>\n<li class=\"page_item page-item-1547\"><a href=\"https:\/\/us.edu.pl\/instytut\/ich\/zapytaj-chemika\/\">Zapytaj Chemika<\/a><\/li>\n<li class=\"page_item page-item-1581\"><a href=\"https:\/\/us.edu.pl\/instytut\/ich\/przydatne-linki\/\">Przydatne linki<\/a><\/li>\n<li class=\"page_item page-item-63\"><a href=\"https:\/\/us.edu.pl\/instytut\/ich\/kontakt\/\">Kontakt<\/a><\/li>\n<li class=\"page_item page-item-65\"><a href=\"https:\/\/us.edu.pl\/instytut\/ich\/mapa-strony\/\">Mapa strony<\/a><\/li>\n<li class=\"page_item page-item-123 page_item_has_children\"><a href=\"https:\/\/us.edu.pl\/instytut\/ich\/dzialalnosc-naukowa\/\">Dzia\u0142alno\u015b\u0107 naukowa<\/a>\n<ul class='children'>\n\t<li class=\"page_item page-item-258\"><a href=\"https:\/\/us.edu.pl\/instytut\/ich\/dzialalnosc-naukowa\/konferencje\/\">Konferencje<\/a><\/li>\n\t<li class=\"page_item page-item-260\"><a href=\"https:\/\/us.edu.pl\/instytut\/ich\/dzialalnosc-naukowa\/stopnie-i-tytuly-naukowe\/\">Stopnie i tytu\u0142y naukowe<\/a><\/li>\n\t<li class=\"page_item page-item-1600\"><a href=\"https:\/\/us.edu.pl\/instytut\/ich\/dzialalnosc-naukowa\/aparatura\/\">Aparatura<\/a><\/li>\n\t<li class=\"page_item page-item-126 page_item_has_children\"><a href=\"https:\/\/us.edu.pl\/instytut\/ich\/dzialalnosc-naukowa\/zespoly-badawcze\/\">Zespo\u0142y badawcze<\/a>\n\t<ul class='children'>\n\t\t<li class=\"page_item page-item-308 page_item_has_children\"><a href=\"https:\/\/us.edu.pl\/instytut\/ich\/dzialalnosc-naukowa\/zespoly-badawcze\/polimery-i-materialy-funkcjonalne\/\">Polimery i Materia\u0142y Funkcjonalne<\/a>\n\t\t<ul class='children'>\n\t\t\t<li class=\"page_item page-item-309\"><a href=\"https:\/\/us.edu.pl\/instytut\/ich\/dzialalnosc-naukowa\/zespoly-badawcze\/polimery-i-materialy-funkcjonalne\/ewa-schab-balcerzak\/\">prof. dr hab. in\u017c. Ewa Schab-Balcerzak<\/a><\/li>\n\t\t<\/ul>\n<\/li>\n\t\t<li class=\"page_item page-item-315 page_item_has_children\"><a href=\"https:\/\/us.edu.pl\/instytut\/ich\/dzialalnosc-naukowa\/zespoly-badawcze\/chemia-analityczna\/\">Chemia Analityczna<\/a>\n\t\t<ul class='children'>\n\t\t\t<li class=\"page_item page-item-317\"><a href=\"https:\/\/us.edu.pl\/instytut\/ich\/dzialalnosc-naukowa\/zespoly-badawcze\/chemia-analityczna\/rafal-sitko\/\">prof. dr hab. Rafa\u0142 Sitko<\/a><\/li>\n\t\t<\/ul>\n<\/li>\n\t\t<li class=\"page_item page-item-331 page_item_has_children\"><a href=\"https:\/\/us.edu.pl\/instytut\/ich\/dzialalnosc-naukowa\/zespoly-badawcze\/projektowanie-lekow-i-nano-farmakologia\/\">Projektowanie Lek\u00f3w i Nano-famakologia<\/a>\n\t\t<ul class='children'>\n\t\t\t<li class=\"page_item page-item-333\"><a href=\"https:\/\/us.edu.pl\/instytut\/ich\/dzialalnosc-naukowa\/zespoly-badawcze\/projektowanie-lekow-i-nano-farmakologia\/robert-musiol\/\">dr hab. Robert Musio\u0142, prof. U\u015a<\/a><\/li>\n\t\t<\/ul>\n<\/li>\n\t\t<li class=\"page_item page-item-3410\"><a href=\"https:\/\/us.edu.pl\/instytut\/ich\/dzialalnosc-naukowa\/zespoly-badawcze\/elektrosynteza\/\">Elektrosynteza<\/a><\/li>\n\t\t<li class=\"page_item page-item-346 page_item_has_children\"><a href=\"https:\/\/us.edu.pl\/instytut\/ich\/dzialalnosc-naukowa\/zespoly-badawcze\/fizykochemia-zwiazkow-metali-przejsciowych\/\">Fizykochemia Zwi\u0105zk\u00f3w Metali Przej\u015bciowych<\/a>\n\t\t<ul class='children'>\n\t\t\t<li class=\"page_item page-item-348\"><a href=\"https:\/\/us.edu.pl\/instytut\/ich\/dzialalnosc-naukowa\/zespoly-badawcze\/fizykochemia-zwiazkow-metali-przejsciowych\/barbara-machura\/\">prof. dr hab. Barbara Machura<\/a><\/li>\n\t\t<\/ul>\n<\/li>\n\t\t<li class=\"page_item page-item-353 page_item_has_children\"><a href=\"https:\/\/us.edu.pl\/instytut\/ich\/dzialalnosc-naukowa\/zespoly-badawcze\/modelowanie-zlozonych-sygnalow-instrumentalnych\/\">Modelowanie Z\u0142o\u017conych Sygna\u0142\u00f3w instrumentalnych<\/a>\n\t\t<ul class='children'>\n\t\t\t<li class=\"page_item page-item-355\"><a href=\"https:\/\/us.edu.pl\/instytut\/ich\/dzialalnosc-naukowa\/zespoly-badawcze\/modelowanie-zlozonych-sygnalow-instrumentalnych\/michal-daszykowski\/\">prof. dr hab. Micha\u0142 Daszykowski<\/a><\/li>\n\t\t<\/ul>\n<\/li>\n\t\t<li class=\"page_item page-item-359 page_item_has_children\"><a href=\"https:\/\/us.edu.pl\/instytut\/ich\/dzialalnosc-naukowa\/zespoly-badawcze\/projektowanie-i-synteza-lekow-i-materialow\/\">Projektowanie i Synteza Lek\u00f3w i Materia\u0142\u00f3w<\/a>\n\t\t<ul class='children'>\n\t\t\t<li class=\"page_item page-item-1825\"><a href=\"https:\/\/us.edu.pl\/instytut\/ich\/dzialalnosc-naukowa\/zespoly-badawcze\/projektowanie-i-synteza-lekow-i-materialow\/chemoinfobio-english\/\">CHEMOINFOBIO (english)<\/a><\/li>\n\t\t\t<li class=\"page_item page-item-361\"><a href=\"https:\/\/us.edu.pl\/instytut\/ich\/dzialalnosc-naukowa\/zespoly-badawcze\/projektowanie-i-synteza-lekow-i-materialow\/jaroslaw-polanski\/\">prof. dr hab. in\u017c Jaros\u0142aw Pola\u0144ski<\/a><\/li>\n\t\t<\/ul>\n<\/li>\n\t\t<li class=\"page_item page-item-367 page_item_has_children\"><a href=\"https:\/\/us.edu.pl\/instytut\/ich\/dzialalnosc-naukowa\/zespoly-badawcze\/spektroskopia-i-materialy-luminescencyjne\/\">Spektroskopia i Materia\u0142y Luminescencyjne<\/a>\n\t\t<ul class='children'>\n\t\t\t<li class=\"page_item page-item-369\"><a href=\"https:\/\/us.edu.pl\/instytut\/ich\/dzialalnosc-naukowa\/zespoly-badawcze\/spektroskopia-i-materialy-luminescencyjne\/wojciech-pisarski\/\">prof. dr hab. Wojciech Pisarski<\/a><\/li>\n\t\t<\/ul>\n<\/li>\n\t\t<li class=\"page_item page-item-3730\"><a href=\"https:\/\/us.edu.pl\/instytut\/ich\/dzialalnosc-naukowa\/zespoly-badawcze\/projektowanie-synteza-i-fotofizyka-ukladow-donor-akceptor\/\">Projektowanie, Synteza i Fotofizyka Uk\u0142ad\u00f3w Donor-Akceptor<\/a><\/li>\n\t\t<li class=\"page_item page-item-149 page_item_has_children\"><a href=\"https:\/\/us.edu.pl\/instytut\/ich\/dzialalnosc-naukowa\/zespoly-badawcze\/badania-nad-korelacja-elektronowa\/\">Badania nad Korelacj\u0105 Elektronow\u0105<\/a>\n\t\t<ul class='children'>\n\t\t\t<li class=\"page_item page-item-140\"><a href=\"https:\/\/us.edu.pl\/instytut\/ich\/dzialalnosc-naukowa\/zespoly-badawcze\/badania-nad-korelacja-elektronowa\/monika-musial\/\">prof. dr hab. Monika Musia\u0142<\/a><\/li>\n\t\t<\/ul>\n<\/li>\n\t\t<li class=\"page_item page-item-3733\"><a href=\"https:\/\/us.edu.pl\/instytut\/ich\/dzialalnosc-naukowa\/zespoly-badawcze\/monitorowanie-i-analiza-zanieczyszczen-powietrza\/\">Monitorowanie i Analiza Zanieczyszcze\u0144 Powietrza<\/a><\/li>\n\t\t<li class=\"page_item page-item-1203 page_item_has_children\"><a href=\"https:\/\/us.edu.pl\/instytut\/ich\/dzialalnosc-naukowa\/zespoly-badawcze\/bioorganika\/\">Bioorganika<\/a>\n\t\t<ul class='children'>\n\t\t\t<li class=\"page_item page-item-1205\"><a href=\"https:\/\/us.edu.pl\/instytut\/ich\/dzialalnosc-naukowa\/zespoly-badawcze\/bioorganika\/piotr-kus\/\">dr hab. Piotr Ku\u015b, prof. U\u015a<\/a><\/li>\n\t\t<\/ul>\n<\/li>\n\t\t<li class=\"page_item page-item-440 page_item_has_children\"><a href=\"https:\/\/us.edu.pl\/instytut\/ich\/dzialalnosc-naukowa\/zespoly-badawcze\/chemia-fizyczna\/\">Chemia Fizyczna<\/a>\n\t\t<ul class='children'>\n\t\t\t<li class=\"page_item page-item-442\"><a href=\"https:\/\/us.edu.pl\/instytut\/ich\/dzialalnosc-naukowa\/zespoly-badawcze\/chemia-fizyczna\/marzena-dzida\/\">prof. dr hab. Marzena Dzida<\/a><\/li>\n\t\t<\/ul>\n<\/li>\n\t\t<li class=\"page_item page-item-192 page_item_has_children\"><a href=\"https:\/\/us.edu.pl\/instytut\/ich\/dzialalnosc-naukowa\/zespoly-badawcze\/zastosowania-termodynamiki\/\">Zastosowania Termodynamiki<\/a>\n\t\t<ul class='children'>\n\t\t\t<li class=\"page_item page-item-217\"><a href=\"https:\/\/us.edu.pl\/instytut\/ich\/dzialalnosc-naukowa\/zespoly-badawcze\/zastosowania-termodynamiki\/miroslaw-chorazewski\/\">dr hab. Miros\u0142aw Chor\u0105\u017cewski, prof. U\u015a<\/a><\/li>\n\t\t<\/ul>\n<\/li>\n\t\t<li class=\"page_item page-item-197 page_item_has_children\"><a href=\"https:\/\/us.edu.pl\/instytut\/ich\/dzialalnosc-naukowa\/zespoly-badawcze\/chemia-sadowa\/\">Chemia S\u0105dowa<\/a>\n\t\t<ul class='children'>\n\t\t\t<li class=\"page_item page-item-223\"><a href=\"https:\/\/us.edu.pl\/instytut\/ich\/dzialalnosc-naukowa\/zespoly-badawcze\/chemia-sadowa\/grzegorz-zadora\/\">prof. dr hab. Grzegorz Zadora<\/a><\/li>\n\t\t<\/ul>\n<\/li>\n\t\t<li class=\"page_item page-item-456 page_item_has_children\"><a href=\"https:\/\/us.edu.pl\/instytut\/ich\/dzialalnosc-naukowa\/zespoly-badawcze\/zastosowania-metod-chemii-obliczeniowej\/\">Zastosowania Metod Chemii Obliczeniowej<\/a>\n\t\t<ul class='children'>\n\t\t\t<li class=\"page_item page-item-458\"><a href=\"https:\/\/us.edu.pl\/instytut\/ich\/dzialalnosc-naukowa\/zespoly-badawcze\/zastosowania-metod-chemii-obliczeniowej\/maria-jaworska\/\">prof. dr hab. Maria Jaworska<\/a><\/li>\n\t\t<\/ul>\n<\/li>\n\t\t<li class=\"page_item page-item-249 page_item_has_children\"><a href=\"https:\/\/us.edu.pl\/instytut\/ich\/dzialalnosc-naukowa\/zespoly-badawcze\/synteza-elektroaktywnych-materialow-molekularnych-dedykowanych-organicznej-elektronice\/\">Synteza elektroaktywnych materia\u0142\u00f3w molekularnych dedykowanych organicznej elektronice<\/a>\n\t\t<ul class='children'>\n\t\t\t<li class=\"page_item page-item-250\"><a href=\"https:\/\/us.edu.pl\/instytut\/ich\/dzialalnosc-naukowa\/zespoly-badawcze\/synteza-elektroaktywnych-materialow-molekularnych-dedykowanych-organicznej-elektronice\/stanislaw-krompiec\/\">prof. dr hab. in\u017c. Stanis\u0142aw Krompiec<\/a><\/li>\n\t\t<\/ul>\n<\/li>\n\t<\/ul>\n<\/li>\n\t<li class=\"page_item page-item-128 page_item_has_children\"><a href=\"https:\/\/us.edu.pl\/instytut\/ich\/dzialalnosc-naukowa\/badacze-indywidualni\/\">Badacze indywidualni<\/a>\n\t<ul class='children'>\n\t\t<li class=\"page_item page-item-533\"><a href=\"https:\/\/us.edu.pl\/instytut\/ich\/dzialalnosc-naukowa\/badacze-indywidualni\/rafal-podeszwa\/\">dr hab. Rafa\u0142 Podeszwa, prof. U\u015a<\/a><\/li>\n\t\t<li class=\"page_item page-item-594\"><a href=\"https:\/\/us.edu.pl\/instytut\/ich\/dzialalnosc-naukowa\/badacze-indywidualni\/michal-filapek\/\">dr Micha\u0142 Filapek<\/a><\/li>\n\t\t<li class=\"page_item page-item-3442\"><a href=\"https:\/\/us.edu.pl\/instytut\/ich\/dzialalnosc-naukowa\/badacze-indywidualni\/marek-matussek\/\">dr Marek Matussek<\/a><\/li>\n\t\t<li class=\"page_item page-item-1174\"><a href=\"https:\/\/us.edu.pl\/instytut\/ich\/dzialalnosc-naukowa\/badacze-indywidualni\/tadeusz-pluta\/\">dr hab. Tadeusz Pluta<\/a><\/li>\n\t\t<li class=\"page_item page-item-3742\"><a href=\"https:\/\/us.edu.pl\/instytut\/ich\/dzialalnosc-naukowa\/badacze-indywidualni\/piotr-kus\/\">dr hab. Piotr Ku\u015b, prof. U\u015a<\/a><\/li>\n\t\t<li class=\"page_item page-item-3744\"><a href=\"https:\/\/us.edu.pl\/instytut\/ich\/dzialalnosc-naukowa\/badacze-indywidualni\/bozena-losiewicz\/\">dr hab. Bo\u017cena \u0141osiewicz, prof. U\u015a<\/a><\/li>\n\t\t<li class=\"page_item page-item-3746\"><a href=\"https:\/\/us.edu.pl\/instytut\/ich\/dzialalnosc-naukowa\/badacze-indywidualni\/mateusz-penkala\/\">dr Mateusz Penkala<\/a><\/li>\n\t\t<li class=\"page_item page-item-3748\"><a href=\"https:\/\/us.edu.pl\/instytut\/ich\/dzialalnosc-naukowa\/badacze-indywidualni\/mariola-bartoszek\/\">dr Mariola Bartoszek<\/a><\/li>\n\t\t<li class=\"page_item page-item-448\"><a href=\"https:\/\/us.edu.pl\/instytut\/ich\/dzialalnosc-naukowa\/badacze-indywidualni\/barbara-hachula\/\">dr hab. Barbara Hachu\u0142a, prof. U\u015a<\/a><\/li>\n\t\t<li class=\"page_item page-item-214\"><a href=\"https:\/\/us.edu.pl\/instytut\/ich\/dzialalnosc-naukowa\/badacze-indywidualni\/jacek-nycz\/\">dr hab. in\u017c. Jacek Nycz, prof. U\u015a<\/a><\/li>\n\t\t<li class=\"page_item page-item-225\"><a href=\"https:\/\/us.edu.pl\/instytut\/ich\/dzialalnosc-naukowa\/badacze-indywidualni\/slawomir-kula\/\">dr S\u0142awomir Kula<\/a><\/li>\n\t\t<li class=\"page_item page-item-2534\"><a href=\"https:\/\/us.edu.pl\/instytut\/ich\/dzialalnosc-naukowa\/badacze-indywidualni\/monika-geppert-rybczynska\/\">dr hab. Monika Geppert-Rybczy\u0144ska, prof. U\u015a<\/a><\/li>\n\t\t<li class=\"page_item page-item-2537\"><a href=\"https:\/\/us.edu.pl\/instytut\/ich\/dzialalnosc-naukowa\/badacze-indywidualni\/joanna-orzel\/\">dr Joanna Orze\u0142<\/a><\/li>\n\t\t<li class=\"page_item page-item-2540\"><a href=\"https:\/\/us.edu.pl\/instytut\/ich\/dzialalnosc-naukowa\/badacze-indywidualni\/pawel-swit\/\">dr in\u017c. Pawe\u0142 \u015awit<\/a><\/li>\n\t\t<li class=\"page_item page-item-243\"><a href=\"https:\/\/us.edu.pl\/instytut\/ich\/dzialalnosc-naukowa\/badacze-indywidualni\/izabela-jendrzejewska\/\">dr hab. Izabela Jendrzejewska, prof. U\u015a<\/a><\/li>\n\t<\/ul>\n<\/li>\n\t<li class=\"page_item page-item-2706\"><a href=\"https:\/\/us.edu.pl\/instytut\/ich\/dzialalnosc-naukowa\/kolo-naukowe\/\">Ko\u0142o naukowe<\/a><\/li>\n\t<li class=\"page_item page-item-732 page_item_has_children\"><a href=\"https:\/\/us.edu.pl\/instytut\/ich\/dzialalnosc-naukowa\/awanse-naukowe\/\">Awanse naukowe<\/a>\n\t<ul class='children'>\n\t\t<li class=\"page_item page-item-777\"><a href=\"https:\/\/us.edu.pl\/instytut\/ich\/dzialalnosc-naukowa\/awanse-naukowe\/postepowania-o-nadanie-tytulu-profesora\/\">Post\u0119powania o nadanie tytu\u0142u profesora<\/a><\/li>\n\t\t<li class=\"page_item page-item-780\"><a href=\"https:\/\/us.edu.pl\/instytut\/ich\/dzialalnosc-naukowa\/awanse-naukowe\/postepowania-habilitacyjne\/\">Post\u0119powania habilitacyjne<\/a><\/li>\n\t\t<li class=\"page_item page-item-782\"><a href=\"https:\/\/us.edu.pl\/instytut\/ich\/dzialalnosc-naukowa\/awanse-naukowe\/recenzje-przewodow-doktorskich\/\">Recenzje przewod\u00f3w doktorskich<\/a><\/li>\n\t<\/ul>\n<\/li>\n\t<li class=\"page_item page-item-1513 page_item_has_children\"><a href=\"https:\/\/us.edu.pl\/instytut\/ich\/dzialalnosc-naukowa\/publikacje-open-access\/\">Publikacje Open Access<\/a>\n\t<ul class='children'>\n\t\t<li class=\"page_item page-item-1505\"><a href=\"https:\/\/us.edu.pl\/instytut\/ich\/dzialalnosc-naukowa\/publikacje-open-access\/poa-2018\/\">2018<\/a><\/li>\n\t\t<li class=\"page_item page-item-1507\"><a href=\"https:\/\/us.edu.pl\/instytut\/ich\/dzialalnosc-naukowa\/publikacje-open-access\/poa-2019\/\">2019<\/a><\/li>\n\t\t<li class=\"page_item page-item-1510\"><a href=\"https:\/\/us.edu.pl\/instytut\/ich\/dzialalnosc-naukowa\/publikacje-open-access\/poa-2020\/\">2020<\/a><\/li>\n\t\t<li class=\"page_item page-item-1521\"><a href=\"https:\/\/us.edu.pl\/instytut\/ich\/dzialalnosc-naukowa\/publikacje-open-access\/poa-2021\/\">2021<\/a><\/li>\n\t<\/ul>\n<\/li>\n<\/ul>\n<\/li>\n<li class=\"page_item page-item-394\"><a href=\"https:\/\/us.edu.pl\/instytut\/ich\/czasopismo-acta-chromatographica\/\">Czasopismo Acta Chromatographica<\/a><\/li>\n<\/ul>\n<\/div>\n<\/div>\r\n                    <\/div>\r\n                <\/div>[\/vc_column][\/vc_row]<\/p>","protected":false},"excerpt":{"rendered":"<p>[vc_row][vc_column][\/vc_column][\/vc_row] [&#8230;]<\/p>\n<p><a class=\"btn btn-secondary understrap-read-more-link\" href=\"https:\/\/us.edu.pl\/instytut\/ich\/mapa-strony\/\">Read More&#8230;<\/a><\/p>\n","protected":false},"author":24,"featured_media":0,"parent":0,"menu_order":0,"comment_status":"closed","ping_status":"closed","template":"page-templates\/sitemap-template.php","meta":{"_expiration-date-status":"saved","_expiration-date":0,"_expiration-date-type":"","_expiration-date-categories":[],"_expiration-date-options":[]},"acf":[],"_links":{"self":[{"href":"https:\/\/us.edu.pl\/instytut\/ich\/wp-json\/wp\/v2\/pages\/65"}],"collection":[{"href":"https:\/\/us.edu.pl\/instytut\/ich\/wp-json\/wp\/v2\/pages"}],"about":[{"href":"https:\/\/us.edu.pl\/instytut\/ich\/wp-json\/wp\/v2\/types\/page"}],"author":[{"embeddable":true,"href":"https:\/\/us.edu.pl\/instytut\/ich\/wp-json\/wp\/v2\/users\/24"}],"replies":[{"embeddable":true,"href":"https:\/\/us.edu.pl\/instytut\/ich\/wp-json\/wp\/v2\/comments?post=65"}],"version-history":[{"count":1,"href":"https:\/\/us.edu.pl\/instytut\/ich\/wp-json\/wp\/v2\/pages\/65\/revisions"}],"predecessor-version":[{"id":66,"href":"https:\/\/us.edu.pl\/instytut\/ich\/wp-json\/wp\/v2\/pages\/65\/revisions\/66"}],"wp:attachment":[{"href":"https:\/\/us.edu.pl\/instytut\/ich\/wp-json\/wp\/v2\/media?parent=65"}],"curies":[{"name":"wp","href":"https:\/\/api.w.org\/{rel}","templated":true}]}}