{"id":777,"date":"2021-01-11T09:13:48","date_gmt":"2021-01-11T08:13:48","guid":{"rendered":"https:\/\/us.edu.pl\/instytut\/ich\/?page_id=777"},"modified":"2021-01-11T13:26:19","modified_gmt":"2021-01-11T12:26:19","slug":"postepowania-o-nadanie-tytulu-profesora","status":"publish","type":"page","link":"https:\/\/us.edu.pl\/instytut\/ich\/dzialalnosc-naukowa\/awanse-naukowe\/postepowania-o-nadanie-tytulu-profesora\/","title":{"rendered":"Post\u0119powania o nadanie tytu\u0142u profesora"},"content":{"rendered":"<p>[vc_row][vc_column]\r\n                <div class=\"text-modules\">\r\n                    <div class=\"container\">\r\n                        <h3 class=\"page-title text__title\">Post\u0119powania o nadanie tytu\u0142u profesora<\/h3>\r\n                        <div class=\"text-modules__content\"><p><a href=\"https:\/\/us.edu.pl\/instytut\/ich\/wp-content\/uploads\/sites\/38\/dzialalnosc-naukowa\/awanse-naukowe\/profesor\/pontp-bronislawglod.pdf\" class=\"mtli_attachment mtli_pdf\" data-mtli=\"mtli_filesize117,97kB\" class=\"mtli_attachment mtli_pdf\" data-mtli=\"mtli_filesize117,97kB\">dr hab. Bronis\u0142aw G\u0142\u00f3d, prof. UP-HwS<\/a><\/p>\n<p><a href=\"https:\/\/us.edu.pl\/instytut\/ich\/wp-content\/uploads\/sites\/38\/dzialalnosc-naukowa\/awanse-naukowe\/profesor\/pontp-ewaschabbalcerzak.pdf\" class=\"mtli_attachment mtli_pdf\" data-mtli=\"mtli_filesize717,78kB\" class=\"mtli_attachment mtli_pdf\" data-mtli=\"mtli_filesize717,78kB\">dr hab. Ewa Schab-Balcerzak, prof. U\u015a<\/a><\/p>\n<p><a href=\"https:\/\/us.edu.pl\/instytut\/ich\/wp-content\/uploads\/sites\/38\/dzialalnosc-naukowa\/awanse-naukowe\/profesor\/pontp-michaldaszykowski.pdf\" class=\"mtli_attachment mtli_pdf\" data-mtli=\"mtli_filesize683,61kB\" class=\"mtli_attachment mtli_pdf\" data-mtli=\"mtli_filesize683,61kB\">dr hab. Micha\u0142 Daszykowski, prof. U\u015a<\/a><\/p>\n<p><a href=\"https:\/\/us.edu.pl\/instytut\/ich\/wp-content\/uploads\/sites\/38\/dzialalnosc-naukowa\/awanse-naukowe\/profesor\/pontp-rafalsitko.pdf\" class=\"mtli_attachment mtli_pdf\" data-mtli=\"mtli_filesize426,02kB\" class=\"mtli_attachment mtli_pdf\" data-mtli=\"mtli_filesize426,02kB\">dr hab. Rafa\u0142 Sitko, prof. U\u015a<\/a><\/p>\n<p><a href=\"https:\/\/us.edu.pl\/instytut\/ich\/wp-content\/uploads\/sites\/38\/dzialalnosc-naukowa\/awanse-naukowe\/profesor\/pontp-janmalecki.pdf\" class=\"mtli_attachment mtli_pdf\" data-mtli=\"mtli_filesize1,53MB\" class=\"mtli_attachment mtli_pdf\" data-mtli=\"mtli_filesize1,53MB\">dr hab. Jan Ma\u0142ecki, prof. U\u015a<\/a><\/p>\n<p><a href=\"https:\/\/us.edu.pl\/instytut\/ich\/wp-content\/uploads\/sites\/38\/dzialalnosc-naukowa\/awanse-naukowe\/profesor\/pontp-grzegorzzadora.pdf\" class=\"mtli_attachment mtli_pdf\" data-mtli=\"mtli_filesize1,16MB\" class=\"mtli_attachment mtli_pdf\" data-mtli=\"mtli_filesize1,16MB\">dr hab. Grzegorz Zadora, prof. IES<\/a><\/p>\n<p><a href=\"https:\/\/us.edu.pl\/instytut\/ich\/wp-content\/uploads\/sites\/38\/dzialalnosc-naukowa\/awanse-naukowe\/profesor\/pontp-joannapisarska.pdf\" class=\"mtli_attachment mtli_pdf\" data-mtli=\"mtli_filesize1,18MB\" class=\"mtli_attachment mtli_pdf\" data-mtli=\"mtli_filesize1,18MB\">dr hab. in\u017c. Joanna Pisarska, prof. U\u015a<\/a><\/p>\n<p><a href=\"https:\/\/us.edu.pl\/instytut\/ich\/wp-content\/uploads\/sites\/38\/dzialalnosc-naukowa\/awanse-naukowe\/profesor\/pontp-marzenadzida.pdf\" class=\"mtli_attachment mtli_pdf\" data-mtli=\"mtli_filesize239,45kB\" class=\"mtli_attachment mtli_pdf\" data-mtli=\"mtli_filesize239,45kB\">dr hab. Marzena Dzida, prof. U\u015a<\/a><\/p>\n<p>\n<style type=\"text\/css\">a[data-mtli~=\"mtli_filesize117,97kB\"]:after {content:\" (117,97 kB)\"}a[data-mtli~=\"mtli_filesize717,78kB\"]:after {content:\" (717,78 kB)\"}a[data-mtli~=\"mtli_filesize683,61kB\"]:after {content:\" (683,61 kB)\"}a[data-mtli~=\"mtli_filesize426,02kB\"]:after {content:\" (426,02 kB)\"}a[data-mtli~=\"mtli_filesize1,53MB\"]:after {content:\" (1,53 MB)\"}a[data-mtli~=\"mtli_filesize1,16MB\"]:after {content:\" (1,16 MB)\"}a[data-mtli~=\"mtli_filesize1,18MB\"]:after {content:\" (1,18 MB)\"}a[data-mtli~=\"mtli_filesize239,45kB\"]:after {content:\" (239,45 kB)\"}<\/style><\/div>\r\n                    <\/div>\r\n                <\/div>[\/vc_column][\/vc_row]<\/p>\n<style type=\"text\/css\">a[data-mtli~=\"mtli_filesize117,97kB\"]:after {content:\" (117,97 kB)\"}a[data-mtli~=\"mtli_filesize717,78kB\"]:after {content:\" (717,78 kB)\"}a[data-mtli~=\"mtli_filesize683,61kB\"]:after {content:\" (683,61 kB)\"}a[data-mtli~=\"mtli_filesize426,02kB\"]:after {content:\" (426,02 kB)\"}a[data-mtli~=\"mtli_filesize1,53MB\"]:after {content:\" (1,53 MB)\"}a[data-mtli~=\"mtli_filesize1,16MB\"]:after {content:\" (1,16 MB)\"}a[data-mtli~=\"mtli_filesize1,18MB\"]:after {content:\" (1,18 MB)\"}a[data-mtli~=\"mtli_filesize239,45kB\"]:after {content:\" (239,45 kB)\"}<\/style>","protected":false},"excerpt":{"rendered":"<p>[vc_row][vc_column][\/vc_column][\/vc_row] [&#8230;]<\/p>\n<p><a class=\"btn btn-secondary understrap-read-more-link\" href=\"https:\/\/us.edu.pl\/instytut\/ich\/dzialalnosc-naukowa\/awanse-naukowe\/postepowania-o-nadanie-tytulu-profesora\/\">Read More&#8230;<\/a><\/p>\n","protected":false},"author":99,"featured_media":0,"parent":732,"menu_order":0,"comment_status":"closed","ping_status":"closed","template":"","meta":{"_expiration-date-status":"saved","_expiration-date":0,"_expiration-date-type":"","_expiration-date-categories":[],"_expiration-date-options":[]},"acf":[],"_links":{"self":[{"href":"https:\/\/us.edu.pl\/instytut\/ich\/wp-json\/wp\/v2\/pages\/777"}],"collection":[{"href":"https:\/\/us.edu.pl\/instytut\/ich\/wp-json\/wp\/v2\/pages"}],"about":[{"href":"https:\/\/us.edu.pl\/instytut\/ich\/wp-json\/wp\/v2\/types\/page"}],"author":[{"embeddable":true,"href":"https:\/\/us.edu.pl\/instytut\/ich\/wp-json\/wp\/v2\/users\/99"}],"replies":[{"embeddable":true,"href":"https:\/\/us.edu.pl\/instytut\/ich\/wp-json\/wp\/v2\/comments?post=777"}],"version-history":[{"count":4,"href":"https:\/\/us.edu.pl\/instytut\/ich\/wp-json\/wp\/v2\/pages\/777\/revisions"}],"predecessor-version":[{"id":804,"href":"https:\/\/us.edu.pl\/instytut\/ich\/wp-json\/wp\/v2\/pages\/777\/revisions\/804"}],"up":[{"embeddable":true,"href":"https:\/\/us.edu.pl\/instytut\/ich\/wp-json\/wp\/v2\/pages\/732"}],"wp:attachment":[{"href":"https:\/\/us.edu.pl\/instytut\/ich\/wp-json\/wp\/v2\/media?parent=777"}],"curies":[{"name":"wp","href":"https:\/\/api.w.org\/{rel}","templated":true}]}}