{"id":11,"date":"2019-10-25T10:03:09","date_gmt":"2019-10-25T08:03:09","guid":{"rendered":"http:\/\/us.edu.pl\/instytut\/idkm\/?page_id=11"},"modified":"2026-04-06T20:09:31","modified_gmt":"2026-04-06T18:09:31","slug":"11-2","status":"publish","type":"page","link":"https:\/\/us.edu.pl\/instytut\/idkm\/","title":{"rendered":"Strona g\u0142\u00f3wna"},"content":{"rendered":"<p>[vc_row][vc_column]\n            <div data-autotime=\"9\" class=\"slider  color_white bg_\" >\n                  <div class=\"slide slide_css\">\n                     <div class=\"slide__content_container container\">\n                        <div class=\"slide__content\">\n                           <a href=\"https:\/\/us.edu.pl\/instytut\/idkm\/2025\/12\/04\/realizacja-projektu-kryzysy-cieszyna-komunikacja-kryzysowa-oczami-mlodych\/\" class=\"slide__link\">\n                              <div class=\"slide__title\">Projekt \u201eKryzysy Cieszyna \u2013 komunikacja kryzysowa oczami m\u0142odych\u201d<\/div>\n                              <div class=\"slide__text\">W dniach 7 do 20 lipca 2025r. oby\u0142 si\u0119 ob\u00f3z dziennikarski dla student\u00f3w naszego kierunku, kt\u00f3rego wsp\u00f3\u0142organizatorem by\u0142o Ko\u0142o Naukowe \u201eMosty\u201d Mi\u0119dzywydzia\u0142owe Stowarzyszenie Dziennikarzy. Podczas tegorocznej edycji obozu studenci realizowali zadania w ramach projektu \u201eKryzysy Cieszyna \u2013 komunikacja kryzysowa oczami m\u0142odych\u201d. <\/div>\n                           <\/a>\n                        <\/div>\n                     <\/div>\n                     <a href=\"https:\/\/us.edu.pl\/instytut\/idkm\/2025\/12\/04\/realizacja-projektu-kryzysy-cieszyna-komunikacja-kryzysowa-oczami-mlodych\/\" class=\"slide__img thumbnail\"\n                           style=\"background-image: url('https:\/\/us.edu.pl\/instytut\/idkm\/wp-content\/uploads\/sites\/30\/Bez-kategorii\/zzzzzzzzzzzjkhkzzzzzz4-3-1100x575.jpg')\">\n                           <span class=\"d-none\">Projekt \u201eKryzysy Cieszyna \u2013 komunikacja kryzysowa oczami m\u0142odych\u201d W dniach 7 do 20 lipca 2025r. oby\u0142 si\u0119 ob\u00f3z dziennikarski dla student\u00f3w naszego kierunku, kt\u00f3rego wsp\u00f3\u0142organizatorem by\u0142o Ko\u0142o Naukowe \u201eMosty\u201d Mi\u0119dzywydzia\u0142owe Stowarzyszenie Dziennikarzy. Podczas tegorocznej edycji obozu studenci realizowali zadania w ramach projektu \u201eKryzysy Cieszyna \u2013 komunikacja kryzysowa oczami m\u0142odych\u201d. <\/span>\n                     <\/a>\n                  <\/div>\n                  <div class=\"slide slide_css\">\n                     <div class=\"slide__content_container container\">\n                        <div class=\"slide__content\">\n                           <a href=\"https:\/\/us.edu.pl\/instytut\/idkm\/informacje-o-olimpiadzie-i-komunikaty-biezace\/\" class=\"slide__link\">\n                              <div class=\"slide__title\">Olimpiada Wiedzy o Mediach<\/div>\n                              <div class=\"slide__text\">Znamy ju\u017c Laureatki i Laureat\u00f3w okr\u0119gowego, \u015bl\u0105skiego, fina\u0142u Olimpiady Wiedzy o Mediach. W dzisiejszych zmaganiach, na Wydziale Nauk Spo\u0142ecznych Uniwersytetu \u015al\u0105skiego, 36 uczestniczek i uczestnik\u00f3w rozwi\u0105zywa\u0142o test przygotowany przez zesp\u00f3\u0142 z Uniwersytetu Warszawskiego<\/div>\n                           <\/a>\n                        <\/div>\n                     <\/div>\n                     <a href=\"https:\/\/us.edu.pl\/instytut\/idkm\/informacje-o-olimpiadzie-i-komunikaty-biezace\/\" class=\"slide__img thumbnail\"\n                           style=\"background-image: url('https:\/\/us.edu.pl\/instytut\/idkm\/wp-content\/uploads\/sites\/30\/Bez-kategorii\/Clipboard02-1-1024x575.jpg')\">\n                           <span class=\"d-none\">Olimpiada Wiedzy o Mediach Znamy ju\u017c Laureatki i Laureat\u00f3w okr\u0119gowego, \u015bl\u0105skiego, fina\u0142u Olimpiady Wiedzy o Mediach. W dzisiejszych zmaganiach, na Wydziale Nauk Spo\u0142ecznych Uniwersytetu \u015al\u0105skiego, 36 uczestniczek i uczestnik\u00f3w rozwi\u0105zywa\u0142o test przygotowany przez zesp\u00f3\u0142 z Uniwersytetu Warszawskiego<\/span>\n                     <\/a>\n                  <\/div>\n                  <div class=\"slide slide_css\">\n                     <div class=\"slide__content_container container\">\n                        <div class=\"slide__content\">\n                           <a href=\"https:\/\/us.edu.pl\/instytut\/idkm\/dla-pracownika\/ogloszenia-biezace\/sprawozdanie-z-vii-kongresu-polskiego-towarzystwa-komunikacji-spolecznej\/\" class=\"slide__link\">\n                              <div class=\"slide__title\">Sprawozdanie z VII Kongresu Polskiego Towarzystwa Komunikacji Spo\u0142ecznej<\/div>\n                              <div class=\"slide__text\">W dniach 22-24 wrze\u015bnia 2025 roku w Katowicach odby\u0142 si\u0119 VII Kongres Polskiego Towarzystwa Komunikacji Spo\u0142ecznej pod has\u0142em \u201eCz\u0142owiek w centrum wsp\u00f3\u0142czesnej transformacji medialnej. Organizatorem konferencji by\u0142o Polskie Towarzystwo Komunikacji Spo\u0142ecznej oraz Instytut Dziennikarstwa i Komunikacji Medialnej Uniwersytetu \u015al\u0105skiego w K...<\/div>\n                           <\/a>\n                        <\/div>\n                     <\/div>\n                     <a href=\"https:\/\/us.edu.pl\/instytut\/idkm\/dla-pracownika\/ogloszenia-biezace\/sprawozdanie-z-vii-kongresu-polskiego-towarzystwa-komunikacji-spolecznej\/\" class=\"slide__img thumbnail\"\n                           style=\"background-image: url('https:\/\/us.edu.pl\/instytut\/idkm\/wp-content\/uploads\/sites\/30\/Bez-kategorii\/z-01-1100x575.jpg')\">\n                           <span class=\"d-none\">Sprawozdanie z VII Kongresu Polskiego Towarzystwa Komunikacji Spo\u0142ecznej W dniach 22-24 wrze\u015bnia 2025 roku w Katowicach odby\u0142 si\u0119 VII Kongres Polskiego Towarzystwa Komunikacji Spo\u0142ecznej pod has\u0142em \u201eCz\u0142owiek w centrum wsp\u00f3\u0142czesnej transformacji medialnej. Organizatorem konferencji by\u0142o Polskie Towarzystwo Komunikacji Spo\u0142ecznej oraz Instytut Dziennikarstwa i Komunikacji Medialnej Uniwersytetu \u015al\u0105skiego w K...<\/span>\n                     <\/a>\n                  <\/div>\n                  <div class=\"slide slide_css\">\n                     <div class=\"slide__content_container container\">\n                        <div class=\"slide__content\">\n                           <a href=\"https:\/\/us.edu.pl\/instytut\/idkm\/nauka-i-badania\/poznaj-gosci-specjalnych-kongresu-ptks-wspolorganizowanego-przez-nasz-instytut\/\" class=\"slide__link\">\n                              <div class=\"slide__title\">Poznaj go\u015bci specjalnych Kongresu PTKS wsp\u00f3\u0142organizowanego przez IDKM<\/div>\n                              <div class=\"slide__text\">W ramach VII Kongresu Polskiego Towarzystwa Komunikacji Spo\u0142ecznej, kt\u00f3ry odb\u0119dzie si\u0119 od 22 do 24 wrze\u015bnia 2025 w Katowicach b\u0119dziemy mogli wys\u0142ucha\u0107 prelekcji Go\u015bci zaproszonych przez Uniwersytet \u015al\u0105ski w Katowicach. Ich udzia\u0142 odbywa si\u0119 w ramach Programu \u201eMetropolitalny Fundusz Wspierania Nauki\u201d<\/div>\n                           <\/a>\n                        <\/div>\n                     <\/div>\n                     <a href=\"https:\/\/us.edu.pl\/instytut\/idkm\/nauka-i-badania\/poznaj-gosci-specjalnych-kongresu-ptks-wspolorganizowanego-przez-nasz-instytut\/\" class=\"slide__img thumbnail\"\n                           style=\"background-image: url('https:\/\/us.edu.pl\/instytut\/idkm\/wp-content\/uploads\/sites\/30\/Bez-kategorii\/07-2-940x575.jpg')\">\n                           <span class=\"d-none\">Poznaj go\u015bci specjalnych Kongresu PTKS wsp\u00f3\u0142organizowanego przez IDKM W ramach VII Kongresu Polskiego Towarzystwa Komunikacji Spo\u0142ecznej, kt\u00f3ry odb\u0119dzie si\u0119 od 22 do 24 wrze\u015bnia 2025 w Katowicach b\u0119dziemy mogli wys\u0142ucha\u0107 prelekcji Go\u015bci zaproszonych przez Uniwersytet \u015al\u0105ski w Katowicach. Ich udzia\u0142 odbywa si\u0119 w ramach Programu \u201eMetropolitalny Fundusz Wspierania Nauki\u201d<\/span>\n                     <\/a>\n                  <\/div>\n                  <div class=\"slide slide_css\">\n                     <div class=\"slide__content_container container\">\n                        <div class=\"slide__content\">\n                           <a href=\"https:\/\/us.edu.pl\/instytut\/idkm\/o-nas\/\" class=\"slide__link\">\n                              <div class=\"slide__title\">Historia Instytutu<\/div>\n                              <div class=\"slide__text\">Pocz\u0105tki dziennikarstwa na Uniwersytecie \u015al\u0105skim zwi\u0105zane s\u0105 z dzia\u0142alno\u015bci\u0105 Zak\u0142adu Dziennikarstwa, jednostki w strukturze Instytutu Nauk Politycznych U\u015a, z kt\u00f3rej wywodzi si\u0119 obecny Instytut Dziennikarstwa i Komunikacji Medialnej. Pierwsi pracownicy zajmowali si\u0119 g\u0142\u00f3wnie organizacj\u0105 studi\u00f3w dziennikarskich...<\/div>\n                           <\/a>\n                        <\/div>\n                     <\/div>\n                     <a href=\"https:\/\/us.edu.pl\/instytut\/idkm\/o-nas\/\" class=\"slide__img thumbnail\"\n                           style=\"background-image: url('https:\/\/us.edu.pl\/instytut\/idkm\/wp-content\/uploads\/sites\/30\/Nieprzypisane\/acreen_18-1024x575.jpg')\">\n                           <span class=\"d-none\">Historia Instytutu Pocz\u0105tki dziennikarstwa na Uniwersytecie \u015al\u0105skim zwi\u0105zane s\u0105 z dzia\u0142alno\u015bci\u0105 Zak\u0142adu Dziennikarstwa, jednostki w strukturze Instytutu Nauk Politycznych U\u015a, z kt\u00f3rej wywodzi si\u0119 obecny Instytut Dziennikarstwa i Komunikacji Medialnej. Pierwsi pracownicy zajmowali si\u0119 g\u0142\u00f3wnie organizacj\u0105 studi\u00f3w dziennikarskich...<\/span>\n                     <\/a>\n                  <\/div>\n                <div class=\"slider__controls\">\n                    <div class=\"slider__dots\"><\/div>\n                    <div class=\"slider__actions\">\n                        <a href=\"#\" class=\"arrow\" data-direction=\"prev\" title=\"poprzedni slajd\">\n                            <em class=\"ci ci-arrow-left\"><\/em>\n                            <span class=\"d-none\">control<\/span>\n                        <\/a>\n            \n                        <a href=\"#\" class=\"start-pause\" data-action=\"stop\" title=\"wstrzymaj poruszanie si\u0119 slajd\u00f3w\">\n                            <em class=\"ci ci-pause\"><\/em>\n                            <span class=\"d-none\">control<\/span>\n                        <\/a>\n            \n                       \n                        <a href=\"#\" class=\"arrow\" data-direction=\"next\"  title=\"Kolejny slajd\" >\n                            <em class=\"ci ci-arrow-right\"><\/em>\n                            <span class=\"d-none\">control<\/span>\n                        <\/a>\n                    <\/div>\n                <\/div>\n            <\/div>[\/vc_column][\/vc_row][vc_row][vc_column css=&#8221;.vc_custom_1767376207318{background-color: #002e5a !important;}&#8221;]\r\n                <div class=\"tiles-section\" style=\"background: #002E5A\">\r\n                    <div class=\"container\">\r\n                        <h3 class=\"page-title\"><\/h3>\r\n                        <div class=\"tiles tiles-3\">\r\n                            <a href=\"https:\/\/us.edu.pl\/instytut\/idkm\/sukcesy\/granty\/\" class=\"tile tile_ \" style=\"background-color: #002E5A; font-weight: ; color: #ffffff;  \">\r\n                                \r\n                                   <div class=\"tile__img\"><img src=\"https:\/\/us.edu.pl\/instytut\/idkm\/wp-content\/uploads\/sites\/30\/Nieprzypisane\/acreen_07.jpg\" alt=\"Granty\"> <\/div>\r\n                               \r\n                                <div class=\"tile__name\">Granty<\/div>\r\n                            <\/a>\r\n                            <a href=\"https:\/\/us.edu.pl\/instytut\/idkm\/nauka-i-badania\/zespoly-badawcze\/\" class=\"tile tile_ \" style=\"background-color: #002E5A; font-weight: ; color: #ffffff;  \">\r\n                                \r\n                                   <div class=\"tile__img\"><img src=\"https:\/\/us.edu.pl\/instytut\/idkm\/wp-content\/uploads\/sites\/30\/Nieprzypisane\/acreen_09.jpg\" alt=\"Zespo\u0142y badawcze\"> <\/div>\r\n                               \r\n                                <div class=\"tile__name\">Zespo\u0142y badawcze<\/div>\r\n                            <\/a>\r\n                            <a href=\"https:\/\/us.edu.pl\/instytut\/idkm\/dla-pracownika\/akty-prawne-i-dokumenty\/\" class=\"tile tile_ \" style=\"background-color: #002E5A; font-weight: ; color: #ffffff;  \">\r\n                                \r\n                                   <div class=\"tile__img\"><img src=\"https:\/\/us.edu.pl\/instytut\/idkm\/wp-content\/uploads\/sites\/30\/Nieprzypisane\/acreen_12.jpg\" alt=\"Akty prawne\"> <\/div>\r\n                               \r\n                                <div class=\"tile__name\">Akty prawne<\/div>\r\n                            <\/a><\/div>\r\n                    <\/div>\r\n                <\/div>\r\n                <div class=\"text-modules\">\r\n                    <div class=\"container\">\r\n                        \r\n                        <div class=\"text-modules__content\"><\/p>\n<p style=\"text-align: center; background-color: #002e5a;\"><a href=\"https:\/\/www.facebook.com\/IDiKMUS\"><img class=\"wp-image-3069 size-full\" src=\"https:\/\/us.edu.pl\/instytut\/idkm\/wp-content\/uploads\/sites\/30\/Bez-kategorii\/baner_fb.jpg\" alt=\"\" width=\"1259\" height=\"613\" srcset=\"https:\/\/us.edu.pl\/instytut\/idkm\/wp-content\/uploads\/sites\/30\/Bez-kategorii\/baner_fb.jpg 1259w, https:\/\/us.edu.pl\/instytut\/idkm\/wp-content\/uploads\/sites\/30\/Bez-kategorii\/baner_fb-300x146.jpg 300w, https:\/\/us.edu.pl\/instytut\/idkm\/wp-content\/uploads\/sites\/30\/Bez-kategorii\/baner_fb-1024x499.jpg 1024w, https:\/\/us.edu.pl\/instytut\/idkm\/wp-content\/uploads\/sites\/30\/Bez-kategorii\/baner_fb-768x374.jpg 768w, https:\/\/us.edu.pl\/instytut\/idkm\/wp-content\/uploads\/sites\/30\/Bez-kategorii\/baner_fb-575x280.jpg 575w\" sizes=\"(max-width: 1259px) 100vw, 1259px\" \/><\/a><\/p>\n<p>&nbsp;<\/p>\n<p style=\"text-align: center; background-color: #002e5a;\"><a href=\"https:\/\/www.instagram.com\/dziks_us\/\"><img class=\"alignnone wp-image-3165 size-full\" src=\"https:\/\/us.edu.pl\/instytut\/idkm\/wp-content\/uploads\/sites\/30\/Bez-kategorii\/baner_i.jpg\" alt=\"\" width=\"1259\" height=\"551\" srcset=\"https:\/\/us.edu.pl\/instytut\/idkm\/wp-content\/uploads\/sites\/30\/Bez-kategorii\/baner_i.jpg 1259w, https:\/\/us.edu.pl\/instytut\/idkm\/wp-content\/uploads\/sites\/30\/Bez-kategorii\/baner_i-300x131.jpg 300w, https:\/\/us.edu.pl\/instytut\/idkm\/wp-content\/uploads\/sites\/30\/Bez-kategorii\/baner_i-1024x448.jpg 1024w, https:\/\/us.edu.pl\/instytut\/idkm\/wp-content\/uploads\/sites\/30\/Bez-kategorii\/baner_i-768x336.jpg 768w, https:\/\/us.edu.pl\/instytut\/idkm\/wp-content\/uploads\/sites\/30\/Bez-kategorii\/baner_i-575x252.jpg 575w\" sizes=\"(max-width: 1259px) 100vw, 1259px\" \/><\/a><\/p>\n<p>\n<\/div>\r\n                    <\/div>\r\n                <\/div>[\/vc_column][\/vc_row]<\/p>","protected":false},"excerpt":{"rendered":"<p>[vc_row][vc_column][\/vc_column][\/vc_row][vc_row][vc_column css=&#8221;.vc_custom_1767376207318{background-color: #002e5a !important;}&#8221;][\/vc_column][\/vc_row] [&#8230;]<\/p>\n<p><a class=\"btn btn-secondary understrap-read-more-link\" href=\"https:\/\/us.edu.pl\/instytut\/idkm\/\">Read More&#8230;<\/a><\/p>\n","protected":false},"author":29,"featured_media":0,"parent":0,"menu_order":0,"comment_status":"closed","ping_status":"closed","template":"page-templates\/index-template.php","meta":{"_expiration-date-status":"","_expiration-date":0,"_expiration-date-type":"","_expiration-date-categories":[],"_expiration-date-options":[]},"acf":[],"_links":{"self":[{"href":"https:\/\/us.edu.pl\/instytut\/idkm\/wp-json\/wp\/v2\/pages\/11"}],"collection":[{"href":"https:\/\/us.edu.pl\/instytut\/idkm\/wp-json\/wp\/v2\/pages"}],"about":[{"href":"https:\/\/us.edu.pl\/instytut\/idkm\/wp-json\/wp\/v2\/types\/page"}],"author":[{"embeddable":true,"href":"https:\/\/us.edu.pl\/instytut\/idkm\/wp-json\/wp\/v2\/users\/29"}],"replies":[{"embeddable":true,"href":"https:\/\/us.edu.pl\/instytut\/idkm\/wp-json\/wp\/v2\/comments?post=11"}],"version-history":[{"count":11,"href":"https:\/\/us.edu.pl\/instytut\/idkm\/wp-json\/wp\/v2\/pages\/11\/revisions"}],"predecessor-version":[{"id":3211,"href":"https:\/\/us.edu.pl\/instytut\/idkm\/wp-json\/wp\/v2\/pages\/11\/revisions\/3211"}],"wp:attachment":[{"href":"https:\/\/us.edu.pl\/instytut\/idkm\/wp-json\/wp\/v2\/media?parent=11"}],"curies":[{"name":"wp","href":"https:\/\/api.w.org\/{rel}","templated":true}]}}