{"id":1163,"date":"2021-04-29T12:43:08","date_gmt":"2021-04-29T10:43:08","guid":{"rendered":"https:\/\/us.edu.pl\/instytut\/idkm\/?page_id=1163"},"modified":"2021-04-29T12:54:05","modified_gmt":"2021-04-29T10:54:05","slug":"prof-damian-guzek-koordynatorem-projektu-t4eri","status":"publish","type":"page","link":"https:\/\/us.edu.pl\/instytut\/idkm\/dla-pracownika\/ogloszenia-biezace\/prof-damian-guzek-koordynatorem-projektu-t4eri\/","title":{"rendered":"Prof. Damian Guzek koordynatorem projektu T4ERI"},"content":{"rendered":"<p><\/p>\n<p style=\"padding-left: 40px\"><span style=\"font-size: 14pt\">Z rado\u015bci\u0105 informujemy, \u017ce pracownik naszego Instytutu <strong>dr hab. Damian Guzek, prof. U\u015a<\/strong>, zosta\u0142 koordynatorem ze strony Uniwersytetu \u015al\u0105skiego w mi\u0119dzynarodowym projekcie \u201eTransform 4 European Research and Innovation\u201d (T4ERI) w ramach konkursu Horyzont 2020.<\/span><br \/>\n<span style=\"font-size: 14pt\">Serdecznie gratulujemy!<\/span><br \/>\n<a href=\"https:\/\/us.edu.pl\/t4e\/t4eri-europejska-wspolpraca-naukowa\/\"><span style=\"font-size: 14pt\">https:\/\/us.edu.pl\/t4e\/t4eri-europejska-wspolpraca-naukowa\/<\/span><\/a><\/p>\n<p style=\"text-align: center\"><img class=\"alignnone wp-image-1164 size-full\" src=\"https:\/\/us.edu.pl\/instytut\/idkm\/wp-content\/uploads\/sites\/30\/Nieprzypisane\/zzzzzzzzzzzjkhkzzzzzz.jpg\" alt=\"\" width=\"640\" height=\"640\" srcset=\"https:\/\/us.edu.pl\/instytut\/idkm\/wp-content\/uploads\/sites\/30\/Nieprzypisane\/zzzzzzzzzzzjkhkzzzzzz.jpg 640w, https:\/\/us.edu.pl\/instytut\/idkm\/wp-content\/uploads\/sites\/30\/Nieprzypisane\/zzzzzzzzzzzjkhkzzzzzz-400x400.jpg 400w, https:\/\/us.edu.pl\/instytut\/idkm\/wp-content\/uploads\/sites\/30\/Nieprzypisane\/zzzzzzzzzzzjkhkzzzzzz-300x300.jpg 300w, https:\/\/us.edu.pl\/instytut\/idkm\/wp-content\/uploads\/sites\/30\/Nieprzypisane\/zzzzzzzzzzzjkhkzzzzzz-575x575.jpg 575w\" sizes=\"(max-width: 640px) 100vw, 640px\" \/><\/p>\n<p><\/p>","protected":false},"excerpt":{"rendered":"<p>Z rado\u015bci\u0105 informujemy, \u017ce pracownik naszego Instytutu dr hab. Damian Guzek, prof. U\u015a, zosta\u0142 koordynatorem ze strony Uniwersytetu \u015al\u0105skiego w mi\u0119dzynarodowym projekcie \u201eTransform 4 European Research and Innovation\u201d (T4ERI) w ramach konkursu Horyzont 2020. Serdecznie gratulujemy! https:\/\/us.edu.pl\/t4e\/t4eri-europejska-wspolpraca-naukowa\/ [&#8230;]<\/p>\n<p><a class=\"btn btn-secondary understrap-read-more-link\" href=\"https:\/\/us.edu.pl\/instytut\/idkm\/dla-pracownika\/ogloszenia-biezace\/prof-damian-guzek-koordynatorem-projektu-t4eri\/\">Read More&#8230;<\/a><\/p>\n","protected":false},"author":202,"featured_media":1171,"parent":182,"menu_order":0,"comment_status":"closed","ping_status":"closed","template":"","meta":{"_expiration-date-status":"saved","_expiration-date":0,"_expiration-date-type":"","_expiration-date-categories":[],"_expiration-date-options":[]},"acf":[],"_links":{"self":[{"href":"https:\/\/us.edu.pl\/instytut\/idkm\/wp-json\/wp\/v2\/pages\/1163"}],"collection":[{"href":"https:\/\/us.edu.pl\/instytut\/idkm\/wp-json\/wp\/v2\/pages"}],"about":[{"href":"https:\/\/us.edu.pl\/instytut\/idkm\/wp-json\/wp\/v2\/types\/page"}],"author":[{"embeddable":true,"href":"https:\/\/us.edu.pl\/instytut\/idkm\/wp-json\/wp\/v2\/users\/202"}],"replies":[{"embeddable":true,"href":"https:\/\/us.edu.pl\/instytut\/idkm\/wp-json\/wp\/v2\/comments?post=1163"}],"version-history":[{"count":1,"href":"https:\/\/us.edu.pl\/instytut\/idkm\/wp-json\/wp\/v2\/pages\/1163\/revisions"}],"predecessor-version":[{"id":1166,"href":"https:\/\/us.edu.pl\/instytut\/idkm\/wp-json\/wp\/v2\/pages\/1163\/revisions\/1166"}],"up":[{"embeddable":true,"href":"https:\/\/us.edu.pl\/instytut\/idkm\/wp-json\/wp\/v2\/pages\/182"}],"wp:featuredmedia":[{"embeddable":true,"href":"https:\/\/us.edu.pl\/instytut\/idkm\/wp-json\/wp\/v2\/media\/1171"}],"wp:attachment":[{"href":"https:\/\/us.edu.pl\/instytut\/idkm\/wp-json\/wp\/v2\/media?parent=1163"}],"curies":[{"name":"wp","href":"https:\/\/api.w.org\/{rel}","templated":true}]}}