{"id":1173,"date":"2021-05-08T14:00:37","date_gmt":"2021-05-08T12:00:37","guid":{"rendered":"https:\/\/us.edu.pl\/instytut\/idkm\/?page_id=1173"},"modified":"2021-05-08T14:01:28","modified_gmt":"2021-05-08T12:01:28","slug":"publikacja-110-lat-reportazu-w-polsce-teoria-etyka-prawo-i-mistrzowie","status":"publish","type":"page","link":"https:\/\/us.edu.pl\/instytut\/idkm\/wspolpraca\/krajowa\/publikacja-110-lat-reportazu-w-polsce-teoria-etyka-prawo-i-mistrzowie\/","title":{"rendered":"Publikacja: 110 lat reporta\u017cu w Polsce. Teoria, etyka, prawo i mistrzowie"},"content":{"rendered":"<p><\/p>\n<p style=\"text-align: center\"><span style=\"font-size: 14pt\">Szko\u0142a Filmowa im. Krzysztofa Kie\u015blowskiego<\/span><br \/>\n<span style=\"font-size: 14pt\">Uniwersytetu \u015al\u0105skiego<\/span><br \/>\n<span style=\"font-size: 14pt\">Instytut Dziennikarstwa i Komunikacji Medialnej<\/span><br \/>\n<span style=\"font-size: 14pt\">Uniwersytetu \u015al\u0105skiego<\/span><br \/>\n<span style=\"font-size: 14pt\">Mi\u0119dzynarodowy Instytut Bada\u0144 nad Reporta\u017cem<\/span><br \/>\n<span style=\"font-size: 14pt\">zapraszaj\u0105<\/span><br \/>\n<span style=\"font-size: 14pt\">do udzia\u0142u w publikacji<\/span><\/p>\n<p style=\"text-align: center\"><span style=\"font-size: 36pt\">110 lat reporta\u017cu w Polsce. Teoria, etyka, prawo i mistrzowie<\/span><\/p>\n<p style=\"padding-left: 40px\"><span style=\"font-size: 14pt\">W 2022 roku b\u0119dziemy obchodzi\u0107 110 lecie wprowadzenia do j\u0119zyka polskiego terminu \u201ereporta\u017c\u201d. W \u201eS\u0142owniku j\u0119zyka polskiego\u201d Jana Kar\u0142owicza, Adama Kry\u0144skiego, W\u0142adys\u0142awa Nied\u017awiedzkiego (Warszawa 1912, tom 5, s. 516) termin ten zosta\u0142 po raz pierwszy opisany i oznacza\u0142 informacj\u0119 o zdarzeniach.<\/span><\/p>\n<p style=\"padding-left: 40px\"><span style=\"font-size: 14pt\">Zdajemy sobie spraw\u0119, jak\u0105 ewolucj\u0119 przeszed\u0142 ten gatunek przez minione ponad sto lat, dlatego \u2013 dla podkre\u015blenia uporu reporter\u00f3w w d\u0105\u017ceniu do tego, by jednak tego gatunku nikt nie traktowa\u0142 jak \u201egorszego brata literatury\u201d oraz dla podkre\u015blenia jego znaczenia, jakie mia\u0142 m.in. dla archiwizowania rzeczywisto\u015bci, interweniowania w r\u00f3\u017cnych sprawach, by pomaga\u0107 zwyk\u0142ym ludziom, portretowania postaw postaci, zachowa\u0144 grup spo\u0142ecznych, wskazywania socjologom i politykom na interpretacj\u0119 zachodz\u0105cych zmian, jak przez ten okres rozprzestrzeni\u0142 si\u0119 w elektronicznych \u015brodkach przekazu: radiu, telewizji, internecie oraz za spraw\u0105 fotografii \u2013 prosimy Szanownych Pa\u0144stwa o podzielenie si\u0119 swoimi spostrze\u017ceniami na ten temat oraz wskazanie, kto Pa\u0144stwa zdaniem zas\u0142uguje na miano niekwestionowanego mistrza gatunku minionych stu dziesi\u0119ciu lat z wyeksponowaniem jego warsztatu, podejmowanych przez niego temat\u00f3w, ich aktualno\u015b\u0107 nawet po d\u0142ugim okresie od dnia publikacji.<\/span><\/p>\n<p style=\"padding-left: 40px\"><span style=\"font-size: 14pt\">Wielu mistrz\u00f3w jest znanych i cz\u0119sto wspominanych, jednak wielu zosta\u0142o zapomnianych, dlatego teraz chcieliby\u015bmy skorzysta\u0107 z okazji, by ich nazwiska przypomnie\u0107 i pokaza\u0107, \u017ce warto\u015b\u0107 stanowi\u0105 tak\u017ce te publikacje (prasowe, ksi\u0105\u017ckowe, radiowe, telewizyjne, fotoreporta\u017ce), kt\u00f3re przysypane kurzem historii nie s\u0105 cz\u0119sto przywo\u0142ywane, a powinno si\u0119 o nich pami\u0119ta\u0107.<\/span><\/p>\n<p style=\"padding-left: 40px\"><span style=\"font-size: 14pt\">Chcieliby\u015bmy tak\u017ce pochyli\u0107 si\u0119 nad propozycjami teoretycznymi o reporta\u017cu, jego aspektami prawnymi, przekraczaniu granic przez reporter\u00f3w w czasie zbierania informacji i pisania o r\u00f3\u017cnych trudnych historiach, co wi\u0105\u017ce si\u0119 r\u00f3wnie\u017c z zagadnieniami etyki. Nic nie stanowi takiej warto\u015bci dla ka\u017cdego cz\u0142owieka jak wiedza zdobyta na miejscu zdarze\u0144, dobrze uporz\u0105dkowana i ze zrozumieniem przez reportera przekazana, nawet ta odleg\u0142a, kt\u00f3ra mo\u017ce si\u0119 przyda\u0107 w najmniej oczekiwanym momencie.<\/span><\/p>\n<p style=\"padding-left: 40px\"><span style=\"font-size: 14pt\">Reporta\u017c \u2013 jak \u017caden innych gatunek &#8211; uczy \u017cycia, bowiem przedstawia historie prawdziwe, a nie wymy\u015blone przez literat\u00f3w.<\/span><\/p>\n<p style=\"text-align: center\"><span style=\"font-size: 18pt\">Zapraszamy do publikacji w wydawnictwie punktowanym<\/span><\/p>\n<p style=\"padding-left: 40px\"><span style=\"font-size: 14pt\">Odwracaj\u0105c kolejno\u015b\u0107 dzia\u0142a\u0144 spowodowanych pandemi\u0105, proponujemy najpierw recenzowan\u0105 publikacj\u0119 ksi\u0105\u017cki, a nast\u0119pnie \u2013 w miar\u0119 sprzyjaj\u0105cych okoliczno\u015bci \u2013 po jej wydaniu, spotkanie Autor\u00f3w w Katowicach w Szkole Filmowej Uniwersytetu \u015al\u0105skiego w celu dalszej dyskusji na interesuj\u0105cy nas temat.<\/span><\/p>\n<p style=\"padding-left: 40px\"><span style=\"font-size: 14pt\">Je\u015bli byliby Pa\u0144stwo zainteresowani zaproszeniem, prosimy o zg\u0142aszanie propozycji do ko\u0144ca czerwca br. na adres mailowy: <a href=\"mailto:kazimierz-wolny-zmorzynski@wp.pl\">kazimierz-wolny-zmorzynski@wp.pl<\/a> a do ko\u0144ca pa\u017adziernika 2021 roku przesy\u0142anie artyku\u0142\u00f3w, o ile to mo\u017cliwe, o obj\u0119to\u015bci ok.<\/span><br \/>\n<span style=\"font-size: 14pt\">20 tys. znak\u00f3w (czcionka Times New Roman, odst\u0119p 1.5, przypisy na ka\u017cdej stronie, streszczenie w j\u0119zyku polskim i angielskim, s\u0142owa kluczowe, bibliografia).<\/span><\/p>\n<p style=\"text-align: center\"><span style=\"font-size: 18pt\">\u0141\u0105czymy wyrazy szacunku i powa\u017cania<\/span><\/p>\n<p style=\"text-align: center\"><span style=\"font-size: 18pt\">Krystyna Doktorowicz, Mariusz Kolczy\u0144ski, Kazimierz Wolny-Zmorzy\u0144ski<\/span><\/p>\n<p style=\"padding-left: 40px\"><span style=\"font-size: 14pt\">Rada Redakcyjna:<\/span><br \/>\n<span style=\"font-size: 14pt\">Prof. dr hab. Janusz W. Adamowski (UW)<\/span><br \/>\n<span style=\"font-size: 14pt\">Prof. dr hab. Krystyna Doktorowicz (U\u015a)<\/span><br \/>\n<span style=\"font-size: 14pt\">Prof. dr hab. Wojciech Furman (UR)<\/span><br \/>\n<span style=\"font-size: 14pt\">Prof. dr hab. Andrzej Kaliszewski (UJ)<\/span><br \/>\n<span style=\"font-size: 14pt\">Prof. dr hab. Mariusz Kolczy\u0144ski (U\u015a)<\/span><br \/>\n<span style=\"font-size: 14pt\">Prof. dr hab. Tadeusz Kononiuk (UW)<\/span><br \/>\n<span style=\"font-size: 14pt\">Dr Pawe\u0142 P\u0142aneta (OBP UJ)<\/span><br \/>\n<span style=\"font-size: 14pt\">Prof. dr hab. Dariusz Rott (U\u015a)<\/span><br \/>\n<span style=\"font-size: 14pt\">Prof. dr hab. Jacek Sobczak (UH-P Cz\u0119stochowa)<\/span><br \/>\n<span style=\"font-size: 14pt\">Prof. dr hab. Krzysztof St\u0119pnik (UMCS)<\/span><br \/>\n<span style=\"font-size: 14pt\">Dr hab. Miros\u0142awa Wielopolska-Szymura (U\u015a)<\/span><br \/>\n<span style=\"font-size: 14pt\">Dr Edyta \u017byrek-Horodyska (UJ)<\/span><\/p>\n<p style=\"text-align: center\"><strong><span style=\"font-size: 14pt\">Korzystaj\u0105c z okazji chcieliby\u015bmy zainteresowa\u0107 Pa\u0144stwa naszymi najnowszymi publikacjami:<\/span><\/strong><\/p>\n<p style=\"padding-left: 40px\"><span style=\"font-size: 14pt\">1. <em>Od semiotyki do konsumpcjonizmu. O potrzebie warto\u015bciowania<\/em> fotografii pod redakcj\u0105 <\/span><span style=\"font-size: 14pt\">Kazimierza Wolnego-Zmorzy\u0144skiego i Krystyny Doktorowicz. Wydawnictwo Adam Marsza\u0142ek. <\/span><span style=\"font-size: 14pt\">Toru\u0144 2021, ss. 200;<\/span><br \/>\n<span style=\"font-size: 14pt\">2.<em> Klinika Dziennikarstwa \u2013 informacja czy mizeria informacji<\/em> Tom 4. Pod redakcj\u0105 Kazimierza <\/span><span style=\"font-size: 14pt\">Wolnego-Zmorzy\u0144skiego, Krystyny Doktorowicz, Katarzyny Konarskiej. Wydawnictwo <\/span><span style=\"font-size: 14pt\">Uniwersytetu Wroc\u0142awskiego. Wroc\u0142aw 2021, ss. 234;<\/span><br \/>\n<span style=\"font-size: 14pt\">3. <em>Gatunki dziennikarskie w erze cyfryzacji. Teoria, etyka, prawo, praktyka<\/em> pod redakcj\u0105 <\/span><span style=\"font-size: 14pt\">Kazimierza Wolnego-Zmorzy\u0144skiego. Wydawnictwo Adam Marsza\u0142ek. Toru\u0144 2021, ss. 220;<\/span><br \/>\n<span style=\"font-size: 14pt\">4. <em>Rzecznik prasowy policji. Etyka, prawo, praktyka<\/em> pod redakcj\u0105 Kazimierza Wolnego-<\/span><span style=\"font-size: 14pt\">Zmorzy\u0144skiego. Wydawnictwo Adam Marsza\u0142ek, Toru\u0144 2021, ss. 152;<\/span><br \/>\n<span style=\"font-size: 14pt\">5. Kazimierz Wolny-Zmorzy\u0144ski<em>, Biblia a korzenie reporta\u017cu. Glosa do historii i teorii gatunku. <\/em><\/span><span style=\"font-size: 14pt\">Wydawnictwo Adam Marsza\u0142ek, Toru\u0144 2020, ss. 189;<\/span><br \/>\n<span style=\"font-size: 14pt\">6. <em>W poszukiwaniu fundament\u00f3w nauk o mediach<\/em> pod redakcj\u0105 Kazimierza Wolnego-<\/span><span style=\"font-size: 14pt\">Zmorzy\u0144skiego i Arkadiusza Lewickiego. Oficyna Wydawnicza ATUT. Wroc\u0142aw 2019, ss. 157.<\/span><\/p>\n<p><\/p>","protected":false},"excerpt":{"rendered":"<p>Szko\u0142a Filmowa im. Krzysztofa Kie\u015blowskiego Uniwersytetu \u015al\u0105skiego Instytut Dziennikarstwa i Komunikacji Medialnej Uniwersytetu \u015al\u0105skiego Mi\u0119dzynarodowy Instytut Bada\u0144 nad Reporta\u017cem zapraszaj\u0105 do udzia\u0142u w publikacji 110 lat reporta\u017cu w Polsce. Teoria, etyka, prawo i mistrzowie W 2022 roku b\u0119dziemy obchodzi\u0107 110 lecie wprowadzenia do j\u0119zyka polskiego terminu \u201ereporta\u017c\u201d. W \u201eS\u0142owniku j\u0119zyka polskiego\u201d Jana Kar\u0142owicza, Adama Kry\u0144skiego, [&#8230;]<\/p>\n<p><a class=\"btn btn-secondary understrap-read-more-link\" href=\"https:\/\/us.edu.pl\/instytut\/idkm\/wspolpraca\/krajowa\/publikacja-110-lat-reportazu-w-polsce-teoria-etyka-prawo-i-mistrzowie\/\">Read More&#8230;<\/a><\/p>\n","protected":false},"author":202,"featured_media":1174,"parent":174,"menu_order":0,"comment_status":"closed","ping_status":"closed","template":"","meta":{"_expiration-date-status":"saved","_expiration-date":0,"_expiration-date-type":"","_expiration-date-categories":[],"_expiration-date-options":[]},"acf":[],"_links":{"self":[{"href":"https:\/\/us.edu.pl\/instytut\/idkm\/wp-json\/wp\/v2\/pages\/1173"}],"collection":[{"href":"https:\/\/us.edu.pl\/instytut\/idkm\/wp-json\/wp\/v2\/pages"}],"about":[{"href":"https:\/\/us.edu.pl\/instytut\/idkm\/wp-json\/wp\/v2\/types\/page"}],"author":[{"embeddable":true,"href":"https:\/\/us.edu.pl\/instytut\/idkm\/wp-json\/wp\/v2\/users\/202"}],"replies":[{"embeddable":true,"href":"https:\/\/us.edu.pl\/instytut\/idkm\/wp-json\/wp\/v2\/comments?post=1173"}],"version-history":[{"count":1,"href":"https:\/\/us.edu.pl\/instytut\/idkm\/wp-json\/wp\/v2\/pages\/1173\/revisions"}],"predecessor-version":[{"id":1175,"href":"https:\/\/us.edu.pl\/instytut\/idkm\/wp-json\/wp\/v2\/pages\/1173\/revisions\/1175"}],"up":[{"embeddable":true,"href":"https:\/\/us.edu.pl\/instytut\/idkm\/wp-json\/wp\/v2\/pages\/174"}],"wp:featuredmedia":[{"embeddable":true,"href":"https:\/\/us.edu.pl\/instytut\/idkm\/wp-json\/wp\/v2\/media\/1174"}],"wp:attachment":[{"href":"https:\/\/us.edu.pl\/instytut\/idkm\/wp-json\/wp\/v2\/media?parent=1173"}],"curies":[{"name":"wp","href":"https:\/\/api.w.org\/{rel}","templated":true}]}}