{"id":127,"date":"2019-12-12T18:57:16","date_gmt":"2019-12-12T17:57:16","guid":{"rendered":"http:\/\/us.edu.pl\/instytut\/idkm\/?page_id=127"},"modified":"2025-05-08T21:43:07","modified_gmt":"2025-05-08T19:43:07","slug":"wspolpraca","status":"publish","type":"page","link":"https:\/\/us.edu.pl\/instytut\/idkm\/wspolpraca\/","title":{"rendered":"Wsp\u00f3\u0142praca"},"content":{"rendered":"<p><\/p>\n<p style=\"text-align: center;\"><img class=\"alignnone wp-image-2074 size-full\" src=\"https:\/\/us.edu.pl\/instytut\/idkm\/wp-content\/uploads\/sites\/30\/Bez-kategorii\/04-1.jpg\" alt=\"\" width=\"1000\" height=\"489\" srcset=\"https:\/\/us.edu.pl\/instytut\/idkm\/wp-content\/uploads\/sites\/30\/Bez-kategorii\/04-1.jpg 1000w, https:\/\/us.edu.pl\/instytut\/idkm\/wp-content\/uploads\/sites\/30\/Bez-kategorii\/04-1-300x147.jpg 300w, https:\/\/us.edu.pl\/instytut\/idkm\/wp-content\/uploads\/sites\/30\/Bez-kategorii\/04-1-768x376.jpg 768w, https:\/\/us.edu.pl\/instytut\/idkm\/wp-content\/uploads\/sites\/30\/Bez-kategorii\/04-1-575x281.jpg 575w\" sizes=\"(max-width: 1000px) 100vw, 1000px\" \/><\/p>\n<p>&nbsp;<\/p>\n<p style=\"padding-left: 40px;\"><span style=\"font-size: 14pt;\">Zapraszamy Pa\u0144stwa do udzia\u0142u w mi\u0119dzynarodowej konferencji naukowej \u201eDigital Religion III: Challenges of Communication and Excommunication\u201d, kt\u00f3ra odb\u0119dzie si\u0119 17 i 18 pa\u017adziernika 2024 roku w spinPLACE Uniwersytetu \u015al\u0105skiego w Katowicach. Wydarzenie zostanie u\u015bwietnione prelekcj\u0105 inauguracyjn\u0105, kt\u00f3r\u0105 wyg\u0142osi profesor Heidi A. Campbell z Texas A&amp;M University.<\/span><br \/>\n<span style=\"font-size: 14pt;\">Wydarzenie odb\u0119dzie si\u0119 w ca\u0142o\u015bci w j\u0119zyku angielskim. Zg\u0142oszenia przyjmowane s\u0105 do 1 lipca. <\/span><br \/>\n<span style=\"font-size: 14pt;\">Szczeg\u00f3\u0142owe informacje, w tym program, spos\u00f3b rejestracji oraz inne istotne szczeg\u00f3\u0142y, mo\u017cna znale\u017a\u0107 na <a href=\"https:\/\/www.ethicsinmedia.eu\/digital-religion24\">stronie internetowej konferencji<\/a>.<\/span><\/p>\n<p>&nbsp;<\/p>\n<p style=\"padding-left: 40px; text-align: center;\"><a href=\"https:\/\/us.edu.pl\/instytut\/idkm\/wp-content\/uploads\/sites\/30\/Bez-kategorii\/digital-religion-24.pdf\" class=\"mtli_attachment mtli_pdf\" data-mtli=\"mtli_filesize418,72kB\"><span style=\"font-size: 14pt;\">PROGRAMM<\/span><\/a><\/p>\n<p><\/p>\n<style type=\"text\/css\">a[data-mtli~=\"mtli_filesize418,72kB\"]:after {content:\" (418,72 kB)\"}<\/style>","protected":false},"excerpt":{"rendered":"<p>&nbsp; Zapraszamy Pa\u0144stwa do udzia\u0142u w mi\u0119dzynarodowej konferencji naukowej \u201eDigital Religion III: Challenges of Communication and Excommunication\u201d, kt\u00f3ra odb\u0119dzie si\u0119 17 i 18 pa\u017adziernika 2024 roku w spinPLACE Uniwersytetu \u015al\u0105skiego w Katowicach. Wydarzenie zostanie u\u015bwietnione prelekcj\u0105 inauguracyjn\u0105, kt\u00f3r\u0105 wyg\u0142osi profesor Heidi A. Campbell z Texas A&amp;M University. Wydarzenie odb\u0119dzie si\u0119 w ca\u0142o\u015bci w j\u0119zyku angielskim. [&#8230;]<\/p>\n<p><a class=\"btn btn-secondary understrap-read-more-link\" href=\"https:\/\/us.edu.pl\/instytut\/idkm\/wspolpraca\/\">Read More&#8230;<\/a><\/p>\n","protected":false},"author":202,"featured_media":0,"parent":0,"menu_order":0,"comment_status":"closed","ping_status":"closed","template":"","meta":{"_expiration-date-status":"","_expiration-date":0,"_expiration-date-type":"","_expiration-date-categories":[],"_expiration-date-options":[]},"acf":[],"_links":{"self":[{"href":"https:\/\/us.edu.pl\/instytut\/idkm\/wp-json\/wp\/v2\/pages\/127"}],"collection":[{"href":"https:\/\/us.edu.pl\/instytut\/idkm\/wp-json\/wp\/v2\/pages"}],"about":[{"href":"https:\/\/us.edu.pl\/instytut\/idkm\/wp-json\/wp\/v2\/types\/page"}],"author":[{"embeddable":true,"href":"https:\/\/us.edu.pl\/instytut\/idkm\/wp-json\/wp\/v2\/users\/202"}],"replies":[{"embeddable":true,"href":"https:\/\/us.edu.pl\/instytut\/idkm\/wp-json\/wp\/v2\/comments?post=127"}],"version-history":[{"count":3,"href":"https:\/\/us.edu.pl\/instytut\/idkm\/wp-json\/wp\/v2\/pages\/127\/revisions"}],"predecessor-version":[{"id":2551,"href":"https:\/\/us.edu.pl\/instytut\/idkm\/wp-json\/wp\/v2\/pages\/127\/revisions\/2551"}],"wp:attachment":[{"href":"https:\/\/us.edu.pl\/instytut\/idkm\/wp-json\/wp\/v2\/media?parent=127"}],"curies":[{"name":"wp","href":"https:\/\/api.w.org\/{rel}","templated":true}]}}