{"id":142,"date":"2019-12-12T19:31:10","date_gmt":"2019-12-12T18:31:10","guid":{"rendered":"http:\/\/us.edu.pl\/instytut\/idkm\/?page_id=142"},"modified":"2020-01-29T12:44:58","modified_gmt":"2020-01-29T11:44:58","slug":"o-nas","status":"publish","type":"page","link":"https:\/\/us.edu.pl\/instytut\/idkm\/o-nas\/","title":{"rendered":"O nas"},"content":{"rendered":"<p>[vc_row][vc_column][vc_column_text]<\/p>\n<div style=\"padding-left: 80px\">\n<p><span style=\"font-size: 14pt\"><strong>Kszta\u0142cenie dziennikarzy na Uniwersytecie \u015al\u0105skim zapocz\u0105tkowano w 1969 roku \u2013 utworzono wtedy dwuletnie studium podyplomowe z zakresu dziennikarstwa, b\u0119d\u0105ce odpowiedzi\u0105 na zapotrzebowanie na wykwalifikowanych dziennikarzy w katowickim o\u015brodku wydawniczym. W 1975 roku zosta\u0142a utworzona specjalizacja dziennikarska na kierunku nauki polityczne. Zak\u0142ad Dziennikarstwa powsta\u0142 w 1977 roku.<\/strong><\/span><\/p>\n<p>&nbsp;<\/p>\n<\/div>\n<h2 style=\"padding-left: 40px\">Historia Instytutu Dziennikarstwa i Komunikacji Medialnej<\/h2>\n<p style=\"padding-left: 40px\"><span style=\"font-size: 14pt\">Pocz\u0105tki dziennikarstwa na Uniwersytecie \u015al\u0105skim zwi\u0105zane s\u0105 z dzia\u0142alno\u015bci\u0105 Zak\u0142adu Dziennikarstwa, jednostki w strukturze Instytutu Nauk Politycznych U\u015a, z kt\u00f3rej wywodzi si\u0119 obecny Instytut Dziennikarstwa i Komunikacji Medialnej. Pierwsi pracownicy zajmowali si\u0119 g\u0142\u00f3wnie organizacj\u0105 studi\u00f3w dziennikarskich oraz koordynowaniem praktyk redakcyjnych, jednak ju\u017c w 1979 roku przyst\u0105piono do realizacji pierwszych program\u00f3w badawczych, w kt\u00f3rych brali udzia\u0142 r\u00f3wnie\u017c studenci. Przewa\u017ca\u0142a tematyka zwi\u0105zana z komunikowaniem mi\u0119dzynarodowym, zagraniczn\u0105 polityk\u0105 kulturaln\u0105 niekt\u00f3rych pa\u0144stw europejskich oraz histori\u0105 prasy \u015bl\u0105skiej i m\u0142odzie\u017cowej. Prowadzono te\u017c badania nad wsp\u00f3\u0142czesn\u0105 pras\u0105 \u015bl\u0105sk\u0105. Wyniki bada\u0144 pocz\u0105tkowego okresu dzia\u0142alno\u015bci Zak\u0142adu Dziennikarstwa opublikowano mi\u0119dzy innymi w ksi\u0105\u017ckach: J. M\u0105dry (red.) Kultura jako instrument polityki zagranicznej RFN w latach 1945 \u2013 1975; J. M\u0105dry (red.) Koncepcje programowe wsp\u00f3\u0142pracy kulturalnej RFN z innymi krajami europejskiej wsp\u00f3lnoty socjalistycznej w latach 1949 \u2013 1977; Trybuna Robotnicza 1945 \u2013 1980.<\/span><\/p>\n<div><\/div>\n<div><\/div>\n<p style=\"padding-left: 40px\"><span style=\"font-size: 14pt\">Na prze\u0142omie lat siedemdziesi\u0105tych i osiemdziesi\u0105tych ukszta\u0142towa\u0142 si\u0119 zasadniczy kierunek badawczy \u00f3wczesnego Zak\u0142adu Dziennikarstwa, co mia\u0142o bezpo\u015bredni zwi\u0105zek z umow\u0105, zawart\u0105 przez kierownictwo Zak\u0142adu z Zarz\u0105dem G\u0142\u00f3wnym RSW jesieni\u0105 1979 roku. Na jej podstawie zosta\u0142y stworzone warunki do opracowania d\u0142ugofalowego projektu badawczego pod nazw\u0105 \u201eTeoria i praktyka prasy i dziennikarstwa lokalnego w Polsce\u201d. W ramach tego projektu realizowano badania nad zawarto\u015bci\u0105 periodyk\u00f3w lokalnych, technikami pracy redakcyjnej w tego rodzaju prasie, badania nad odbiorem spo\u0142ecznym prasy lokalnej oraz jej spo\u0142eczn\u0105 skuteczno\u015bci\u0105, jak r\u00f3wnie\u017c nad systemem prasy i praktycznymi skutkami umiejscowienia w nim prasy lokalnej. W trakcie realizacji programy w pierwszej po\u0142owie lat osiemdziesi\u0105tych przeprowadzono sonda\u017ce, wywiady i badania ankietowe w ponad 90 proc. redakcji pism lokalnych. W maju 1984 roku zorganizowano og\u00f3lnopolskie seminarium pt. Komunikowanie lokalne oraz jego prasowe i pozaprasowe realizacje. W roku 1985 Zak\u0142ad by\u0142 organizatorem mi\u0119dzynarodowej konferencji, po\u015bwi\u0119conej prasie lokalnej, w kt\u00f3rej wzi\u0119li udzia\u0142 przedstawiciele polskich o\u015brodk\u00f3w badawczych oraz go\u015bcie z Czechos\u0142owacji, NRD, ZSRR, Szwajcarii, RFN i Austrii.<\/span><\/p>\n<div><\/div>\n<div><\/div>\n<p style=\"padding-left: 40px\"><span style=\"font-size: 14pt\">W latach dziewi\u0119\u0107dziesi\u0105tych badawcze zainteresowania pracownik\u00f3w Zak\u0142adu skupi\u0142y si\u0119 na kwestiach transformacji systemu medialnego, g\u0142\u00f3wnie na po\u0142udniu Polski. Jednym ze skutk\u00f3w takiej orientacji by\u0142a konferencja, zorganizowana w roku 1995 roku na temat transformacji radia w Polsce i na \u015bwiecie (1990 \u2013 1995), w kt\u00f3rej, opr\u00f3cz polskich badaczy katowickich, uczestniczyli profesorowie z RFN, Rosji, Wielkiej Brytanii, Szwecji, Kanady oraz S\u0142owacji.<\/span><\/p>\n<div><\/div>\n<p style=\"padding-left: 40px\"><span style=\"font-size: 14pt\">Od 1 pa\u017adziernika 2019 roku rozpocz\u0105\u0142 dzia\u0142alno\u015b\u0107 odr\u0119bny Instytut Dziennikarstwa i Komunikacji Medialnej, kt\u00f3ry wyodr\u0119bni\u0142 si\u0119 z Instytutu Nauk Politycznych i Dziennikarstwa.<\/span><\/p>\n<p style=\"padding-left: 40px\"><span style=\"font-size: 14pt\">Wsp\u00f3\u0142cze\u015bnie badania skupiaj\u0105 si\u0119 wok\u00f3\u0142 zagadnie\u0144 systemu komunikowania w Polsce i na \u015bwiecie, ze szczeg\u00f3lnym uwzgl\u0119dnieniem komunikowania lokalnego i regionalnego. Prowadzone s\u0105 badania zar\u00f3wno dotycz\u0105ce aspektu dziennikarskiego funkcjonowania w systemie komunikowania masowego, spo\u0142ecznego odbioru prasy, jak i prasoznawczej analizy zawarto\u015bci ukazuj\u0105cych si\u0119 wsp\u00f3\u0142cze\u015bnie periodyk\u00f3w. Wiele uwagi po\u015bwi\u0119ca si\u0119 r\u00f3wnie\u017c typologicznej charakterystyce rynku medi\u00f3w lokalnych i regionalnych.<\/span><\/p>\n<p style=\"padding-left: 40px\"><span style=\"font-size: 14pt\">Ponadto, pracownicy IDKM podejmuj\u0105 inne kierunki bada\u0144. Silna jest reprezentacja badaczy komunikowania politycznego, podejmuj\u0105ca tematyk\u0119 zar\u00f3wno marketingu politycznego i kampanii wyborczych, jak i relacji pomi\u0119dzy elitami dziennikarskimi i politycznymi. Kolejn\u0105 wa\u017cn\u0105 cz\u0119\u015b\u0107 stanowi\u0105 osoby, kt\u00f3re zajmuj\u0105 si\u0119 analiz\u0105 dyskursu w r\u00f3\u017cnych wymiarach oraz mediolingwistyki, retoryki, czy genologii. Podejmowana jest r\u00f3wnie\u017c tematyka zwi\u0105zana z komunikowaniem mi\u0119dzynarodowym i funkcjonowaniem medi\u00f3w w r\u00f3\u017cnych systemach medialnych. Szczeg\u00f3lnie reprezentowane s\u0105 kierunki bada\u0144 nad radiem oraz systemami Niemiec i Hiszpanii. W Instytucie prowadzone s\u0105 tak\u017ce badania prekursorskie w skali og\u00f3lnopolskiej, zwi\u0105zane z podmiotowo\u015bci\u0105 komunikacyjn\u0105 oraz relacjami medi\u00f3w, religii i pa\u0144stwa, b\u0119d\u0105ce istotnym w\u0105tkiem w og\u00f3lno\u015bwiatowych badaniach kulturowych i to\u017csamo\u015bciowych.<\/span><\/p>\n<p>[\/vc_column_text][\/vc_column][\/vc_row][vc_row][vc_column][\/vc_column][\/vc_row]<\/p>","protected":false},"excerpt":{"rendered":"<p>[vc_row][vc_column][vc_column_text] Kszta\u0142cenie dziennikarzy na Uniwersytecie \u015al\u0105skim zapocz\u0105tkowano w 1969 roku \u2013 utworzono wtedy dwuletnie studium podyplomowe z zakresu dziennikarstwa, b\u0119d\u0105ce odpowiedzi\u0105 na zapotrzebowanie na wykwalifikowanych dziennikarzy w katowickim o\u015brodku wydawniczym. W 1975 roku zosta\u0142a utworzona specjalizacja dziennikarska na kierunku nauki polityczne. Zak\u0142ad Dziennikarstwa powsta\u0142 w 1977 roku. &nbsp; Historia Instytutu Dziennikarstwa i Komunikacji Medialnej Pocz\u0105tki [&#8230;]<\/p>\n<p><a class=\"btn btn-secondary understrap-read-more-link\" href=\"https:\/\/us.edu.pl\/instytut\/idkm\/o-nas\/\">Read More&#8230;<\/a><\/p>\n","protected":false},"author":202,"featured_media":0,"parent":0,"menu_order":0,"comment_status":"closed","ping_status":"closed","template":"","meta":{"_expiration-date-status":"saved","_expiration-date":0,"_expiration-date-type":"","_expiration-date-categories":[],"_expiration-date-options":[]},"acf":[],"_links":{"self":[{"href":"https:\/\/us.edu.pl\/instytut\/idkm\/wp-json\/wp\/v2\/pages\/142"}],"collection":[{"href":"https:\/\/us.edu.pl\/instytut\/idkm\/wp-json\/wp\/v2\/pages"}],"about":[{"href":"https:\/\/us.edu.pl\/instytut\/idkm\/wp-json\/wp\/v2\/types\/page"}],"author":[{"embeddable":true,"href":"https:\/\/us.edu.pl\/instytut\/idkm\/wp-json\/wp\/v2\/users\/202"}],"replies":[{"embeddable":true,"href":"https:\/\/us.edu.pl\/instytut\/idkm\/wp-json\/wp\/v2\/comments?post=142"}],"version-history":[{"count":13,"href":"https:\/\/us.edu.pl\/instytut\/idkm\/wp-json\/wp\/v2\/pages\/142\/revisions"}],"predecessor-version":[{"id":436,"href":"https:\/\/us.edu.pl\/instytut\/idkm\/wp-json\/wp\/v2\/pages\/142\/revisions\/436"}],"wp:attachment":[{"href":"https:\/\/us.edu.pl\/instytut\/idkm\/wp-json\/wp\/v2\/media?parent=142"}],"curies":[{"name":"wp","href":"https:\/\/api.w.org\/{rel}","templated":true}]}}