{"id":1504,"date":"2023-01-12T15:18:10","date_gmt":"2023-01-12T14:18:10","guid":{"rendered":"https:\/\/us.edu.pl\/instytut\/idkm\/?page_id=1504"},"modified":"2023-01-12T15:21:06","modified_gmt":"2023-01-12T14:21:06","slug":"odeszla-doktor-maria-piekorz","status":"publish","type":"page","link":"https:\/\/us.edu.pl\/instytut\/idkm\/dla-pracownika\/ogloszenia-biezace\/odeszla-doktor-maria-piekorz\/","title":{"rendered":"Odesz\u0142a Doktor Maria Piekorz"},"content":{"rendered":"<p><\/p>\n<p style=\"padding-left: 40px;\"><span style=\"font-size: 14pt;\">Pogr\u0105\u017ceni w g\u0142\u0119bokim smutku zawiadamiamy, \u017ce dzisiaj odesz\u0142a od nas Doktor Maria Piekorz.<\/span><\/p>\n<p style=\"padding-left: 40px;\"><span style=\"font-size: 14pt;\">Wybitny dydaktyk, nauczyciel \u2013 cudowny cz\u0142owiek.<\/span><\/p>\n<p style=\"padding-left: 40px;\"><span style=\"font-size: 14pt;\">Zostan\u0105 w nas Jej wyk\u0142ady, seminaria i \u0107wiczenia \u2013 zw\u0142aszcza te z zakresu kultury j\u0119zyka i retoryki. Zawsze mia\u0142a czas na m\u0105dre rozmowy, kt\u00f3re ch\u0119tnie prowadzi\u0142a z bliskimi wsp\u00f3\u0142pracownikami&#8230;<\/span><\/p>\n<p style=\"padding-left: 40px;\"><span style=\"font-size: 14pt;\">Wszyscy, kt\u00f3rzy mieli okazj\u0119 J\u0105 pozna\u0107 na zawsze pozostan\u0105 pod wra\u017ceniem Jej ciep\u0142a, dobra, i \u017cyczliwo\u015bci.<\/span><\/p>\n<p style=\"padding-left: 40px;\"><span style=\"font-size: 14pt;\">Wyrazy wsp\u00f3\u0142czucia dla c\u00f3rki Magdaleny, dla Rodziny, Bliskich, Przyjaci\u00f3\u0142.<\/span><\/p>\n<p style=\"padding-left: 40px;\"><span style=\"font-size: 14pt;\">Droga Pani Doktor, nie chcemy m\u00f3wi\u0107 \u017cegnaj \u2013 m\u00f3wimy do zobaczenia.<\/span><\/p>\n<p>&nbsp;<\/p>\n<h2>\u00a0 \u00a0<img class=\"wp-image-1505 size-large aligncenter\" src=\"https:\/\/us.edu.pl\/instytut\/idkm\/wp-content\/uploads\/sites\/30\/Bez-kategorii\/m-02-1024x840.jpg\" alt=\"\" width=\"640\" height=\"525\" srcset=\"https:\/\/us.edu.pl\/instytut\/idkm\/wp-content\/uploads\/sites\/30\/Bez-kategorii\/m-02-1024x840.jpg 1024w, https:\/\/us.edu.pl\/instytut\/idkm\/wp-content\/uploads\/sites\/30\/Bez-kategorii\/m-02-300x246.jpg 300w, https:\/\/us.edu.pl\/instytut\/idkm\/wp-content\/uploads\/sites\/30\/Bez-kategorii\/m-02-768x630.jpg 768w, https:\/\/us.edu.pl\/instytut\/idkm\/wp-content\/uploads\/sites\/30\/Bez-kategorii\/m-02-1536x1261.jpg 1536w, https:\/\/us.edu.pl\/instytut\/idkm\/wp-content\/uploads\/sites\/30\/Bez-kategorii\/m-02-575x472.jpg 575w, https:\/\/us.edu.pl\/instytut\/idkm\/wp-content\/uploads\/sites\/30\/Bez-kategorii\/m-02.jpg 1656w\" sizes=\"(max-width: 640px) 100vw, 640px\" \/><\/h2>\n<p><\/p>","protected":false},"excerpt":{"rendered":"<p>Pogr\u0105\u017ceni w g\u0142\u0119bokim smutku zawiadamiamy, \u017ce dzisiaj odesz\u0142a od nas Doktor Maria Piekorz. Wybitny dydaktyk, nauczyciel \u2013 cudowny cz\u0142owiek. Zostan\u0105 w nas Jej wyk\u0142ady, seminaria i \u0107wiczenia \u2013 zw\u0142aszcza te z zakresu kultury j\u0119zyka i retoryki. Zawsze mia\u0142a czas na m\u0105dre rozmowy, kt\u00f3re ch\u0119tnie prowadzi\u0142a z bliskimi wsp\u00f3\u0142pracownikami&#8230; Wszyscy, kt\u00f3rzy mieli okazj\u0119 J\u0105 pozna\u0107 na [&#8230;]<\/p>\n<p><a class=\"btn btn-secondary understrap-read-more-link\" href=\"https:\/\/us.edu.pl\/instytut\/idkm\/dla-pracownika\/ogloszenia-biezace\/odeszla-doktor-maria-piekorz\/\">Read More&#8230;<\/a><\/p>\n","protected":false},"author":202,"featured_media":1506,"parent":182,"menu_order":0,"comment_status":"closed","ping_status":"closed","template":"","meta":{"_expiration-date-status":"","_expiration-date":0,"_expiration-date-type":"","_expiration-date-categories":[],"_expiration-date-options":[]},"acf":[],"_links":{"self":[{"href":"https:\/\/us.edu.pl\/instytut\/idkm\/wp-json\/wp\/v2\/pages\/1504"}],"collection":[{"href":"https:\/\/us.edu.pl\/instytut\/idkm\/wp-json\/wp\/v2\/pages"}],"about":[{"href":"https:\/\/us.edu.pl\/instytut\/idkm\/wp-json\/wp\/v2\/types\/page"}],"author":[{"embeddable":true,"href":"https:\/\/us.edu.pl\/instytut\/idkm\/wp-json\/wp\/v2\/users\/202"}],"replies":[{"embeddable":true,"href":"https:\/\/us.edu.pl\/instytut\/idkm\/wp-json\/wp\/v2\/comments?post=1504"}],"version-history":[{"count":2,"href":"https:\/\/us.edu.pl\/instytut\/idkm\/wp-json\/wp\/v2\/pages\/1504\/revisions"}],"predecessor-version":[{"id":1508,"href":"https:\/\/us.edu.pl\/instytut\/idkm\/wp-json\/wp\/v2\/pages\/1504\/revisions\/1508"}],"up":[{"embeddable":true,"href":"https:\/\/us.edu.pl\/instytut\/idkm\/wp-json\/wp\/v2\/pages\/182"}],"wp:featuredmedia":[{"embeddable":true,"href":"https:\/\/us.edu.pl\/instytut\/idkm\/wp-json\/wp\/v2\/media\/1506"}],"wp:attachment":[{"href":"https:\/\/us.edu.pl\/instytut\/idkm\/wp-json\/wp\/v2\/media?parent=1504"}],"curies":[{"name":"wp","href":"https:\/\/api.w.org\/{rel}","templated":true}]}}