{"id":152,"date":"2019-12-12T19:54:32","date_gmt":"2019-12-12T18:54:32","guid":{"rendered":"http:\/\/us.edu.pl\/instytut\/idkm\/?page_id=152"},"modified":"2026-01-02T18:12:00","modified_gmt":"2026-01-02T17:12:00","slug":"kontakt","status":"publish","type":"page","link":"https:\/\/us.edu.pl\/instytut\/idkm\/11-2\/kontakt\/","title":{"rendered":"Kontakt"},"content":{"rendered":"<p><\/p>\n<p style=\"padding-left: 80px;\"><span style=\"font-size: 18pt;\">Instytut Dziennikarstwa i Komunikacji Medialnej<\/span><br \/>\n<span style=\"font-size: 18pt;\">Wydzia\u0142 Nauk Spo\u0142ecznych Uniwersytetu \u015al\u0105skiego<\/span><br \/>\n<span style=\"font-size: 18pt;\">ul. Bankowa 11, 40-007 Katowice<\/span><br \/>\n<span style=\"font-size: 18pt;\">e-mail: <a href=\"mailto:idkm.wns@us.edu.pl\">idkm.wns@us.edu.pl<\/a><\/span><br \/>\n<span style=\"font-size: 18pt;\">tel.: 32 359 17 41<\/span><\/p>\n<p>&nbsp;<\/p>\n<p style=\"text-align: center;\">\n<p><\/p>","protected":false},"excerpt":{"rendered":"<p>Instytut Dziennikarstwa i Komunikacji Medialnej Wydzia\u0142 Nauk Spo\u0142ecznych Uniwersytetu \u015al\u0105skiego ul. Bankowa 11, 40-007 Katowice e-mail: idkm.wns@us.edu.pl tel.: 32 359 17 41 &nbsp; [&#8230;]<\/p>\n<p><a class=\"btn btn-secondary understrap-read-more-link\" href=\"https:\/\/us.edu.pl\/instytut\/idkm\/11-2\/kontakt\/\">Read More&#8230;<\/a><\/p>\n","protected":false},"author":202,"featured_media":0,"parent":11,"menu_order":0,"comment_status":"closed","ping_status":"closed","template":"","meta":{"_expiration-date-status":"","_expiration-date":0,"_expiration-date-type":"","_expiration-date-categories":[],"_expiration-date-options":[]},"acf":[],"_links":{"self":[{"href":"https:\/\/us.edu.pl\/instytut\/idkm\/wp-json\/wp\/v2\/pages\/152"}],"collection":[{"href":"https:\/\/us.edu.pl\/instytut\/idkm\/wp-json\/wp\/v2\/pages"}],"about":[{"href":"https:\/\/us.edu.pl\/instytut\/idkm\/wp-json\/wp\/v2\/types\/page"}],"author":[{"embeddable":true,"href":"https:\/\/us.edu.pl\/instytut\/idkm\/wp-json\/wp\/v2\/users\/202"}],"replies":[{"embeddable":true,"href":"https:\/\/us.edu.pl\/instytut\/idkm\/wp-json\/wp\/v2\/comments?post=152"}],"version-history":[{"count":5,"href":"https:\/\/us.edu.pl\/instytut\/idkm\/wp-json\/wp\/v2\/pages\/152\/revisions"}],"predecessor-version":[{"id":3086,"href":"https:\/\/us.edu.pl\/instytut\/idkm\/wp-json\/wp\/v2\/pages\/152\/revisions\/3086"}],"up":[{"embeddable":true,"href":"https:\/\/us.edu.pl\/instytut\/idkm\/wp-json\/wp\/v2\/pages\/11"}],"wp:attachment":[{"href":"https:\/\/us.edu.pl\/instytut\/idkm\/wp-json\/wp\/v2\/media?parent=152"}],"curies":[{"name":"wp","href":"https:\/\/api.w.org\/{rel}","templated":true}]}}