{"id":174,"date":"2019-12-12T20:03:04","date_gmt":"2019-12-12T19:03:04","guid":{"rendered":"http:\/\/us.edu.pl\/instytut\/idkm\/?page_id=174"},"modified":"2026-01-02T18:22:39","modified_gmt":"2026-01-02T17:22:39","slug":"krajowa","status":"publish","type":"page","link":"https:\/\/us.edu.pl\/instytut\/idkm\/wspolpraca\/krajowa\/","title":{"rendered":"Krajowa"},"content":{"rendered":"<p><\/p>\n<h3 style=\"text-align: center;\"><a href=\"https:\/\/us.edu.pl\/instytut\/idkm\/wspolpraca\/krajowa\/konferencja-komunikacja-medialna-w-badaniach-i-praktyce-komunikowanie-sie-w-ciekawych-czasach-ustron-27-28-listopada-2023\/\">Konferencja: Komunikacja medialna w badaniach i praktyce. Komunikowanie (si\u0119) w ciekawych czasach, Ustro\u0144, 27-28 listopada 2023<\/a><\/h3>\n<h3 style=\"text-align: center;\"><a href=\"https:\/\/us.edu.pl\/instytut\/idkm\/wspolpraca\/krajowa\/publikacja-110-lat-reportazu-w-polsce-teoria-etyka-prawo-i-mistrzowie\/\">Publikacja: 110 lat reporta\u017cu w Polsce. Teoria, etyka, prawo i mistrzowie | Instytut Dziennikarstwa i Komunikacji Medialnej (us.edu.pl)<\/a><\/h3>\n<p><\/p>","protected":false},"excerpt":{"rendered":"<p>Konferencja: Komunikacja medialna w badaniach i praktyce. Komunikowanie (si\u0119) w ciekawych czasach, Ustro\u0144, 27-28 listopada 2023 Publikacja: 110 lat reporta\u017cu w Polsce. Teoria, etyka, prawo i mistrzowie | Instytut Dziennikarstwa i Komunikacji Medialnej (us.edu.pl) [&#8230;]<\/p>\n<p><a class=\"btn btn-secondary understrap-read-more-link\" href=\"https:\/\/us.edu.pl\/instytut\/idkm\/wspolpraca\/krajowa\/\">Read More&#8230;<\/a><\/p>\n","protected":false},"author":202,"featured_media":0,"parent":127,"menu_order":0,"comment_status":"closed","ping_status":"closed","template":"","meta":{"_expiration-date-status":"","_expiration-date":0,"_expiration-date-type":"","_expiration-date-categories":[],"_expiration-date-options":[]},"acf":[],"_links":{"self":[{"href":"https:\/\/us.edu.pl\/instytut\/idkm\/wp-json\/wp\/v2\/pages\/174"}],"collection":[{"href":"https:\/\/us.edu.pl\/instytut\/idkm\/wp-json\/wp\/v2\/pages"}],"about":[{"href":"https:\/\/us.edu.pl\/instytut\/idkm\/wp-json\/wp\/v2\/types\/page"}],"author":[{"embeddable":true,"href":"https:\/\/us.edu.pl\/instytut\/idkm\/wp-json\/wp\/v2\/users\/202"}],"replies":[{"embeddable":true,"href":"https:\/\/us.edu.pl\/instytut\/idkm\/wp-json\/wp\/v2\/comments?post=174"}],"version-history":[{"count":4,"href":"https:\/\/us.edu.pl\/instytut\/idkm\/wp-json\/wp\/v2\/pages\/174\/revisions"}],"predecessor-version":[{"id":3090,"href":"https:\/\/us.edu.pl\/instytut\/idkm\/wp-json\/wp\/v2\/pages\/174\/revisions\/3090"}],"up":[{"embeddable":true,"href":"https:\/\/us.edu.pl\/instytut\/idkm\/wp-json\/wp\/v2\/pages\/127"}],"wp:attachment":[{"href":"https:\/\/us.edu.pl\/instytut\/idkm\/wp-json\/wp\/v2\/media?parent=174"}],"curies":[{"name":"wp","href":"https:\/\/api.w.org\/{rel}","templated":true}]}}