{"id":176,"date":"2019-12-12T20:03:43","date_gmt":"2019-12-12T19:03:43","guid":{"rendered":"http:\/\/us.edu.pl\/instytut\/idkm\/?page_id=176"},"modified":"2026-01-19T08:35:30","modified_gmt":"2026-01-19T07:35:30","slug":"miedzynarodowa","status":"publish","type":"page","link":"https:\/\/us.edu.pl\/instytut\/idkm\/wspolpraca\/miedzynarodowa\/","title":{"rendered":"Mi\u0119dzynarodowa"},"content":{"rendered":"<p><\/p>\n<h3 style=\"text-align: center;\"><a href=\"https:\/\/us.edu.pl\/instytut\/idkm\/nauka-i-badania\/poznaj-gosci-specjalnych-kongresu-ptks-wspolorganizowanego-przez-nasz-instytut\/\">Poznaj go\u015bci specjalnych Kongresu PTKS wsp\u00f3\u0142organizowanego przez nasz Instytut!<\/a><\/h3>\n<h3 style=\"text-align: center;\"><a href=\"https:\/\/us.edu.pl\/instytut\/idkm\/wspolpraca\/miedzynarodowa\/konferencja-digital-religion-iii-challenges-of-communication-and-excommunication\/\">Konferencja: Digital Religion III: Challenges of Communication and Excommunication<\/a><\/h3>\n<h3 style=\"text-align: center;\"><a href=\"https:\/\/us.edu.pl\/instytut\/idkm\/wspolpraca\/miedzynarodowa\/1179-2\/\">Porozumienie o wsp\u00f3\u0142pracy partnerskiej z Polskim Instytutem Badawczym w Budapeszcie | Instytut Dziennikarstwa i Komunikacji Medialnej<\/a><\/h3>\n<h3 style=\"text-align: center;\"><a href=\"https:\/\/us.edu.pl\/instytut\/idkm\/miedzynarodowa-konferencja-digital-media-democracy-and-civil-society-in-central-and-eastern-europe-8-i-9-stycznia-2024-r-katowice-program\/\">Mi\u0119dzynarodowa konferencja: Digital Media, Democracy and Civil Society in Central and Eastern Europe<\/a><\/h3>\n<p>&nbsp;<\/p>","protected":false},"excerpt":{"rendered":"<p>Poznaj go\u015bci specjalnych Kongresu PTKS wsp\u00f3\u0142organizowanego przez nasz Instytut! Konferencja: Digital Religion III: Challenges of Communication and Excommunication Porozumienie o wsp\u00f3\u0142pracy partnerskiej z Polskim Instytutem Badawczym w Budapeszcie | Instytut Dziennikarstwa i Komunikacji Medialnej Mi\u0119dzynarodowa konferencja: Digital Media, Democracy and Civil Society in Central and Eastern Europe &nbsp; [&#8230;]<\/p>\n<p><a class=\"btn btn-secondary understrap-read-more-link\" href=\"https:\/\/us.edu.pl\/instytut\/idkm\/wspolpraca\/miedzynarodowa\/\">Read More&#8230;<\/a><\/p>\n","protected":false},"author":202,"featured_media":0,"parent":127,"menu_order":0,"comment_status":"closed","ping_status":"closed","template":"","meta":{"_expiration-date-status":"","_expiration-date":0,"_expiration-date-type":"","_expiration-date-categories":[],"_expiration-date-options":[]},"acf":[],"_links":{"self":[{"href":"https:\/\/us.edu.pl\/instytut\/idkm\/wp-json\/wp\/v2\/pages\/176"}],"collection":[{"href":"https:\/\/us.edu.pl\/instytut\/idkm\/wp-json\/wp\/v2\/pages"}],"about":[{"href":"https:\/\/us.edu.pl\/instytut\/idkm\/wp-json\/wp\/v2\/types\/page"}],"author":[{"embeddable":true,"href":"https:\/\/us.edu.pl\/instytut\/idkm\/wp-json\/wp\/v2\/users\/202"}],"replies":[{"embeddable":true,"href":"https:\/\/us.edu.pl\/instytut\/idkm\/wp-json\/wp\/v2\/comments?post=176"}],"version-history":[{"count":6,"href":"https:\/\/us.edu.pl\/instytut\/idkm\/wp-json\/wp\/v2\/pages\/176\/revisions"}],"predecessor-version":[{"id":3121,"href":"https:\/\/us.edu.pl\/instytut\/idkm\/wp-json\/wp\/v2\/pages\/176\/revisions\/3121"}],"up":[{"embeddable":true,"href":"https:\/\/us.edu.pl\/instytut\/idkm\/wp-json\/wp\/v2\/pages\/127"}],"wp:attachment":[{"href":"https:\/\/us.edu.pl\/instytut\/idkm\/wp-json\/wp\/v2\/media?parent=176"}],"curies":[{"name":"wp","href":"https:\/\/api.w.org\/{rel}","templated":true}]}}