{"id":180,"date":"2019-12-12T20:05:41","date_gmt":"2019-12-12T19:05:41","guid":{"rendered":"http:\/\/us.edu.pl\/instytut\/idkm\/?page_id=180"},"modified":"2026-01-19T09:22:25","modified_gmt":"2026-01-19T08:22:25","slug":"akty-prawne-i-dokumenty","status":"publish","type":"page","link":"https:\/\/us.edu.pl\/instytut\/idkm\/dla-pracownika\/akty-prawne-i-dokumenty\/","title":{"rendered":"Akty prawne i dokumenty"},"content":{"rendered":"<p>[vc_row][vc_column]\r\n                <div class=\"text-modules \">\r\n                    <div class=\"container\">\r\n                        <h3 class=\"section-title section-title_border-bottom\">Uchwa\u0142y Rady Naukowej Instytutu<\/h3> \r\n                        <div class=\"row m-0\">\r\n                            <div class=\"text-modules__content\">\r\n                                <\/p>\n<p style=\"padding-left: 40px;\"><a href=\"https:\/\/us.edu.pl\/instytut\/idkm\/wp-content\/uploads\/sites\/30\/2026\/01\/Uchwala3.pdf\" class=\"mtli_attachment mtli_pdf\" data-mtli=\"mtli_filesize291,52kB\"><span style=\"font-size: 14pt;\">Uchwa\u0142a w sprawie korekty zasad tworzenia, organizacji i finansowania zespo\u0142\u00f3w badawczych i projekt\u00f3w indywidualnych<\/span><\/a><\/p>\n<p style=\"padding-left: 40px;\"><span style=\"font-size: 14pt;\"><a href=\"http:\/\/us.edu.pl\/instytut\/idkm\/wp-content\/uploads\/sites\/30\/Nieprzypisane\/Uchwa\u0142a-w-sprawie-kryteri\u00f3w-wyboru-lidera-zespo\u0142\u00f3w-badawczych.pdf\" class=\"mtli_attachment mtli_pdf\" data-mtli=\"mtli_filesize90,01kB\">Uchwa\u0142a w sprawie kryteri\u00f3w wyboru lidera zespo\u0142\u00f3w badawczych<\/a><\/span><\/p>\n<p style=\"padding-left: 40px;\"><span style=\"font-size: 14pt;\"><a href=\"http:\/\/us.edu.pl\/instytut\/idkm\/wp-content\/uploads\/sites\/30\/Nieprzypisane\/Uchwa\u0142a-w-sprawie-zasad-tworzenia-organizacji-i-finansowania-zespo\u0142\u00f3w-badawczych-i-projekt\u00f3w-indywidualnych-.pdf\" class=\"mtli_attachment mtli_pdf\" data-mtli=\"mtli_filesize230,19kB\">Uchwa\u0142a w sprawie zasad tworzenia, organizacji i finansowania zespo\u0142\u00f3w badawczych i projekt\u00f3w indywidualnych<\/a><\/span><\/p>\n<p style=\"padding-left: 40px;\"><span style=\"font-size: 14pt;\"><a href=\"http:\/\/us.edu.pl\/instytut\/idkm\/wp-content\/uploads\/sites\/30\/Nieprzypisane\/Za\u0142\u0105cznik-nr-1-do-uchwa\u0142y-w-sprawie-zasad-tworzenia-organizacji-i-finansowania-zespo\u0142\u00f3w-badawczych-i-projekt\u00f3w-indywidualnych-.pdf\" class=\"mtli_attachment mtli_pdf\" data-mtli=\"mtli_filesize34,48kB\">Za\u0142\u0105cznik nr 1 do uchwa\u0142y w sprawie zasad tworzenia, organizacji i finansowania zespo\u0142\u00f3w badawczych i projekt\u00f3w indywidualnych<\/a><\/span><\/p>\n<p style=\"padding-left: 40px;\"><span style=\"font-size: 14pt;\"><a href=\"http:\/\/us.edu.pl\/instytut\/idkm\/wp-content\/uploads\/sites\/30\/Nieprzypisane\/Uchwa\u0142a-w-sprawie-przyj\u0119cia-docelowych-parametr\u00f3w-jako\u015bci-dorobku-dyscypliny.pdf\" class=\"mtli_attachment mtli_pdf\" data-mtli=\"mtli_filesize80,36kB\">Uchwa\u0142a w sprawie przyj\u0119cia docelowych parametr\u00f3w jako\u015bci dorobku dyscypliny<\/a><\/span><\/p>\n<p style=\"padding-left: 40px;\"><span style=\"font-size: 14pt;\"><a href=\"http:\/\/us.edu.pl\/instytut\/idkm\/wp-content\/uploads\/sites\/30\/Nieprzypisane\/Uchwa\u0142a-w-sprawie-poparcia-uchwa\u0142y-rady-dyscypliny-naukowej-o-komunikacji-spo\u0142ecznej-i-mediach-Uniwersytetu-Jagiello\u0144skiego.pdf\" class=\"mtli_attachment mtli_pdf\" data-mtli=\"mtli_filesize41,87kB\">Uchwa\u0142a w sprawie poparcia uchwa\u0142y rady dyscypliny naukowej o komunikacji spo\u0142ecznej i mediach Uniwersytetu Jagiello\u0144skiego<\/a><\/span><\/p>\n<p style=\"padding-left: 40px;\"><span style=\"font-size: 14pt;\"><a href=\"http:\/\/us.edu.pl\/instytut\/idkm\/wp-content\/uploads\/sites\/30\/Nieprzypisane\/Uchwa\u0142a-w-sprawie-kandydat\u00f3w-na-cz\u0142onk\u00f3w-komisji-oceniaj\u0105cych-nauczycieli-akademickich.pdf\" class=\"mtli_attachment mtli_pdf\" data-mtli=\"mtli_filesize40,01kB\">Uchwa\u0142a w sprawie kandydat\u00f3w na cz\u0142onk\u00f3w komisji oceniaj\u0105cych nauczycieli akademickich<\/a><\/span><\/p>\n<p style=\"padding-left: 40px;\"><span style=\"font-size: 14pt;\"><a href=\"https:\/\/us.edu.pl\/instytut\/idkm\/wp-content\/uploads\/sites\/30\/2021\/01\/uchwa\u0142a_nr_6.pdf\" class=\"mtli_attachment mtli_pdf\" data-mtli=\"mtli_filesize145,43kB\">Uchwa\u0142a w sprawie dostosowania przepis\u00f3w w sprawie zasad tworzenia, organizacji i finansowania zespo\u0142\u00f3w badawczych i projekt\u00f3w indywidualnych<\/a><\/span><\/p>\n<div class=\"mt-3\"><\/div>\r\n                            <\/div>\r\n                            \r\n                            \r\n                        <\/div>\r\n                    <\/div>\r\n                <\/div>[\/vc_column][\/vc_row]<\/p>\n<style type=\"text\/css\">a[data-mtli~=\"mtli_filesize291,52kB\"]:after {content:\" (291,52 kB)\"}a[data-mtli~=\"mtli_filesize90,01kB\"]:after {content:\" (90,01 kB)\"}a[data-mtli~=\"mtli_filesize230,19kB\"]:after {content:\" (230,19 kB)\"}a[data-mtli~=\"mtli_filesize34,48kB\"]:after {content:\" (34,48 kB)\"}a[data-mtli~=\"mtli_filesize80,36kB\"]:after {content:\" (80,36 kB)\"}a[data-mtli~=\"mtli_filesize41,87kB\"]:after {content:\" (41,87 kB)\"}a[data-mtli~=\"mtli_filesize40,01kB\"]:after {content:\" (40,01 kB)\"}a[data-mtli~=\"mtli_filesize145,43kB\"]:after {content:\" (145,43 kB)\"}<\/style>","protected":false},"excerpt":{"rendered":"<p>[vc_row][vc_column][\/vc_column][\/vc_row] [&#8230;]<\/p>\n<p><a class=\"btn btn-secondary understrap-read-more-link\" href=\"https:\/\/us.edu.pl\/instytut\/idkm\/dla-pracownika\/akty-prawne-i-dokumenty\/\">Read More&#8230;<\/a><\/p>\n","protected":false},"author":202,"featured_media":0,"parent":129,"menu_order":0,"comment_status":"closed","ping_status":"closed","template":"","meta":{"_expiration-date-status":"","_expiration-date":0,"_expiration-date-type":"","_expiration-date-categories":[],"_expiration-date-options":[]},"acf":[],"_links":{"self":[{"href":"https:\/\/us.edu.pl\/instytut\/idkm\/wp-json\/wp\/v2\/pages\/180"}],"collection":[{"href":"https:\/\/us.edu.pl\/instytut\/idkm\/wp-json\/wp\/v2\/pages"}],"about":[{"href":"https:\/\/us.edu.pl\/instytut\/idkm\/wp-json\/wp\/v2\/types\/page"}],"author":[{"embeddable":true,"href":"https:\/\/us.edu.pl\/instytut\/idkm\/wp-json\/wp\/v2\/users\/202"}],"replies":[{"embeddable":true,"href":"https:\/\/us.edu.pl\/instytut\/idkm\/wp-json\/wp\/v2\/comments?post=180"}],"version-history":[{"count":9,"href":"https:\/\/us.edu.pl\/instytut\/idkm\/wp-json\/wp\/v2\/pages\/180\/revisions"}],"predecessor-version":[{"id":3126,"href":"https:\/\/us.edu.pl\/instytut\/idkm\/wp-json\/wp\/v2\/pages\/180\/revisions\/3126"}],"up":[{"embeddable":true,"href":"https:\/\/us.edu.pl\/instytut\/idkm\/wp-json\/wp\/v2\/pages\/129"}],"wp:attachment":[{"href":"https:\/\/us.edu.pl\/instytut\/idkm\/wp-json\/wp\/v2\/media?parent=180"}],"curies":[{"name":"wp","href":"https:\/\/api.w.org\/{rel}","templated":true}]}}