{"id":1852,"date":"2024-03-04T14:04:56","date_gmt":"2024-03-04T13:04:56","guid":{"rendered":"https:\/\/us.edu.pl\/instytut\/idkm\/?page_id=1852"},"modified":"2024-03-07T09:15:35","modified_gmt":"2024-03-07T08:15:35","slug":"leksykon-terminow-medialnych","status":"publish","type":"page","link":"https:\/\/us.edu.pl\/instytut\/idkm\/dla-pracownika\/ogloszenia-biezace\/leksykon-terminow-medialnych\/","title":{"rendered":"Leksykon termin\u00f3w medialnych"},"content":{"rendered":"<p><\/p>\n<p style=\"padding-left: 40px;\"><span style=\"font-size: 14pt;\">Z rado\u015bci\u0105 i ogromn\u0105 satysfakcj\u0105 &#8211; jako pierwsi &#8211; udost\u0119pniamy Pa\u0144stwu (w zakresie wolnego dost\u0119pu) dzie\u0142o, nad kt\u00f3rym pochyli\u0107 powinna si\u0119 ka\u017cda osoba cho\u0107 troch\u0119 zainteresowana \u015brodkami masowego przekazu. Kazimierz Wolny &#8211; Zmorzy\u0144ski, Krystyna Doktorowicz, Pawe\u0142 P\u0142aneta oraz Ryszard Filas to redaktorzy dwutomowego &#8222;Leksykonu termin\u00f3w medialnych&#8221;. Szczeg\u00f3lnie serdecznie wydawnictwa tego gratulujemy Panu Profesorowi Kazimierzowi Wolnemu &#8211; Zmorzy\u0144skiemu z naszego Instytutu. Gor\u0105co polecamy &#8222;Leksykon&#8221; &#8211; to must read.<br \/>\n<\/span><\/p>\n<p style=\"text-align: center;\"><span style=\"font-size: 18pt;\"><a href=\"https:\/\/us.edu.pl\/instytut\/idkm\/wp-content\/uploads\/sites\/30\/Bez-kategorii\/leksykon-terminow-medialnych-1.pdf\" class=\"mtli_attachment mtli_pdf\" data-mtli=\"mtli_filesize6,78MB\">Leksykon termin\u00f3w medialnych &#8211; tom I<\/a><\/span><\/p>\n<p>&nbsp;<\/p>\n<p style=\"text-align: center;\"><span style=\"font-size: 18pt;\"><a href=\"https:\/\/us.edu.pl\/instytut\/idkm\/wp-content\/uploads\/sites\/30\/Bez-kategorii\/leksykon-terminow-medialnych-2.pdf\" class=\"mtli_attachment mtli_pdf\" data-mtli=\"mtli_filesize8,05MB\">Leksykon termin\u00f3w medialnych &#8211; tom II<\/a><\/span><\/p>\n<p>&nbsp;<\/p>\n<hr \/>\n<p>&nbsp;<\/p>\n<p style=\"text-align: center;\"><span style=\"font-size: 18pt;\"><strong>&#8222;Leksykon termin\u00f3w medialnych&#8221; sfinansowany z bud\u017cetu pa\u0144stwa w ramach Programu Ministra Edukacji i Nauki pod nazw\u0105 &#8222;Nauka dla Spo\u0142ecze\u0144stwa&#8221; (nr NdS\/530026\/2021\/2021).<\/strong><\/span><\/p>\n<p>&nbsp;<\/p>\n<hr \/>\n<p>&nbsp;<\/p>\n<p style=\"text-align: center;\"><span style=\"font-size: 14pt;\">Projekt: &#8222;Leksykon termin\u00f3w medialnych&#8221;, finansowany z konkursu NAUKA DLA SPO\u0141ECZ\u0143STWA przez Ministerstwo Edukacji i Nauki<\/span><\/p>\n<p style=\"text-align: center;\"><span style=\"font-size: 14pt;\"><strong>Kierownik projektu: prof. dr hab. Kazimierz Wolny-Zmorzy\u0144ski, Uniwersytet \u015al\u0105ski w Katowicach<\/strong><\/span><\/p>\n<p style=\"text-align: center;\"><span style=\"font-size: 14pt;\"><strong>Realizacja: 2022-2024<\/strong><\/span><\/p>\n<p style=\"text-align: center;\"><span style=\"font-size: 14pt;\"><strong>Przyznane \u015brodki: 750 000 PLN<\/strong><\/span><\/p>\n<p style=\"text-align: center;\"><span style=\"font-size: 14pt;\"><strong>Numer projektu: NdS\/530026\/2021\/2021<\/strong><\/span><\/p>\n<p>&nbsp;<\/p>\n<hr \/>\n<p>&nbsp;<\/p>\n<p style=\"padding-left: 40px;\"><span style=\"font-size: 14pt;\">Najwi\u0119kszy w Polsce leksykon medialny z udzia\u0142em pracownik\u00f3w naukowych Uniwersytetu \u015al\u0105skiego<\/span><br \/>\n<span style=\"font-size: 14pt;\">Nak\u0142adem Wydawnictwa Adam Marsza\u0142ek ukaza\u0142 si\u0119 Leksykon termin\u00f3w medialnych (2024), najwi\u0119ksza tego typu publikacja na polskim rynku medioznawczym. W pracach nad jej opracowaniem brali udzia\u0142 pracownicy naukowi Uniwersytetu \u015al\u0105skiego oraz badacze medi\u00f3w, wywodz\u0105cy si\u0119 z najwa\u017cniejszych polskich o\u015brodk\u00f3w naukowych, w kt\u00f3rych s\u0105 prowadzone studia medioznawcze, a tak\u017ce badania nad mediami i komunikacj\u0105 spo\u0142eczn\u0105.<\/span><br \/>\n<span style=\"font-size: 14pt;\">Spotkanie promuj\u0105ce Leksykon termin\u00f3w medialnych odb\u0119dzie si\u0119<\/span><\/p>\n<p style=\"padding-left: 40px; text-align: center;\"><span style=\"font-size: 14pt;\">13 marca br. (\u015broda) o godz. 9.45<\/span><\/p>\n<p style=\"padding-left: 40px;\"><span style=\"font-size: 14pt;\">w Instytucie Dziennikarstwa i Komunikacji Medialnej na Wydziale Nauk Spo\u0142ecznych Uniwersytetu \u015al\u0105skiego (sala Sympozjalna I), Katowice, ul. Bankowa 11.<br \/>\n<\/span><br \/>\n<span style=\"font-size: 14pt;\">Prowadzenie: <\/span><br \/>\n<span style=\"font-size: 14pt;\">prof. U\u015a dr hab. Mariusz Kolczy\u0144ski<\/span><br \/>\n<span style=\"font-size: 14pt;\">Dyrektor Instytutu Dziennikarstwa i Komunikacji Medialnej Uniwersytetu \u015al\u0105skiego<br \/>\n<\/span><br \/>\n<span style=\"font-size: 14pt;\">Serdecznie zapraszamy wszystkich zainteresowanych<\/span><br \/>\n<span style=\"font-size: 14pt;\">Leksykon termin\u00f3w medialnych powsta\u0142 wed\u0142ug pomys\u0142u i pod redakcj\u0105 naukow\u0105 Kazimierza Wolnego-Zmorzy\u0144skiego oraz przy wsp\u00f3\u0142pracy Krystyny Doktorowicz, Paw\u0142a P\u0142anety i Ryszarda Filasa. Publikacja to efekt projektu w ramach programu \u201eNauka dla Spo\u0142ecze\u0144stwa\u201d (NdS\/530026\/2021\/2021) finansowanego przez Ministerstwo Edukacji i Nauki.<\/span><\/p>\n<p>&nbsp;<\/p>\n<p>&nbsp;<\/p>\n<p style=\"text-align: center;\"><img class=\"aligncenter wp-image-1853 size-full\" src=\"https:\/\/us.edu.pl\/instytut\/idkm\/wp-content\/uploads\/sites\/30\/Bez-kategorii\/leksykon_01.jpg\" alt=\"\" width=\"790\" height=\"1124\" srcset=\"https:\/\/us.edu.pl\/instytut\/idkm\/wp-content\/uploads\/sites\/30\/Bez-kategorii\/leksykon_01.jpg 790w, https:\/\/us.edu.pl\/instytut\/idkm\/wp-content\/uploads\/sites\/30\/Bez-kategorii\/leksykon_01-211x300.jpg 211w, https:\/\/us.edu.pl\/instytut\/idkm\/wp-content\/uploads\/sites\/30\/Bez-kategorii\/leksykon_01-720x1024.jpg 720w, https:\/\/us.edu.pl\/instytut\/idkm\/wp-content\/uploads\/sites\/30\/Bez-kategorii\/leksykon_01-768x1093.jpg 768w, https:\/\/us.edu.pl\/instytut\/idkm\/wp-content\/uploads\/sites\/30\/Bez-kategorii\/leksykon_01-404x575.jpg 404w\" sizes=\"(max-width: 790px) 100vw, 790px\" \/><\/p>\n<hr \/>\n<hr \/>\n<hr \/>\n<hr \/>\n<hr \/>\n<hr \/>\n<hr \/>\n<hr \/>\n<hr \/>\n<p style=\"text-align: center;\">\n<p><\/p>\n<style type=\"text\/css\">a[data-mtli~=\"mtli_filesize6,78MB\"]:after {content:\" (6,78 MB)\"}a[data-mtli~=\"mtli_filesize8,05MB\"]:after {content:\" (8,05 MB)\"}<\/style>","protected":false},"excerpt":{"rendered":"<p>Z rado\u015bci\u0105 i ogromn\u0105 satysfakcj\u0105 &#8211; jako pierwsi &#8211; udost\u0119pniamy Pa\u0144stwu (w zakresie wolnego dost\u0119pu) dzie\u0142o, nad kt\u00f3rym pochyli\u0107 powinna si\u0119 ka\u017cda osoba cho\u0107 troch\u0119 zainteresowana \u015brodkami masowego przekazu. Kazimierz Wolny &#8211; Zmorzy\u0144ski, Krystyna Doktorowicz, Pawe\u0142 P\u0142aneta oraz Ryszard Filas to redaktorzy dwutomowego &#8222;Leksykonu termin\u00f3w medialnych&#8221;. Szczeg\u00f3lnie serdecznie wydawnictwa tego gratulujemy Panu Profesorowi Kazimierzowi Wolnemu [&#8230;]<\/p>\n<p><a class=\"btn btn-secondary understrap-read-more-link\" href=\"https:\/\/us.edu.pl\/instytut\/idkm\/dla-pracownika\/ogloszenia-biezace\/leksykon-terminow-medialnych\/\">Read More&#8230;<\/a><\/p>\n","protected":false},"author":202,"featured_media":0,"parent":182,"menu_order":0,"comment_status":"closed","ping_status":"closed","template":"","meta":{"_expiration-date-status":"","_expiration-date":0,"_expiration-date-type":"","_expiration-date-categories":[],"_expiration-date-options":[]},"acf":[],"_links":{"self":[{"href":"https:\/\/us.edu.pl\/instytut\/idkm\/wp-json\/wp\/v2\/pages\/1852"}],"collection":[{"href":"https:\/\/us.edu.pl\/instytut\/idkm\/wp-json\/wp\/v2\/pages"}],"about":[{"href":"https:\/\/us.edu.pl\/instytut\/idkm\/wp-json\/wp\/v2\/types\/page"}],"author":[{"embeddable":true,"href":"https:\/\/us.edu.pl\/instytut\/idkm\/wp-json\/wp\/v2\/users\/202"}],"replies":[{"embeddable":true,"href":"https:\/\/us.edu.pl\/instytut\/idkm\/wp-json\/wp\/v2\/comments?post=1852"}],"version-history":[{"count":10,"href":"https:\/\/us.edu.pl\/instytut\/idkm\/wp-json\/wp\/v2\/pages\/1852\/revisions"}],"predecessor-version":[{"id":1872,"href":"https:\/\/us.edu.pl\/instytut\/idkm\/wp-json\/wp\/v2\/pages\/1852\/revisions\/1872"}],"up":[{"embeddable":true,"href":"https:\/\/us.edu.pl\/instytut\/idkm\/wp-json\/wp\/v2\/pages\/182"}],"wp:attachment":[{"href":"https:\/\/us.edu.pl\/instytut\/idkm\/wp-json\/wp\/v2\/media?parent=1852"}],"curies":[{"name":"wp","href":"https:\/\/api.w.org\/{rel}","templated":true}]}}