{"id":1986,"date":"2024-09-20T12:41:43","date_gmt":"2024-09-20T10:41:43","guid":{"rendered":"https:\/\/us.edu.pl\/instytut\/idkm\/?page_id=1986"},"modified":"2024-09-20T12:43:48","modified_gmt":"2024-09-20T10:43:48","slug":"komunikacja-kryzysowa-w-czasie-powodzi-rozmowa-z-dr-waldemarem-sobera","status":"publish","type":"page","link":"https:\/\/us.edu.pl\/instytut\/idkm\/dla-pracownika\/ogloszenia-biezace\/komunikacja-kryzysowa-w-czasie-powodzi-rozmowa-z-dr-waldemarem-sobera\/","title":{"rendered":"Komunikacja kryzysowa w czasie powodzi &#8211; rozmowa z dr. Waldemarem Sober\u0105"},"content":{"rendered":"<p><\/p>\n<p style=\"padding-left: 40px;\"><span style=\"font-size: 14pt;\">Komunikacja kryzysowa i zarz\u0105dzanie kryzysowe a pow\u00f3d\u017a. Temat ten przybli\u017cy\u0142 Doktor Waldemar Sobera z naszego Instytutu w rozmowie z naszym studentem Bart\u0142omiejem Nogielskim w ramach Dziennikarskiego Ko\u0142a Kulturalnego.<\/span><br \/>\n<span style=\"font-size: 14pt;\">Zach\u0119camy do wys\u0142uchania.<\/span><\/p>\n<hr \/>\n<p>&nbsp;<\/p>\n<p><iframe loading=\"lazy\" title=\"Si\u0142a S\u0142owa w Czasie Kryzysu: Pow\u00f3d\u017a a Komunikacja Kryzysowa\" width=\"640\" height=\"360\" src=\"https:\/\/www.youtube.com\/embed\/h_Z-9KhmAyE?feature=oembed\" frameborder=\"0\" allow=\"accelerometer; autoplay; clipboard-write; encrypted-media; gyroscope; picture-in-picture; web-share\" referrerpolicy=\"strict-origin-when-cross-origin\" allowfullscreen><\/iframe><\/p>","protected":false},"excerpt":{"rendered":"<p>Komunikacja kryzysowa i zarz\u0105dzanie kryzysowe a pow\u00f3d\u017a. Temat ten przybli\u017cy\u0142 Doktor Waldemar Sobera z naszego Instytutu w rozmowie z naszym studentem Bart\u0142omiejem Nogielskim w ramach Dziennikarskiego Ko\u0142a Kulturalnego. Zach\u0119camy do wys\u0142uchania. &nbsp; [&#8230;]<\/p>\n<p><a class=\"btn btn-secondary understrap-read-more-link\" href=\"https:\/\/us.edu.pl\/instytut\/idkm\/dla-pracownika\/ogloszenia-biezace\/komunikacja-kryzysowa-w-czasie-powodzi-rozmowa-z-dr-waldemarem-sobera\/\">Read More&#8230;<\/a><\/p>\n","protected":false},"author":202,"featured_media":0,"parent":182,"menu_order":0,"comment_status":"closed","ping_status":"closed","template":"","meta":{"_expiration-date-status":"","_expiration-date":0,"_expiration-date-type":"","_expiration-date-categories":[],"_expiration-date-options":[]},"acf":[],"_links":{"self":[{"href":"https:\/\/us.edu.pl\/instytut\/idkm\/wp-json\/wp\/v2\/pages\/1986"}],"collection":[{"href":"https:\/\/us.edu.pl\/instytut\/idkm\/wp-json\/wp\/v2\/pages"}],"about":[{"href":"https:\/\/us.edu.pl\/instytut\/idkm\/wp-json\/wp\/v2\/types\/page"}],"author":[{"embeddable":true,"href":"https:\/\/us.edu.pl\/instytut\/idkm\/wp-json\/wp\/v2\/users\/202"}],"replies":[{"embeddable":true,"href":"https:\/\/us.edu.pl\/instytut\/idkm\/wp-json\/wp\/v2\/comments?post=1986"}],"version-history":[{"count":3,"href":"https:\/\/us.edu.pl\/instytut\/idkm\/wp-json\/wp\/v2\/pages\/1986\/revisions"}],"predecessor-version":[{"id":1998,"href":"https:\/\/us.edu.pl\/instytut\/idkm\/wp-json\/wp\/v2\/pages\/1986\/revisions\/1998"}],"up":[{"embeddable":true,"href":"https:\/\/us.edu.pl\/instytut\/idkm\/wp-json\/wp\/v2\/pages\/182"}],"wp:attachment":[{"href":"https:\/\/us.edu.pl\/instytut\/idkm\/wp-json\/wp\/v2\/media?parent=1986"}],"curies":[{"name":"wp","href":"https:\/\/api.w.org\/{rel}","templated":true}]}}