{"id":2086,"date":"2024-10-19T19:48:10","date_gmt":"2024-10-19T17:48:10","guid":{"rendered":"https:\/\/us.edu.pl\/instytut\/idkm\/?page_id=2086"},"modified":"2025-10-23T11:46:48","modified_gmt":"2025-10-23T09:46:48","slug":"dr-hab-wojciech-welskop-prof-us","status":"publish","type":"page","link":"https:\/\/us.edu.pl\/instytut\/idkm\/11-2\/pracownicy\/dr-hab-wojciech-welskop-prof-us\/","title":{"rendered":"dr hab. Wojciech Welskop, prof. U\u015a"},"content":{"rendered":"<p><\/p>\n<h3 style=\"text-align: center;\">dr hab. Wojciech Welskop, prof. U\u015a<\/h3>\n<p style=\"text-align: center;\"><img class=\"alignnone wp-image-2999 size-full\" src=\"https:\/\/us.edu.pl\/instytut\/idkm\/wp-content\/uploads\/sites\/30\/Bez-kategorii\/wojciech-welskop-1.jpg\" alt=\"\" width=\"640\" height=\"640\" srcset=\"https:\/\/us.edu.pl\/instytut\/idkm\/wp-content\/uploads\/sites\/30\/Bez-kategorii\/wojciech-welskop-1.jpg 640w, https:\/\/us.edu.pl\/instytut\/idkm\/wp-content\/uploads\/sites\/30\/Bez-kategorii\/wojciech-welskop-1-300x300.jpg 300w, https:\/\/us.edu.pl\/instytut\/idkm\/wp-content\/uploads\/sites\/30\/Bez-kategorii\/wojciech-welskop-1-400x400.jpg 400w, https:\/\/us.edu.pl\/instytut\/idkm\/wp-content\/uploads\/sites\/30\/Bez-kategorii\/wojciech-welskop-1-575x575.jpg 575w\" sizes=\"(max-width: 640px) 100vw, 640px\" \/><\/p>\n<p>&nbsp;<\/p>\n<p style=\"padding-left: 40px;\"><span style=\"font-size: 14pt; font-family: verdana, geneva, sans-serif;\">Adres mailowy<\/span><br \/>\n<span style=\"font-family: verdana, geneva, sans-serif;\"><strong><a href=\"mailto:wojciech.welskop@us.edu.pl\"><span style=\"font-size: 14pt;\">wojciech.welskop@us.edu.pl<\/span><\/a><\/strong><\/span><\/p>\n<p style=\"padding-left: 40px;\"><span style=\"font-size: 14pt; font-family: verdana, geneva, sans-serif;\">ORCID<\/span><br \/>\n<span style=\"font-family: verdana, geneva, sans-serif;\"><strong><a href=\"https:\/\/orcid.org\/0000-0002-9457-0586\"><span style=\"font-size: 14pt;\">https:\/\/orcid.org\/0000-0002-9457-0586<\/span><\/a><\/strong><\/span><\/p>\n<p style=\"padding-left: 40px;\"><span style=\"font-size: 14pt; font-family: verdana, geneva, sans-serif;\">Research Gate<\/span><br \/>\n<span style=\"font-family: verdana, geneva, sans-serif;\"><strong><a href=\"https:\/\/www.researchgate.net\/profile\/Wojciech-Welskop\"><span style=\"font-size: 14pt;\">https:\/\/www.researchgate.net\/profile\/Wojciech-Welskop<\/span><\/a><\/strong><\/span><\/p>\n<p style=\"padding-left: 40px;\"><span style=\"font-size: 14pt; font-family: verdana, geneva, sans-serif;\">Academia.edu<\/span><br \/>\n<span style=\"font-family: verdana, geneva, sans-serif;\"><strong><a href=\"https:\/\/silesian.academia.edu\/WojciechWelskop\"><span style=\"font-size: 14pt;\">https:\/\/silesian.academia.edu\/WojciechWelskop<\/span><\/a><\/strong><\/span><\/p>\n<p style=\"padding-left: 40px;\"><span style=\"font-size: 14pt; font-family: verdana, geneva, sans-serif;\">Google Scholar<\/span><br \/>\n<span style=\"font-family: verdana, geneva, sans-serif;\"><strong><a href=\"https:\/\/scholar.google.pl\/citations?user=Da7GqyAAAAAJ&amp;hl=pl\"><span style=\"font-size: 14pt;\">https:\/\/scholar.google.pl\/citations?user=Da7GqyAAAAAJ&amp;hl=pl<\/span><\/a><\/strong><\/span><\/p>\n<p style=\"padding-left: 40px;\"><span style=\"font-family: verdana, geneva, sans-serif;\"><strong><span style=\"font-size: 14pt;\">Obszar zainteresowa\u0144 badawczych<\/span><\/strong><\/span><\/p>\n<ul>\n<li><span style=\"font-size: 14pt; font-family: verdana, geneva, sans-serif;\">globalizacja medi\u00f3w<\/span><\/li>\n<li><span style=\"font-size: 14pt; font-family: verdana, geneva, sans-serif;\">media immersyjne<\/span><\/li>\n<li><span style=\"font-size: 14pt; font-family: verdana, geneva, sans-serif;\"><span style=\"font-size: 14pt;\"><span style=\"font-size: 14pt;\">komunikowanie masowe<\/span><\/span><\/span><\/li>\n<\/ul>\n<p style=\"padding-left: 40px;\"><span style=\"font-size: 12pt; font-family: verdana, geneva, sans-serif;\"><b>Wybrane publikacje<\/b><\/span><\/p>\n<p style=\"padding-left: 40px;\"><span style=\"font-size: 12pt; font-family: verdana, geneva, sans-serif;\">Welskop, W. (2025). Rozszerzona rzeczywisto\u015b\u0107 (AR) w dziennikarstwie \u2013 analiza 31 eksperyment\u00f3w opublikowanych w The New York Times. <em>Zeszyty Prasoznawcze<\/em>, tom 68, nr 2 (262).<\/span><\/p>\n<p style=\"padding-left: 40px;\"><span style=\"font-family: verdana, geneva, sans-serif; font-size: 12pt;\">Welskop, W. (2025). Immersive media as a tool for overcoming communication barriers in higher education: the example of virtual reality (VR). <em>Law \u2022 Education \u2022 Security<\/em>, nr 1 (126).<\/span><\/p>\n<p style=\"padding-left: 40px;\"><span style=\"font-family: verdana, geneva, sans-serif; font-size: 12pt;\">Welskop, W. (2024). The McDonaldization of streaming services in Poland: a case study of Netflix. <em>Transformacje Pismo Interdyscyplinarne<\/em>, nr 4 (123).<\/span><\/p>\n<p style=\"padding-left: 40px;\"><span style=\"font-family: verdana, geneva, sans-serif; font-size: 12pt;\">Welskop, W. (2023). ChatGPT in higher education, <em>International Journal of New Economics and Social Sciences (IJONESS)<\/em>, nr 17 (1).<\/span><\/p>\n<p style=\"padding-left: 40px;\"><span style=\"font-family: verdana, geneva, sans-serif; font-size: 12pt;\">Welskop, W., Loboda, S. (2023). Advantages and challenges of self-report surveys in Polish criminological research, <em>Law \u2022 Education \u2022 Security<\/em>, nr 2 (119).<\/span><\/p>\n<p style=\"padding-left: 40px;\"><span style=\"font-family: verdana, geneva, sans-serif; font-size: 12pt;\">Welskop, W., Loboda, S. (2023). McDonaldization of school socialization, <em>Transformacje Pismo Interdyscyplinarne<\/em>, nr 4 (119).<\/span><\/p>\n<p style=\"padding-left: 40px;\"><span style=\"font-family: verdana, geneva, sans-serif; font-size: 12pt;\">Welskop, W., Voloshyn, Y. (ed.) (2021). <em>Modern international relations: current problems of theory and practice<\/em>. \u0141\u00f3d\u017a-Kij\u00f3w, Wydawnictwo Naukowe WSBiNoZ.<\/span><\/p>\n<p style=\"padding-left: 40px;\"><span style=\"font-family: verdana, geneva, sans-serif; font-size: 12pt;\">Welskop, W. (2019). <em>Wsp\u00f3\u0142czesna szko\u0142a wy\u017csza \u015bwi\u0105tyni\u0105 konsumpcji? Szkolnictwo wy\u017csze na tle przeobra\u017ce\u0144 spo\u0142eczno-politycznych w zglobalizowanym \u015bwiecie<\/em>. Toru\u0144, Wydawnictwo Adam Marsza\u0142ek.<\/span><\/p>\n<p style=\"padding-left: 40px;\"><span style=\"font-family: verdana, geneva, sans-serif; font-size: 12pt;\">Welskop, W., Tana\u015b, V. (red.) (2019). <em>Mass media we wsp\u00f3\u0142czesnym \u015bwiecie<\/em>. \u0141\u00f3d\u017a, Wydawnictwo Naukowe WSBiNoZ.<\/span><\/p>\n<p style=\"padding-left: 40px;\"><span style=\"font-family: verdana, geneva, sans-serif; font-size: 12pt;\">Welskop, W., Tana\u015b, V. (red.) (2017). <em>Cz\u0142owiek wobec zagro\u017ce\u0144 wsp\u00f3\u0142czesno\u015bci<\/em>. \u0141\u00f3d\u017a, Wydawnictwo Naukowe WSBiNoZ.<\/span><\/p>\n<p style=\"padding-left: 40px;\"><span style=\"font-family: verdana, geneva, sans-serif; font-size: 12pt;\">Welskop, W. (2017). Makdonaldyzacja systemu edukacyjnego w Polsce, <em>Studia Edukacyjne<\/em>, nr 44\/2017.<\/span><\/p>\n<p style=\"padding-left: 40px;\"><span style=\"font-family: verdana, geneva, sans-serif; font-size: 12pt;\">Welskop, W. (2014). <em>Jak napisa\u0107 prac\u0119 licencjack\u0105 i magistersk\u0105? Poradnik dla student\u00f3w<\/em>. \u0141\u00f3d\u017a, Wydawnictwo Naukowe WSBiNoZ.<\/span><\/p>\n<p style=\"padding-left: 40px;\"><span style=\"font-family: verdana, geneva, sans-serif; font-size: 12pt;\">Welskop, W. (2013). <em>Zjawisko prostytucji w Polsce po 1989 roku<\/em>. Toru\u0144, Wydawnictwo Europejskie Centrum Edukacyjne.\u00a0<\/span><\/p>\n<p style=\"padding-left: 40px;\"><span style=\"font-family: verdana, geneva, sans-serif; font-size: 12pt;\"><b>Projekty badawcze<\/b><\/span><\/p>\n<p style=\"padding-left: 40px;\"><span style=\"font-family: verdana, geneva, sans-serif; font-size: 12pt;\"><i>Empowering the Employability of Low-Skilled and Low-Qualified Adults in Home Care Sector \u2013 EMPOWER4EMPLOYMENT Project<\/i><\/span><\/p>\n<p style=\"padding-left: 40px;\"><span style=\"font-family: verdana, geneva, sans-serif; font-size: 12pt;\">Podmioty realizuj\u0105ce: Wy\u017csza Szko\u0142a Biznesu i Nauk o Zdrowiu w \u0141odzi; Bit-Management Beratung Gesmbh (Austria); Izmir Chamber Of Commerce (Turkey); Menderes Belediyesi (Turkey); Redefine &#8211; Associa\u00e7\u00e3o Para A Investiga\u00e7\u00e3o, Educa\u00e7\u00e3o E Desenvolvimento (Portugal)<\/span><\/p>\n<p style=\"padding-left: 40px;\"><span style=\"font-family: verdana, geneva, sans-serif; font-size: 12pt;\">Czas trwania projektu: 11.11.2019 &#8211; 10.11.2021<\/span><\/p>\n<p style=\"padding-left: 40px;\"><span style=\"font-family: verdana, geneva, sans-serif; font-size: 12pt;\">Erasmus + Strategic Partnership for vocational education and training<\/span><\/p>\n<p style=\"padding-left: 40px;\"><span style=\"font-family: verdana, geneva, sans-serif; font-size: 12pt;\">Numer projektu: 2019-1-TR01-KA204-076960<\/span><\/p>\n<p style=\"padding-left: 40px;\"><span style=\"font-family: verdana, geneva, sans-serif; font-size: 12pt;\">Koordynator merytoryczny projektu w Polsce<\/span><\/p>\n<p style=\"padding-left: 40px;\"><span style=\"font-family: verdana, geneva, sans-serif; font-size: 12pt;\"><i>TeBelSi \u2013 Part Certification in the Professional Field of Information Security<\/i><\/span><\/p>\n<p style=\"padding-left: 40px;\"><span style=\"font-family: verdana, geneva, sans-serif; font-size: 12pt;\">Podmioty realizuj\u0105ce: Wy\u017csza Szko\u0142a Biznesu i Nauk o Zdrowiu w \u0141odzi; BF\/M-Bayreuth \u2013 Betriebswirtschaftliches Forschungszentrum f\u00fcr Fragen der mittelst\u00e4ndischen Wirtschaft e. V. an der Universit\u00e4t Bayreuth (Germany); SCV &#8211; StudioCentroVeneto s.a.s. di Antonio Brunello &amp; C. (Italy); Mykolas Romeris University (Lithuania); Hafelekar &#8211; Hafelekar Unternehmensberatung Schober GmbH (Austria)<\/span><\/p>\n<p style=\"padding-left: 40px;\"><span style=\"font-family: verdana, geneva, sans-serif; font-size: 12pt;\">Czas trwania projektu: 01.09.2018-31.08.2021<\/span><\/p>\n<p style=\"padding-left: 40px;\"><span style=\"font-family: verdana, geneva, sans-serif; font-size: 12pt;\">Erasmus + Strategic Partnership for vocational education and training<\/span><\/p>\n<p style=\"padding-left: 40px;\"><span style=\"font-family: verdana, geneva, sans-serif; font-size: 12pt;\">Numer projektu: 2018-1-DE02-KA202-005218<\/span><\/p>\n<p style=\"padding-left: 40px;\"><span style=\"font-family: verdana, geneva, sans-serif; font-size: 12pt;\">Koordynator merytoryczny projektu w Polsce<\/span><\/p>\n<p style=\"padding-left: 40px;\"><span style=\"font-family: verdana, geneva, sans-serif; font-size: 12pt;\"><i>NEMO &#8211; New models for Youth Growth Through Conflict Management<\/i><\/span><\/p>\n<p style=\"padding-left: 40px;\"><span style=\"font-family: verdana, geneva, sans-serif; font-size: 12pt;\">Podmioty realizuj\u0105ce: Wy\u017csza Szko\u0142a Biznesu i Nauk o Zdrowiu w \u0141odzi; E Squared (E2) Enterprise and Employability CIC (Great Britain); TUCEP Tiber Umbria Comett Education Programme (Italy); EUROACCION Asociacion Cultural Euroaccion Murcia (Spain); EQUAL Ireland Education Research and Related Services Co. Ltd (Ireland); RATO &#8211; Associacao para a Divulgacao Cultural e Cientifica (Portugal); ITPIO Institut za Podgotovka na Slujiteliv Mejdunarodni Organizacii Zdruzhenie (Bulgaria)<\/span><\/p>\n<p style=\"padding-left: 40px;\"><span style=\"font-family: verdana, geneva, sans-serif; font-size: 12pt;\">Czas trwania projektu: 01.09.2018-30.09.2020<\/span><\/p>\n<p style=\"padding-left: 40px;\"><span style=\"font-family: verdana, geneva, sans-serif; font-size: 12pt;\">Erasmus + Strategic Partnership for youth<br \/>\nNumer projektu: 2018-1-UK01-KA205-047791<\/span><\/p>\n<p style=\"padding-left: 40px;\"><span style=\"font-family: verdana, geneva, sans-serif; font-size: 12pt;\">Koordynator merytoryczny projektu w Polsce<\/span><\/p>\n<p>&nbsp;<\/p>","protected":false},"excerpt":{"rendered":"<p>dr hab. Wojciech Welskop, prof. U\u015a &nbsp; Adres mailowy wojciech.welskop@us.edu.pl ORCID https:\/\/orcid.org\/0000-0002-9457-0586 Research Gate https:\/\/www.researchgate.net\/profile\/Wojciech-Welskop Academia.edu https:\/\/silesian.academia.edu\/WojciechWelskop Google Scholar https:\/\/scholar.google.pl\/citations?user=Da7GqyAAAAAJ&amp;hl=pl Obszar zainteresowa\u0144 badawczych globalizacja medi\u00f3w media immersyjne komunikowanie masowe Wybrane publikacje Welskop, W. (2025). Rozszerzona rzeczywisto\u015b\u0107 (AR) w dziennikarstwie \u2013 analiza 31 eksperyment\u00f3w opublikowanych w The New York Times. Zeszyty Prasoznawcze, tom 68, nr 2 [&#8230;]<\/p>\n<p><a class=\"btn btn-secondary understrap-read-more-link\" href=\"https:\/\/us.edu.pl\/instytut\/idkm\/11-2\/pracownicy\/dr-hab-wojciech-welskop-prof-us\/\">Read More&#8230;<\/a><\/p>\n","protected":false},"author":202,"featured_media":2999,"parent":150,"menu_order":0,"comment_status":"closed","ping_status":"closed","template":"","meta":{"_expiration-date-status":"","_expiration-date":0,"_expiration-date-type":"","_expiration-date-categories":[],"_expiration-date-options":[]},"acf":[],"_links":{"self":[{"href":"https:\/\/us.edu.pl\/instytut\/idkm\/wp-json\/wp\/v2\/pages\/2086"}],"collection":[{"href":"https:\/\/us.edu.pl\/instytut\/idkm\/wp-json\/wp\/v2\/pages"}],"about":[{"href":"https:\/\/us.edu.pl\/instytut\/idkm\/wp-json\/wp\/v2\/types\/page"}],"author":[{"embeddable":true,"href":"https:\/\/us.edu.pl\/instytut\/idkm\/wp-json\/wp\/v2\/users\/202"}],"replies":[{"embeddable":true,"href":"https:\/\/us.edu.pl\/instytut\/idkm\/wp-json\/wp\/v2\/comments?post=2086"}],"version-history":[{"count":10,"href":"https:\/\/us.edu.pl\/instytut\/idkm\/wp-json\/wp\/v2\/pages\/2086\/revisions"}],"predecessor-version":[{"id":3010,"href":"https:\/\/us.edu.pl\/instytut\/idkm\/wp-json\/wp\/v2\/pages\/2086\/revisions\/3010"}],"up":[{"embeddable":true,"href":"https:\/\/us.edu.pl\/instytut\/idkm\/wp-json\/wp\/v2\/pages\/150"}],"wp:featuredmedia":[{"embeddable":true,"href":"https:\/\/us.edu.pl\/instytut\/idkm\/wp-json\/wp\/v2\/media\/2999"}],"wp:attachment":[{"href":"https:\/\/us.edu.pl\/instytut\/idkm\/wp-json\/wp\/v2\/media?parent=2086"}],"curies":[{"name":"wp","href":"https:\/\/api.w.org\/{rel}","templated":true}]}}