{"id":2554,"date":"2025-05-10T12:35:57","date_gmt":"2025-05-10T10:35:57","guid":{"rendered":"https:\/\/us.edu.pl\/instytut\/idkm\/?page_id=2554"},"modified":"2025-05-10T12:43:38","modified_gmt":"2025-05-10T10:43:38","slug":"kondolencje-dla-pana-dyrektora-prof-mariusza-kolczynskiego","status":"publish","type":"page","link":"https:\/\/us.edu.pl\/instytut\/idkm\/kondolencje-dla-pana-dyrektora-prof-mariusza-kolczynskiego\/","title":{"rendered":"Kondolencje dla Pana Dyrektora, prof. Mariusza Kolczy\u0144skiego"},"content":{"rendered":"<p><\/p>\n<p style=\"padding-left: 40px; text-align: center;\"><img class=\"aligncenter wp-image-2568 size-full\" src=\"https:\/\/us.edu.pl\/instytut\/idkm\/wp-content\/uploads\/sites\/30\/2025\/05\/zzzzzzzzzzzjkhkzzzzzz4.jpg\" alt=\"\" width=\"1280\" height=\"853\" srcset=\"https:\/\/us.edu.pl\/instytut\/idkm\/wp-content\/uploads\/sites\/30\/2025\/05\/zzzzzzzzzzzjkhkzzzzzz4.jpg 1280w, https:\/\/us.edu.pl\/instytut\/idkm\/wp-content\/uploads\/sites\/30\/2025\/05\/zzzzzzzzzzzjkhkzzzzzz4-300x200.jpg 300w, https:\/\/us.edu.pl\/instytut\/idkm\/wp-content\/uploads\/sites\/30\/2025\/05\/zzzzzzzzzzzjkhkzzzzzz4-1024x682.jpg 1024w, https:\/\/us.edu.pl\/instytut\/idkm\/wp-content\/uploads\/sites\/30\/2025\/05\/zzzzzzzzzzzjkhkzzzzzz4-768x512.jpg 768w, https:\/\/us.edu.pl\/instytut\/idkm\/wp-content\/uploads\/sites\/30\/2025\/05\/zzzzzzzzzzzjkhkzzzzzz4-575x383.jpg 575w\" sizes=\"(max-width: 1280px) 100vw, 1280px\" \/><\/p>\n<p>&nbsp;<\/p>\n<p style=\"padding-left: 40px;\"><span style=\"font-size: 18pt;\">Wyrazy g\u0142\u0119bokiego wsp\u00f3\u0142czucia z powodu \u015bmierci<\/span><\/p>\n<p style=\"padding-left: 40px; text-align: center;\"><span style=\"font-size: 18pt;\">\u017bony<\/span><\/p>\n<p style=\"padding-left: 40px;\"><span style=\"font-size: 18pt;\">sk\u0142adamy Panu Dyrektorowi prof. Mariuszowi Kolczy\u0144skiemu.<\/span><\/p>\n<p style=\"padding-left: 40px;\"><span style=\"font-size: 18pt;\">Nasze najszczersze kondolencje kierujemy do wszystkich Bliskich Zmar\u0142ej, \u0142\u0105cz\u0105c si\u0119 z nimi w smutku i \u017ca\u0142obie.<\/span><\/p>\n<p style=\"padding-left: 40px; text-align: right;\"><span style=\"font-size: 14pt;\">Pracownicy i ca\u0142a spo\u0142eczno\u015b\u0107 Instytutu Dziennikarstwa i Komunikacji Medialnej<\/span><\/p>\n<p>&nbsp;<\/p>","protected":false},"excerpt":{"rendered":"<p>&nbsp; Wyrazy g\u0142\u0119bokiego wsp\u00f3\u0142czucia z powodu \u015bmierci \u017bony sk\u0142adamy Panu Dyrektorowi prof. Mariuszowi Kolczy\u0144skiemu. Nasze najszczersze kondolencje kierujemy do wszystkich Bliskich Zmar\u0142ej, \u0142\u0105cz\u0105c si\u0119 z nimi w smutku i \u017ca\u0142obie. Pracownicy i ca\u0142a spo\u0142eczno\u015b\u0107 Instytutu Dziennikarstwa i Komunikacji Medialnej &nbsp; [&#8230;]<\/p>\n<p><a class=\"btn btn-secondary understrap-read-more-link\" href=\"https:\/\/us.edu.pl\/instytut\/idkm\/kondolencje-dla-pana-dyrektora-prof-mariusza-kolczynskiego\/\">Read More&#8230;<\/a><\/p>\n","protected":false},"author":202,"featured_media":2556,"parent":0,"menu_order":0,"comment_status":"closed","ping_status":"closed","template":"","meta":{"_expiration-date-status":"","_expiration-date":0,"_expiration-date-type":"","_expiration-date-categories":[],"_expiration-date-options":[]},"acf":[],"_links":{"self":[{"href":"https:\/\/us.edu.pl\/instytut\/idkm\/wp-json\/wp\/v2\/pages\/2554"}],"collection":[{"href":"https:\/\/us.edu.pl\/instytut\/idkm\/wp-json\/wp\/v2\/pages"}],"about":[{"href":"https:\/\/us.edu.pl\/instytut\/idkm\/wp-json\/wp\/v2\/types\/page"}],"author":[{"embeddable":true,"href":"https:\/\/us.edu.pl\/instytut\/idkm\/wp-json\/wp\/v2\/users\/202"}],"replies":[{"embeddable":true,"href":"https:\/\/us.edu.pl\/instytut\/idkm\/wp-json\/wp\/v2\/comments?post=2554"}],"version-history":[{"count":4,"href":"https:\/\/us.edu.pl\/instytut\/idkm\/wp-json\/wp\/v2\/pages\/2554\/revisions"}],"predecessor-version":[{"id":2574,"href":"https:\/\/us.edu.pl\/instytut\/idkm\/wp-json\/wp\/v2\/pages\/2554\/revisions\/2574"}],"wp:featuredmedia":[{"embeddable":true,"href":"https:\/\/us.edu.pl\/instytut\/idkm\/wp-json\/wp\/v2\/media\/2556"}],"wp:attachment":[{"href":"https:\/\/us.edu.pl\/instytut\/idkm\/wp-json\/wp\/v2\/media?parent=2554"}],"curies":[{"name":"wp","href":"https:\/\/api.w.org\/{rel}","templated":true}]}}