{"id":2950,"date":"2025-09-13T18:50:50","date_gmt":"2025-09-13T16:50:50","guid":{"rendered":"https:\/\/us.edu.pl\/instytut\/idkm\/?page_id=2950"},"modified":"2025-09-13T18:50:50","modified_gmt":"2025-09-13T16:50:50","slug":"constructing-the-future-reflections-on-career-building-in-the-research-field","status":"publish","type":"page","link":"https:\/\/us.edu.pl\/instytut\/idkm\/dla-pracownika\/ogloszenia-biezace\/constructing-the-future-reflections-on-career-building-in-the-research-field\/","title":{"rendered":"Constructing the Future: Reflections on Career Building in the Research Field"},"content":{"rendered":"<p><\/p>\n<p style=\"padding-left: 40px;\"><span style=\"font-size: 14pt;\">Serdecznie zapraszamy na wyj\u0105tkowe spotkanie z prof. Rachel Gibson z Uniwersytetu w Manchesterze, \u015bwiatowej s\u0142awy naukowczyni\u0105, laureatk\u0105 grantu ERC w dziedzinie komunikacji i polityki. To specjalne wydarzenie skierowane jest do m\u0142odych naukowczy\u0144 i naukowc\u00f3w oraz os\u00f3b stawiaj\u0105cych pierwsze kroki w badaniach z zakresu dziennikarstwa, komunikacji spo\u0142ecznej, nauk politycznych, socjologii i psychologii. Spotkanie b\u0119dzie po\u015bwi\u0119cone mo\u017cliwo\u015bciom, wyzwaniom i refleksjom dotycz\u0105cym budowania kariery akademickiej. Jest to nie tylko okazja do wys\u0142uchania wyk\u0142adu, ale tak\u017ce do aktywnego udzia\u0142u \u2013 zach\u0119camy uczestnik\u00f3w do przygotowania z wyprzedzeniem pyta\u0144 zwi\u0105zanych z rozwojem ich kariery akademickiej!<\/span><\/p>\n<p style=\"padding-left: 40px;\"><span style=\"font-size: 14pt;\">Spotkanie odb\u0119dzie si\u0119 we wtorek 23 wrze\u015bnia o 11:30 na Wydziale Nauk Spo\u0142ecznych U\u015a w Katowicach, przy ul. Bankowej 11, w sali 39. Poprowadzi je dr hab. Karolina Koc-Michalska, prof. U\u015a.<\/span><\/p>\n<p style=\"padding-left: 40px;\"><span style=\"font-size: 14pt;\">Organizatorem wydarzenia jest Instytut Dziennikarstwa i Komunikacji Medialnej U\u015a.<\/span><\/p>\n<p style=\"padding-left: 40px;\"><span style=\"font-size: 14pt;\">Projekt \u201eConstructing the Future: Reflections on Career Building in the Research Field\u201d zosta\u0142 dofinansowany przez G\u00f3rno\u015bl\u0105sko-Zag\u0142\u0119biowsk\u0105 Metropoli\u0119 w ramach Programu \u201eMetropolitalny Fundusz Wspierania Nauki\u201d.<\/p>\n<p><\/span><\/p>\n<p style=\"text-align: center;\"><img class=\"alignnone wp-image-2948 size-full\" src=\"https:\/\/us.edu.pl\/instytut\/idkm\/wp-content\/uploads\/sites\/30\/Bez-kategorii\/Rachel-Gibson-plakat.png\" alt=\"\" width=\"1587\" height=\"2245\" srcset=\"https:\/\/us.edu.pl\/instytut\/idkm\/wp-content\/uploads\/sites\/30\/Bez-kategorii\/Rachel-Gibson-plakat.png 1587w, https:\/\/us.edu.pl\/instytut\/idkm\/wp-content\/uploads\/sites\/30\/Bez-kategorii\/Rachel-Gibson-plakat-212x300.png 212w, https:\/\/us.edu.pl\/instytut\/idkm\/wp-content\/uploads\/sites\/30\/Bez-kategorii\/Rachel-Gibson-plakat-724x1024.png 724w, https:\/\/us.edu.pl\/instytut\/idkm\/wp-content\/uploads\/sites\/30\/Bez-kategorii\/Rachel-Gibson-plakat-768x1086.png 768w, https:\/\/us.edu.pl\/instytut\/idkm\/wp-content\/uploads\/sites\/30\/Bez-kategorii\/Rachel-Gibson-plakat-1086x1536.png 1086w, https:\/\/us.edu.pl\/instytut\/idkm\/wp-content\/uploads\/sites\/30\/Bez-kategorii\/Rachel-Gibson-plakat-1448x2048.png 1448w, https:\/\/us.edu.pl\/instytut\/idkm\/wp-content\/uploads\/sites\/30\/Bez-kategorii\/Rachel-Gibson-plakat-406x575.png 406w\" sizes=\"(max-width: 1587px) 100vw, 1587px\" \/><\/p>\n<p><\/p>","protected":false},"excerpt":{"rendered":"<p>Serdecznie zapraszamy na wyj\u0105tkowe spotkanie z prof. Rachel Gibson z Uniwersytetu w Manchesterze, \u015bwiatowej s\u0142awy naukowczyni\u0105, laureatk\u0105 grantu ERC w dziedzinie komunikacji i polityki. To specjalne wydarzenie skierowane jest do m\u0142odych naukowczy\u0144 i naukowc\u00f3w oraz os\u00f3b stawiaj\u0105cych pierwsze kroki w badaniach z zakresu dziennikarstwa, komunikacji spo\u0142ecznej, nauk politycznych, socjologii i psychologii. Spotkanie b\u0119dzie po\u015bwi\u0119cone mo\u017cliwo\u015bciom, [&#8230;]<\/p>\n<p><a class=\"btn btn-secondary understrap-read-more-link\" href=\"https:\/\/us.edu.pl\/instytut\/idkm\/dla-pracownika\/ogloszenia-biezace\/constructing-the-future-reflections-on-career-building-in-the-research-field\/\">Read More&#8230;<\/a><\/p>\n","protected":false},"author":202,"featured_media":2947,"parent":182,"menu_order":0,"comment_status":"closed","ping_status":"closed","template":"","meta":{"_expiration-date-status":"","_expiration-date":0,"_expiration-date-type":"","_expiration-date-categories":[],"_expiration-date-options":[]},"acf":[],"_links":{"self":[{"href":"https:\/\/us.edu.pl\/instytut\/idkm\/wp-json\/wp\/v2\/pages\/2950"}],"collection":[{"href":"https:\/\/us.edu.pl\/instytut\/idkm\/wp-json\/wp\/v2\/pages"}],"about":[{"href":"https:\/\/us.edu.pl\/instytut\/idkm\/wp-json\/wp\/v2\/types\/page"}],"author":[{"embeddable":true,"href":"https:\/\/us.edu.pl\/instytut\/idkm\/wp-json\/wp\/v2\/users\/202"}],"replies":[{"embeddable":true,"href":"https:\/\/us.edu.pl\/instytut\/idkm\/wp-json\/wp\/v2\/comments?post=2950"}],"version-history":[{"count":1,"href":"https:\/\/us.edu.pl\/instytut\/idkm\/wp-json\/wp\/v2\/pages\/2950\/revisions"}],"predecessor-version":[{"id":2951,"href":"https:\/\/us.edu.pl\/instytut\/idkm\/wp-json\/wp\/v2\/pages\/2950\/revisions\/2951"}],"up":[{"embeddable":true,"href":"https:\/\/us.edu.pl\/instytut\/idkm\/wp-json\/wp\/v2\/pages\/182"}],"wp:featuredmedia":[{"embeddable":true,"href":"https:\/\/us.edu.pl\/instytut\/idkm\/wp-json\/wp\/v2\/media\/2947"}],"wp:attachment":[{"href":"https:\/\/us.edu.pl\/instytut\/idkm\/wp-json\/wp\/v2\/media?parent=2950"}],"curies":[{"name":"wp","href":"https:\/\/api.w.org\/{rel}","templated":true}]}}