{"id":2962,"date":"2025-09-26T14:17:09","date_gmt":"2025-09-26T12:17:09","guid":{"rendered":"https:\/\/us.edu.pl\/instytut\/idkm\/?page_id=2962"},"modified":"2025-09-26T15:22:24","modified_gmt":"2025-09-26T13:22:24","slug":"sprawozdanie-z-vii-kongresu-polskiego-towarzystwa-komunikacji-spolecznej","status":"publish","type":"page","link":"https:\/\/us.edu.pl\/instytut\/idkm\/dla-pracownika\/ogloszenia-biezace\/sprawozdanie-z-vii-kongresu-polskiego-towarzystwa-komunikacji-spolecznej\/","title":{"rendered":"Sprawozdanie z VII Kongresu Polskiego Towarzystwa Komunikacji Spo\u0142ecznej"},"content":{"rendered":"<p><\/p>\n<h2 style=\"padding-left: 40px;\">Sprawozdanie z VII Kongresu Polskiego Towarzystwa Komunikacji Spo\u0142ecznej \u2013 \u201eCz\u0142owiek w centrum wsp\u00f3\u0142czesnej transformacji medialnej\u201d. Katowice, 22-24 wrze\u015bnia<\/h2>\n<p style=\"padding-left: 40px;\"><span style=\"font-size: 14pt;\">W dniach 22-24 wrze\u015bnia 2025 roku w Katowicach odby\u0142 si\u0119 VII Kongres Polskiego Towarzystwa Komunikacji Spo\u0142ecznej pod has\u0142em \u201eCz\u0142owiek w centrum wsp\u00f3\u0142czesnej transformacji medialnej. Organizatorem konferencji by\u0142o Polskie Towarzystwo Komunikacji Spo\u0142ecznej oraz Instytut Dziennikarstwa i Komunikacji Medialnej Uniwersytetu \u015al\u0105skiego w Katowicach. To najwa\u017cniejsze wydarzenie w dzia\u0142alno\u015bci Towarzystwa odbywa si\u0119 cyklicznie i s\u0142u\u017cy przede wszystkim integracji polskich badaczy medi\u00f3w, wywodz\u0105cych si\u0119 z r\u00f3\u017cnych paradygmat\u00f3w badawczych, ale i budowaniu nowej dyscypliny badawczej \u2013 nauki o komunikacji spo\u0142ecznej i mediach. Kongresy maj\u0105 tak\u017ce na celu zjednoczenie \u015brodowiska badaczy i praktyk\u00f3w komunikowania. Do udzia\u0142u w wydarzeniu w 2025 roku, zg\u0142osi\u0142o si\u0119 369 prelegent\u00f3w, kt\u00f3rzy zabrali g\u0142os w 47 panelach tematycznych. Patronat honorowy nad wydarzeniem obj\u0119li prof. Ryszard Kozio\u0142ek, JM Rektor Uniwersytetu \u015al\u0105skiego oraz Marcin Krupa Prezydent Miasta Katowice. W Kongresie wzi\u0119li udzia\u0142 go\u015bcie specjalni, \u015bwiatowej s\u0142awy badacze i eksperci w dziedzinie polityki cyfrowej: prof. Rachel Gibson z University of Manchester oraz prof. Claes De Vreese z University of Amsterdam.<\/span><\/p>\n<p style=\"padding-left: 40px;\"><span style=\"font-size: 14pt;\">Uroczyste rozpocz\u0119cie obrad mia\u0142o miejsce 22 wrze\u015bnia w go\u015bcinnych murach Muzeum \u015al\u0105skiego w Katowicach. Go\u015bci powita\u0142a prezes Polskiego Towarzystwa Komunikacji Spo\u0142ecznej prof. dr hab. Iwona Hofman, odnosz\u0105c si\u0119 do has\u0142a przewodniego kongresu, jakim by\u0142a wsp\u00f3\u0142czesna transformacja medialna. Nast\u0119pnie znakomitych go\u015bci powita\u0142 Rektor Uniwersytetu \u015al\u0105skiego w Katowicach, Jego Magnificencja prof. dr hab. Ryszard Kozio\u0142ek. Rektor goszcz\u0105cej Kongres uczelni odni\u00f3s\u0142 si\u0119 do korzy\u015bci komunikacji w nowym cyfrowym \u015bwiecie, konkluduj\u0105c, \u017ce pytania badaczy, kt\u00f3re wybrzmi\u0105 podczas kongresowych spotka\u0144, b\u0119d\u0105 rezonowa\u0107 dalej. Wiceprezydent Miasta Katowice Maciej Stachura, kt\u00f3ry zabra\u0142 g\u0142os jako kolejny i sygnalizowa\u0142 o potrzebie rzetelnych medi\u00f3w w dzisiejszej cyfrowej rzeczywisto\u015bci.<\/span><\/p>\n<p style=\"padding-left: 40px;\"><span style=\"font-size: 14pt;\">W tym pierwszym uroczystym dniu wr\u0119czono cz\u0142onkostwa honorowe PTKS 25 za wybitne osi\u0105gni\u0119cia naukowe oraz promocj\u0119 i wk\u0142ad w rozw\u00f3j bada\u0144 nad mediami: prof. dr hab. Jadwidze Wo\u017aniak-Kasperek, prof. dr hab. Marii Wojtak oraz Basilowi Kerskiemu, dyrektorowi Europejskiego Centrum Solidarno\u015bci w Gda\u0144sku. Laudacje uzasadniaj\u0105ce wybory cz\u0142onkostw honorowych wyg\u0142osili kolejno: dr hab. Szymon Ossowski, prof. UAM, dr hab. Magdalena \u015alawska, prof. U\u015a oraz dr hab. Ma\u0142gorzata \u0141osiewicz, prof. UG.<\/span><\/p>\n<p style=\"padding-left: 40px;\"><span style=\"font-size: 14pt;\">Kolejnym punktem na mapie uroczysto\u015bci by\u0142o wr\u0119czenie nagrody w konkursie Doktorat, kt\u00f3r\u0105 zapowiedzia\u0142 dr hab. Mariusz Kolczy\u0144ski, prof. U\u015a, opiekun konkursu. W siedemnastej edycji konkursu na najlepsz\u0105 dysertacj\u0119 doktorsk\u0105 nagrod\u0119 drug\u0105 otrzyma\u0142 dr Jakub Kubasik za prac\u0119 pt.: \u201eProfesjonalizacja lokalnych kampanii wyborczych w dobie nowych medi\u00f3w, na przyk\u0142adzie miast i gmin Zag\u0142\u0119bia D\u0105browskiego zrzeszonych w G\u00f3rno\u015bl\u0105sko \u2013 Zag\u0142\u0119biowskiej Metropolii podczas wybor\u00f3w samorz\u0105dowych w 2018 roku\u201d, obronionej w Uniwersytecie \u015al\u0105skim oraz dr Beata U\u017carowska za prac\u0119 obronion\u0105 w Uniwersytecie im. Adama Mickiewicza, pt.: \u201ePolityzacja Telewizji Polskiej jako instrument realizacji polityki historycznej Prawa i Sprawiedliwo\u015bci\u201d. Nagroda pierwsza przypad\u0142a dr Roksanie Gloc z Uniwersytetu Jagiello\u0144skiego za prac\u0119 pt.: \u201eZdigitalizowani wyborcy debiutuj\u0105cy: polityczne u\u017cytkowanie medi\u00f3w spo\u0142eczno\u015bciowych i podej\u015bcia do polityki pokolenia Z w Polsce\u201d. Nagrod\u0119 im. dr Karola Jakubowicza za wybitn\u0105 monografi\u0119 z zakresu nauk o mediach, przedstawi\u0142 dr hab. Micha\u0142 G\u0142owacki, prof. UW. Nagroda ustanowiona zosta\u0142a w 2018 r., jest przyznawana za wyj\u0105tkowy wk\u0142ad naukowy w dziedzinie demokracji, praw cz\u0142owieka, etyki medi\u00f3w, polityki medialnej i medi\u00f3w publicznych. Podczas 17 Kongresu przyznano j\u0105 dr Mariusowi Dragomirowi za ksi\u0105\u017ck\u0119 \u201eThe Media Capture Monitoring Report\u201d. Nagrod\u0119 specjaln\u0105 w ramach Nagrody im. dr Karola Jakubowicza, otrzyma\u0142 Basil Kerski \u2013 Dyrektor Europejskiego Centrum Solidarno\u015bci (ECS) w Gda\u0144sku &#8211; za ksi\u0105\u017ck\u0119 \u201eEuropejczycy z Kantonu Polska\u201d.<\/span><\/p>\n<p style=\"padding-left: 40px;\"><span style=\"font-size: 14pt;\">Od 2024 roku Polskie Towarzystwo Komunikacji Spo\u0142ecznej przyznaje nagrod\u0119 im. Walerego Pisarka, kt\u00f3ra zosta\u0142a ustanowiona w grudniu 2024 roku w celu podkre\u015blenia autonomii bada\u0144 w dyscyplinie nauki o komunikacji spo\u0142ecznej i mediach oraz dla uhonorowania pami\u0119ci wybitnego naukowca, wsp\u00f3\u0142tw\u00f3rcy podwalin teoretycznych dyscypliny. W 2025 roku otrzyma\u0142 j\u0105 prof. dr hab. Stanis\u0142aw J\u0119drzejewski za monografi\u0119 \u201eMedia publiczne w erze posttelewizyjnej\u201d. W tym samym konkursie nagrod\u0119 otrzyma\u0142a dr hab. Katarzyna Kopiecka-Piech, prof. UMCS za monografi\u0119 zbiorow\u0105 pod redakcj\u0105 wraz z prof. Bolinem G\u00f6ranem, pt.: \u201eContemporary Challenges in Mediatisation Research\u201d.<\/span><\/p>\n<p style=\"padding-left: 40px;\"><span style=\"font-size: 14pt;\">Kolejnym punktem w pierwszym dniu Kongresu by\u0142a promocja ksi\u0105\u017cki pt.: \u201ePodstawy nauk o komunikacji i mediach\u201d, red, nauk. Jadwiga Wo\u017aniak-Kasperek oraz Janusz W. Adamowski, kt\u00f3r\u0105 zaprezentowali sami redaktorzy. Na zako\u0144czenie pierwszego dnia Kongresu go\u015bcie specjalni wzi\u0119li udzia\u0142 w dw\u00f3ch sesjach. \u201eOne, Two or Three Steps to Mobilization?: Emergent and Divergent trends in Digital Campaigning\u201d- z udzia\u0142em prof. dr Rachel Gibson University of Manchester oraz \u201eDoes AI upend democracy?\u201d &#8211; z udzia\u0142em prof. dr Claesa de Vreese University of Amsterdam. Ich przyjazd zosta\u0142 sfinansowany przez G\u00f3rno\u015bl\u0105sko-Zag\u0142\u0119biowsk\u0105 Metropoli\u0119 w ramach Metropolitalnego Funduszu Wspierania Nauki.<\/span><\/p>\n<p style=\"padding-left: 40px;\"><span style=\"font-size: 14pt;\">W drugim dniu Kongresu opr\u00f3cz pracy w panelach tematycznych, mia\u0142y miejsce zebrania sekcji badawczych PTKS oraz Walny Zjazd Wyborczy Cz\u0142onk\u00f3w PTKS. Na prezesa zosta\u0142a wybrana prof. dr hab. Iwona Hofman. W sk\u0142ad Zarz\u0105du PTKS weszli: dr Bart\u0142omiej \u0141\u00f3dzki, dr hab. Ma\u0142gorzata Adamik-Szysiak, dr hab. Mariusz Kolczy\u0144ski, dr hab. Agnieszka Walecka-Rynduch, dr hab. Tomasz Gackowski, dr hab. Monika Przybysz. W sk\u0142ad Komisji Rewizyjnej weszli dr hab. Szymon Ossowski, dr hab. Miros\u0142awa Wielopolska-Szymura, dr hab. \u0141ukasz Szurmi\u0144ski, dr hab. Konrad Knoch, ks. dr hab. Krzysztof Marcy\u0144ski. Redaktorem naczelnym czasopisma Central European Journal of Communication zosta\u0142a dr hab. Agnieszka St\u0119pi\u0144ska.<\/span><\/p>\n<p style=\"padding-left: 40px;\"><span style=\"font-size: 14pt;\">R\u00f3wnolegle do paneli tematycznych trwa\u0142y dyskusje panelowe. Pierwsza pt.: \u201eMiasto w komunikacji. Komunikacja w mie\u015bcie\u201d (panel Wsp\u00f3\u0142gospodarza Miasta Katowice), z udzia\u0142em Urszuli Boublej &#8211; Dyrektora Departamentu Komunikacji Spo\u0142ecznej Urz\u0119du Miasta Bia\u0142ystok, Rafa\u0142a \u0141ysego &#8211; Rzecznika Miasta Sosnowiec, Jakuba Kubasika &#8211; Rzecznika Prasowego Miasta Czelad\u017a, Barbary Sipa &#8211; Rzecznika Prasowego Miasta Kielce, Macieja Stachury &#8211; Wiceprezydenta Miasta Katowice oraz Marcina Stopy &#8211; Sekretarza Miasta Rzesz\u00f3w. Moderatorem tego panelu by\u0142 dr hab. Marek Mazur, prof. U\u015a. Drugi panel dyskusyjny dotyczy\u0142 przysz\u0142o\u015bci dziennikarstwa lokalnego i regionalnego w dobie transformacji medialnej i poprowadzony zosta\u0142 przez dr hab. Adama Szynola, prof. UWr. W dyskusji wzi\u0119li udzia\u0142: Andrzej Andrysiak ze Stowarzyszenia Gazet Lokalnych, Ryszard Parka z redakcji Press, Witold Su\u0142ek, z Polskiego Radia Opole, Marek Twar\u00f3g z Polska Press Grupa, Dziennik Zachodni oraz Wanda Wasilewska z Polskiego Radia Pozna\u0144.<\/span><\/p>\n<p style=\"padding-left: 40px;\"><span style=\"font-size: 14pt;\">Trzeci dzie\u0144 dedykowany by\u0142 panelom tematycznym, uroczystemu zamkni\u0119ciu Kongresu oraz wydarzeniom towarzysz\u0105cym tj. zwiedzanie Nikiszowca oraz Muzeum \u015al\u0105skiego. VIII Kongres PTKS zaplanowano na 2028 rok w Olsztynie.<\/span><\/p>\n<p style=\"padding-left: 40px;\"><span style=\"font-size: 14pt;\">dr Karolina Poli\u0144ska<\/span><br \/>\n<span style=\"font-size: 14pt;\">Instytut Dziennikarstwa i Komunikacji Medialnej Uniwersytetu \u015al\u0105skiego w Katowicach<\/span><\/p>\n<p style=\"text-align: center;\">.<br \/>\n<img class=\"wp-image-2969 size-full aligncenter\" src=\"https:\/\/us.edu.pl\/instytut\/idkm\/wp-content\/uploads\/sites\/30\/Bez-kategorii\/01-7.jpg\" alt=\"\" width=\"1024\" height=\"683\" srcset=\"https:\/\/us.edu.pl\/instytut\/idkm\/wp-content\/uploads\/sites\/30\/Bez-kategorii\/01-7.jpg 1024w, https:\/\/us.edu.pl\/instytut\/idkm\/wp-content\/uploads\/sites\/30\/Bez-kategorii\/01-7-300x200.jpg 300w, https:\/\/us.edu.pl\/instytut\/idkm\/wp-content\/uploads\/sites\/30\/Bez-kategorii\/01-7-768x512.jpg 768w, https:\/\/us.edu.pl\/instytut\/idkm\/wp-content\/uploads\/sites\/30\/Bez-kategorii\/01-7-575x384.jpg 575w\" sizes=\"(max-width: 1024px) 100vw, 1024px\" \/><\/p>\n<p style=\"text-align: center;\"><img class=\"alignnone wp-image-2970 size-full\" src=\"https:\/\/us.edu.pl\/instytut\/idkm\/wp-content\/uploads\/sites\/30\/Bez-kategorii\/03-8.jpg\" alt=\"\" width=\"1024\" height=\"714\" srcset=\"https:\/\/us.edu.pl\/instytut\/idkm\/wp-content\/uploads\/sites\/30\/Bez-kategorii\/03-8.jpg 1024w, https:\/\/us.edu.pl\/instytut\/idkm\/wp-content\/uploads\/sites\/30\/Bez-kategorii\/03-8-300x209.jpg 300w, https:\/\/us.edu.pl\/instytut\/idkm\/wp-content\/uploads\/sites\/30\/Bez-kategorii\/03-8-768x536.jpg 768w, https:\/\/us.edu.pl\/instytut\/idkm\/wp-content\/uploads\/sites\/30\/Bez-kategorii\/03-8-575x401.jpg 575w\" sizes=\"(max-width: 1024px) 100vw, 1024px\" \/><\/p>\n<p style=\"text-align: center;\"><img class=\"alignnone wp-image-2971 size-full\" src=\"https:\/\/us.edu.pl\/instytut\/idkm\/wp-content\/uploads\/sites\/30\/Bez-kategorii\/04-7.jpg\" alt=\"\" width=\"1024\" height=\"683\" srcset=\"https:\/\/us.edu.pl\/instytut\/idkm\/wp-content\/uploads\/sites\/30\/Bez-kategorii\/04-7.jpg 1024w, https:\/\/us.edu.pl\/instytut\/idkm\/wp-content\/uploads\/sites\/30\/Bez-kategorii\/04-7-300x200.jpg 300w, https:\/\/us.edu.pl\/instytut\/idkm\/wp-content\/uploads\/sites\/30\/Bez-kategorii\/04-7-768x512.jpg 768w, https:\/\/us.edu.pl\/instytut\/idkm\/wp-content\/uploads\/sites\/30\/Bez-kategorii\/04-7-575x384.jpg 575w\" sizes=\"(max-width: 1024px) 100vw, 1024px\" \/><\/p>\n<p style=\"text-align: center;\"><img class=\"alignnone wp-image-2973 size-full aligncenter\" src=\"https:\/\/us.edu.pl\/instytut\/idkm\/wp-content\/uploads\/sites\/30\/Bez-kategorii\/06-3.jpg\" alt=\"\" width=\"1024\" height=\"683\" srcset=\"https:\/\/us.edu.pl\/instytut\/idkm\/wp-content\/uploads\/sites\/30\/Bez-kategorii\/06-3.jpg 1024w, https:\/\/us.edu.pl\/instytut\/idkm\/wp-content\/uploads\/sites\/30\/Bez-kategorii\/06-3-300x200.jpg 300w, https:\/\/us.edu.pl\/instytut\/idkm\/wp-content\/uploads\/sites\/30\/Bez-kategorii\/06-3-768x512.jpg 768w, https:\/\/us.edu.pl\/instytut\/idkm\/wp-content\/uploads\/sites\/30\/Bez-kategorii\/06-3-575x384.jpg 575w\" sizes=\"(max-width: 1024px) 100vw, 1024px\" \/><\/p>\n<p style=\"text-align: center;\"><img class=\"alignnone wp-image-2974 size-full\" src=\"https:\/\/us.edu.pl\/instytut\/idkm\/wp-content\/uploads\/sites\/30\/Bez-kategorii\/07-3.jpg\" alt=\"\" width=\"1024\" height=\"683\" srcset=\"https:\/\/us.edu.pl\/instytut\/idkm\/wp-content\/uploads\/sites\/30\/Bez-kategorii\/07-3.jpg 1024w, https:\/\/us.edu.pl\/instytut\/idkm\/wp-content\/uploads\/sites\/30\/Bez-kategorii\/07-3-300x200.jpg 300w, https:\/\/us.edu.pl\/instytut\/idkm\/wp-content\/uploads\/sites\/30\/Bez-kategorii\/07-3-768x512.jpg 768w, https:\/\/us.edu.pl\/instytut\/idkm\/wp-content\/uploads\/sites\/30\/Bez-kategorii\/07-3-575x384.jpg 575w\" sizes=\"(max-width: 1024px) 100vw, 1024px\" \/><\/p>\n<p style=\"text-align: center;\"><img class=\"alignnone wp-image-2975 size-full\" src=\"https:\/\/us.edu.pl\/instytut\/idkm\/wp-content\/uploads\/sites\/30\/Bez-kategorii\/08-1.jpg\" alt=\"\" width=\"1024\" height=\"683\" srcset=\"https:\/\/us.edu.pl\/instytut\/idkm\/wp-content\/uploads\/sites\/30\/Bez-kategorii\/08-1.jpg 1024w, https:\/\/us.edu.pl\/instytut\/idkm\/wp-content\/uploads\/sites\/30\/Bez-kategorii\/08-1-300x200.jpg 300w, https:\/\/us.edu.pl\/instytut\/idkm\/wp-content\/uploads\/sites\/30\/Bez-kategorii\/08-1-768x512.jpg 768w, https:\/\/us.edu.pl\/instytut\/idkm\/wp-content\/uploads\/sites\/30\/Bez-kategorii\/08-1-575x384.jpg 575w\" sizes=\"(max-width: 1024px) 100vw, 1024px\" \/><\/p>\n<p style=\"text-align: center;\"><img class=\"alignnone wp-image-2976 size-full\" src=\"https:\/\/us.edu.pl\/instytut\/idkm\/wp-content\/uploads\/sites\/30\/Bez-kategorii\/09.jpg\" alt=\"\" width=\"1200\" height=\"691\" srcset=\"https:\/\/us.edu.pl\/instytut\/idkm\/wp-content\/uploads\/sites\/30\/Bez-kategorii\/09.jpg 1200w, https:\/\/us.edu.pl\/instytut\/idkm\/wp-content\/uploads\/sites\/30\/Bez-kategorii\/09-300x173.jpg 300w, https:\/\/us.edu.pl\/instytut\/idkm\/wp-content\/uploads\/sites\/30\/Bez-kategorii\/09-1024x590.jpg 1024w, https:\/\/us.edu.pl\/instytut\/idkm\/wp-content\/uploads\/sites\/30\/Bez-kategorii\/09-768x442.jpg 768w, https:\/\/us.edu.pl\/instytut\/idkm\/wp-content\/uploads\/sites\/30\/Bez-kategorii\/09-575x331.jpg 575w\" sizes=\"(max-width: 1200px) 100vw, 1200px\" \/><\/p>\n<p>&nbsp;<\/p>\n<p>&nbsp;<\/p>\n<p>&nbsp;<\/p>","protected":false},"excerpt":{"rendered":"<p>Sprawozdanie z VII Kongresu Polskiego Towarzystwa Komunikacji Spo\u0142ecznej \u2013 \u201eCz\u0142owiek w centrum wsp\u00f3\u0142czesnej transformacji medialnej\u201d. Katowice, 22-24 wrze\u015bnia W dniach 22-24 wrze\u015bnia 2025 roku w Katowicach odby\u0142 si\u0119 VII Kongres Polskiego Towarzystwa Komunikacji Spo\u0142ecznej pod has\u0142em \u201eCz\u0142owiek w centrum wsp\u00f3\u0142czesnej transformacji medialnej. Organizatorem konferencji by\u0142o Polskie Towarzystwo Komunikacji Spo\u0142ecznej oraz Instytut Dziennikarstwa i Komunikacji Medialnej [&#8230;]<\/p>\n<p><a class=\"btn btn-secondary understrap-read-more-link\" href=\"https:\/\/us.edu.pl\/instytut\/idkm\/dla-pracownika\/ogloszenia-biezace\/sprawozdanie-z-vii-kongresu-polskiego-towarzystwa-komunikacji-spolecznej\/\">Read More&#8230;<\/a><\/p>\n","protected":false},"author":202,"featured_media":2963,"parent":182,"menu_order":0,"comment_status":"closed","ping_status":"closed","template":"","meta":{"_expiration-date-status":"","_expiration-date":0,"_expiration-date-type":"","_expiration-date-categories":[],"_expiration-date-options":[]},"acf":[],"_links":{"self":[{"href":"https:\/\/us.edu.pl\/instytut\/idkm\/wp-json\/wp\/v2\/pages\/2962"}],"collection":[{"href":"https:\/\/us.edu.pl\/instytut\/idkm\/wp-json\/wp\/v2\/pages"}],"about":[{"href":"https:\/\/us.edu.pl\/instytut\/idkm\/wp-json\/wp\/v2\/types\/page"}],"author":[{"embeddable":true,"href":"https:\/\/us.edu.pl\/instytut\/idkm\/wp-json\/wp\/v2\/users\/202"}],"replies":[{"embeddable":true,"href":"https:\/\/us.edu.pl\/instytut\/idkm\/wp-json\/wp\/v2\/comments?post=2962"}],"version-history":[{"count":6,"href":"https:\/\/us.edu.pl\/instytut\/idkm\/wp-json\/wp\/v2\/pages\/2962\/revisions"}],"predecessor-version":[{"id":2981,"href":"https:\/\/us.edu.pl\/instytut\/idkm\/wp-json\/wp\/v2\/pages\/2962\/revisions\/2981"}],"up":[{"embeddable":true,"href":"https:\/\/us.edu.pl\/instytut\/idkm\/wp-json\/wp\/v2\/pages\/182"}],"wp:featuredmedia":[{"embeddable":true,"href":"https:\/\/us.edu.pl\/instytut\/idkm\/wp-json\/wp\/v2\/media\/2963"}],"wp:attachment":[{"href":"https:\/\/us.edu.pl\/instytut\/idkm\/wp-json\/wp\/v2\/media?parent=2962"}],"curies":[{"name":"wp","href":"https:\/\/api.w.org\/{rel}","templated":true}]}}