{"id":2985,"date":"2025-10-13T10:29:16","date_gmt":"2025-10-13T08:29:16","guid":{"rendered":"https:\/\/us.edu.pl\/instytut\/idkm\/?page_id=2985"},"modified":"2025-10-13T10:33:52","modified_gmt":"2025-10-13T08:33:52","slug":"sprawozdanie-ze-spotkania-z-prof-rachel-gibson","status":"publish","type":"page","link":"https:\/\/us.edu.pl\/instytut\/idkm\/dla-pracownika\/ogloszenia-biezace\/sprawozdanie-ze-spotkania-z-prof-rachel-gibson\/","title":{"rendered":"Sprawozdanie ze spotkania z prof. Rachel Gibson"},"content":{"rendered":"<p><\/p>\n<h2 style=\"padding-left: 40px;\"><span style=\"font-size: 14pt;\">Sprawozdanie ze spotkania z prof. Rachel Gibson \u2013 \u201eConstructing the Future: Reflections on Career Building in the Research Field\u201d. Katowice, 23 wrze\u015bnia<\/span><\/h2>\n<p style=\"padding-left: 40px;\"><span style=\"font-size: 14pt;\">W ramach odbywaj\u0105cego si\u0119 w dniach 22-24 wrze\u015bnia VII Kongresu Polskiego Towarzystwa Komunikacji Spo\u0142ecznej nasz Instytut zorganizowa\u0142 spotkanie z go\u015bcini\u0105 specjaln\u0105, profesor Rachel Gibson z Uniwersytetu w Manchesterze, \u015bwiatowej s\u0142awy badaczk\u0105 i laureatk\u0105 grantu ERC w dziedzinie komunikacji i polityki. Spotkanie by\u0142o skierowane do m\u0142odych naukowczy\u0144 i naukowc\u00f3w oraz os\u00f3b rozpoczynaj\u0105cych swoj\u0105 drog\u0119 badawcz\u0105 w obszarach dziennikarstwa, komunikacji spo\u0142ecznej, nauk politycznych, socjologii i psychologii. Spotkanie poprowadzi\u0142a reprezentuj\u0105ca nasz Instytut prof. U\u015a, dr hab. Karolina-Koc Michalska, a jego organizacj\u0119 umo\u017cliwi\u0142o dofinansowanie przez G\u00f3rno\u015bl\u0105sko-Zag\u0142\u0119biowsk\u0105 Metropoli\u0119 w ramach programu \u201eMetropolitalny Fundusz Wspierania Nauki\u201d.<\/span><\/p>\n<p style=\"padding-left: 40px;\"><span style=\"font-size: 14pt;\">W trakcie spotkania profesor Gibson opowiedzia\u0142a uczestniczkom i uczestnikom o swoich do\u015bwiadczeniach zar\u00f3wno z pocz\u0105tk\u00f3w swojej kariery naukowej jak i p\u00f3\u017aniejszych etap\u00f3w. Ka\u017cde wspomnienie i anegdot\u0119 wykorzystywa\u0142a jako przyk\u0142ady i ilustracje dotycz\u0105ce tego co robi\u0107, a czego unika\u0107 na kolejnych etapach kariery naukowej. Spotkanie mia\u0142o charakter otwarty, a uczestnicz\u0105ce w nim osoby dyskutowa\u0142y z nasz\u0105 go\u015bcini\u0105 wymieniaj\u0105c si\u0119 do\u015bwiadczeniami oraz zadaj\u0105c pytania dotycz\u0105ce pierwszych krok\u00f3w w \u015brodowisku naukowym.<\/span><\/p>\n<p style=\"padding-left: 40px;\"><span style=\"font-size: 14pt;\">Profesor Gibson podkre\u015bli\u0142a, \u017ce szczeg\u00f3lnie wa\u017cnym elementem rozpoczynania kariery naukowej jest wypracowanie rozpoznawalno\u015bci w swoim \u015brodowisku i \u015bmia\u0142o\u015b\u0107: \u201eZ pod\u0105\u017cania za swoimi zainteresowaniami, pomys\u0142ami oraz przezwyci\u0119\u017cenia wstydu potrafi\u0105 wynikn\u0105\u0107 zaskakuj\u0105ce korzy\u015bci\u201d. Doda\u0142a r\u00f3wnie\u017c, \u017ce wbrew obiegowym opiniom sytuacja badaczy z Europy Wschodniej jest o tyle obiecuj\u0105ca, i\u017c jest to region coraz bardziej interesuj\u0105cy dla nauk politycznych i to do nas nale\u017cy zaj\u0119cie pozycji ekspert\u00f3w w tym temacie. Na koniec nasza go\u015bcini zwr\u00f3ci\u0142a uwag\u0119 na mo\u017cliwo\u015bci jakie daje naszej bran\u017cy wsp\u00f3\u0142praca z innymi sektorami i otwarcie na projekty spoza \u015brodowiska stricte akademickiego \u2013 szczeg\u00f3lnie w dobie wyzwa\u0144 stawianych nam przez rozw\u00f3j technologii cyfrowych.<\/span><\/p>\n<p style=\"padding-left: 40px;\"><span style=\"font-size: 14pt;\">mgr Przemys\u0142aw Kantorski<\/span><br \/>\n<span style=\"font-size: 14pt;\">mgr Micha\u0142 Rams-\u0141ugowski<\/span><br \/>\n<span style=\"font-size: 14pt;\">Instytut Dziennikarstwa i Komunikacji Medialnej Uniwersytetu \u015al\u0105skiego w Katowicach<\/span><\/p>\n<p style=\"text-align: center;\"><img class=\"alignnone wp-image-2988 size-full\" src=\"https:\/\/us.edu.pl\/instytut\/idkm\/wp-content\/uploads\/sites\/30\/Bez-kategorii\/04-8.jpg\" alt=\"\" width=\"1470\" height=\"823\" srcset=\"https:\/\/us.edu.pl\/instytut\/idkm\/wp-content\/uploads\/sites\/30\/Bez-kategorii\/04-8.jpg 1470w, https:\/\/us.edu.pl\/instytut\/idkm\/wp-content\/uploads\/sites\/30\/Bez-kategorii\/04-8-300x168.jpg 300w, https:\/\/us.edu.pl\/instytut\/idkm\/wp-content\/uploads\/sites\/30\/Bez-kategorii\/04-8-1024x573.jpg 1024w, https:\/\/us.edu.pl\/instytut\/idkm\/wp-content\/uploads\/sites\/30\/Bez-kategorii\/04-8-768x430.jpg 768w, https:\/\/us.edu.pl\/instytut\/idkm\/wp-content\/uploads\/sites\/30\/Bez-kategorii\/04-8-575x322.jpg 575w\" sizes=\"(max-width: 1470px) 100vw, 1470px\" \/><\/p>\n<p>&nbsp;<\/p>\n<p style=\"text-align: center;\"><img class=\"alignnone wp-image-2986 size-full\" src=\"https:\/\/us.edu.pl\/instytut\/idkm\/wp-content\/uploads\/sites\/30\/Bez-kategorii\/01-8.jpg\" alt=\"\" width=\"1470\" height=\"823\" srcset=\"https:\/\/us.edu.pl\/instytut\/idkm\/wp-content\/uploads\/sites\/30\/Bez-kategorii\/01-8.jpg 1470w, https:\/\/us.edu.pl\/instytut\/idkm\/wp-content\/uploads\/sites\/30\/Bez-kategorii\/01-8-300x168.jpg 300w, https:\/\/us.edu.pl\/instytut\/idkm\/wp-content\/uploads\/sites\/30\/Bez-kategorii\/01-8-1024x573.jpg 1024w, https:\/\/us.edu.pl\/instytut\/idkm\/wp-content\/uploads\/sites\/30\/Bez-kategorii\/01-8-768x430.jpg 768w, https:\/\/us.edu.pl\/instytut\/idkm\/wp-content\/uploads\/sites\/30\/Bez-kategorii\/01-8-575x322.jpg 575w\" sizes=\"(max-width: 1470px) 100vw, 1470px\" \/><\/p>\n<p>&nbsp;<\/p>\n<p style=\"text-align: center;\"><img class=\"alignnone wp-image-2987 size-full\" src=\"https:\/\/us.edu.pl\/instytut\/idkm\/wp-content\/uploads\/sites\/30\/Bez-kategorii\/03-9.jpg\" alt=\"\" width=\"1470\" height=\"823\" srcset=\"https:\/\/us.edu.pl\/instytut\/idkm\/wp-content\/uploads\/sites\/30\/Bez-kategorii\/03-9.jpg 1470w, https:\/\/us.edu.pl\/instytut\/idkm\/wp-content\/uploads\/sites\/30\/Bez-kategorii\/03-9-300x168.jpg 300w, https:\/\/us.edu.pl\/instytut\/idkm\/wp-content\/uploads\/sites\/30\/Bez-kategorii\/03-9-1024x573.jpg 1024w, https:\/\/us.edu.pl\/instytut\/idkm\/wp-content\/uploads\/sites\/30\/Bez-kategorii\/03-9-768x430.jpg 768w, https:\/\/us.edu.pl\/instytut\/idkm\/wp-content\/uploads\/sites\/30\/Bez-kategorii\/03-9-575x322.jpg 575w\" sizes=\"(max-width: 1470px) 100vw, 1470px\" \/><\/p>\n<p><\/p>","protected":false},"excerpt":{"rendered":"<p>Sprawozdanie ze spotkania z prof. Rachel Gibson \u2013 \u201eConstructing the Future: Reflections on Career Building in the Research Field\u201d. Katowice, 23 wrze\u015bnia W ramach odbywaj\u0105cego si\u0119 w dniach 22-24 wrze\u015bnia VII Kongresu Polskiego Towarzystwa Komunikacji Spo\u0142ecznej nasz Instytut zorganizowa\u0142 spotkanie z go\u015bcini\u0105 specjaln\u0105, profesor Rachel Gibson z Uniwersytetu w Manchesterze, \u015bwiatowej s\u0142awy badaczk\u0105 i laureatk\u0105 [&#8230;]<\/p>\n<p><a class=\"btn btn-secondary understrap-read-more-link\" href=\"https:\/\/us.edu.pl\/instytut\/idkm\/dla-pracownika\/ogloszenia-biezace\/sprawozdanie-ze-spotkania-z-prof-rachel-gibson\/\">Read More&#8230;<\/a><\/p>\n","protected":false},"author":202,"featured_media":2989,"parent":182,"menu_order":0,"comment_status":"closed","ping_status":"closed","template":"","meta":{"_expiration-date-status":"","_expiration-date":0,"_expiration-date-type":"","_expiration-date-categories":[],"_expiration-date-options":[]},"acf":[],"_links":{"self":[{"href":"https:\/\/us.edu.pl\/instytut\/idkm\/wp-json\/wp\/v2\/pages\/2985"}],"collection":[{"href":"https:\/\/us.edu.pl\/instytut\/idkm\/wp-json\/wp\/v2\/pages"}],"about":[{"href":"https:\/\/us.edu.pl\/instytut\/idkm\/wp-json\/wp\/v2\/types\/page"}],"author":[{"embeddable":true,"href":"https:\/\/us.edu.pl\/instytut\/idkm\/wp-json\/wp\/v2\/users\/202"}],"replies":[{"embeddable":true,"href":"https:\/\/us.edu.pl\/instytut\/idkm\/wp-json\/wp\/v2\/comments?post=2985"}],"version-history":[{"count":4,"href":"https:\/\/us.edu.pl\/instytut\/idkm\/wp-json\/wp\/v2\/pages\/2985\/revisions"}],"predecessor-version":[{"id":2993,"href":"https:\/\/us.edu.pl\/instytut\/idkm\/wp-json\/wp\/v2\/pages\/2985\/revisions\/2993"}],"up":[{"embeddable":true,"href":"https:\/\/us.edu.pl\/instytut\/idkm\/wp-json\/wp\/v2\/pages\/182"}],"wp:featuredmedia":[{"embeddable":true,"href":"https:\/\/us.edu.pl\/instytut\/idkm\/wp-json\/wp\/v2\/media\/2989"}],"wp:attachment":[{"href":"https:\/\/us.edu.pl\/instytut\/idkm\/wp-json\/wp\/v2\/media?parent=2985"}],"curies":[{"name":"wp","href":"https:\/\/api.w.org\/{rel}","templated":true}]}}