{"id":3028,"date":"2025-12-03T19:39:07","date_gmt":"2025-12-03T18:39:07","guid":{"rendered":"https:\/\/us.edu.pl\/instytut\/idkm\/?page_id=3028"},"modified":"2025-12-03T19:46:48","modified_gmt":"2025-12-03T18:46:48","slug":"katarzyna-siwczyk","status":"publish","type":"page","link":"https:\/\/us.edu.pl\/instytut\/idkm\/11-2\/pracownicy\/katarzyna-siwczyk\/","title":{"rendered":"Katarzyna Siwczyk"},"content":{"rendered":"<p><\/p>\n<h3 style=\"text-align: center;\">red. Katarzyna Siwczyk<\/h3>\n<h3 style=\"text-align: center;\"><img class=\"aligncenter wp-image-3029 size-full\" src=\"https:\/\/us.edu.pl\/instytut\/idkm\/wp-content\/uploads\/sites\/30\/Bez-kategorii\/katarzyna-siwczyk.jpg\" alt=\"\" width=\"640\" height=\"640\" srcset=\"https:\/\/us.edu.pl\/instytut\/idkm\/wp-content\/uploads\/sites\/30\/Bez-kategorii\/katarzyna-siwczyk.jpg 640w, https:\/\/us.edu.pl\/instytut\/idkm\/wp-content\/uploads\/sites\/30\/Bez-kategorii\/katarzyna-siwczyk-300x300.jpg 300w, https:\/\/us.edu.pl\/instytut\/idkm\/wp-content\/uploads\/sites\/30\/Bez-kategorii\/katarzyna-siwczyk-400x400.jpg 400w, https:\/\/us.edu.pl\/instytut\/idkm\/wp-content\/uploads\/sites\/30\/Bez-kategorii\/katarzyna-siwczyk-575x575.jpg 575w\" sizes=\"(max-width: 640px) 100vw, 640px\" \/><\/h3>\n<p style=\"padding-left: 40px;\"><span style=\"font-size: 14pt;\">Adres mailowy:<\/span><\/p>\n<p style=\"padding-left: 40px;\"><span style=\"font-size: 14pt;\">katarzyna.siwczyk@us.edu.pl<\/span><\/p>\n<p style=\"padding-left: 40px;\"><span style=\"font-size: 14pt;\">ORCID:<\/span><\/p>\n<p style=\"padding-left: 40px;\"><strong><span style=\"font-size: 14pt;\"><a href=\"https:\/\/orcid.org\/0000-0002-2260-5794\">https:\/\/orcid.org\/0000-0002-2260-5794<\/a><\/span><\/strong><\/p>\n<p style=\"padding-left: 40px;\"><span style=\"font-size: 14pt;\">Rsearch Gate:<\/span><\/p>\n<p style=\"padding-left: 40px;\"><strong><span style=\"font-size: 14pt;\"><a href=\"https:\/\/www.researchgate.net\/profile\/Katarzyna-Siwczyk\">https:\/\/www.researchgate.net\/profile\/Katarzyna-Siwczyk<\/a><\/span><\/strong><\/p>\n<p style=\"padding-left: 40px;\"><span style=\"font-size: 14pt;\">Dziennikarka i redaktorka, autorka ksi\u0105\u017cek o \u015al\u0105sku i \u015bl\u0105skiej to\u017csamo\u015bci (reporta\u017c &#8222;\u017beby zrozumie\u0107 \u015al\u0105sk&#8221; oraz zbi\u00f3r wywiad\u00f3w &#8222;Kobiety ze \u015al\u0105ska&#8221;).<\/span><\/p>\n<p style=\"padding-left: 40px;\"><span style=\"font-size: 14pt;\">Od 15 lat zwi\u0105zana z redakcjami prasowymi i telewizyjnymi wojew\u00f3dztwa \u015bl\u0105skiego. Obecnie dziennikarka naukowa zwi\u0105zana z Politechnik\u0105 \u015al\u0105sk\u0105. Autorka podcast\u00f3w naukowych \u201ePogadajmy o nauce\u201d oraz podcast\u00f3w Europejskiego Miasta Nauki Katowice 2024. Za realizacj\u0119 podcast\u00f3w otrzyma\u0142a nagrod\u0119 Stowarzyszenia PR i Promocji Uczelni Polskich \u201ePRom\u201d w kategorii &#8222;Uczelniane media&#8221; oraz nagrod\u0119 POP Science 2024 r.<\/span><\/p>\n<p style=\"padding-left: 40px;\"><span style=\"font-size: 14pt;\"><b>Obszary zainteresowa\u0144 badawczych:<\/b><\/span><\/p>\n<p style=\"padding-left: 40px;\"><span style=\"font-size: 14pt;\">\u2022 Rola i wizerunek lider\u00f3w opinii<\/span><\/p>\n<p style=\"padding-left: 40px;\"><span style=\"font-size: 14pt;\">\u2022 Mediatyzacja \u015bl\u0105sko\u015bci<\/span><\/p>\n<p style=\"padding-left: 40px;\"><span style=\"font-size: 14pt;\">\u2022 Rola medi\u00f3w w procesie transformacji woj. \u015bl\u0105skiego<\/span><\/p>\n<p style=\"padding-left: 40px;\"><span style=\"font-size: 14pt;\">\u2022 Rynek medialny woj. \u015bl\u0105skiego<\/span><\/p>\n<p style=\"padding-left: 40px;\"><span style=\"font-size: 14pt;\"><b>Temat dysertacji doktorskiej:<\/b><\/span><\/p>\n<p style=\"padding-left: 40px;\"><span style=\"font-size: 14pt;\">Rola lider\u00f3w opinii w zakresie spraw \u015bl\u0105skich w kszta\u0142towaniu \u015bl\u0105skiej to\u017csamo\u015bci na podstawie analizy wybranych medi\u00f3w regionalnych.<\/span><\/p>\n<p style=\"padding-left: 40px;\"><span style=\"font-size: 14pt;\"><b>Wybrane publikacje:<\/b><\/span><\/p>\n<ul>\n<li style=\"list-style-type: none;\">\n<ul>\n<li><span style=\"font-size: 14pt;\"><b>Czy \u015al\u0105zacy istniej\u0105 w mediach? Analiza doniesie\u0144 prasowych na temat wynik\u00f3w narodowego spisu powszechnego z roku 2011 i 2021 w wybranych mediach<\/b>, w: Dziennikarstwo i Media, Wroc\u0142aw, March 2025. DOI: 10.19195\/2028-8322.22.2<\/span><\/li>\n<li><span style=\"font-size: 14pt;\"><b>Rola lider\u00f3w opinii w procesie transformacji energetycznej wojew\u00f3dztwa \u015bl\u0105skiego &#8211; aspekt medialny<\/b>, w: Buzek Jerzy, Kretek Henryk, Staniszewski Micha\u0142 (eds.): Zr\u00f3wnowa\u017cony rozw\u00f3j i europejski zielony \u0142ad dyktatami doskonalenia warsztatu naukowca, 2024, Gliwice, Politechnika \u015al\u0105ska, 384 p., ISBN: 978-83-7880-962-3.<\/span><\/li>\n<\/ul>\n<\/li>\n<\/ul>\n<p><\/p>","protected":false},"excerpt":{"rendered":"<p>red. Katarzyna Siwczyk Adres mailowy: katarzyna.siwczyk@us.edu.pl ORCID: https:\/\/orcid.org\/0000-0002-2260-5794 Rsearch Gate: https:\/\/www.researchgate.net\/profile\/Katarzyna-Siwczyk Dziennikarka i redaktorka, autorka ksi\u0105\u017cek o \u015al\u0105sku i \u015bl\u0105skiej to\u017csamo\u015bci (reporta\u017c &#8222;\u017beby zrozumie\u0107 \u015al\u0105sk&#8221; oraz zbi\u00f3r wywiad\u00f3w &#8222;Kobiety ze \u015al\u0105ska&#8221;). Od 15 lat zwi\u0105zana z redakcjami prasowymi i telewizyjnymi wojew\u00f3dztwa \u015bl\u0105skiego. Obecnie dziennikarka naukowa zwi\u0105zana z Politechnik\u0105 \u015al\u0105sk\u0105. Autorka podcast\u00f3w naukowych \u201ePogadajmy o nauce\u201d [&#8230;]<\/p>\n<p><a class=\"btn btn-secondary understrap-read-more-link\" href=\"https:\/\/us.edu.pl\/instytut\/idkm\/11-2\/pracownicy\/katarzyna-siwczyk\/\">Read More&#8230;<\/a><\/p>\n","protected":false},"author":202,"featured_media":3029,"parent":150,"menu_order":0,"comment_status":"closed","ping_status":"closed","template":"","meta":{"_expiration-date-status":"","_expiration-date":0,"_expiration-date-type":"","_expiration-date-categories":[],"_expiration-date-options":[]},"acf":[],"_links":{"self":[{"href":"https:\/\/us.edu.pl\/instytut\/idkm\/wp-json\/wp\/v2\/pages\/3028"}],"collection":[{"href":"https:\/\/us.edu.pl\/instytut\/idkm\/wp-json\/wp\/v2\/pages"}],"about":[{"href":"https:\/\/us.edu.pl\/instytut\/idkm\/wp-json\/wp\/v2\/types\/page"}],"author":[{"embeddable":true,"href":"https:\/\/us.edu.pl\/instytut\/idkm\/wp-json\/wp\/v2\/users\/202"}],"replies":[{"embeddable":true,"href":"https:\/\/us.edu.pl\/instytut\/idkm\/wp-json\/wp\/v2\/comments?post=3028"}],"version-history":[{"count":3,"href":"https:\/\/us.edu.pl\/instytut\/idkm\/wp-json\/wp\/v2\/pages\/3028\/revisions"}],"predecessor-version":[{"id":3037,"href":"https:\/\/us.edu.pl\/instytut\/idkm\/wp-json\/wp\/v2\/pages\/3028\/revisions\/3037"}],"up":[{"embeddable":true,"href":"https:\/\/us.edu.pl\/instytut\/idkm\/wp-json\/wp\/v2\/pages\/150"}],"wp:featuredmedia":[{"embeddable":true,"href":"https:\/\/us.edu.pl\/instytut\/idkm\/wp-json\/wp\/v2\/media\/3029"}],"wp:attachment":[{"href":"https:\/\/us.edu.pl\/instytut\/idkm\/wp-json\/wp\/v2\/media?parent=3028"}],"curies":[{"name":"wp","href":"https:\/\/api.w.org\/{rel}","templated":true}]}}