{"id":3137,"date":"2026-01-23T12:34:21","date_gmt":"2026-01-23T11:34:21","guid":{"rendered":"https:\/\/us.edu.pl\/instytut\/idkm\/?page_id=3137"},"modified":"2026-01-23T13:00:24","modified_gmt":"2026-01-23T12:00:24","slug":"dziennikarskie-kolo-kulturalne","status":"publish","type":"page","link":"https:\/\/us.edu.pl\/instytut\/idkm\/dziennikarskie-kolo-kulturalne\/","title":{"rendered":"Dziennikarskie Ko\u0142o Kulturalne"},"content":{"rendered":"<p><\/p>\n<h3 style=\"padding-left: 40px;\"><span style=\"font-size: 18pt;\">Dziennikarskie Ko\u0142o Kulturalne (zosta\u0142o zarejestrowane w styczniu 2024 roku, pod numerem rejestracyjnym COS.5340.1.5.2024)<\/span><\/h3>\n<p style=\"padding-left: 40px;\"><span style=\"font-size: 14pt;\">Przyk\u0142adowe prace zrealizowane w Dziennikarskim Kole Kulturalnym:<\/span><\/p>\n<p style=\"text-align: center;\"><iframe loading=\"lazy\" title=\"YouTube video player\" src=\"\/\/www.youtube.com\/embed\/rKwq4bYoxe8?si=y7Dzbwlcg54pGhoH\" width=\"560\" height=\"315\" frameborder=\"0\" allowfullscreen=\"allowfullscreen\"><\/iframe><\/p>\n<p>&nbsp;<\/p>\n<p style=\"text-align: center;\"><iframe loading=\"lazy\" title=\"YouTube video player\" src=\"\/\/www.youtube.com\/embed\/HazgFZnq4-A?si=N2TvXo7qthYYCnio\" width=\"560\" height=\"315\" frameborder=\"0\" allowfullscreen=\"allowfullscreen\"><\/iframe><\/p>\n<p>&nbsp;<\/p>\n<p>&nbsp;<\/p>\n<p style=\"text-align: center;\"><iframe loading=\"lazy\" title=\"YouTube video player\" src=\"\/\/www.youtube.com\/embed\/OzyHS2bUHfM?si=ff6PuAviv7rT1ZXf\" width=\"560\" height=\"315\" frameborder=\"0\" allowfullscreen=\"allowfullscreen\"><\/iframe><\/p>\n<p>&nbsp;<\/p>\n<p style=\"text-align: center;\"><iframe loading=\"lazy\" title=\"YouTube video player\" src=\"\/\/www.youtube.com\/embed\/1c4VJMApR7k?si=cUbAHzAWXwGOgneU\" width=\"560\" height=\"315\" frameborder=\"0\" allowfullscreen=\"allowfullscreen\"><\/iframe><\/p>\n<p style=\"text-align: center;\"><iframe loading=\"lazy\" title=\"YouTube video player\" src=\"\/\/www.youtube.com\/embed\/Q_hD7kb_PTc?si=rXdvN1KTa_9Lcho3\" width=\"560\" height=\"315\" frameborder=\"0\" allowfullscreen=\"allowfullscreen\"><\/iframe><\/p>\n<p><\/p>","protected":false},"excerpt":{"rendered":"<p>Dziennikarskie Ko\u0142o Kulturalne (zosta\u0142o zarejestrowane w styczniu 2024 roku, pod numerem rejestracyjnym COS.5340.1.5.2024) Przyk\u0142adowe prace zrealizowane w Dziennikarskim Kole Kulturalnym: &nbsp; &nbsp; &nbsp; &nbsp; [&#8230;]<\/p>\n<p><a class=\"btn btn-secondary understrap-read-more-link\" href=\"https:\/\/us.edu.pl\/instytut\/idkm\/dziennikarskie-kolo-kulturalne\/\">Read More&#8230;<\/a><\/p>\n","protected":false},"author":202,"featured_media":0,"parent":0,"menu_order":0,"comment_status":"closed","ping_status":"closed","template":"","meta":{"_expiration-date-status":"","_expiration-date":0,"_expiration-date-type":"","_expiration-date-categories":[],"_expiration-date-options":[]},"acf":[],"_links":{"self":[{"href":"https:\/\/us.edu.pl\/instytut\/idkm\/wp-json\/wp\/v2\/pages\/3137"}],"collection":[{"href":"https:\/\/us.edu.pl\/instytut\/idkm\/wp-json\/wp\/v2\/pages"}],"about":[{"href":"https:\/\/us.edu.pl\/instytut\/idkm\/wp-json\/wp\/v2\/types\/page"}],"author":[{"embeddable":true,"href":"https:\/\/us.edu.pl\/instytut\/idkm\/wp-json\/wp\/v2\/users\/202"}],"replies":[{"embeddable":true,"href":"https:\/\/us.edu.pl\/instytut\/idkm\/wp-json\/wp\/v2\/comments?post=3137"}],"version-history":[{"count":10,"href":"https:\/\/us.edu.pl\/instytut\/idkm\/wp-json\/wp\/v2\/pages\/3137\/revisions"}],"predecessor-version":[{"id":3159,"href":"https:\/\/us.edu.pl\/instytut\/idkm\/wp-json\/wp\/v2\/pages\/3137\/revisions\/3159"}],"wp:attachment":[{"href":"https:\/\/us.edu.pl\/instytut\/idkm\/wp-json\/wp\/v2\/media?parent=3137"}],"curies":[{"name":"wp","href":"https:\/\/api.w.org\/{rel}","templated":true}]}}