{"id":3145,"date":"2026-01-23T12:47:49","date_gmt":"2026-01-23T11:47:49","guid":{"rendered":"https:\/\/us.edu.pl\/instytut\/idkm\/?page_id=3145"},"modified":"2026-01-23T12:49:10","modified_gmt":"2026-01-23T11:49:10","slug":"spolecznosc-naukowa","status":"publish","type":"page","link":"https:\/\/us.edu.pl\/instytut\/idkm\/spolecznosc-naukowa\/","title":{"rendered":"Spo\u0142eczno\u015b\u0107 naukowa"},"content":{"rendered":"<p><\/p>\n<p style=\"padding-left: 40px;\"><a href=\"https:\/\/us.edu.pl\/instytut\/idkm\/nauka-i-badania\/konferencja-2024\/\"><strong><span style=\"font-size: 14pt;\">Konferencja naukowa z cyklu \u201eKomunikacja medialna w badaniach i praktyce\u201d 2024<\/span><\/strong><\/a><\/p>\n<p style=\"padding-left: 40px;\"><a href=\"https:\/\/us.edu.pl\/instytut\/idkm\/dziennikarskie-kolo-kulturalne\/\"><strong><span style=\"font-size: 14pt;\">Dziennikarskie Ko\u0142o Kulturalne<\/span><\/strong><\/a><\/p>\n<p style=\"padding-left: 40px;\">\n<p><\/p>","protected":false},"excerpt":{"rendered":"<p>Konferencja naukowa z cyklu \u201eKomunikacja medialna w badaniach i praktyce\u201d 2024 Dziennikarskie Ko\u0142o Kulturalne [&#8230;]<\/p>\n<p><a class=\"btn btn-secondary understrap-read-more-link\" href=\"https:\/\/us.edu.pl\/instytut\/idkm\/spolecznosc-naukowa\/\">Read More&#8230;<\/a><\/p>\n","protected":false},"author":202,"featured_media":0,"parent":0,"menu_order":0,"comment_status":"closed","ping_status":"closed","template":"","meta":{"_expiration-date-status":"","_expiration-date":0,"_expiration-date-type":"","_expiration-date-categories":[],"_expiration-date-options":[]},"acf":[],"_links":{"self":[{"href":"https:\/\/us.edu.pl\/instytut\/idkm\/wp-json\/wp\/v2\/pages\/3145"}],"collection":[{"href":"https:\/\/us.edu.pl\/instytut\/idkm\/wp-json\/wp\/v2\/pages"}],"about":[{"href":"https:\/\/us.edu.pl\/instytut\/idkm\/wp-json\/wp\/v2\/types\/page"}],"author":[{"embeddable":true,"href":"https:\/\/us.edu.pl\/instytut\/idkm\/wp-json\/wp\/v2\/users\/202"}],"replies":[{"embeddable":true,"href":"https:\/\/us.edu.pl\/instytut\/idkm\/wp-json\/wp\/v2\/comments?post=3145"}],"version-history":[{"count":2,"href":"https:\/\/us.edu.pl\/instytut\/idkm\/wp-json\/wp\/v2\/pages\/3145\/revisions"}],"predecessor-version":[{"id":3150,"href":"https:\/\/us.edu.pl\/instytut\/idkm\/wp-json\/wp\/v2\/pages\/3145\/revisions\/3150"}],"wp:attachment":[{"href":"https:\/\/us.edu.pl\/instytut\/idkm\/wp-json\/wp\/v2\/media?parent=3145"}],"curies":[{"name":"wp","href":"https:\/\/api.w.org\/{rel}","templated":true}]}}