{"id":571,"date":"2020-03-02T10:29:40","date_gmt":"2020-03-02T09:29:40","guid":{"rendered":"http:\/\/us.edu.pl\/instytut\/idkm\/?page_id=571"},"modified":"2020-03-02T10:48:34","modified_gmt":"2020-03-02T09:48:34","slug":"od-semiotyki-do-konsumpcjonizmu-o-potrzebie-wartosciowania-fotografii","status":"publish","type":"page","link":"https:\/\/us.edu.pl\/instytut\/idkm\/dla-pracownika\/ogloszenia-biezace\/od-semiotyki-do-konsumpcjonizmu-o-potrzebie-wartosciowania-fotografii\/","title":{"rendered":"Od semiotyki do konsumpcjonizmu. O potrzebie warto\u015bciowania fotografii"},"content":{"rendered":"<p><\/p>\n<p style=\"text-align: center;padding-left: 40px\"><span style=\"font-size: 14pt\">Instytut Dziennikarstwa i Komunikacji Medialnej<\/span><br \/>\n<span style=\"font-size: 14pt\">Uniwersytetu \u015al\u0105skiego<\/span><br \/>\n<span style=\"font-size: 14pt\">Szko\u0142a Filmowa im. Krzysztofa Kie\u015blowskiego<\/span><br \/>\n<span style=\"font-size: 14pt\">Uniwersytetu \u015al\u0105skiego<\/span><br \/>\n<span style=\"font-size: 14pt\">zapraszaj\u0105<\/span><br \/>\n<span style=\"font-size: 14pt\">do udzia\u0142u w konferencji naukowej<\/span><\/p>\n<p style=\"text-align: center;padding-left: 40px\"><span style=\"font-size: 14pt\"><strong>Od semiotyki do konsumpcjonizmu. O potrzebie warto\u015bciowania fotografii<\/strong><\/span><br \/>\n<span style=\"font-size: 14pt\"><strong>6 \u2013 7 pa\u017adziernika 2020 roku<\/strong><\/span><\/p>\n<p style=\"padding-left: 40px\"><span style=\"font-size: 14pt\"><strong>Miejsce obrad:<\/strong><\/span><br \/>\n<span style=\"font-size: 14pt\">Szko\u0142a Filmowa im. Krzysztofa Kie\u015blowskiego, Uniwersytet \u015al\u0105ski,<\/span><br \/>\n<span style=\"font-size: 14pt\">40-008 Katowice, ul. Paw\u0142a 3.<\/span><\/p>\n<p style=\"padding-left: 40px\"><span style=\"font-size: 14pt\"><strong>Za\u0142o\u017cenia:<\/strong><\/span><\/p>\n<div style=\"padding-left: 40px\"><span style=\"font-size: 14pt\">Najcz\u0119\u015bciej ka\u017cdy fotografik lub fotoreporter chce wyrazi\u0107 sw\u0105 tw\u00f3rczo\u015bci\u0105 siebie i pokaza\u0107 w\u0142asn\u0105 wizj\u0119 postrzegania rzeczywisto\u015bci. Z kolei ka\u017cdy odbiorca szuka w fotografii artystycznej czego\u015b dla siebie, chce mie\u0107 w swoich zbiorach obraz wyra\u017caj\u0105cy dan\u0105 ide\u0119, symbol, kt\u00f3ry jest mu bliski, co\u015b przypomina lub sugeruje interpretacj\u0119 otoczenia, napawa optymizmem, wywo\u0142uje refleksje lub &#8211; jak w fotografii dziennikarskiej &#8211; utrwala, interesuj\u0105cym albo prostym uj\u0119ciem, wa\u017cne wydarzenie. Fotografia towarzyszy tak\u017ce architekturze, dokumentuje i wzmacnia jej odbi\u00f3r spo\u0142eczny. Pokazuje, jak architekci dbaj\u0105 o r\u00f3wnowag\u0119 mi\u0119dzy funkcjonalno\u015bci\u0105, trwa\u0142o\u015bci\u0105 a pi\u0119knem. Autorzy tych zdj\u0119\u0107 zwracaj\u0105 uwag\u0119 na formy i funkcje budynk\u00f3w, ich r\u00f3\u017cnorodno\u015b\u0107 wn\u0119trz oraz przestrzeni urbanistycznych, w kt\u00f3rych zosta\u0142y zaprojektowane. Wsp\u00f3\u0142czesna fotografia eksponuje dynamiczne przemiany w architekturze, prezentuje m.in. inteligentne miasta tzw. Smart City.<\/span><\/div>\n<div style=\"padding-left: 40px\"><\/div>\n<div style=\"padding-left: 40px\"><span style=\"font-size: 14pt\">Wed\u0142ug Rolanda Barthesa nadrz\u0119dn\u0105 warto\u015bci\u0105 fotografii jest zawarty w niej znak, symbol, z kolei dla Jeana Baudrillarda przedmioty \u2013 w tym fotografie &#8211; zyskuj\u0105 wtedy na warto\u015bci, gdy s\u0105 same w sobie warto\u015bci\u0105: semiotyczn\u0105 (znakow\u0105, podkre\u015blaj\u0105c\u0105 pozycj\u0119 spo\u0142eczn\u0105 odbiorcy), symboliczn\u0105, funkcjonaln\u0105, wymienn\u0105 (zwi\u0105zan\u0105 z wymian\u0105 ekonomiczn\u0105, konsumpcyjn\u0105). Natomiast Jean-Jacques Wunenburger podkre\u015bla, \u017ce obrazy (tak\u017ce fotograficzne) kszta\u0142tuj\u0105 nie tylko nasze hic et nunc, ale te\u017c przesz\u0142o\u015b\u0107 i przysz\u0142o\u015b\u0107, co z kolei jest warto\u015bci\u0105 nadrz\u0119dn\u0105. <\/span><\/div>\n<div style=\"padding-left: 40px\"><\/div>\n<div style=\"padding-left: 40px\"><span style=\"font-size: 14pt\">Dlatego, id\u0105c tym tropem podczas konferencji, spr\u00f3bujmy si\u0119 zastanowi\u0107:<\/span><\/div>\n<div style=\"padding-left: 40px\"><\/div>\n<ul>\n<li style=\"list-style-type: none\">\n<ul>\n<li><span style=\"font-size: 14pt\">\u00a0jak fotografie &#8211; tak artystyczne jak i dziennikarskie &#8211; funkcjonuj\u0105 w \u015bwiadomo\u015bci wsp\u00f3\u0142czesnych fotografik\u00f3w i fotoreporter\u00f3w oraz samych odbiorc\u00f3w?<br \/>\n<\/span><\/li>\n<li><span style=\"font-size: 14pt\">co jest dla fotografik\u00f3w i fotoreporter\u00f3w najwa\u017cniejsze w obrazie fotograficznym: znak, symbol, czy informacja podana w prosty spos\u00f3b, a mo\u017ce informacja zakamuflowana b\u0119d\u0105ca z pogranicza prawdy i fikcji, czy raczej warto\u015b\u0107 u\u017cytkowa, konsumpcyjna?<br \/>\n<\/span><\/li>\n<li><span style=\"font-size: 14pt\">co kieruje fotografikami i fotoreporterami w ich pracy i na czym im zale\u017cy? Czy tylko wa\u017cna jest dla nich ch\u0119\u0107 utrwalania rzeczywisto\u015bci?<\/span><\/li>\n<li><span style=\"font-size: 14pt\">czym natomiast kieruj\u0105 si\u0119 odbiorcy, chc\u0105cy wej\u015b\u0107 w posiadanie danego obrazu fotograficznego, co w danym obrazie jest dla nich warto\u015bci\u0105? Czy tylko emocjonalny stosunek do prezentowanej na obrazie fotografii jest istotny, a najbardziej wtedy, gdy kto\u015b widzi na niej osob\u0119 blisk\u0105?<\/span><\/li>\n<li><span style=\"font-size: 14pt\">jak zawarte symbole w obrazie fotograficznym przek\u0142adaj\u0105 si\u0119 na potrzeb\u0119 posiadania<\/span><\/li>\n<li><span style=\"font-size: 14pt\">przez odbiorc\u00f3w danych obraz\u00f3w fotograficznych?<br \/>\n<\/span><\/li>\n<li><span style=\"font-size: 14pt\">jak fotografia dziennikarska funkcjonuje w \u201erzeczywisto\u015bci nadmiaru\u201d i \u201emedialnego przesycenia\u201d, tj. wszechobecno\u015bci i \u017cywio\u0142owo\u015bci wizualnych narracji?<br \/>\n<\/span><\/li>\n<li><span style=\"font-size: 14pt\">jaki jest status fotografii prasowej w badaniach spo\u0142ecznych \u2013 historii, socjologii, psychologii, ect.?<br \/>\n<\/span><\/li>\n<li><span style=\"font-size: 14pt\">jak pojmowany jest nowy wymiar etyki obrazu: od odpowiedzialno\u015bci tw\u00f3rcy do<br \/>\n(wsp\u00f3\u0142odpowiedzialno\u015bci) odbiorcy?<br \/>\n<\/span><\/li>\n<\/ul>\n<\/li>\n<\/ul>\n<p style=\"padding-left: 40px\"><span style=\"font-size: 14pt\">Zg\u0142oszenia do udzia\u0142u w konferencji wraz z kr\u00f3tkim streszczeniem wyst\u0105pienia prosimy przesy\u0142a\u0107 do dnia 31 maja 2020 roku na adres internetowy: kgron@poczta.onet.pl do wiadomo\u015bci: <a href=\"mailto:kazimierz-wolny-zmorzynski@wp.pl\">kazimierz-wolny-zmorzynski@wp.pl<\/a>.\u00a0<\/span><\/p>\n<p style=\"padding-left: 40px\"><span style=\"font-size: 14pt\">Op\u0142at\u0119 konferencyjn\u0105 w wysoko\u015bci 450 z\u0142otych prosimy wp\u0142aca\u0107 do dnia<br \/>\n15 czerwca 2020 roku<br \/>\nna konto:<br \/>\nUNIWERSYTET \u015aL\u0104SKI W KATOWICACH<br \/>\n74 1050 1214 1000 0007 0000 7909<br \/>\nPrzy wp\u0142acie nale\u017cy poda\u0107 nazw\u0119 konferencji (Fotografia. Od semiotyki do konsumpcjonizmu), nazwisko uczestnika konferencji wraz z adresem instytucji, kt\u00f3r\u0105 reprezentuje. Po dokonaniu op\u0142aty b\u0119d\u0105 wystawiane faktury przez Dzia\u0142 Finansowy U\u015a. Op\u0142ata obejmuje: materia\u0142y konferencyjne, catering dla uczestnik\u00f3w konferencji, uroczyst\u0105 kolacj\u0119, publikacj\u0119 referat\u00f3w (przyj\u0119tych przez recenzenta) w ksi\u0105\u017cce wydanej przez Wydawnictwo Uniwersytetu \u015al\u0105skiego (80 pkt.)<\/span><\/p>\n<p style=\"padding-left: 40px\"><span style=\"font-size: 14pt\"><br \/>\nW imieniu Komitetu Organizacyjnego:<\/span><\/p>\n<p style=\"padding-left: 80px\"><span style=\"font-size: 14pt\">prof. dr hab. Kazimierz Wolny-Zmorzy\u0144ski \u2013 przewodnicz\u0105cy<br \/>\ndr Krzysztof Gro\u0144 \u2013 sekretarz konferencji<br \/>\ndr Magdalena R\u00f3\u017cycka \u2013 koordynator konferencji ds. organizacyjnych<br \/>\nKomitet Naukowy:<br \/>\nprof. dr hab. Krystyna Doktorowicz (U\u015a) &#8211; przewodnicz\u0105ca<br \/>\nprof. dr hab. Janusz Adamowski (UW)<br \/>\ndr hab.in\u017c arch. Natalia B\u0105ba-Ciosek (P\u015a)<br \/>\ndr Tomasz Gudzowaty (U\u015a)<br \/>\nprof. UJ dr hab. Agnieszka Hess (UJ)<br \/>\nprof. dr hab. Iwona Hofman (UMCS)<br \/>\nprof. dr hab. Marek Jachimowski (U\u015a)<br \/>\nprof. dr hab. Jerzy Jastrz\u0119bski (UPJP II)<br \/>\nprof. dr hab. Maciej Kawka (PAU)<br \/>\nprof. dr hab. Tadeusz Kononiuk (UW)<br \/>\nprof. dr hab. Mariusz Kolczy\u0144ski (U\u015a)<br \/>\ndr Pawe\u0142 Kuca (UR)<br \/>\nprof. dr hab. Arkadiusz Lewi\u0144ski (UWr)<br \/>\nprof. dr hab. Jerzy \u0141ukaszewicz (U\u015a)<br \/>\nprof. dr hab. Rafa\u0142 Milach (U\u015a)<br \/>\nprof. dr hab. Janusz Musia\u0142 (U\u015a)<br \/>\ndr Pawe\u0142 P\u0142aneta (UJ)<br \/>\ndr hab. Joanna Szylko-Kwas (UW)<br \/>\nprof. UW dr hab. Dariusz Tworzyd\u0142o (UW)<br \/>\ndr in\u017c. arch. Joanna Zabawa-Krzypkowska (P\u015a)<\/span><\/p>\n<p><\/p>","protected":false},"excerpt":{"rendered":"<p>Instytut Dziennikarstwa i Komunikacji Medialnej Uniwersytetu \u015al\u0105skiego Szko\u0142a Filmowa im. Krzysztofa Kie\u015blowskiego Uniwersytetu \u015al\u0105skiego zapraszaj\u0105 do udzia\u0142u w konferencji naukowej Od semiotyki do konsumpcjonizmu. O potrzebie warto\u015bciowania fotografii 6 \u2013 7 pa\u017adziernika 2020 roku Miejsce obrad: Szko\u0142a Filmowa im. Krzysztofa Kie\u015blowskiego, Uniwersytet \u015al\u0105ski, 40-008 Katowice, ul. Paw\u0142a 3. Za\u0142o\u017cenia: Najcz\u0119\u015bciej ka\u017cdy fotografik lub fotoreporter chce [&#8230;]<\/p>\n<p><a class=\"btn btn-secondary understrap-read-more-link\" href=\"https:\/\/us.edu.pl\/instytut\/idkm\/dla-pracownika\/ogloszenia-biezace\/od-semiotyki-do-konsumpcjonizmu-o-potrzebie-wartosciowania-fotografii\/\">Read More&#8230;<\/a><\/p>\n","protected":false},"author":202,"featured_media":572,"parent":182,"menu_order":0,"comment_status":"closed","ping_status":"closed","template":"","meta":{"_expiration-date-status":"saved","_expiration-date":0,"_expiration-date-type":"","_expiration-date-categories":[],"_expiration-date-options":[]},"acf":[],"_links":{"self":[{"href":"https:\/\/us.edu.pl\/instytut\/idkm\/wp-json\/wp\/v2\/pages\/571"}],"collection":[{"href":"https:\/\/us.edu.pl\/instytut\/idkm\/wp-json\/wp\/v2\/pages"}],"about":[{"href":"https:\/\/us.edu.pl\/instytut\/idkm\/wp-json\/wp\/v2\/types\/page"}],"author":[{"embeddable":true,"href":"https:\/\/us.edu.pl\/instytut\/idkm\/wp-json\/wp\/v2\/users\/202"}],"replies":[{"embeddable":true,"href":"https:\/\/us.edu.pl\/instytut\/idkm\/wp-json\/wp\/v2\/comments?post=571"}],"version-history":[{"count":3,"href":"https:\/\/us.edu.pl\/instytut\/idkm\/wp-json\/wp\/v2\/pages\/571\/revisions"}],"predecessor-version":[{"id":581,"href":"https:\/\/us.edu.pl\/instytut\/idkm\/wp-json\/wp\/v2\/pages\/571\/revisions\/581"}],"up":[{"embeddable":true,"href":"https:\/\/us.edu.pl\/instytut\/idkm\/wp-json\/wp\/v2\/pages\/182"}],"wp:featuredmedia":[{"embeddable":true,"href":"https:\/\/us.edu.pl\/instytut\/idkm\/wp-json\/wp\/v2\/media\/572"}],"wp:attachment":[{"href":"https:\/\/us.edu.pl\/instytut\/idkm\/wp-json\/wp\/v2\/media?parent=571"}],"curies":[{"name":"wp","href":"https:\/\/api.w.org\/{rel}","templated":true}]}}