{"id":845,"date":"2020-11-15T11:37:22","date_gmt":"2020-11-15T10:37:22","guid":{"rendered":"https:\/\/us.edu.pl\/instytut\/idkm\/?page_id=845"},"modified":"2020-11-15T16:50:37","modified_gmt":"2020-11-15T15:50:37","slug":"dr-hab-prof-us-pawel-sarna","status":"publish","type":"page","link":"https:\/\/us.edu.pl\/instytut\/idkm\/dr-hab-prof-us-pawel-sarna\/","title":{"rendered":"dr hab. Pawe\u0142 Sarna, prof. U\u015a"},"content":{"rendered":"<p><\/p>\n<h3 style=\"text-align: center\">dr hab. Pawe\u0142 Sarna, prof. U\u015a<\/h3>\n<p style=\"text-align: center\"><img class=\"alignnone wp-image-846 size-full\" src=\"https:\/\/us.edu.pl\/instytut\/idkm\/wp-content\/uploads\/sites\/30\/Nieprzypisane\/pawel-sarna.jpg\" alt=\"\" width=\"640\" height=\"640\" srcset=\"https:\/\/us.edu.pl\/instytut\/idkm\/wp-content\/uploads\/sites\/30\/Nieprzypisane\/pawel-sarna.jpg 640w, https:\/\/us.edu.pl\/instytut\/idkm\/wp-content\/uploads\/sites\/30\/Nieprzypisane\/pawel-sarna-400x400.jpg 400w, https:\/\/us.edu.pl\/instytut\/idkm\/wp-content\/uploads\/sites\/30\/Nieprzypisane\/pawel-sarna-300x300.jpg 300w, https:\/\/us.edu.pl\/instytut\/idkm\/wp-content\/uploads\/sites\/30\/Nieprzypisane\/pawel-sarna-575x575.jpg 575w\" sizes=\"(max-width: 640px) 100vw, 640px\" \/><\/p>\n<p style=\"padding-left: 40px\"><span style=\"font-size: 14pt\">Adres mailowy<\/span><br \/>\n<a href=\"mailto:pawel.sarna@us.edu.pl\"><strong><span style=\"font-size: 14pt\">pawel.sarna@us.edu.pl<\/span><\/strong><\/a><br \/>\n<span style=\"font-size: 14pt\">ORCID<\/span><br \/>\n<a href=\"https:\/\/orcid.org\/0000-0003-4211-2310\"><strong><span style=\"font-size: 14pt\">https:\/\/orcid.org\/0000-0003-4211-2310<\/span><\/strong><\/a><br \/>\n<span style=\"font-size: 14pt\">Research Gate<\/span><br \/>\n<a href=\"https:\/\/www.researchgate.net\/profile\/Pawel_Sarna\"><strong><span style=\"font-size: 14pt\">https:\/\/www.researchgate.net\/profile\/Pawel_Sarna<\/span><\/strong><\/a><br \/>\n<span style=\"font-size: 14pt\">Google Scholar<\/span><br \/>\n<a href=\"https:\/\/scholar.google.pl\/citations?user=Js-SbWkAAAAJ&amp;hl=pl\"><strong><span style=\"font-size: 14pt\">https:\/\/scholar.google.pl\/citations?user=Js-SbWkAAAAJ&amp;hl=pl<\/span><\/strong><\/a><\/p>\n<p style=\"padding-left: 40px\"><strong><span style=\"font-size: 14pt\">Obszar zainteresowa\u0144 badawczych<\/span><\/strong><\/p>\n<ul>\n<li><span style=\"font-size: 14pt\">Retoryka i erystyka ze szczeg\u00f3lnym uwzgl\u0119dnieniem medi\u00f3w<\/span><\/li>\n<li><span style=\"font-size: 14pt\">Prasa spo\u0142eczno-kulturalna po 1945 roku<\/span><\/li>\n<li><span style=\"font-size: 14pt\">Zwi\u0105zki literatury i medi\u00f3w <\/span><\/li>\n<\/ul>\n<p style=\"padding-left: 40px\"><strong><span style=\"font-size: 14pt\">Wybrane publikacje<\/span><\/strong><\/p>\n<p style=\"padding-left: 80px\"><span style=\"font-size: 14pt\">Monografie:<\/span><\/p>\n<p style=\"padding-left: 40px\"><span style=\"font-size: 14pt\">&#8222;Odra&#8221; (1945-1950) : monografia czasopisma \/ Pawe\u0142 Sarna. &#8211; Katowice : Wydawnictwo Uniwersytetu \u015al\u0105skiego, 2019. &#8211; 321 s. &#8211; (Prace Naukowe Uniwersytetu \u015al\u0105skiego w Katowicach ; 3830) &#8211; ISBN 978-83-226-3658-9<\/span><\/p>\n<p style=\"padding-left: 40px\"><span style=\"font-size: 14pt\">Miejsca wsp\u00f3lne, miejsca osobne, imiona sporu : szkice z pogranicza literatury i publicystyki na G\u00f3rnym \u015al\u0105sku \/ Pawe\u0142 Sarna. &#8211; Katowice : Wydawnictwo Uniwersytetu \u015al\u0105skiego, 2018. &#8211; 186 s. &#8211; (Prace Naukowe Uniwersytetu \u015al\u0105skiego w Katowicach ; nr 3682) &#8211; ISBN 978-83-226-3294-9<\/span><\/p>\n<p style=\"padding-left: 40px\"><span style=\"font-size: 14pt\">Pawe\u0142 Sarna, Matylda S\u0119k-Iwanek (red.)\/\/: Dyskursy widzialno\u015bci : s\u0142owa a obrazy. &#8211; Katowice : Wydawnictwo Uniwersytetu \u015al\u0105skiego, 2016. &#8211; S. 7-11. &#8211; ISBN 978-83-8012-986-3<\/span><\/p>\n<p style=\"padding-left: 80px\"><span style=\"font-size: 14pt\">Artyku\u0142y:<\/span><\/p>\n<p style=\"padding-left: 40px\"><span style=\"font-size: 14pt\">\u015amier\u0107 prezydenta Gda\u0144ska Paw\u0142a Adamowicza w nag\u0142\u00f3wkach polskich dziennik\u00f3w i tygodnik\u00f3w \/ Pawe\u0142 Sarna, Ewelina Tyc.\/\/ Res Rhetorica &#8211; 2020, no. 1, s. 1-21<\/span><\/p>\n<p style=\"padding-left: 40px\"><span style=\"font-size: 14pt\">W trosce o nieprzedstawienie &#8211; wizerunek J\u00f3zefa Stalina na \u0142amach czasopism spo\u0142eczno-kulturalnych okresu stalinizmu w Polsce \/ Pawe\u0142 Sarna.\/\/ Res Rhetor. &#8211; 2019, no. 2, s. 32-47<\/span><\/p>\n<p style=\"padding-left: 40px\"><span style=\"font-size: 14pt\">Ziemie Zachodnie i P\u00f3\u0142nocne na \u0142amach czasopism kulturalnych w pierwszych latach powojennych \/ Pawe\u0142 Sarna.\/\/ Rocz. Prasozn. &#8211; R. 12 (2018), s. 125-135<\/span><\/p>\n<p style=\"text-align: center\"><img class=\"alignnone wp-image-848 size-full\" src=\"https:\/\/us.edu.pl\/instytut\/idkm\/wp-content\/uploads\/sites\/30\/Nieprzypisane\/04-sarna-01.jpg\" alt=\"\" width=\"400\" height=\"570\" srcset=\"https:\/\/us.edu.pl\/instytut\/idkm\/wp-content\/uploads\/sites\/30\/Nieprzypisane\/04-sarna-01.jpg 400w, https:\/\/us.edu.pl\/instytut\/idkm\/wp-content\/uploads\/sites\/30\/Nieprzypisane\/04-sarna-01-211x300.jpg 211w\" sizes=\"(max-width: 400px) 100vw, 400px\" \/><\/p>\n<p style=\"text-align: center\"><img class=\"alignnone wp-image-849 size-full\" src=\"https:\/\/us.edu.pl\/instytut\/idkm\/wp-content\/uploads\/sites\/30\/Nieprzypisane\/04-sarna-02.jpg\" alt=\"\" width=\"400\" height=\"625\" srcset=\"https:\/\/us.edu.pl\/instytut\/idkm\/wp-content\/uploads\/sites\/30\/Nieprzypisane\/04-sarna-02.jpg 400w, https:\/\/us.edu.pl\/instytut\/idkm\/wp-content\/uploads\/sites\/30\/Nieprzypisane\/04-sarna-02-192x300.jpg 192w, https:\/\/us.edu.pl\/instytut\/idkm\/wp-content\/uploads\/sites\/30\/Nieprzypisane\/04-sarna-02-368x575.jpg 368w\" sizes=\"(max-width: 400px) 100vw, 400px\" \/><\/p>\n<p style=\"text-align: center\"><img class=\"alignnone wp-image-850 size-full\" src=\"https:\/\/us.edu.pl\/instytut\/idkm\/wp-content\/uploads\/sites\/30\/Nieprzypisane\/04-sarna-03.jpg\" alt=\"\" width=\"400\" height=\"660\" srcset=\"https:\/\/us.edu.pl\/instytut\/idkm\/wp-content\/uploads\/sites\/30\/Nieprzypisane\/04-sarna-03.jpg 400w, https:\/\/us.edu.pl\/instytut\/idkm\/wp-content\/uploads\/sites\/30\/Nieprzypisane\/04-sarna-03-182x300.jpg 182w, https:\/\/us.edu.pl\/instytut\/idkm\/wp-content\/uploads\/sites\/30\/Nieprzypisane\/04-sarna-03-348x575.jpg 348w\" sizes=\"(max-width: 400px) 100vw, 400px\" \/><\/p>\n<p><\/p>","protected":false},"excerpt":{"rendered":"<p>dr hab. Pawe\u0142 Sarna, prof. U\u015a Adres mailowy pawel.sarna@us.edu.pl ORCID https:\/\/orcid.org\/0000-0003-4211-2310 Research Gate https:\/\/www.researchgate.net\/profile\/Pawel_Sarna Google Scholar https:\/\/scholar.google.pl\/citations?user=Js-SbWkAAAAJ&amp;hl=pl Obszar zainteresowa\u0144 badawczych Retoryka i erystyka ze szczeg\u00f3lnym uwzgl\u0119dnieniem medi\u00f3w Prasa spo\u0142eczno-kulturalna po 1945 roku Zwi\u0105zki literatury i medi\u00f3w Wybrane publikacje Monografie: &#8222;Odra&#8221; (1945-1950) : monografia czasopisma \/ Pawe\u0142 Sarna. &#8211; Katowice : Wydawnictwo Uniwersytetu \u015al\u0105skiego, 2019. &#8211; [&#8230;]<\/p>\n<p><a class=\"btn btn-secondary understrap-read-more-link\" href=\"https:\/\/us.edu.pl\/instytut\/idkm\/dr-hab-prof-us-pawel-sarna\/\">Read More&#8230;<\/a><\/p>\n","protected":false},"author":202,"featured_media":846,"parent":0,"menu_order":0,"comment_status":"closed","ping_status":"closed","template":"","meta":{"_expiration-date-status":"saved","_expiration-date":0,"_expiration-date-type":"","_expiration-date-categories":[],"_expiration-date-options":[]},"acf":[],"_links":{"self":[{"href":"https:\/\/us.edu.pl\/instytut\/idkm\/wp-json\/wp\/v2\/pages\/845"}],"collection":[{"href":"https:\/\/us.edu.pl\/instytut\/idkm\/wp-json\/wp\/v2\/pages"}],"about":[{"href":"https:\/\/us.edu.pl\/instytut\/idkm\/wp-json\/wp\/v2\/types\/page"}],"author":[{"embeddable":true,"href":"https:\/\/us.edu.pl\/instytut\/idkm\/wp-json\/wp\/v2\/users\/202"}],"replies":[{"embeddable":true,"href":"https:\/\/us.edu.pl\/instytut\/idkm\/wp-json\/wp\/v2\/comments?post=845"}],"version-history":[{"count":6,"href":"https:\/\/us.edu.pl\/instytut\/idkm\/wp-json\/wp\/v2\/pages\/845\/revisions"}],"predecessor-version":[{"id":928,"href":"https:\/\/us.edu.pl\/instytut\/idkm\/wp-json\/wp\/v2\/pages\/845\/revisions\/928"}],"wp:featuredmedia":[{"embeddable":true,"href":"https:\/\/us.edu.pl\/instytut\/idkm\/wp-json\/wp\/v2\/media\/846"}],"wp:attachment":[{"href":"https:\/\/us.edu.pl\/instytut\/idkm\/wp-json\/wp\/v2\/media?parent=845"}],"curies":[{"name":"wp","href":"https:\/\/api.w.org\/{rel}","templated":true}]}}