{"id":858,"date":"2020-11-15T11:53:50","date_gmt":"2020-11-15T10:53:50","guid":{"rendered":"https:\/\/us.edu.pl\/instytut\/idkm\/?page_id=858"},"modified":"2022-12-10T16:27:18","modified_gmt":"2022-12-10T15:27:18","slug":"dr-hab-robert-rajczyk","status":"publish","type":"page","link":"https:\/\/us.edu.pl\/instytut\/idkm\/dr-hab-robert-rajczyk\/","title":{"rendered":"dr hab. Robert Rajczyk"},"content":{"rendered":"<p><\/p>\n<h3 style=\"text-align: center;\">dr hab. Robert Rajczyk, prof. U\u015a<\/h3>\n<p style=\"text-align: center;\"><img class=\"alignnone wp-image-859 size-full\" src=\"https:\/\/us.edu.pl\/instytut\/idkm\/wp-content\/uploads\/sites\/30\/Nieprzypisane\/robert-rajczyk.jpg\" alt=\"\" width=\"640\" height=\"640\" srcset=\"https:\/\/us.edu.pl\/instytut\/idkm\/wp-content\/uploads\/sites\/30\/Nieprzypisane\/robert-rajczyk.jpg 640w, https:\/\/us.edu.pl\/instytut\/idkm\/wp-content\/uploads\/sites\/30\/Nieprzypisane\/robert-rajczyk-400x400.jpg 400w, https:\/\/us.edu.pl\/instytut\/idkm\/wp-content\/uploads\/sites\/30\/Nieprzypisane\/robert-rajczyk-300x300.jpg 300w, https:\/\/us.edu.pl\/instytut\/idkm\/wp-content\/uploads\/sites\/30\/Nieprzypisane\/robert-rajczyk-575x575.jpg 575w\" sizes=\"(max-width: 640px) 100vw, 640px\" \/><\/p>\n<p style=\"padding-left: 40px;\"><span style=\"font-size: 14pt;\">Adres mailowy<\/span><br \/>\n<a href=\"mailto:robert.rajczyk@us.edu.pl\"><strong><span style=\"font-size: 14pt;\">robert.rajczyk@us.edu.pl<\/span><\/strong><\/a><br \/>\n<span style=\"font-size: 14pt;\">ORCID<\/span><br \/>\n<a href=\"https:\/\/orcid.org\/0000-0003-2848-4775\"><strong><span style=\"font-size: 14pt;\">https:\/\/orcid.org\/0000-0003-2848-4775<\/span><\/strong><\/a><br \/>\n<span style=\"font-size: 14pt;\">Research Gate<\/span><br \/>\n<a href=\"https:\/\/www.researchgate.net\/profile\/Robert_Rajczyk\"><strong><span style=\"font-size: 14pt;\">https:\/\/www.researchgate.net\/profile\/Robert_Rajczyk<\/span><\/strong><\/a><br \/>\n<span style=\"font-size: 14pt;\">Google Scholar<\/span><br \/>\n<a href=\"https:\/\/tiny.pl\/7ndct\"><strong><span style=\"font-size: 14pt;\">https:\/\/tiny.pl\/7ndct<\/span><\/strong><\/a><br \/>\n<span style=\"font-size: 14pt;\">Academia.edu<\/span><br \/>\n<a href=\"https:\/\/silesian.academia.edu\/RRajczyk\"><strong><span style=\"font-size: 14pt;\">https:\/\/silesian.academia.edu\/RRajczyk<\/span><\/strong><\/a><\/p>\n<p style=\"padding-left: 40px;\"><strong><span style=\"font-size: 14pt;\">Obszar zainteresowa\u0144 badawczych<\/span><\/strong><\/p>\n<ul>\n<li><span style=\"font-size: 14pt;\">Wsp\u00f3\u0142czesna propaganda i dezinformacja<\/span><\/li>\n<li><span style=\"font-size: 14pt;\">Komunikowanie mi\u0119dzynarodowe i mi\u0119dzykulturowe<\/span><\/li>\n<\/ul>\n<p>&nbsp;<\/p>\n<p style=\"padding-left: 40px;\"><strong><span style=\"font-size: 14pt;\">Wybrane publikacje<\/span><\/strong><\/p>\n<p style=\"padding-left: 40px;\"><span style=\"font-size: 14pt;\">The type of participation in socio-political protests as a function of political activation in the era of social media \/ Gra\u017cyna Piechota, Robert Rajczyk, Volodymyr Lytvynenko, Viktoriia Grydchyna.\/\/ Rev. Rom. Stiinte Polit. (Print). &#8211; 2020, nr 1, s. 188-213<\/span><\/p>\n<p style=\"padding-left: 40px;\"><span style=\"font-size: 14pt;\">UATV &#8211; narz\u0119dzie dyplomacji publicznej czy propagandy zewn\u0119trznej? : analiza serwisu internetowego ukrai\u0144skiego pa\u0144stwowego kana\u0142u telewizyjnego \/ Robert Rajczyk.\/\/ Zesz. Prasozn. &#8211; 2020, nr 2, s. 111-126<\/span><br \/>\n<a href=\"https:\/\/www.ejournals.eu\/Zeszyty-Prasoznawcze\/2020\/2-242\/art\/16648\/\"><span style=\"font-size: 14pt;\">https:\/\/www.ejournals.eu\/Zeszyty-Prasoznawcze\/2020\/2-242\/art\/16648\/<\/span><\/a><\/p>\n<p style=\"padding-left: 40px;\"><span style=\"font-size: 14pt;\">UATV : narz\u0119dzie komunikacji strategicznej pa\u0144stwa ukrai\u0144skiego czy medium propagandowe? \/ Robert Rajczyk \/\/ W: Przekona\u0107, pozyska\u0107, sk\u0142oni\u0107. Re-wizje. Teoretyczne i praktyczne aspekty propagandy. &#8211; Toru\u0144 : Wydawnictwo Adam Marsza\u0142ek, 2020. &#8211; S. 215-230. &#8211; ISBN 978-83-8180-218-5<\/span><\/p>\n<p style=\"padding-left: 40px;\"><span style=\"font-size: 14pt;\">Oblicza wsp\u00f3\u0142czesnej propagandy : przypadek chi\u0144sko-tajwa\u0144skiej wojny informacyjnej \/ Robert Rajczyk. &#8211; Katowice : Wydawnictwo Uniwersytetu \u015al\u0105skiego, 2019. &#8211; 166 s. &#8211; (Prace Naukowe Uniwersytetu \u015al\u0105skiego w Katowicach 3855) &#8211; ISBN 978-83-226-3695-4<\/span><\/p>\n<p style=\"padding-left: 40px;\"><span style=\"font-size: 14pt;\">Public diplomacy as Taiwanese diplomacy\u2019s essential tool \/ Robert Rajczyk, Gra\u017cyna Piechota.\/\/ Athenaeum (Tor.). &#8211; 2019, vol. 64, s. 232-249 <\/span><br \/>\n<a href=\"https:\/\/tiny.pl\/7ndd1\"><span style=\"font-size: 14pt;\">https:\/\/tiny.pl\/7ndd1<\/span><\/a><\/p>\n<p style=\"padding-left: 40px;\"><span style=\"font-size: 14pt;\">Institutionalization of Ukraine\u2019s information policy as a function of strategic communication \/ Gra\u017cyna Piechota, Robert Rajczyk.\/\/ \u015arodkowoeuropejskie Stud. Polit. &#8211; 2018, nr 3, s. 65-8<\/span><br \/>\n<a href=\"https:\/\/tiny.pl\/7ndds\"><span style=\"font-size: 14pt;\">https:\/\/tiny.pl\/7ndds<\/span><\/a><\/p>\n<p style=\"padding-left: 40px;\"><span style=\"font-size: 14pt;\">Media system in the Republic of Moldova \/ Robert Rajczyk.\/\/ Wsch\u00f3d Eur. &#8211; 2018, no. 1, s. 121-135<\/span><br \/>\n<a href=\"https:\/\/tiny.pl\/7ndfh\"><span style=\"font-size: 14pt;\">https:\/\/tiny.pl\/7ndfh<\/span><\/a><\/p>\n<p style=\"padding-left: 40px;\"><span style=\"font-size: 14pt;\">Nowoczesne wojny informacyjne \/ Robert Rajczyk. &#8211; Warszawa : Difin, 2016. &#8211; 166 s. &#8211; ISBN 978-83-8085-150-4<\/span><\/p>\n<p style=\"padding-left: 40px;\"><span style=\"font-size: 14pt;\">The Role of Social Media During Protests on Maidan \/ Gra\u017cyna Piechota, Robert Rajczyk.\/\/ Commun. Today (Trnava). &#8211; 2015, no. 2, s. 87-97<\/span><br \/>\n<a href=\"https:\/\/tiny.pl\/7ndff\"><span style=\"font-size: 14pt;\">https:\/\/tiny.pl\/7ndff<\/span><\/a><\/p>\n<p style=\"padding-left: 40px;\"><span style=\"font-size: 14pt;\">Measures and Objectives of Taiwanese Digital Diplomacy. International Legal Status \/ Robert Rajczyk.\/\/ W: Komunikowanie spo\u0142eczne w dobie nowych technologii : praca zbiorowa. &#8211; Pozna\u0144 : Polskie Towarzystwo Komunikacji Spo\u0142ecznej, 2017. &#8211; S. 67-79. &#8211; ISBN 978-83-949981-1-0<\/span><br \/>\n<a href=\"http:\/\/www.ptks.pl\/j3x\/images\/ebook2017.pdf\" class=\"mtli_attachment mtli_pdf\"><span style=\"font-size: 14pt;\">http:\/\/www.ptks.pl\/j3x\/images\/ebook2017.pdf<\/span><\/a><\/p>\n<p style=\"padding-left: 40px;\"><strong><span style=\"font-size: 14pt;\">Projekty badawcze<\/span><\/strong><\/p>\n<p style=\"padding-left: 40px;\"><span style=\"font-size: 14pt;\">World\u2019s impact on Taiwanese media system &#8211; grant badawczy zrealizowany w okresie 21.06-26.09.2015 we wsp\u00f3\u0142pracy z Nanhua University w Dalin. Badania finansowane przez Ministerstwo Spraw Zagranicznych Republiki Chi\u0144skiej za po\u015brednictwem National Central Library w Tajpej; Kierowanie projektem<\/span><\/p>\n<p style=\"padding-left: 40px;\"><span style=\"font-size: 14pt;\">Public diplomacy. A modern tool of Taiwanese diplomacy &#8211; grant badawczy zrealizowany w okresie 30.06 \u2013 02.10.2017 we wsp\u00f3\u0142pracy z Nanhua University w Dalin. Badania finansowane przez Ministerstwo Spraw Zagranicznych Republiki Chi\u0144skiej za po\u015brednictwem National Central Library w Tajpej; Kierowanie projektem<\/span><\/p>\n<p style=\"padding-left: 40px;\"><span style=\"font-size: 14pt;\">How Western Media Frames New Southbound Policy &#8211; grant badawczy zrealizowany w okresie 18.06-01.10.2019 we wsp\u00f3\u0142pracy z Nanhua University w Dalin. Badania finansowane przez Ministerstwo Spraw Zagranicznych Republiki Chi\u0144skiej za po\u015brednictwem National Central Library w Tajpej; Kierowanie projektem<\/span><\/p>\n<p style=\"padding-left: 40px;\"><span style=\"font-size: 14pt;\">A versenyk\u00e9pes k\u00f6zszolg\u00e1lat szem\u00e9lyzeti ut\u00e1np\u00f3tl\u00e1s\u00e1nak strat\u00e9giai t\u00e1mogat\u00e1sa\u201d K\u00d6FOP-2.1.5-VEKOP-16-2016-00001, Nemzeti K\u00f6zszolg\u00e1lati Egyetem, Budapeszt. W okresie od 2.10.2017 do 30.04.2018 w ramach projektu finansowanego przez Uni\u0119 Europejsk\u0105 i realizowanego przez Narodowy Uniwersytet S\u0142u\u017cby Publicznej w Budapeszcie ekspert w przygotowaniu kompleksowego opracowania obejmuj\u0105cego problematyk\u0119 s\u0142u\u017cby cywilnej w wybranych pa\u0144stwach Unii Europejskiej, w szczeg\u00f3lno\u015bci dotycz\u0105cego zarz\u0105dzania zasobami ludzkimi, doskonalenia kadr oraz przyw\u00f3dztwa; Wykonawca<\/span><\/p>\n<p style=\"padding-left: 40px;\"><span style=\"font-size: 14pt;\">The role of social media during protests on Maidan &#8211; comparative research &#8211; badania zespo\u0142owe, zrealizowane w maju 2015 roku, we wsp\u00f3\u0142pracy z Kijowskim Uniwersytetem im. Borisa Grinchenko w\u00a0Kijowie oraz Uniwersytetem Narodowym im Iwana Franko we Lwowie. Projekt finansowany z dotacji Ministerstwa Nauki i Szkolnictwa Wy\u017cszego, przyznanej Wydzia\u0142owi Zarz\u0105dzania i Komunikacji Spo\u0142ecznej KAAFM; Wykonawca<\/span><\/p>\n<p style=\"text-align: center;\"><img class=\"alignnone wp-image-867 size-full\" src=\"https:\/\/us.edu.pl\/instytut\/idkm\/wp-content\/uploads\/sites\/30\/Nieprzypisane\/05-rajczyk-01-1.jpg\" alt=\"\" width=\"400\" height=\"588\" srcset=\"https:\/\/us.edu.pl\/instytut\/idkm\/wp-content\/uploads\/sites\/30\/Nieprzypisane\/05-rajczyk-01-1.jpg 400w, https:\/\/us.edu.pl\/instytut\/idkm\/wp-content\/uploads\/sites\/30\/Nieprzypisane\/05-rajczyk-01-1-204x300.jpg 204w, https:\/\/us.edu.pl\/instytut\/idkm\/wp-content\/uploads\/sites\/30\/Nieprzypisane\/05-rajczyk-01-1-391x575.jpg 391w\" sizes=\"(max-width: 400px) 100vw, 400px\" \/><\/p>\n<p style=\"text-align: center;\"><img class=\"alignnone wp-image-862 size-full\" src=\"https:\/\/us.edu.pl\/instytut\/idkm\/wp-content\/uploads\/sites\/30\/Nieprzypisane\/05-rajczyk-02.jpg\" alt=\"\" width=\"400\" height=\"578\" srcset=\"https:\/\/us.edu.pl\/instytut\/idkm\/wp-content\/uploads\/sites\/30\/Nieprzypisane\/05-rajczyk-02.jpg 400w, https:\/\/us.edu.pl\/instytut\/idkm\/wp-content\/uploads\/sites\/30\/Nieprzypisane\/05-rajczyk-02-208x300.jpg 208w, https:\/\/us.edu.pl\/instytut\/idkm\/wp-content\/uploads\/sites\/30\/Nieprzypisane\/05-rajczyk-02-398x575.jpg 398w\" sizes=\"(max-width: 400px) 100vw, 400px\" \/><\/p>\n<p style=\"text-align: center;\"><img class=\"alignnone wp-image-863 size-full\" src=\"https:\/\/us.edu.pl\/instytut\/idkm\/wp-content\/uploads\/sites\/30\/Nieprzypisane\/05-rajczyk-03.jpg\" alt=\"\" width=\"400\" height=\"577\" srcset=\"https:\/\/us.edu.pl\/instytut\/idkm\/wp-content\/uploads\/sites\/30\/Nieprzypisane\/05-rajczyk-03.jpg 400w, https:\/\/us.edu.pl\/instytut\/idkm\/wp-content\/uploads\/sites\/30\/Nieprzypisane\/05-rajczyk-03-208x300.jpg 208w, https:\/\/us.edu.pl\/instytut\/idkm\/wp-content\/uploads\/sites\/30\/Nieprzypisane\/05-rajczyk-03-399x575.jpg 399w\" sizes=\"(max-width: 400px) 100vw, 400px\" \/><\/p>\n<p style=\"text-align: center;\"><img class=\"alignnone wp-image-864 size-full\" src=\"https:\/\/us.edu.pl\/instytut\/idkm\/wp-content\/uploads\/sites\/30\/Nieprzypisane\/05-rajczyk-04.jpg\" alt=\"\" width=\"400\" height=\"566\" srcset=\"https:\/\/us.edu.pl\/instytut\/idkm\/wp-content\/uploads\/sites\/30\/Nieprzypisane\/05-rajczyk-04.jpg 400w, https:\/\/us.edu.pl\/instytut\/idkm\/wp-content\/uploads\/sites\/30\/Nieprzypisane\/05-rajczyk-04-212x300.jpg 212w\" sizes=\"(max-width: 400px) 100vw, 400px\" \/><\/p>\n<p style=\"text-align: center;\"><img class=\"alignnone wp-image-865 size-full\" src=\"https:\/\/us.edu.pl\/instytut\/idkm\/wp-content\/uploads\/sites\/30\/Nieprzypisane\/05-rajczyk-05.jpg\" alt=\"\" width=\"400\" height=\"557\" srcset=\"https:\/\/us.edu.pl\/instytut\/idkm\/wp-content\/uploads\/sites\/30\/Nieprzypisane\/05-rajczyk-05.jpg 400w, https:\/\/us.edu.pl\/instytut\/idkm\/wp-content\/uploads\/sites\/30\/Nieprzypisane\/05-rajczyk-05-215x300.jpg 215w\" sizes=\"(max-width: 400px) 100vw, 400px\" \/><\/p>\n<p style=\"text-align: center;\"><img class=\"alignnone wp-image-866 size-full\" src=\"https:\/\/us.edu.pl\/instytut\/idkm\/wp-content\/uploads\/sites\/30\/Nieprzypisane\/05-rajczyk-06.jpg\" alt=\"\" width=\"400\" height=\"568\" srcset=\"https:\/\/us.edu.pl\/instytut\/idkm\/wp-content\/uploads\/sites\/30\/Nieprzypisane\/05-rajczyk-06.jpg 400w, https:\/\/us.edu.pl\/instytut\/idkm\/wp-content\/uploads\/sites\/30\/Nieprzypisane\/05-rajczyk-06-211x300.jpg 211w\" sizes=\"(max-width: 400px) 100vw, 400px\" \/><\/p>\n<p><\/p>","protected":false},"excerpt":{"rendered":"<p>dr hab. Robert Rajczyk, prof. U\u015a Adres mailowy robert.rajczyk@us.edu.pl ORCID https:\/\/orcid.org\/0000-0003-2848-4775 Research Gate https:\/\/www.researchgate.net\/profile\/Robert_Rajczyk Google Scholar https:\/\/tiny.pl\/7ndct Academia.edu https:\/\/silesian.academia.edu\/RRajczyk Obszar zainteresowa\u0144 badawczych Wsp\u00f3\u0142czesna propaganda i dezinformacja Komunikowanie mi\u0119dzynarodowe i mi\u0119dzykulturowe &nbsp; Wybrane publikacje The type of participation in socio-political protests as a function of political activation in the era of social media \/ Gra\u017cyna Piechota, [&#8230;]<\/p>\n<p><a class=\"btn btn-secondary understrap-read-more-link\" href=\"https:\/\/us.edu.pl\/instytut\/idkm\/dr-hab-robert-rajczyk\/\">Read More&#8230;<\/a><\/p>\n","protected":false},"author":202,"featured_media":859,"parent":0,"menu_order":0,"comment_status":"closed","ping_status":"closed","template":"","meta":{"_expiration-date-status":"","_expiration-date":0,"_expiration-date-type":"","_expiration-date-categories":[],"_expiration-date-options":[]},"acf":[],"_links":{"self":[{"href":"https:\/\/us.edu.pl\/instytut\/idkm\/wp-json\/wp\/v2\/pages\/858"}],"collection":[{"href":"https:\/\/us.edu.pl\/instytut\/idkm\/wp-json\/wp\/v2\/pages"}],"about":[{"href":"https:\/\/us.edu.pl\/instytut\/idkm\/wp-json\/wp\/v2\/types\/page"}],"author":[{"embeddable":true,"href":"https:\/\/us.edu.pl\/instytut\/idkm\/wp-json\/wp\/v2\/users\/202"}],"replies":[{"embeddable":true,"href":"https:\/\/us.edu.pl\/instytut\/idkm\/wp-json\/wp\/v2\/comments?post=858"}],"version-history":[{"count":5,"href":"https:\/\/us.edu.pl\/instytut\/idkm\/wp-json\/wp\/v2\/pages\/858\/revisions"}],"predecessor-version":[{"id":1493,"href":"https:\/\/us.edu.pl\/instytut\/idkm\/wp-json\/wp\/v2\/pages\/858\/revisions\/1493"}],"wp:featuredmedia":[{"embeddable":true,"href":"https:\/\/us.edu.pl\/instytut\/idkm\/wp-json\/wp\/v2\/media\/859"}],"wp:attachment":[{"href":"https:\/\/us.edu.pl\/instytut\/idkm\/wp-json\/wp\/v2\/media?parent=858"}],"curies":[{"name":"wp","href":"https:\/\/api.w.org\/{rel}","templated":true}]}}