{"id":870,"date":"2020-11-15T12:23:00","date_gmt":"2020-11-15T11:23:00","guid":{"rendered":"https:\/\/us.edu.pl\/instytut\/idkm\/?page_id=870"},"modified":"2020-11-16T18:07:49","modified_gmt":"2020-11-16T17:07:49","slug":"dr-hab-sebastian-fikus-prof-us","status":"publish","type":"page","link":"https:\/\/us.edu.pl\/instytut\/idkm\/dr-hab-sebastian-fikus-prof-us\/","title":{"rendered":"dr hab. Sebastian Fikus, prof. U\u015a"},"content":{"rendered":"<p><\/p>\n<h3 style=\"text-align: center\">dr hab. Sebastian Fikus, prof. U\u015a<\/h3>\n<p style=\"text-align: center\"><img class=\"alignnone wp-image-871 size-full\" src=\"https:\/\/us.edu.pl\/instytut\/idkm\/wp-content\/uploads\/sites\/30\/Nieprzypisane\/sebastian-fikus.jpg\" alt=\"\" width=\"640\" height=\"640\" srcset=\"https:\/\/us.edu.pl\/instytut\/idkm\/wp-content\/uploads\/sites\/30\/Nieprzypisane\/sebastian-fikus.jpg 640w, https:\/\/us.edu.pl\/instytut\/idkm\/wp-content\/uploads\/sites\/30\/Nieprzypisane\/sebastian-fikus-400x400.jpg 400w, https:\/\/us.edu.pl\/instytut\/idkm\/wp-content\/uploads\/sites\/30\/Nieprzypisane\/sebastian-fikus-300x300.jpg 300w, https:\/\/us.edu.pl\/instytut\/idkm\/wp-content\/uploads\/sites\/30\/Nieprzypisane\/sebastian-fikus-575x575.jpg 575w\" sizes=\"(max-width: 640px) 100vw, 640px\" \/><\/p>\n<p style=\"padding-left: 40px\"><span style=\"font-size: 14pt\">Adres mailowy<\/span><br \/>\n<a href=\"mailto:sebastian.fikus@us.edu.pl\"><strong><span style=\"font-size: 14pt\">sebastian.fikus@us.edu.pl<\/span><\/strong><\/a><br \/>\n<span style=\"font-size: 14pt\">ORCID<\/span><br \/>\n<a href=\"https:\/\/orcid.org\/0000-0002-1155-2762\"><strong><span style=\"font-size: 14pt\">https:\/\/orcid.org\/0000-0002-1155-2762<\/span><\/strong><\/a><br \/>\n<span style=\"font-size: 14pt\">Research Gate<\/span><br \/>\n<a href=\"https:\/\/www.researchgate.net\/profile\/Sebastian_Fikus\"><strong><span style=\"font-size: 14pt\">https:\/\/www.researchgate.net\/profile\/Sebastian_Fikus<\/span><\/strong><\/a><br \/>\n<span style=\"font-size: 14pt\">Google Scholar<\/span><br \/>\n<a href=\"https:\/\/scholar.google.pl\/citations?user=Cd-gAH0AAAAJ&amp;hl=pl&amp;oi=ao\"><strong><span style=\"font-size: 14pt\">https:\/\/scholar.google.pl\/citations?user=Cd-gAH0AAAAJ&amp;hl=pl&amp;oi=ao<\/span><\/strong><\/a><br \/>\n<span style=\"font-size: 14pt\">Academia.edu<\/span><br \/>\n<a href=\"https:\/\/independent.academia.edu\/SebastianFikus\"><strong><span style=\"font-size: 14pt\">https:\/\/independent.academia.edu\/SebastianFikus<\/span><\/strong><\/a><\/p>\n<p style=\"padding-left: 40px\"><strong><span style=\"font-size: 14pt\">Obszar zainteresowa\u0144 badawczych<\/span><\/strong><\/p>\n<ul>\n<li><span style=\"font-size: 14pt\">Historia medi\u00f3w<\/span><\/li>\n<li><span style=\"font-size: 14pt\">Stosunki polsko-niemieckie<\/span><\/li>\n<li><span style=\"font-size: 14pt\">Historia \u015al\u0105ska<\/span><\/li>\n<li><span style=\"font-size: 14pt\">Ewolucja tradycyjnych gatunk\u00f3w dziennikarskich w nowej, multimodalnej rzeczywisto\u015bci<\/span><\/li>\n<\/ul>\n<p>&nbsp;<\/p>\n<p style=\"padding-left: 40px\"><strong><span style=\"font-size: 14pt\">Wybrane publikacje<\/span><\/strong><\/p>\n<p>&nbsp;<\/p>\n<p style=\"padding-left: 40px\"><span style=\"font-size: 14pt\">S. Fikus, Radiofonia w III Rzeszy. Studium ideowego zniewolenia. Katowice, 2018 Monografia.<\/span><\/p>\n<p style=\"padding-left: 40px\"><span style=\"font-size: 14pt\">S. Fikus, Verzerrter Spiegel. Diskussionen der polnischen presse rund um den N\u00fcrnberger Prozess [w:] Im Schatten von N\u00fcrnberg. Transnationale Ahndung von NS Verbrechen, Hrsg. E. Heitzer, G. Morsch, R. Traba, K. Woniak, Berlin 2019<\/span><\/p>\n<p style=\"padding-left: 40px\"><span style=\"font-size: 14pt\">S. Fikus, Programy Reichs-Rundfunk-Gesellschaft w Polsce (1923-1939), \u201cRocznik historii prasy polskiej\u201d 2020\/1, s. 69-84.<\/span><\/p>\n<p style=\"padding-left: 40px\"><span style=\"font-size: 14pt\">S. Fikus, Mechanizmy nadzoru pa\u0144stwa nad radiem w III Rzeszy [w:] Pi\u0119tno w\u0142adzy. Studia nad cenzur\u0105 i zakresem wolno\u015bci s\u0142owa, Red. Wandy A. Ciszewska, Barbara Centek, Toru\u0144 2020.<\/span><\/p>\n<p style=\"padding-left: 40px\"><span style=\"font-size: 14pt\">S. Fikus, \u201eTo my jeste\u015bmy ofiarami\u201d, Wp\u0142yw radiofonii III Rzeszy na politycznoideowe horyzonty spo\u0142ecze\u0144stwa niemieckiego, \u201eStudia Polityczne\u201d 2018\/1, s.171 \u2013 188<\/span><br \/>\n<span style=\"font-size: 14pt\">S. Fikus, Zbrodniarz w gronostajach, Manfred Roeder, \u201eStudia Polityczne\u201d 2018\/4; s.95 &#8211; 114\u00a0<\/span><\/p>\n<p style=\"padding-left: 40px\"><span style=\"font-size: 14pt\">S. Fikus, Pi\u0119kny biust zamiast moralnego kr\u0119gos\u0142upa. Refleksje na temat filmu Reinera Fassbindera \u201eLili Marleen\u201d [w:] Motyw wojny w kulturze i sztuce wizualnej, red. \u0141ukasz Jure\u0144czyk, Joanna Szczutkowska, Bydgoszcz 2017, s. 37 \u2013 46<\/span><\/p>\n<p style=\"padding-left: 40px\"><span style=\"font-size: 14pt\">S. Fikus, Tryumf poga\u0144skiego barbarzy\u0144stwa. Uwagi na marginesie ksi\u0105\u017cki Manfreda G\u00f6rtemakera, Christopha Safferlinga, Die Akte Rosenburg. Das Bundesministerium der Justiz und die NS-Zeit, \u201eDzieje Najnowsze\u201d 2017\/2, s. 273 \u2013 280<\/span><\/p>\n<p style=\"padding-left: 40px\"><span style=\"font-size: 14pt\">S. Fikus, Hybrydowa to\u017csamo\u015b\u0107, \u201eDzieje Najnowsze\u201d 3\/2015, s. 201-208<\/span><\/p>\n<p style=\"padding-left: 40px\"><span style=\"font-size: 14pt\">S. Fikus, Hans Fritzsche, komentator i sternik radia III Rzeszy [w:] Polskie Radio w czasie II Wojny \u015awiatowej, red. Andrzej Ossibach Budzy\u0144ski, Warszawa 2015<\/span><\/p>\n<p style=\"padding-left: 40px\"><span style=\"font-size: 14pt\">\u00a0<\/span><br \/>\n<span style=\"font-size: 14pt\">S. Fikus, Electronic indigenous community in Upper Silesia. Research hypothesis, [w:] Open Europe. Cultural Dialogue Across Borders, edited by W. Pi\u0105tkowska-Stepaniak, Opole 2014, s. 142-150<\/span><\/p>\n<p style=\"padding-left: 40px\"><span style=\"font-size: 14pt\">S. Fikus, Lunatycy czy \u0142ajdacy. Dyskusja na temat odpowiedzialno\u015bci za I Wojn\u0119 \u015awiatow\u0105 w niemieckich mediach. Christopher Clark, Die Schlafwandler. Wie Europa in den ersten Weltkrieg zog, \u201eNiepodleg\u0142o\u015b\u0107 i pami\u0119\u0107\u201d, 2016\/2,<\/span><\/p>\n<p style=\"padding-left: 40px\"><strong><span style=\"font-size: 14pt\">Projekty badawcze<\/span><\/strong><\/p>\n<p style=\"padding-left: 40px\"><span style=\"font-size: 14pt\">Werner Kiewitz, dokumentacja i biografia. Wsp\u00f3lny projekt Freies Universit\u00e4t Berlin i Katolickiego Uniwersytetu Lowa\u0144skiego (Belgia) pod kierunkiem Sebastiana Fikus.<\/span><\/p>\n<p style=\"padding-left: 40px\"><span style=\"font-size: 14pt\">Projekt finansowany przez Polsko-Niemieck\u0105 Fundacj\u0119 Nauki we Frankfurcie oraz Fundacj\u0119 Wsp\u00f3\u0142pracy Polsko-Niemieckiej w Warszawie<\/span><\/p>\n<p><\/p>","protected":false},"excerpt":{"rendered":"<p>dr hab. Sebastian Fikus, prof. U\u015a Adres mailowy sebastian.fikus@us.edu.pl ORCID https:\/\/orcid.org\/0000-0002-1155-2762 Research Gate https:\/\/www.researchgate.net\/profile\/Sebastian_Fikus Google Scholar https:\/\/scholar.google.pl\/citations?user=Cd-gAH0AAAAJ&amp;hl=pl&amp;oi=ao Academia.edu https:\/\/independent.academia.edu\/SebastianFikus Obszar zainteresowa\u0144 badawczych Historia medi\u00f3w Stosunki polsko-niemieckie Historia \u015al\u0105ska Ewolucja tradycyjnych gatunk\u00f3w dziennikarskich w nowej, multimodalnej rzeczywisto\u015bci &nbsp; Wybrane publikacje &nbsp; S. Fikus, Radiofonia w III Rzeszy. Studium ideowego zniewolenia. Katowice, 2018 Monografia. S. Fikus, Verzerrter [&#8230;]<\/p>\n<p><a class=\"btn btn-secondary understrap-read-more-link\" href=\"https:\/\/us.edu.pl\/instytut\/idkm\/dr-hab-sebastian-fikus-prof-us\/\">Read More&#8230;<\/a><\/p>\n","protected":false},"author":202,"featured_media":871,"parent":0,"menu_order":0,"comment_status":"closed","ping_status":"closed","template":"","meta":{"_expiration-date-status":"saved","_expiration-date":0,"_expiration-date-type":"","_expiration-date-categories":[],"_expiration-date-options":[]},"acf":[],"_links":{"self":[{"href":"https:\/\/us.edu.pl\/instytut\/idkm\/wp-json\/wp\/v2\/pages\/870"}],"collection":[{"href":"https:\/\/us.edu.pl\/instytut\/idkm\/wp-json\/wp\/v2\/pages"}],"about":[{"href":"https:\/\/us.edu.pl\/instytut\/idkm\/wp-json\/wp\/v2\/types\/page"}],"author":[{"embeddable":true,"href":"https:\/\/us.edu.pl\/instytut\/idkm\/wp-json\/wp\/v2\/users\/202"}],"replies":[{"embeddable":true,"href":"https:\/\/us.edu.pl\/instytut\/idkm\/wp-json\/wp\/v2\/comments?post=870"}],"version-history":[{"count":5,"href":"https:\/\/us.edu.pl\/instytut\/idkm\/wp-json\/wp\/v2\/pages\/870\/revisions"}],"predecessor-version":[{"id":956,"href":"https:\/\/us.edu.pl\/instytut\/idkm\/wp-json\/wp\/v2\/pages\/870\/revisions\/956"}],"wp:featuredmedia":[{"embeddable":true,"href":"https:\/\/us.edu.pl\/instytut\/idkm\/wp-json\/wp\/v2\/media\/871"}],"wp:attachment":[{"href":"https:\/\/us.edu.pl\/instytut\/idkm\/wp-json\/wp\/v2\/media?parent=870"}],"curies":[{"name":"wp","href":"https:\/\/api.w.org\/{rel}","templated":true}]}}