{"id":948,"date":"2020-11-16T18:02:41","date_gmt":"2020-11-16T17:02:41","guid":{"rendered":"https:\/\/us.edu.pl\/instytut\/idkm\/?page_id=948"},"modified":"2025-06-26T19:19:24","modified_gmt":"2025-06-26T17:19:24","slug":"dr-hab-patrycja-szostok","status":"publish","type":"page","link":"https:\/\/us.edu.pl\/instytut\/idkm\/dr-hab-patrycja-szostok\/","title":{"rendered":"dr hab. Patrycja Szostok-Nowacka"},"content":{"rendered":"<p><\/p>\n<h3 style=\"text-align: center;\">dr hab. Patrycja Szostok, prof. U\u015a<\/h3>\n<p style=\"text-align: center;\"><img class=\"alignnone wp-image-949 size-full\" src=\"https:\/\/us.edu.pl\/instytut\/idkm\/wp-content\/uploads\/sites\/30\/Nieprzypisane\/patrycja-szostok-nowacka.jpg\" alt=\"\" width=\"640\" height=\"640\" srcset=\"https:\/\/us.edu.pl\/instytut\/idkm\/wp-content\/uploads\/sites\/30\/Nieprzypisane\/patrycja-szostok-nowacka.jpg 640w, https:\/\/us.edu.pl\/instytut\/idkm\/wp-content\/uploads\/sites\/30\/Nieprzypisane\/patrycja-szostok-nowacka-400x400.jpg 400w, https:\/\/us.edu.pl\/instytut\/idkm\/wp-content\/uploads\/sites\/30\/Nieprzypisane\/patrycja-szostok-nowacka-300x300.jpg 300w, https:\/\/us.edu.pl\/instytut\/idkm\/wp-content\/uploads\/sites\/30\/Nieprzypisane\/patrycja-szostok-nowacka-575x575.jpg 575w\" sizes=\"(max-width: 640px) 100vw, 640px\" \/><\/p>\n<p style=\"padding-left: 40px;\"><span style=\"font-size: 14pt;\">Adres mailowy<\/span><br \/>\n<a href=\"mailto:patrycja.szostok-nowacka@us.edu.pl\"><strong><span style=\"font-size: 14pt;\">patrycja.szostok-nowacka@us.edu.pl<\/span><\/strong><\/a><br \/>\n<span style=\"font-size: 14pt;\">ORCID<\/span><br \/>\n<a href=\"https:\/\/orcid.org\/0000-0002-2531-7237\"><strong><span style=\"font-size: 14pt;\">https:\/\/orcid.org\/0000-0002-2531-7237<\/span><\/strong><\/a><br \/>\n<span style=\"font-size: 14pt;\">Research Gate<\/span><br \/>\n<a href=\"https:\/\/www.researchgate.net\/profile\/Patrycja_Szostok\"><strong><span style=\"font-size: 14pt;\">https:\/\/www.researchgate.net\/profile\/Patrycja_Szostok<\/span><\/strong><\/a><br \/>\n<span style=\"font-size: 14pt;\">Google Scholar<\/span><br \/>\n<a href=\"https:\/\/scholar.google.pl\/citations?user=piybaGYAAAAJ&amp;hl=pl\"><strong><span style=\"font-size: 14pt;\">https:\/\/scholar.google.pl\/citations?user=piybaGYAAAAJ&amp;hl=pl<\/span><\/strong><\/a><\/p>\n<p style=\"padding-left: 40px;\"><strong><span style=\"font-size: 14pt;\">Obszar zainteresowa\u0144 badawczych<\/span><\/strong><\/p>\n<ul>\n<li><span style=\"font-size: 14pt;\">Poczucie podmiotowo\u015bci komunikacyjnej<\/span><\/li>\n<li><span style=\"font-size: 14pt;\">Komunikowanie lokalne<\/span><\/li>\n<li><span style=\"font-size: 14pt;\">Oddzia\u0142ywanie medi\u00f3w<\/span><\/li>\n<\/ul>\n<p style=\"padding-left: 40px;\"><strong><span style=\"font-size: 14pt;\">Wybrane publikacje<\/span><\/strong><\/p>\n<p style=\"padding-left: 40px;\"><span style=\"font-size: 14pt;\">Poczucie podmiotowo\u015bci komunikacyjnej w samorz\u0105dzie terytorialnym w Polsce. Toru\u0144: Wydawnictwo Adam Marsza\u0142ek, 2017 ISBN ISBN 978-83-8019-762-6<\/span><br \/>\n<span style=\"font-size: 14pt;\">Ctenie mestnyh gazet i grazdanskaa aktivnost&#8217; v Pol&#8217;se \/ Patrycja Szostok-Nowacka \/\/ Gumanit. Vektor. &#8211; No. 5 (2018), s. 85-91 10.21209\/1996-7853-2018-13-5-85-91<br \/>\n<\/span><br \/>\n<span style=\"font-size: 14pt;\">Media Diplomacy and the Coverage of the Ukrainian Conflict in German, Polish and Russian Magazines \/ Patrycja Szostok, Dagmara G\u0142uszek-Szafraniec, Damian Guzek \/\/ W: Media and the Ukraine crisis : hybrid media practices and narratives of conflict. &#8211; New York : Peter Lang, 2016. &#8211; S. 157-169. &#8211; ISBN 978-1-4331-3340-4<br \/>\n<\/span><br \/>\n<span style=\"font-size: 14pt;\">Media and Journalism Transformation in Poland \/ Marian Gierula, Patrycja Szostok \/\/ W: Democratisation processes in Poland and Slovenia : Comparative Study. &#8211; Maribor : Institute for Local Self-Government and Public Procurement Maribor, 2016. &#8211; S. 143-165. &#8211; ISBN 978-961-6842-73-0<br \/>\n<\/span><br \/>\n<span style=\"font-size: 14pt;\">Co samorz\u0105d musi w komunikacji? O komunikacyjnych aspektach realizacji postulatu upodmiotowienia spo\u0142eczno\u015bci lokalnych \/ Patrycja Szostok \/\/ W: Komunikowanie lokalno-regionalne w dobie spo\u0142ecze\u0144stwa medialnego. T. 2, Aspekty polityczne, spo\u0142eczne i technologiczne. &#8211; Katowice : Wydawnictwo Uniwersytetu \u015al\u0105skiego, 2018. &#8211; S. 47-63. &#8211; ISBN 978-83-226-3366-3<br \/>\n<\/span><br \/>\n<span style=\"font-size: 14pt;\">Poczucie podmiotowo\u015bci komunikacyjnej w perspektywie bada\u0144 nad kompetencjami medialnymi \/ Patrycja Szostok-Nowacka.\/\/ Polit. Spo\u0142ecz. &#8211; 2019, nr 3, s. 131-145 10.15584\/polispol.2019.3.8<br \/>\n<\/span><br \/>\n<span style=\"font-size: 14pt;\">Znaczenie poczucia podmiotowo\u015bci dla aktywno\u015bci spo\u0142ecznej w przestrzeni samorz\u0105dowej \/ Patrycja El\u017cbieta Szostok-Nowacka.\/\/ Ann. Univ. Mariae Curie-Sk\u0142odowska, K Politol. &#8211; Vol. 26, nr 1 (2019), s. 141-157 10.17951\/k.2019.26.1.141-157<br \/>\n<\/span><br \/>\n<span style=\"font-size: 14pt;\">Opinion Weekly Magazines in Shaping a Sense of Political Subjectivity \/ Bernard Grzonka, Patrycja Szostok-Nowacka \/\/ W: The Elites of the Media versus the Elites of Politics in Poland. &#8211; Berlin : Peter Lang, 2020. &#8211; S. 81-98. &#8211; ISBN 978-3-631-80067-6<br \/>\n<\/span><br \/>\n<strong><span style=\"font-size: 14pt;\">Projekty badawcze\u00a0<\/span><\/strong><\/p>\n<p style=\"padding-left: 40px;\"><span style=\"font-size: 14pt;\">2016-2020: Wykonawca w projekcie pt. Powi\u0105zania pomi\u0119dzy elitami sfery medi\u00f3w i polityki w Polsce w perspektywie do\u015bwiadcze\u0144 niemieckich, Narodowe Centrum Nauki, Opus 10, 2015\/19 \/ B \/ HSS \/ 00429. Projekt zrealizowany.<br \/>\n<\/span><br \/>\n<span style=\"font-size: 14pt;\">2011-2013: Wykonawca w projekcie pt. Obraz Prezydencji Polski w Radzie Unii Europejskiej (2011) w wybranych tytu\u0142ach prasy polskiej \u2013 grant NCN nr 2011\/01\/B\/HS5\/00524<br \/>\n<\/span><br \/>\n<span style=\"font-size: 14pt;\">2009-2011: Wykonawca w projekcie pt. Obraz wybor\u00f3w do Parlamentu Europejskiego w polskich mediach. Analiza zawarto\u015bci medi\u00f3w \u2013 grant KBN nr 116211936<\/span><\/p>\n<p style=\"text-align: center;\"><img class=\"alignnone wp-image-950 size-full\" src=\"https:\/\/us.edu.pl\/instytut\/idkm\/wp-content\/uploads\/sites\/30\/Nieprzypisane\/08-szostok-nowacka.jpg\" alt=\"\" width=\"400\" height=\"565\" srcset=\"https:\/\/us.edu.pl\/instytut\/idkm\/wp-content\/uploads\/sites\/30\/Nieprzypisane\/08-szostok-nowacka.jpg 400w, https:\/\/us.edu.pl\/instytut\/idkm\/wp-content\/uploads\/sites\/30\/Nieprzypisane\/08-szostok-nowacka-212x300.jpg 212w\" sizes=\"(max-width: 400px) 100vw, 400px\" \/><\/p>\n<p style=\"text-align: center;\"><img class=\"alignnone wp-image-960 size-full\" src=\"https:\/\/us.edu.pl\/instytut\/idkm\/wp-content\/uploads\/sites\/30\/Nieprzypisane\/08-szostok-nowacka-02.jpg\" alt=\"\" width=\"400\" height=\"572\" srcset=\"https:\/\/us.edu.pl\/instytut\/idkm\/wp-content\/uploads\/sites\/30\/Nieprzypisane\/08-szostok-nowacka-02.jpg 400w, https:\/\/us.edu.pl\/instytut\/idkm\/wp-content\/uploads\/sites\/30\/Nieprzypisane\/08-szostok-nowacka-02-210x300.jpg 210w\" sizes=\"(max-width: 400px) 100vw, 400px\" \/><\/p>\n<p style=\"text-align: center;\"><img class=\"alignnone wp-image-827 size-full\" src=\"https:\/\/us.edu.pl\/instytut\/idkm\/wp-content\/uploads\/sites\/30\/Nieprzypisane\/02-gluszek-szafraniec_03.jpg\" alt=\"\" width=\"400\" height=\"595\" srcset=\"https:\/\/us.edu.pl\/instytut\/idkm\/wp-content\/uploads\/sites\/30\/Nieprzypisane\/02-gluszek-szafraniec_03.jpg 400w, https:\/\/us.edu.pl\/instytut\/idkm\/wp-content\/uploads\/sites\/30\/Nieprzypisane\/02-gluszek-szafraniec_03-202x300.jpg 202w, https:\/\/us.edu.pl\/instytut\/idkm\/wp-content\/uploads\/sites\/30\/Nieprzypisane\/02-gluszek-szafraniec_03-387x575.jpg 387w\" sizes=\"(max-width: 400px) 100vw, 400px\" \/><\/p>\n<p><\/p>","protected":false},"excerpt":{"rendered":"<p>dr hab. Patrycja Szostok, prof. U\u015a Adres mailowy patrycja.szostok-nowacka@us.edu.pl ORCID https:\/\/orcid.org\/0000-0002-2531-7237 Research Gate https:\/\/www.researchgate.net\/profile\/Patrycja_Szostok Google Scholar https:\/\/scholar.google.pl\/citations?user=piybaGYAAAAJ&amp;hl=pl Obszar zainteresowa\u0144 badawczych Poczucie podmiotowo\u015bci komunikacyjnej Komunikowanie lokalne Oddzia\u0142ywanie medi\u00f3w Wybrane publikacje Poczucie podmiotowo\u015bci komunikacyjnej w samorz\u0105dzie terytorialnym w Polsce. Toru\u0144: Wydawnictwo Adam Marsza\u0142ek, 2017 ISBN ISBN 978-83-8019-762-6 Ctenie mestnyh gazet i grazdanskaa aktivnost&#8217; v Pol&#8217;se \/ Patrycja [&#8230;]<\/p>\n<p><a class=\"btn btn-secondary understrap-read-more-link\" href=\"https:\/\/us.edu.pl\/instytut\/idkm\/dr-hab-patrycja-szostok\/\">Read More&#8230;<\/a><\/p>\n","protected":false},"author":202,"featured_media":949,"parent":0,"menu_order":0,"comment_status":"closed","ping_status":"closed","template":"","meta":{"_expiration-date-status":"","_expiration-date":0,"_expiration-date-type":"","_expiration-date-categories":[],"_expiration-date-options":[]},"acf":[],"_links":{"self":[{"href":"https:\/\/us.edu.pl\/instytut\/idkm\/wp-json\/wp\/v2\/pages\/948"}],"collection":[{"href":"https:\/\/us.edu.pl\/instytut\/idkm\/wp-json\/wp\/v2\/pages"}],"about":[{"href":"https:\/\/us.edu.pl\/instytut\/idkm\/wp-json\/wp\/v2\/types\/page"}],"author":[{"embeddable":true,"href":"https:\/\/us.edu.pl\/instytut\/idkm\/wp-json\/wp\/v2\/users\/202"}],"replies":[{"embeddable":true,"href":"https:\/\/us.edu.pl\/instytut\/idkm\/wp-json\/wp\/v2\/comments?post=948"}],"version-history":[{"count":6,"href":"https:\/\/us.edu.pl\/instytut\/idkm\/wp-json\/wp\/v2\/pages\/948\/revisions"}],"predecessor-version":[{"id":2672,"href":"https:\/\/us.edu.pl\/instytut\/idkm\/wp-json\/wp\/v2\/pages\/948\/revisions\/2672"}],"wp:featuredmedia":[{"embeddable":true,"href":"https:\/\/us.edu.pl\/instytut\/idkm\/wp-json\/wp\/v2\/media\/949"}],"wp:attachment":[{"href":"https:\/\/us.edu.pl\/instytut\/idkm\/wp-json\/wp\/v2\/media?parent=948"}],"curies":[{"name":"wp","href":"https:\/\/api.w.org\/{rel}","templated":true}]}}