{"id":995,"date":"2020-11-24T09:57:53","date_gmt":"2020-11-24T08:57:53","guid":{"rendered":"https:\/\/us.edu.pl\/instytut\/idkm\/?page_id=995"},"modified":"2025-06-26T19:16:03","modified_gmt":"2025-06-26T17:16:03","slug":"dr-hab-katarzyna-brzoza-kolorz","status":"publish","type":"page","link":"https:\/\/us.edu.pl\/instytut\/idkm\/dr-hab-katarzyna-brzoza-kolorz\/","title":{"rendered":"dr Katarzyna Brzoza-Kolorz"},"content":{"rendered":"<p><\/p>\n<h3 style=\"text-align: center;\">dr hab. Katarzyna Brzoza-Kolorz<\/h3>\n<p style=\"text-align: center;\"><img class=\"alignnone wp-image-996 size-full\" src=\"https:\/\/us.edu.pl\/instytut\/idkm\/wp-content\/uploads\/sites\/30\/Nieprzypisane\/katarzyna-brzoza.jpg\" alt=\"\" width=\"635\" height=\"630\" srcset=\"https:\/\/us.edu.pl\/instytut\/idkm\/wp-content\/uploads\/sites\/30\/Nieprzypisane\/katarzyna-brzoza.jpg 635w, https:\/\/us.edu.pl\/instytut\/idkm\/wp-content\/uploads\/sites\/30\/Nieprzypisane\/katarzyna-brzoza-300x298.jpg 300w, https:\/\/us.edu.pl\/instytut\/idkm\/wp-content\/uploads\/sites\/30\/Nieprzypisane\/katarzyna-brzoza-575x570.jpg 575w\" sizes=\"(max-width: 635px) 100vw, 635px\" \/><\/p>\n<p style=\"padding-left: 40px;\"><span style=\"font-size: 14pt;\">Adres mailowy<\/span><br \/>\n<a href=\"mailto:katarzyna.brzoza@us.edu.pl\"><strong><span style=\"font-size: 14pt;\">katarzyna.brzoza@us.edu.pl<\/span><\/strong><\/a><br \/>\n<span style=\"font-size: 14pt;\">ORCID<\/span><br \/>\n<a href=\"https:\/\/orcid.org\/0000-0002-5262-5745\"><strong><span style=\"font-size: 14pt;\">https:\/\/orcid.org\/0000-0002-5262-5745<\/span><\/strong><\/a><br \/>\n<span style=\"font-size: 14pt;\">Research Gate<\/span><br \/>\n<a href=\"https:\/\/www.researchgate.net\/profile\/Katarzyna_Brzoza\"><strong><span style=\"font-size: 14pt;\">https:\/\/www.researchgate.net\/profile\/Katarzyna_Brzoza<\/span><\/strong><\/a><br \/>\n<span style=\"font-size: 14pt;\">Google Scholar<\/span><br \/>\n<a href=\"https:\/\/scholar.google.pl\/citations?hl=pl&amp;user=9faHTpgAAAAJ\"><strong><span style=\"font-size: 14pt;\">https:\/\/scholar.google.pl\/citations?hl=pl&amp;user=9faHTpgAAAAJ<\/span><\/strong><\/a><\/p>\n<p style=\"padding-left: 40px;\"><strong><span style=\"font-size: 14pt;\">Obszar zainteresowa\u0144 badawczych<\/span><\/strong><\/p>\n<ul>\n<li><span style=\"font-size: 14pt;\">Women\u2019s media studies, <\/span><\/li>\n<li><span style=\"font-size: 14pt;\">Komunikowanie spo\u0142eczne, <\/span><\/li>\n<li><span style=\"font-size: 14pt;\">Komunikowanie polityczne,<\/span><\/li>\n<li><span style=\"font-size: 14pt;\">System komunikowania lokalnego<\/span><\/li>\n<\/ul>\n<p style=\"padding-left: 40px;\"><strong><span style=\"font-size: 14pt;\">Wybrane publikacje<\/span><\/strong><\/p>\n<p>&nbsp;<\/p>\n<p style=\"padding-left: 40px;\"><span style=\"font-size: 14pt;\">Polityka kobiet, czy kobiety polityki? P\u0142e\u0107 jako element obraz\u00f3w medialnych kobiet, Wydawnictwo Uniwersytetu \u015al\u0105skiego, Katowice 2024. ISBN-13 (15) 978-83-226-4395-2 <a href=\"https:\/\/monograph.us.edu.pl\/index.php\/wydawnictwo\/catalog\/book\/PN.4210\">https:\/\/monograph.us.edu.pl\/index.php\/wydawnictwo\/catalog\/book\/PN.4210<\/a><\/span><\/p>\n<p style=\"padding-left: 40px;\"><span style=\"font-size: 14pt;\">Obraz polityczek w okresie wybor\u00f3w parlamentarnych w 2015 roku w polskich tygodnikach opinii a teoria zag\u0142uszanej grupy, \u201ePolitical Preferences\u201d 17\/2017, ISSN (online): 2449-9064, ISSN (print): 2450-873X; DOI: 10.6084\/m9.figshare.572311; s. 139-154.<\/span><br \/>\n<a href=\"https:\/\/www.journals.us.edu.pl\/index.php\/PP\/issue\/view\/658\"><span style=\"font-size: 14pt;\">https:\/\/www.journals.us.edu.pl\/index.php\/PP\/issue\/view\/658<\/span><\/a><\/p>\n<p style=\"padding-left: 40px;\"><span style=\"font-size: 14pt;\">Pierwsza dama w internetowych memach obrazkowych na wybranych przyk\u0142adach, \u201eANNALES UNIVERSITATIS MARIAE CURIE-SK\u0141ODOWSKA LUBLIN \u2013 POLONIA SECTIO K\u201d, VOL. XXVI, 1\/2019, DOI:10.17951\/k.2019.26.1.127- 140, s. 127-140.<\/span><br \/>\n<a href=\"https:\/\/journals.umcs.pl\/k\/issue\/view\/493\/showToc\"><span style=\"font-size: 14pt;\">https:\/\/journals.umcs.pl\/k\/issue\/view\/493\/showToc<\/span><\/a><\/p>\n<p style=\"padding-left: 40px;\"><span style=\"font-size: 14pt;\">Gender in journalists and their opinions on the relationship between the media and politics; red. Z. Oniszczuk, D. G\u0142uszek-Szafraniec, M. Wielopolska-Szymura, The elites of the media versus the elites of politics in Poland, Berlin 2020: Peter Lang, s. 45-62<\/span><\/p>\n<p style=\"padding-left: 40px;\"><span style=\"font-size: 14pt;\">Rama konfliktu jako podstawa interpretacyjna relacji mass media \u2013 polityka w polskiej kampanii parlamentarnej 2015 w wybranych tygodnikach opinii \u201ePoliteja\u201d Nr 1(64), 2020, s. 357-374 <a href=\"https:\/\/doi.org\/10.12797\/Politeja.17.2020.64.18\">https:\/\/doi.org\/10.12797\/Politeja.17.2020.64.18<\/a><\/span><\/p>\n<p style=\"padding-left: 40px;\"><span style=\"font-size: 14pt;\">Kobieco\u015b\u0107 vs m\u0119sko\u015b\u0107 w kreowaniu obrazu Beaty Szyd\u0142o na ok\u0142adkach wybranych polskich tygodnik\u00f3w opinii w latach 2015, \u201eZeszyty Prasoznawcze\u201d Krak\u00f3w 2020, t. 63, nr 3 (243), s. 77\u2013102 DOI: 10.4467\/22996362PZ.20.023.12094<\/span><br \/>\n<a href=\"https:\/\/www.ejournals.eu\/Zeszyty-Prasoznawcze\/2020\/3-243\/\"><span style=\"font-size: 14pt;\">https:\/\/www.ejournals.eu\/Zeszyty-Prasoznawcze\/2020\/3-243\/<\/span><\/a><\/p>\n<p>&nbsp;<\/p>\n<pre style=\"padding-left: 200px;\"><strong><span style=\"font-size: 14pt;\"><img class=\"wp-image-1937 size-full aligncenter\" src=\"https:\/\/us.edu.pl\/instytut\/idkm\/wp-content\/uploads\/sites\/30\/Bez-kategorii\/18-brzoza-kolorz-01.jpg\" alt=\"\" width=\"400\" height=\"571\" srcset=\"https:\/\/us.edu.pl\/instytut\/idkm\/wp-content\/uploads\/sites\/30\/Bez-kategorii\/18-brzoza-kolorz-01.jpg 400w, https:\/\/us.edu.pl\/instytut\/idkm\/wp-content\/uploads\/sites\/30\/Bez-kategorii\/18-brzoza-kolorz-01-210x300.jpg 210w\" sizes=\"(max-width: 400px) 100vw, 400px\" \/><\/span><\/strong><\/pre>\n<p style=\"padding-left: 40px;\"><strong><span style=\"font-size: 14pt;\">Projekty badawcze <\/span><\/strong><\/p>\n<p style=\"padding-left: 40px;\"><span style=\"font-size: 14pt;\">Wykonawca w projekcie OPUS \u201ePowi\u0105zania pomi\u0119dzy elitami sfery medi\u00f3w i polityki w Polsce w perspektywie do\u015bwiadcze\u0144 niemieckich\u201d finansowany przez Narodowe Centrum Nauki<\/span><\/p>\n<p><\/p>","protected":false},"excerpt":{"rendered":"<p>dr hab. Katarzyna Brzoza-Kolorz Adres mailowy katarzyna.brzoza@us.edu.pl ORCID https:\/\/orcid.org\/0000-0002-5262-5745 Research Gate https:\/\/www.researchgate.net\/profile\/Katarzyna_Brzoza Google Scholar https:\/\/scholar.google.pl\/citations?hl=pl&amp;user=9faHTpgAAAAJ Obszar zainteresowa\u0144 badawczych Women\u2019s media studies, Komunikowanie spo\u0142eczne, Komunikowanie polityczne, System komunikowania lokalnego Wybrane publikacje &nbsp; Polityka kobiet, czy kobiety polityki? P\u0142e\u0107 jako element obraz\u00f3w medialnych kobiet, Wydawnictwo Uniwersytetu \u015al\u0105skiego, Katowice 2024. ISBN-13 (15) 978-83-226-4395-2 https:\/\/monograph.us.edu.pl\/index.php\/wydawnictwo\/catalog\/book\/PN.4210 Obraz polityczek w okresie [&#8230;]<\/p>\n<p><a class=\"btn btn-secondary understrap-read-more-link\" href=\"https:\/\/us.edu.pl\/instytut\/idkm\/dr-hab-katarzyna-brzoza-kolorz\/\">Read More&#8230;<\/a><\/p>\n","protected":false},"author":202,"featured_media":0,"parent":0,"menu_order":0,"comment_status":"closed","ping_status":"closed","template":"","meta":{"_expiration-date-status":"","_expiration-date":0,"_expiration-date-type":"","_expiration-date-categories":[],"_expiration-date-options":[]},"acf":[],"_links":{"self":[{"href":"https:\/\/us.edu.pl\/instytut\/idkm\/wp-json\/wp\/v2\/pages\/995"}],"collection":[{"href":"https:\/\/us.edu.pl\/instytut\/idkm\/wp-json\/wp\/v2\/pages"}],"about":[{"href":"https:\/\/us.edu.pl\/instytut\/idkm\/wp-json\/wp\/v2\/types\/page"}],"author":[{"embeddable":true,"href":"https:\/\/us.edu.pl\/instytut\/idkm\/wp-json\/wp\/v2\/users\/202"}],"replies":[{"embeddable":true,"href":"https:\/\/us.edu.pl\/instytut\/idkm\/wp-json\/wp\/v2\/comments?post=995"}],"version-history":[{"count":9,"href":"https:\/\/us.edu.pl\/instytut\/idkm\/wp-json\/wp\/v2\/pages\/995\/revisions"}],"predecessor-version":[{"id":2667,"href":"https:\/\/us.edu.pl\/instytut\/idkm\/wp-json\/wp\/v2\/pages\/995\/revisions\/2667"}],"wp:attachment":[{"href":"https:\/\/us.edu.pl\/instytut\/idkm\/wp-json\/wp\/v2\/media?parent=995"}],"curies":[{"name":"wp","href":"https:\/\/api.w.org\/{rel}","templated":true}]}}