{"id":1931,"date":"2025-09-04T11:47:15","date_gmt":"2025-09-04T09:47:15","guid":{"rendered":"https:\/\/us.edu.pl\/instytut\/ifil\/?page_id=1931"},"modified":"2025-09-04T11:47:47","modified_gmt":"2025-09-04T09:47:47","slug":"w-mediach","status":"publish","type":"page","link":"https:\/\/us.edu.pl\/instytut\/ifil\/nauka\/w-mediach\/","title":{"rendered":"w mediach"},"content":{"rendered":"<p>[vc_row][vc_column width=&#8221;2\/3&#8243;]\r\n                <div class=\"text-modules\">\r\n                    <div class=\"container\">\r\n                        \r\n                        <div class=\"text-modules__content\"><p><a href=\"https:\/\/youtu.be\/MVcqg1AHUxA?si=VrMZLBYqvBAu5N0V\">Logika na co dzie\u0144 \u2013 prof. Krzysztof Wieczorek<\/a><\/p>\n<p><a href=\"https:\/\/youtu.be\/YTaXyhlx2O0?si=jgRx27nulWCL_NxH\">#196 Uwaga, wsp\u00f3lnota, media spo\u0142eczno\u015bciowe. Rozmowa z Ann\u0105 Cieplak i Micha\u0142em Krzykawskim<\/a><\/p>\n<p><a href=\"https:\/\/youtu.be\/1RVIG0EYF98?si=LUxOqO_tH6c0Rzmj\">Metoda, Mit i Geniusz: Filozofia i Historia Nauki &#8211; prof. Wojciech Sady | Wiedza w G\u0142osie #38<\/a><\/p>\n<p><a href=\"https:\/\/youtu.be\/kTw5ZcSTh1c?si=dnoP6zVe7PGUh5Ck\">Jaki ma by\u0107 cz\u0142owiek przysz\u0142o\u015bci? Czy sztuczna inteligencja to osoba? | prof. Mariusz Wojewoda<\/a><\/p>\n<\/div>\r\n                    <\/div>\r\n                <\/div>[\/vc_column][vc_column width=&#8221;1\/3&#8243;][\/vc_column][\/vc_row]<\/p>","protected":false},"excerpt":{"rendered":"<p>[vc_row][vc_column width=&#8221;2\/3&#8243;][\/vc_column][vc_column width=&#8221;1\/3&#8243;][\/vc_column][\/vc_row] [&#8230;]<\/p>\n<p><a class=\"btn btn-secondary understrap-read-more-link\" href=\"https:\/\/us.edu.pl\/instytut\/ifil\/nauka\/w-mediach\/\">Read More&#8230;<\/a><\/p>\n","protected":false},"author":2429,"featured_media":0,"parent":412,"menu_order":0,"comment_status":"closed","ping_status":"closed","template":"","meta":{"_expiration-date-status":"","_expiration-date":0,"_expiration-date-type":"","_expiration-date-categories":[],"_expiration-date-options":[]},"acf":[],"_links":{"self":[{"href":"https:\/\/us.edu.pl\/instytut\/ifil\/wp-json\/wp\/v2\/pages\/1931"}],"collection":[{"href":"https:\/\/us.edu.pl\/instytut\/ifil\/wp-json\/wp\/v2\/pages"}],"about":[{"href":"https:\/\/us.edu.pl\/instytut\/ifil\/wp-json\/wp\/v2\/types\/page"}],"author":[{"embeddable":true,"href":"https:\/\/us.edu.pl\/instytut\/ifil\/wp-json\/wp\/v2\/users\/2429"}],"replies":[{"embeddable":true,"href":"https:\/\/us.edu.pl\/instytut\/ifil\/wp-json\/wp\/v2\/comments?post=1931"}],"version-history":[{"count":2,"href":"https:\/\/us.edu.pl\/instytut\/ifil\/wp-json\/wp\/v2\/pages\/1931\/revisions"}],"predecessor-version":[{"id":1933,"href":"https:\/\/us.edu.pl\/instytut\/ifil\/wp-json\/wp\/v2\/pages\/1931\/revisions\/1933"}],"up":[{"embeddable":true,"href":"https:\/\/us.edu.pl\/instytut\/ifil\/wp-json\/wp\/v2\/pages\/412"}],"wp:attachment":[{"href":"https:\/\/us.edu.pl\/instytut\/ifil\/wp-json\/wp\/v2\/media?parent=1931"}],"curies":[{"name":"wp","href":"https:\/\/api.w.org\/{rel}","templated":true}]}}