{"id":358,"date":"2020-01-03T13:47:52","date_gmt":"2020-01-03T12:47:52","guid":{"rendered":"http:\/\/us.edu.pl\/instytut\/ifil\/?page_id=358"},"modified":"2020-01-09T11:36:10","modified_gmt":"2020-01-09T10:36:10","slug":"test","status":"publish","type":"page","link":"https:\/\/us.edu.pl\/instytut\/ifil\/test\/","title":{"rendered":"test"},"content":{"rendered":"<p>[vc_row el_class=&#8221;container&#8221;][vc_column width=&#8221;1\/3&#8243; el_class=&#8221;col-xs-4 col-sm-4 col-md-4 col-xl-4&#8243;]            \r\n                \r\n                <div class=\"container\">\r\n                     <div class=\"gallery-big \">\r\n                        \r\n                        <div class=\"row m-0\">\r\n                        <a data-fancybox=\"9365\" href=\"https:\/\/us.edu.pl\/instytut\/ifil\/wp-content\/uploads\/sites\/23\/Nieprzypisane\/fn1-4.png\"\r\n                        title=\"\" \r\n                        class=\"gallery-big__item gallery-big__item_big thumbnail\"\r\n                        style=\"background-image: url(https:\/\/us.edu.pl\/instytut\/ifil\/wp-content\/uploads\/sites\/23\/Nieprzypisane\/fn1-4.png)\"><span class=\"d-none\">https:\/\/us.edu.pl\/instytut\/ifil\/wp-content\/uploads\/sites\/23\/Nieprzypisane\/fn1-4.png<\/span><\/a><\/div><\/div>\r\n                    <\/div>\r\n                <\/div>[\/vc_column][vc_column width=&#8221;1\/3&#8243; el_class=&#8221;col-xs-4 col-sm-4 col-md-4 col-xl-4&#8243;]\r\n                <div class=\"text-modules\">\r\n                    <div class=\"container\">\r\n                        \r\n                        <div class=\"text-modules__content\"><p>Zach\u0119camy gor\u0105co do g\u0142osowania na dr Anet\u0119 Szczygielsk\u0105-\u0141aciak w konkursie POP Science w kategorii \u201cMy\u015bl globalnie, dzia\u0142aj lokalnie \u2013 wyk\u0142adowca\u201d<\/p>\n<p>Dr Aneta Szczygielska-\u0141aciak, pracownik Wydzia\u0142u Nauk \u015acis\u0142ych i Technicznych, od wielu lat prowadzi pokazy eksperyment\u00f3w z fizyki dla student\u00f3w, uczni\u00f3w i przedszkolak\u00f3w. G\u0142osujemy do 7 stycznia 2020 r.<\/p>\n<p>Sylwetka Nominowanej<\/p>\n<\/div>\r\n                    <\/div>\r\n                <\/div>[\/vc_column][vc_column width=&#8221;1\/3&#8243; el_class=&#8221;col-xs-4 col-sm-4 col-md-4 col-xl-4&#8243;]            \r\n                \r\n                <div class=\"container\">\r\n                     <div class=\"gallery-big \">\r\n                        \r\n                        <div class=\"row m-0\">\r\n                        <a data-fancybox=\"5158\" href=\"https:\/\/us.edu.pl\/instytut\/ifil\/wp-content\/uploads\/sites\/23\/Nieprzypisane\/04_aneta_szczygielska-1.jpg\"\r\n                        title=\"\" \r\n                        class=\"gallery-big__item gallery-big__item_big thumbnail\"\r\n                        style=\"background-image: url(https:\/\/us.edu.pl\/instytut\/ifil\/wp-content\/uploads\/sites\/23\/Nieprzypisane\/04_aneta_szczygielska-1.jpg)\"><span class=\"d-none\">https:\/\/us.edu.pl\/instytut\/ifil\/wp-content\/uploads\/sites\/23\/Nieprzypisane\/04_aneta_szczygielska-1.jpg<\/span><\/a><\/div><\/div>\r\n                    <\/div>\r\n                <\/div>[\/vc_column][\/vc_row]<\/p>","protected":false},"excerpt":{"rendered":"<p>[vc_row el_class=&#8221;container&#8221;][vc_column width=&#8221;1\/3&#8243; el_class=&#8221;col-xs-4 col-sm-4 col-md-4 col-xl-4&#8243;][\/vc_column][vc_column width=&#8221;1\/3&#8243; el_class=&#8221;col-xs-4 col-sm-4 col-md-4 col-xl-4&#8243;][\/vc_column][vc_column width=&#8221;1\/3&#8243; el_class=&#8221;col-xs-4 col-sm-4 col-md-4 col-xl-4&#8243;][\/vc_column][\/vc_row] [&#8230;]<\/p>\n<p><a class=\"btn btn-secondary understrap-read-more-link\" href=\"https:\/\/us.edu.pl\/instytut\/ifil\/test\/\">Read More&#8230;<\/a><\/p>\n","protected":false},"author":24,"featured_media":0,"parent":0,"menu_order":0,"comment_status":"closed","ping_status":"closed","template":"","meta":{"_expiration-date-status":"saved","_expiration-date":0,"_expiration-date-type":"","_expiration-date-categories":[],"_expiration-date-options":[]},"acf":[],"_links":{"self":[{"href":"https:\/\/us.edu.pl\/instytut\/ifil\/wp-json\/wp\/v2\/pages\/358"}],"collection":[{"href":"https:\/\/us.edu.pl\/instytut\/ifil\/wp-json\/wp\/v2\/pages"}],"about":[{"href":"https:\/\/us.edu.pl\/instytut\/ifil\/wp-json\/wp\/v2\/types\/page"}],"author":[{"embeddable":true,"href":"https:\/\/us.edu.pl\/instytut\/ifil\/wp-json\/wp\/v2\/users\/24"}],"replies":[{"embeddable":true,"href":"https:\/\/us.edu.pl\/instytut\/ifil\/wp-json\/wp\/v2\/comments?post=358"}],"version-history":[{"count":27,"href":"https:\/\/us.edu.pl\/instytut\/ifil\/wp-json\/wp\/v2\/pages\/358\/revisions"}],"predecessor-version":[{"id":398,"href":"https:\/\/us.edu.pl\/instytut\/ifil\/wp-json\/wp\/v2\/pages\/358\/revisions\/398"}],"wp:attachment":[{"href":"https:\/\/us.edu.pl\/instytut\/ifil\/wp-json\/wp\/v2\/media?parent=358"}],"curies":[{"name":"wp","href":"https:\/\/api.w.org\/{rel}","templated":true}]}}