{"id":414,"date":"2020-01-18T20:27:04","date_gmt":"2020-01-18T19:27:04","guid":{"rendered":"http:\/\/us.edu.pl\/instytut\/ifil\/?page_id=414"},"modified":"2025-01-16T14:14:30","modified_gmt":"2025-01-16T13:14:30","slug":"konferencje","status":"publish","type":"page","link":"https:\/\/us.edu.pl\/instytut\/ifil\/konferencje\/","title":{"rendered":"konferencje"},"content":{"rendered":"<p>[vc_row][vc_column]\r\n                <div class=\"text-modules \">\r\n                    <div class=\"container\">\r\n                        <h3 class=\"section-title section-title_border-bottom\">Konferencje organizowane przez Instytut Filozofii<\/h3> \r\n                        <div class=\"row m-0\">\r\n                            <div class=\"text-modules__content\">\r\n                                 \r\n                                <div class=\"mt-3\"><\/div>\r\n                            <\/div>\r\n                            \r\n                            \r\n                        <\/div>\r\n                    <\/div>\r\n                <\/div>[\/vc_column][\/vc_row][vc_row el_class=&#8221;container&#8221;][vc_column width=&#8221;2\/3&#8243;]\r\n                <div class=\"text-modules\">\r\n                    <div class=\"container\">\r\n                        \r\n                        <div class=\"text-modules__content\"><p><span style=\"font-size: 14pt;\"><a href=\"https:\/\/cefres.cz\/cs\/events\/konferencja-derrida\"><strong><em>Konferencja pt. <\/em><\/strong><strong><em>\u201eAfter-words\/After-worlds. The Legacy of Jacques Derrida\u201d<\/em><\/strong><\/a><br \/>\n<\/span><span style=\"font-size: 12pt;\">5 -7 listopada 2024 r.<\/span><\/p>\n<p>Mi\u0119dzynarodowa konferencja naukowa \u201eAfter-words\/After-worlds. The Legacy of Jacques Derrida\u201d by\u0142a po\u015bwi\u0119cona dorobkowi intelektualnemu Jacques\u2019a Derridy w dwudziest\u0105 rocznic\u0119 jego \u015bmierci i dwudziest\u0105 si\u00f3dm\u0105 rocznic\u0119 nadania mu doktoratu honoris causa przez nasz\u0105 uczelni\u0119. G\u0142\u00f3wn\u0105 o\u015b proponowanej dyskusji stanowi\u0142y wsp\u00f3\u0142czesne odczytania dekonstrukcji, szczeg\u00f3lnie wyczulone na jej polityczny i spo\u0142eczny wymiar. Tytu\u0142owe \u201epo-s\u0142owa\u201d (\u201epo-s\u0142owia\u201d) i \u201epo-\u015bwiaty\u201d kierowa\u0142y ku refleksji nad mo\u017cliw\u0105 przysz\u0142o\u015bci\u0105 jako alternatyw\u0105 dla \u015bwiata n\u0119kanego konfliktami, katastrofami klimatycznymi i \u015brodowiskowymi, kryzysami uchod\u017aczymi czy rozdzieraniem tkanki spo\u0142ecznej przez rozw\u00f3j i ci\u0105g\u0142y wzrost globalnego kapitalizmu. Konferencja zgromadzi\u0142a wybitne badaczki i wybitnych badaczy filozofii Derridy z ca\u0142ego \u015bwiata. W\u015br\u00f3d zaproszonych go\u015bci znajduj\u0105 si\u0119 prof. Anne Berger (Universit\u00e9 de Vincennes \u2013 Paris 8), prof. Vicki Kirby (University of New South Wales), prof. Nicholas Royle (University of Sussex) oraz prof. Jeremy Gilbert (University of East London).<\/p>\n<p>&nbsp;<\/p>\n<hr \/>\n<p>&nbsp;<\/p>\n<p><a href=\"https:\/\/us.edu.pl\/wydzial\/wh\/event\/obywatele-swiata-sztuki-sztuka-w-dzialaniach-artystow-naukowcow\/\"><span style=\"font-size: 14pt;\"><em><strong>Obywatele \u015bwiata sztuki. Sztuka w dzia\u0142aniach artyst\u00f3w-naukowc\u00f3w<\/strong><\/em><\/span><\/a><br \/>\n<span style=\"font-size: 12pt; color: #000000;\">11 czerwca 2022 r.<\/span><\/p>\n<p>Wydarzenie performatywne o charakterze naukowo-dydaktyczno-artystycznym.<\/p>\n<ul>\n<li>Cz\u0119\u015b\u0107 naukowa \u2013 konferencja z udzia\u0142em ekspert\u00f3w (Universidad Anahuac, Universidad Nacional Autonoma de Maxico Illinois University, Uniwersytet \u015al\u0105ski) oraz student\u00f3w i doktorant\u00f3w Wydzia\u0142u Humanistycznego U\u015a.<\/li>\n<li>Cz\u0119\u015b\u0107 dydaktyczna \u2013 warsztaty z zakresu designu, gamifikacji, improwizacji aktorskiej i muzyki.<\/li>\n<li>Cz\u0119\u015b\u0107 artystyczna \u2013 wystawa i plenerowy koncert (w ramach XXIII Festiwalu Sztuki Wysokiej) przygotowany przez uczestnik\u00f3w projektu.<\/li>\n<\/ul>\n<p>&nbsp;<\/p>\n<hr \/>\n<p>&nbsp;<\/p>\n<p><strong><em><span style=\"font-size: 14pt;\">Konferencja \u201eAndrzej J. Noras \u2013 wspomnienia, filozofia, rozmowa\u201d<\/span><br \/>\n<\/em><\/strong><span style=\"font-size: 12pt;\">28 maja 2021 r.<\/span><\/p>\n<p>Konferencja online po\u015bwi\u0119cona \u015bp. Andrzejowi Norasowi by\u0142a okazj\u0105 do rozmowy na temat osoby i filozofii naszego przedwcze\u015bnie zmar\u0142ego kolegi, przyjaciela i mistrza. W konferencji udzia\u0142 wzi\u0119li: Iwona Alechnowicz-Skrzypek, Dariusz B\u0119ben, Barbara Czardybon, Leszek Drong, Janina Gajda-Krynicka, Adam Grzeli\u0144ski, Tomasz Kubalica, Dariusz Kubok, Dorota Leszczyna, Marek Maciejczak, Adam Olech, Artur Pacewicz, Robert Pi\u0142at, S\u0142awomir Raube oraz Marek Rembierz.<\/p>\n<p>&nbsp;<\/p>\n<hr \/>\n<p>&nbsp;<\/p>\n<p><span style=\"font-size: 12pt;\"><strong><span style=\"font-size: 14pt;\"><em>Nicolai Hartmann International Conference<\/em><\/span><br \/>\n<\/strong>13-14 czerwca 2019 roku<\/span><\/p>\n<p><span style=\"font-size: 12pt;\">Mi\u0119dzynarodowa konferencja w Katowicach po\u015bwi\u0119cona my\u015bli Nicolai Hartmana, maj\u0105ca na celu zebranie badaczy my\u015bli tego filozofa i interpretacji jego oryginalnych pomys\u0142\u00f3w. Odby\u0142a si\u0119 w Instytucie Filozofii U\u015a. Organizatorzy: Nicolai Hartmann Society, Instytut Filozofii U\u015a, Instytut Filozofii UMCS.<\/span><\/p>\n<p>&nbsp;<\/p>\n<hr \/>\n<p>&nbsp;<\/p>\n<p><span style=\"font-size: 14pt;\"><em><strong>Cz\u0142owiek a\/lub\/i maszyna<br \/>\n<\/strong><\/em><\/span><span style=\"font-size: 12pt;\">25 kwietnia 2019 roku<\/span><\/p>\n<p><span style=\"font-size: 12pt;\">Trzecia konferencja z cyklu CZ\u0141OWIEK a\/i\/lub MASZYNA na Wydziale Teologicznym U\u015a przy ulicy Jordana 18. Zorganizowana przez Zak\u0142ad Antropologii Filozoficznej i Kognitywistyki WNS U\u015a oraz Katedr\u0119 Teologii Dogmatycznej i Duchowo\u015bci WTL U\u015a. Tematem spotkania by\u0142a cielesno\u015b\u0107 wirtualna, sposoby oraz konteksty jej rozumienia, szczeg\u00f3lnie wobec dynamiki i zmian zwi\u0105zanych z rozwojem techniki i kondycji wsp\u00f3\u0142czesne go cz\u0142owieka. Zaproszenie na konferencj\u0119 przyj\u0119\u0142o 18 prelegent\u00f3w z r\u00f3\u017cnych o\u015brodk\u00f3w akademickich.<\/span><\/p>\n<p>&nbsp;<\/p>\n<hr \/>\n<p>&nbsp;<\/p>\n<p><span style=\"font-size: 12pt;\"><span style=\"font-size: 14pt;\"><em><strong>Cz\u0142owiek a\/lub\/i maszyna<\/strong><\/em><\/span><br \/>\n13 kwietnia 2018 roku<\/span><\/p>\n<p><span style=\"font-size: 12pt;\">Druga konferencja z cyklu CZ\u0141OWIEK a\/i\/lub MASZYNA. Odby\u0142a si\u0119 na Wydziale Teologicznym U\u015a przy ulicy Jordana 18. Tematem\u00a0 spotkania by\u0142a duchowo\u015b\u0107, sposoby i konteksty jej rozumienia, szczeg\u00f3lnie wobec dynamiki i zmian technologii w zakresie komunikacji, proces\u00f3w poznania otaczaj\u0105cego nas \u015bwiata i przekazywania informacji. Zaproszenie na konferencj\u0119 przyj\u0119\u0142o 18 prelegent\u00f3w z r\u00f3\u017cnych o\u015brodk\u00f3w akademickich.<\/span><\/p>\n<p>&nbsp;<\/p>\n<hr \/>\n<p>&nbsp;<\/p>\n<p><span style=\"font-size: 12pt;\"><em><strong><span style=\"font-size: 14pt;\">Cz\u0142owiek a\/lub\/i maszyna<\/span><\/strong><\/em><br \/>\n21 wrze\u015bnia 2017 roku<\/span><\/p>\n<p><span style=\"font-size: 12pt;\">Konferencja zorganizowana przez Zak\u0142ad Antropologii Filozoficznej i Kognitywistyki IF. Jej celem by\u0142a dyskusja na temat r\u00f3\u017cnych sposob\u00f3w postrzegania proces\u00f3w technicyzacji \u017cycia, kt\u00f3re w opinii prelegent\u00f3w nie wykluczaj\u0105 si\u0119 wzajemnie, lecz uzupe\u0142niaj\u0105. Tw\u00f3rc\u0105 maszyny jest cz\u0142owiek, jego wyobra\u017ania musi by\u0107 wspomagana poczuciem odpowiedzialno\u015bci. Natomiast emancypacja maszyn, nieprzewidywalno\u015b\u0107 kierunku rozwoju, loteria i przypadek dotyczy zar\u00f3wno technoewolucji, jak i genowego wyposa\u017cenia cz\u0142owieka, i wydaje si\u0119 nie\u015b\u0107 rozpoznawane ju\u017c zagro\u017cenia, jak i nadziej\u0119. Na styku cz\u0142owiek\/maszyna uwidaczniaj\u0105 si\u0119 wyra\u017anie, interesuj\u0105ce aspekty cz\u0142owiecze\u0144stwa: wolno\u015b\u0107, godno\u015b\u0107, zanurzenie w kultur\u0119, natura ludzka, duchowo\u015b\u0107, racjonalno\u015b\u0107 uzupe\u0142niona moraln\u0105 intuicj\u0105, kt\u00f3rych nie mo\u017cna zast\u0105pi\u0107 sieciowym zwi\u0105zkiem, ani supersprawno\u015bci\u0105 obliczeniow\u0105. Zaproszenie przyj\u0119\u0142o 9 go\u015bci z o\u015bmiu o\u015brodk\u00f3w akademickich: Akademia Ignatianum w Krakowie, Politechnika \u015al\u0105ska w Gliwicach, \u015al\u0105ski Uniwersytet Medyczny, Krakowska Akademia im. Jana Frycza Modrzewskiego, Politechnika Wroc\u0142awska, Politechnika Rzeszowska. Razem z pracownikami Instytutu Filozofii U\u015a w wydarzeniu wzi\u0119\u0142o udzia\u0142 20 os\u00f3b.<\/span><\/p>\n<p>&nbsp;<\/p>\n<hr \/>\n<p>&nbsp;<\/p>\n<p><span style=\"font-size: 12pt;\"><span style=\"font-size: 14pt;\"><em><strong>Etyka w Polsce: tradycja, inspiracje, perspektywy rozwoju<\/strong><\/em><br \/>\n<\/span>12 czerwca 2017 roku<\/span><\/p>\n<p><span style=\"font-size: 12pt;\">Konferencja odby\u0142a si\u0119 na Wydziale Nauk Spo\u0142ecznych U\u015a. Tematem spotkania by\u0142a refleksja nad przedmiotem bada\u0144 wsp\u00f3\u0142czesnej etyki, ale tak\u017ce tradycj\u0105 my\u015bli etycznej, do kt\u00f3rej warto wraca\u0107 szukaj\u0105c inspiracji dla rozwi\u0105zywania dylemat\u00f3w moralnych. Badacze zastanawiali si\u0119 nad terminologi\u0105 etyczn\u0105, histori\u0105 my\u015bli etycznej, etycznymi aspektami praw zwierz\u0105t, problematyk\u0105 \u201egodno\u015bciow\u0105\u201d w etyce polskiej, oraz zagadnieniami dotycz\u0105cymi etyk zawodowych.<\/span><\/p>\n<\/div>\r\n                    <\/div>\r\n                <\/div>[\/vc_column][vc_column width=&#8221;1\/3&#8243;][\/vc_column][\/vc_row]<\/p>","protected":false},"excerpt":{"rendered":"<p>[vc_row][vc_column][\/vc_column][\/vc_row][vc_row el_class=&#8221;container&#8221;][vc_column width=&#8221;2\/3&#8243;][\/vc_column][vc_column width=&#8221;1\/3&#8243;][\/vc_column][\/vc_row] [&#8230;]<\/p>\n<p><a class=\"btn btn-secondary understrap-read-more-link\" href=\"https:\/\/us.edu.pl\/instytut\/ifil\/konferencje\/\">Read More&#8230;<\/a><\/p>\n","protected":false},"author":32,"featured_media":0,"parent":0,"menu_order":0,"comment_status":"closed","ping_status":"closed","template":"","meta":{"_expiration-date-status":"","_expiration-date":0,"_expiration-date-type":"","_expiration-date-categories":[],"_expiration-date-options":[]},"acf":[],"_links":{"self":[{"href":"https:\/\/us.edu.pl\/instytut\/ifil\/wp-json\/wp\/v2\/pages\/414"}],"collection":[{"href":"https:\/\/us.edu.pl\/instytut\/ifil\/wp-json\/wp\/v2\/pages"}],"about":[{"href":"https:\/\/us.edu.pl\/instytut\/ifil\/wp-json\/wp\/v2\/types\/page"}],"author":[{"embeddable":true,"href":"https:\/\/us.edu.pl\/instytut\/ifil\/wp-json\/wp\/v2\/users\/32"}],"replies":[{"embeddable":true,"href":"https:\/\/us.edu.pl\/instytut\/ifil\/wp-json\/wp\/v2\/comments?post=414"}],"version-history":[{"count":5,"href":"https:\/\/us.edu.pl\/instytut\/ifil\/wp-json\/wp\/v2\/pages\/414\/revisions"}],"predecessor-version":[{"id":1670,"href":"https:\/\/us.edu.pl\/instytut\/ifil\/wp-json\/wp\/v2\/pages\/414\/revisions\/1670"}],"wp:attachment":[{"href":"https:\/\/us.edu.pl\/instytut\/ifil\/wp-json\/wp\/v2\/media?parent=414"}],"curies":[{"name":"wp","href":"https:\/\/api.w.org\/{rel}","templated":true}]}}