{"id":416,"date":"2020-01-18T20:27:38","date_gmt":"2020-01-18T19:27:38","guid":{"rendered":"http:\/\/us.edu.pl\/instytut\/ifil\/?page_id=416"},"modified":"2020-08-31T12:00:53","modified_gmt":"2020-08-31T10:00:53","slug":"wspolpraca","status":"publish","type":"page","link":"https:\/\/us.edu.pl\/instytut\/ifil\/wspolpraca\/","title":{"rendered":"wsp\u00f3\u0142praca"},"content":{"rendered":"<p>[vc_row][vc_column]\r\n                <div class=\"text-modules\">\r\n                    <div class=\"container\">\r\n                        <h3 class=\"page-title text__title\">Umowy bilateralne w ramach programu Erasmus+<\/h3>\r\n                        <div class=\"text-modules__content\"><\/p>\n<ul>\n<li><span style=\"font-size: 12pt\"><strong>UNIVERSIT\u00c4T SALZBURG<\/strong>, Austria<\/span><\/li>\n<li><span style=\"font-size: 12pt\"><strong>MASARYKOVA UNIVERZITA, Brno<\/strong>, Czechy<\/span><\/li>\n<li><span style=\"font-size: 12pt\"><strong>UNIVERZITA PALACK\u00c9HO v Olomouci<\/strong>, Czechy\u00a0<\/span><\/li>\n<li><span style=\"font-size: 12pt\"><strong>UNIVERZITA JANA EVANGELISTY PURKYNE v Usti Nad Labem, <\/strong>Czechy<\/span><\/li>\n<li><span style=\"font-size: 12pt\"><strong>UNIVERZITA PAVLA JOZEFA \u0160AF\u00c1RIKA v Ko\u0161iciach<\/strong>, S\u0142owacja<\/span><\/li>\n<li><span style=\"font-size: 12pt\"><strong>UNIVERZITA MATEJA BELA v Banskej Bystricy<\/strong>, S\u0142owacja<\/span><\/li>\n<li><span style=\"font-size: 12pt\"><strong>PRE\u0160OVSK\u00c1 UNIVERZITA v Pre\u0161ovie<\/strong>, S\u0142owacja<\/span><\/li>\n<li><span style=\"font-size: 12pt\"><strong>UNIVERSITY of IOANNINA<\/strong>, Grecja<\/span><\/li>\n<li><span style=\"font-size: 12pt\"><strong>MUGLA SITKI KOCMAN UNIVERSITY<\/strong>, Turcja<\/span><\/li>\n<li><span style=\"font-size: 12pt\"><strong>KIRIKKALE UNIVERSITY<\/strong>, Turcja<\/span><\/li>\n<li><span style=\"font-size: 12pt\"><strong>KASTAMONU UNIVERSITY<\/strong>, Turcja<\/span><\/li>\n<li><span style=\"font-size: 12pt\"><strong>UNIVERSIDAD DEL PAIS VASCO, San Sebastian, <\/strong>Hiszpania<\/span><\/li>\n<li><span style=\"font-size: 12pt\"><strong>UNIVERSITY of OSIJEK, <\/strong>Chorwacja<\/span><\/li>\n<li><span style=\"font-size: 12pt\"><strong>OSTRAVSKA UNIVERZITA, <\/strong>Czechy<\/span><\/li>\n<li><span style=\"font-size: 12pt\"><strong>UNIVERSIT\u00c4T POTSDAM, <\/strong>Niemcy<\/span><\/li>\n<li><span style=\"font-size: 12pt\"><strong>UNIVERZITA sv. CIRILA a METODA v Trnave, <\/strong>S\u0142owacja<\/span><\/li>\n<li><span style=\"font-size: 12pt\"><strong>WESTFAELISCHE WILHELMS-UNIVERSITAET, <\/strong>Muenster, Niemcy<\/span><\/li>\n<li><span style=\"font-size: 12pt\"><strong>ISTANBUL 29 MAYIS UNIVERSITESI, <\/strong>Istambul, Turcja<\/span><\/li>\n<li><span style=\"font-size: 12pt\"><strong>UNIVERZITA PAVLA JOSEFA SAFARIKA v KOSICIACH<\/strong>, S\u0142owacja<\/span><\/li>\n<\/ul>\n<p>\n<\/div>\r\n                    <\/div>\r\n                <\/div>[\/vc_column][\/vc_row][vc_row][vc_column]\r\n                <div class=\"text-modules\">\r\n                    <div class=\"container\">\r\n                        <h3 class=\"page-title text__title\">Umowy z uczelniami partnerskimi<\/h3>\r\n                        <div class=\"text-modules__content\"><\/p>\n<ul>\n<li><span style=\"font-size: 12pt\"><strong>PETROZAVODSK STATE UNIVERSITY<\/strong>, Rosja<\/span><\/li>\n<\/ul>\n<p>\n<\/div>\r\n                    <\/div>\r\n                <\/div>[\/vc_column][\/vc_row]<\/p>","protected":false},"excerpt":{"rendered":"<p>[vc_row][vc_column][\/vc_column][\/vc_row][vc_row][vc_column][\/vc_column][\/vc_row] [&#8230;]<\/p>\n<p><a class=\"btn btn-secondary understrap-read-more-link\" href=\"https:\/\/us.edu.pl\/instytut\/ifil\/wspolpraca\/\">Read More&#8230;<\/a><\/p>\n","protected":false},"author":32,"featured_media":0,"parent":0,"menu_order":0,"comment_status":"closed","ping_status":"closed","template":"","meta":{"_expiration-date-status":"saved","_expiration-date":0,"_expiration-date-type":"","_expiration-date-categories":[],"_expiration-date-options":[]},"acf":[],"_links":{"self":[{"href":"https:\/\/us.edu.pl\/instytut\/ifil\/wp-json\/wp\/v2\/pages\/416"}],"collection":[{"href":"https:\/\/us.edu.pl\/instytut\/ifil\/wp-json\/wp\/v2\/pages"}],"about":[{"href":"https:\/\/us.edu.pl\/instytut\/ifil\/wp-json\/wp\/v2\/types\/page"}],"author":[{"embeddable":true,"href":"https:\/\/us.edu.pl\/instytut\/ifil\/wp-json\/wp\/v2\/users\/32"}],"replies":[{"embeddable":true,"href":"https:\/\/us.edu.pl\/instytut\/ifil\/wp-json\/wp\/v2\/comments?post=416"}],"version-history":[{"count":3,"href":"https:\/\/us.edu.pl\/instytut\/ifil\/wp-json\/wp\/v2\/pages\/416\/revisions"}],"predecessor-version":[{"id":453,"href":"https:\/\/us.edu.pl\/instytut\/ifil\/wp-json\/wp\/v2\/pages\/416\/revisions\/453"}],"wp:attachment":[{"href":"https:\/\/us.edu.pl\/instytut\/ifil\/wp-json\/wp\/v2\/media?parent=416"}],"curies":[{"name":"wp","href":"https:\/\/api.w.org\/{rel}","templated":true}]}}