{"id":425,"date":"2020-01-18T20:29:57","date_gmt":"2020-01-18T19:29:57","guid":{"rendered":"http:\/\/us.edu.pl\/instytut\/ifil\/?page_id=425"},"modified":"2025-02-05T12:19:42","modified_gmt":"2025-02-05T11:19:42","slug":"pracownicy","status":"publish","type":"page","link":"https:\/\/us.edu.pl\/instytut\/ifil\/o-instytucie\/pracownicy\/","title":{"rendered":"pracownicy"},"content":{"rendered":"<p>[vc_row el_class=&#8221;container&#8221;][vc_column]\r\n\r\n            <div class=\"blocks\" style=\"text-align: \">\r\n               <div class=\"container\">\r\n                  \r\n                  <div class=\"row m-0 blocks_4\">\r\n                  \r\n                     <a href=\"https:\/\/us.edu.pl\/instytut\/ifil\/osoby\/aleksander-banka\/\" class=\"thumbnail blocks__item\" style=\"background-image: url(https:\/\/us.edu.pl\/instytut\/ifil\/wp-content\/uploads\/sites\/23\/pracownicy\/Ba\u0144ka_zdj\u0119cie-1024x766.jpg)\">\r\n                        <span>wi\u0119cej<\/span>\r\n                        <div class=\"blocks__bottom\">\r\n                        <div class=\"blocks__title\">dr hab. Aleksander Ba\u0144ka, prof. U\u015a<\/div>\r\n                        \r\n                        <\/div>\r\n                     <\/a>\r\n                  \r\n                     <a href=\"https:\/\/us.edu.pl\/instytut\/ifil\/osoby\/gabriela-besler\/\" class=\"thumbnail blocks__item\" style=\"background-image: url(https:\/\/us.edu.pl\/instytut\/ifil\/wp-content\/uploads\/sites\/23\/pracownicy\/G.-Besler_zdj\u0119cie-933x1024.jpg)\">\r\n                        <span>wi\u0119cej<\/span>\r\n                        <div class=\"blocks__bottom\">\r\n                        <div class=\"blocks__title\">prof. Gabriela Besler<\/div>\r\n                        \r\n                        <\/div>\r\n                     <\/a>\r\n                  \r\n                     <a href=\"https:\/\/us.edu.pl\/instytut\/ifil\/osoby\/dariusz-beben\/\" class=\"thumbnail blocks__item\" style=\"background-image: url(https:\/\/us.edu.pl\/instytut\/ifil\/wp-content\/uploads\/sites\/23\/Nieprzypisane\/logo-WH_800x800.jpg)\">\r\n                        <span>wi\u0119cej<\/span>\r\n                        <div class=\"blocks__bottom\">\r\n                        <div class=\"blocks__title\">dr hab. Dariusz B\u0119ben, prof. U\u015a<\/div>\r\n                        \r\n                        <\/div>\r\n                     <\/a>\r\n                  \r\n                     <a href=\"https:\/\/us.edu.pl\/instytut\/ifil\/osoby\/sonia-bukowska\/\" class=\"thumbnail blocks__item\" style=\"background-image: url(https:\/\/us.edu.pl\/instytut\/ifil\/wp-content\/uploads\/sites\/23\/Nieprzypisane\/logo-WH_800x800.jpg)\">\r\n                        <span>wi\u0119cej<\/span>\r\n                        <div class=\"blocks__bottom\">\r\n                        <div class=\"blocks__title\">dr Sonia Bukowska<\/div>\r\n                        \r\n                        <\/div>\r\n                     <\/a>\r\n                  \r\n                     <a href=\"https:\/\/us.edu.pl\/instytut\/ifil\/osoby\/bogdan-dembinski\/\" class=\"thumbnail blocks__item\" style=\"background-image: url(https:\/\/us.edu.pl\/instytut\/ifil\/wp-content\/uploads\/sites\/23\/Nieprzypisane\/logo-WH_800x800.jpg)\">\r\n                        <span>wi\u0119cej<\/span>\r\n                        <div class=\"blocks__bottom\">\r\n                        <div class=\"blocks__title\">prof. dr hab. Bogdan Dembi\u0144ski<\/div>\r\n                        \r\n                        <\/div>\r\n                     <\/a>\r\n                  \r\n                     <a href=\"https:\/\/us.edu.pl\/instytut\/ifil\/osoby\/marcin-fabjanski\/\" class=\"thumbnail blocks__item\" style=\"background-image: url(https:\/\/us.edu.pl\/instytut\/ifil\/wp-content\/uploads\/sites\/23\/Nieprzypisane\/logo-WH_800x800.jpg)\">\r\n                        <span>wi\u0119cej<\/span>\r\n                        <div class=\"blocks__bottom\">\r\n                        <div class=\"blocks__title\">dr Marcin Fabja\u0144ski<\/div>\r\n                        \r\n                        <\/div>\r\n                     <\/a>\r\n                  \r\n                     <a href=\"https:\/\/us.edu.pl\/instytut\/ifil\/osoby\/katarzyna-kiepas-remesz\/\" class=\"thumbnail blocks__item\" style=\"background-image: url(https:\/\/us.edu.pl\/instytut\/ifil\/wp-content\/uploads\/sites\/23\/Nieprzypisane\/logo-WH_800x800.jpg)\">\r\n                        <span>wi\u0119cej<\/span>\r\n                        <div class=\"blocks__bottom\">\r\n                        <div class=\"blocks__title\">mgr Katarzyna Kiepas-Remesz<\/div>\r\n                        \r\n                        <\/div>\r\n                     <\/a>\r\n                  \r\n                     <a href=\"https:\/\/us.edu.pl\/instytut\/ifil\/osoby\/aleksander-kopka\/\" class=\"thumbnail blocks__item\" style=\"background-image: url(https:\/\/us.edu.pl\/instytut\/ifil\/wp-content\/uploads\/sites\/23\/pracownicy\/Kopka_zdj\u0119cie-731x1024.jpeg)\">\r\n                        <span>wi\u0119cej<\/span>\r\n                        <div class=\"blocks__bottom\">\r\n                        <div class=\"blocks__title\">dr Aleksander Kopka<\/div>\r\n                        \r\n                        <\/div>\r\n                     <\/a>\r\n                  \r\n                     <a href=\"https:\/\/us.edu.pl\/instytut\/ifil\/osoby\/michal-krzykawski\/\" class=\"thumbnail blocks__item\" style=\"background-image: url(https:\/\/us.edu.pl\/instytut\/ifil\/wp-content\/uploads\/sites\/23\/pracownicy\/MK_IF-933x1024.jpg)\">\r\n                        <span>wi\u0119cej<\/span>\r\n                        <div class=\"blocks__bottom\">\r\n                        <div class=\"blocks__title\">dr hab. Micha\u0142 Krzykawski, prof. U\u015a<\/div>\r\n                        \r\n                        <\/div>\r\n                     <\/a>\r\n                  \r\n                     <a href=\"https:\/\/us.edu.pl\/instytut\/ifil\/osoby\/tomasz-kubalica\/\" class=\"thumbnail blocks__item\" style=\"background-image: url(https:\/\/us.edu.pl\/instytut\/ifil\/wp-content\/uploads\/sites\/23\/pracownicy\/Kubalica.jpg)\">\r\n                        <span>wi\u0119cej<\/span>\r\n                        <div class=\"blocks__bottom\">\r\n                        <div class=\"blocks__title\">dr hab. Tomasz Kubalica, prof. U\u015a<\/div>\r\n                        \r\n                        <\/div>\r\n                     <\/a>\r\n                  \r\n                     <a href=\"https:\/\/us.edu.pl\/instytut\/ifil\/osoby\/dariusz-kubok\/\" class=\"thumbnail blocks__item\" style=\"background-image: url(https:\/\/us.edu.pl\/instytut\/ifil\/wp-content\/uploads\/sites\/23\/Nieprzypisane\/dariusz.kubok-3.jpg)\">\r\n                        <span>wi\u0119cej<\/span>\r\n                        <div class=\"blocks__bottom\">\r\n                        <div class=\"blocks__title\">prof. dr hab. Dariusz Kubok<\/div>\r\n                        \r\n                        <\/div>\r\n                     <\/a>\r\n                  \r\n                     <a href=\"https:\/\/us.edu.pl\/instytut\/ifil\/osoby\/piotr-laciak\/\" class=\"thumbnail blocks__item\" style=\"background-image: url(https:\/\/us.edu.pl\/instytut\/ifil\/wp-content\/uploads\/sites\/23\/Nieprzypisane\/logo-WH_800x800.jpg)\">\r\n                        <span>wi\u0119cej<\/span>\r\n                        <div class=\"blocks__bottom\">\r\n                        <div class=\"blocks__title\">prof. dr hab. Piotr \u0141aciak<\/div>\r\n                        \r\n                        <\/div>\r\n                     <\/a>\r\n                  \r\n                     <a href=\"https:\/\/us.edu.pl\/instytut\/ifil\/osoby\/piotr-machura\/\" class=\"thumbnail blocks__item\" style=\"background-image: url(https:\/\/us.edu.pl\/instytut\/ifil\/wp-content\/uploads\/sites\/23\/pracownicy\/Piotr-Machura-1024x683.jpg)\">\r\n                        <span>wi\u0119cej<\/span>\r\n                        <div class=\"blocks__bottom\">\r\n                        <div class=\"blocks__title\">dr hab. Piotr Machura, prof. U\u015a<\/div>\r\n                        \r\n                        <\/div>\r\n                     <\/a>\r\n                  \r\n                     <a href=\"https:\/\/us.edu.pl\/instytut\/ifil\/osoby\/szymon-makula\/\" class=\"thumbnail blocks__item\" style=\"background-image: url(https:\/\/us.edu.pl\/instytut\/ifil\/wp-content\/uploads\/sites\/23\/pracownicy\/MAKU\u0141A.jpg)\">\r\n                        <span>wi\u0119cej<\/span>\r\n                        <div class=\"blocks__bottom\">\r\n                        <div class=\"blocks__title\">dr Szymon Maku\u0142a<\/div>\r\n                        \r\n                        <\/div>\r\n                     <\/a>\r\n                  \r\n                     <a href=\"https:\/\/us.edu.pl\/instytut\/ifil\/osoby\/witold-marzeda\/\" class=\"thumbnail blocks__item\" style=\"background-image: url(https:\/\/us.edu.pl\/instytut\/ifil\/wp-content\/uploads\/sites\/23\/Nieprzypisane\/logo-WH_800x800.jpg)\">\r\n                        <span>wi\u0119cej<\/span>\r\n                        <div class=\"blocks__bottom\">\r\n                        <div class=\"blocks__title\">dr Witold Marz\u0119da<\/div>\r\n                        \r\n                        <\/div>\r\n                     <\/a>\r\n                  \r\n                     <a href=\"https:\/\/us.edu.pl\/instytut\/ifil\/osoby\/magdalena-mruszczyk\/\" class=\"thumbnail blocks__item\" style=\"background-image: url(https:\/\/us.edu.pl\/instytut\/ifil\/wp-content\/uploads\/sites\/23\/pracownicy\/MRUSZCZYK.jpg)\">\r\n                        <span>wi\u0119cej<\/span>\r\n                        <div class=\"blocks__bottom\">\r\n                        <div class=\"blocks__title\">dr Magdalena Mruszczyk<\/div>\r\n                        \r\n                        <\/div>\r\n                     <\/a>\r\n                  \r\n                     <a href=\"https:\/\/us.edu.pl\/instytut\/ifil\/osoby\/anna-musiol\/\" class=\"thumbnail blocks__item\" style=\"background-image: url(https:\/\/us.edu.pl\/instytut\/ifil\/wp-content\/uploads\/sites\/23\/pracownicy\/Musio\u0142_zdj\u0119cie.png)\">\r\n                        <span>wi\u0119cej<\/span>\r\n                        <div class=\"blocks__bottom\">\r\n                        <div class=\"blocks__title\">dr Anna Musio\u0142<\/div>\r\n                        \r\n                        <\/div>\r\n                     <\/a>\r\n                  \r\n                     <a href=\"https:\/\/us.edu.pl\/instytut\/ifil\/osoby\/maria-niemczuk-misala\/\" class=\"thumbnail blocks__item\" style=\"background-image: url(https:\/\/us.edu.pl\/instytut\/ifil\/wp-content\/uploads\/sites\/23\/Nieprzypisane\/logo-WH_800x800.jpg)\">\r\n                        <span>wi\u0119cej<\/span>\r\n                        <div class=\"blocks__bottom\">\r\n                        <div class=\"blocks__title\">dr Maria Niemczuk-Misala<\/div>\r\n                        \r\n                        <\/div>\r\n                     <\/a>\r\n                  \r\n                     <a href=\"https:\/\/us.edu.pl\/instytut\/ifil\/osoby\/dariusz-olesinski\/\" class=\"thumbnail blocks__item\" style=\"background-image: url(https:\/\/us.edu.pl\/instytut\/ifil\/wp-content\/uploads\/sites\/23\/pracownicy\/OLESI\u0143SKI.jpg)\">\r\n                        <span>wi\u0119cej<\/span>\r\n                        <div class=\"blocks__bottom\">\r\n                        <div class=\"blocks__title\">dr Dariusz Olesi\u0144ski<\/div>\r\n                        \r\n                        <\/div>\r\n                     <\/a>\r\n                  \r\n                     <a href=\"https:\/\/us.edu.pl\/instytut\/ifil\/osoby\/alicja-pietras\/\" class=\"thumbnail blocks__item\" style=\"background-image: url(https:\/\/us.edu.pl\/instytut\/ifil\/wp-content\/uploads\/sites\/23\/pracownicy\/Pietras_zdj\u0119cie-u\u015b-2-803x1024.jpg)\">\r\n                        <span>wi\u0119cej<\/span>\r\n                        <div class=\"blocks__bottom\">\r\n                        <div class=\"blocks__title\">dr Alicja Pietras<\/div>\r\n                        \r\n                        <\/div>\r\n                     <\/a>\r\n                  \r\n                     <a href=\"https:\/\/us.edu.pl\/instytut\/ifil\/osoby\/miroslaw-pirog\/\" class=\"thumbnail blocks__item\" style=\"background-image: url(https:\/\/us.edu.pl\/instytut\/ifil\/wp-content\/uploads\/sites\/23\/pracownicy\/PIR\u00d3G.jpg)\">\r\n                        <span>wi\u0119cej<\/span>\r\n                        <div class=\"blocks__bottom\">\r\n                        <div class=\"blocks__title\">dr hab. Miros\u0142aw Pir\u00f3g<\/div>\r\n                        \r\n                        <\/div>\r\n                     <\/a>\r\n                  \r\n                     <a href=\"https:\/\/us.edu.pl\/instytut\/ifil\/osoby\/marta-ples-beben\/\" class=\"thumbnail blocks__item\" style=\"background-image: url(https:\/\/us.edu.pl\/instytut\/ifil\/wp-content\/uploads\/sites\/23\/Nieprzypisane\/logo-WH_800x800.jpg)\">\r\n                        <span>wi\u0119cej<\/span>\r\n                        <div class=\"blocks__bottom\">\r\n                        <div class=\"blocks__title\">dr Marta Ples-B\u0119ben<\/div>\r\n                        \r\n                        <\/div>\r\n                     <\/a>\r\n                  \r\n                     <a href=\"https:\/\/us.edu.pl\/instytut\/ifil\/osoby\/dariusz-rymar\/\" class=\"thumbnail blocks__item\" style=\"background-image: url(https:\/\/us.edu.pl\/instytut\/ifil\/wp-content\/uploads\/sites\/23\/Nieprzypisane\/logo-WH_800x800.jpg)\">\r\n                        <span>wi\u0119cej<\/span>\r\n                        <div class=\"blocks__bottom\">\r\n                        <div class=\"blocks__title\">dr Dariusz Rymar<\/div>\r\n                        \r\n                        <\/div>\r\n                     <\/a>\r\n                  \r\n                     <a href=\"https:\/\/us.edu.pl\/instytut\/ifil\/osoby\/wojciech-sady\/\" class=\"thumbnail blocks__item\" style=\"background-image: url(https:\/\/us.edu.pl\/instytut\/ifil\/wp-content\/uploads\/sites\/23\/Bez-kategorii\/2023-05-23-wojciech-sady-683x1024.jpg)\">\r\n                        <span>wi\u0119cej<\/span>\r\n                        <div class=\"blocks__bottom\">\r\n                        <div class=\"blocks__title\">prof. dr hab. Wojciech Sady<\/div>\r\n                        \r\n                        <\/div>\r\n                     <\/a>\r\n                  \r\n                     <a href=\"https:\/\/us.edu.pl\/instytut\/ifil\/osoby\/maciej-stanek\/\" class=\"thumbnail blocks__item\" style=\"background-image: url(https:\/\/us.edu.pl\/instytut\/ifil\/wp-content\/uploads\/sites\/23\/pracownicy\/Dr-Maciej-Stanek-768x1024.jpg)\">\r\n                        <span>wi\u0119cej<\/span>\r\n                        <div class=\"blocks__bottom\">\r\n                        <div class=\"blocks__title\">dr Maciej Stanek<\/div>\r\n                        \r\n                        <\/div>\r\n                     <\/a>\r\n                  \r\n                     <a href=\"https:\/\/us.edu.pl\/instytut\/ifil\/osoby\/mariola-sulkowska-janowska\/\" class=\"thumbnail blocks__item\" style=\"background-image: url(https:\/\/us.edu.pl\/instytut\/ifil\/wp-content\/uploads\/sites\/23\/pracownicy\/Su\u0142kowska-Janowska.jpg)\">\r\n                        <span>wi\u0119cej<\/span>\r\n                        <div class=\"blocks__bottom\">\r\n                        <div class=\"blocks__title\">dr Mariola Su\u0142kowska-Janowska, prof. U\u015a<\/div>\r\n                        \r\n                        <\/div>\r\n                     <\/a>\r\n                  \r\n                     <a href=\"https:\/\/us.edu.pl\/instytut\/ifil\/osoby\/grazyna-szumera\/\" class=\"thumbnail blocks__item\" style=\"background-image: url(https:\/\/us.edu.pl\/instytut\/ifil\/wp-content\/uploads\/sites\/23\/pracownicy\/SZUMERA.jpg)\">\r\n                        <span>wi\u0119cej<\/span>\r\n                        <div class=\"blocks__bottom\">\r\n                        <div class=\"blocks__title\">dr hab. Gra\u017cyna Szumera, prof. U\u015a<\/div>\r\n                        \r\n                        <\/div>\r\n                     <\/a>\r\n                  \r\n                     <a href=\"https:\/\/us.edu.pl\/instytut\/ifil\/osoby\/krzysztof-szymanek\/\" class=\"thumbnail blocks__item\" style=\"background-image: url(https:\/\/us.edu.pl\/instytut\/ifil\/wp-content\/uploads\/sites\/23\/Nieprzypisane\/logo-WH_800x800.jpg)\">\r\n                        <span>wi\u0119cej<\/span>\r\n                        <div class=\"blocks__bottom\">\r\n                        <div class=\"blocks__title\">dr hab. Krzysztof Szymanek, prof. U\u015a<\/div>\r\n                        \r\n                        <\/div>\r\n                     <\/a>\r\n                  \r\n                     <a href=\"https:\/\/us.edu.pl\/instytut\/ifil\/osoby\/danuta-sleczek-czakon\/\" class=\"thumbnail blocks__item\" style=\"background-image: url(https:\/\/us.edu.pl\/instytut\/ifil\/wp-content\/uploads\/sites\/23\/pracownicy\/\u015al\u0119czek-Czakon_zdj\u0119cie-683x1024.jpg)\">\r\n                        <span>wi\u0119cej<\/span>\r\n                        <div class=\"blocks__bottom\">\r\n                        <div class=\"blocks__title\">dr hab. Danuta \u015al\u0119czek-Czakon, prof. U\u015a<\/div>\r\n                        \r\n                        <\/div>\r\n                     <\/a>\r\n                  \r\n                     <a href=\"https:\/\/us.edu.pl\/instytut\/ifil\/osoby\/sebastian-spiewak\/\" class=\"thumbnail blocks__item\" style=\"background-image: url(https:\/\/us.edu.pl\/instytut\/ifil\/wp-content\/uploads\/sites\/23\/pracownicy\/\u015apiewak_zdj\u0119cie.jpg)\">\r\n                        <span>wi\u0119cej<\/span>\r\n                        <div class=\"blocks__bottom\">\r\n                        <div class=\"blocks__title\">dr Sebastian \u015apiewak<\/div>\r\n                        \r\n                        <\/div>\r\n                     <\/a>\r\n                  \r\n                     <a href=\"https:\/\/us.edu.pl\/instytut\/ifil\/osoby\/mateusz-tofilski\/\" class=\"thumbnail blocks__item\" style=\"background-image: url(https:\/\/us.edu.pl\/instytut\/ifil\/wp-content\/uploads\/sites\/23\/pracownicy\/Mateusz-Tofilski-1-886x1024.jpg)\">\r\n                        <span>wi\u0119cej<\/span>\r\n                        <div class=\"blocks__bottom\">\r\n                        <div class=\"blocks__title\">dr Mateusz Tofilski<\/div>\r\n                        \r\n                        <\/div>\r\n                     <\/a>\r\n                  \r\n                     <a href=\"https:\/\/us.edu.pl\/instytut\/ifil\/osoby\/miroslaw-tyl\/\" class=\"thumbnail blocks__item\" style=\"background-image: url(https:\/\/us.edu.pl\/instytut\/ifil\/wp-content\/uploads\/sites\/23\/pracownicy\/Tyl.jpg)\">\r\n                        <span>wi\u0119cej<\/span>\r\n                        <div class=\"blocks__bottom\">\r\n                        <div class=\"blocks__title\">dr hab. Miros\u0142aw Tyl, prof. U\u015a<\/div>\r\n                        \r\n                        <\/div>\r\n                     <\/a>\r\n                  \r\n                     <a href=\"https:\/\/us.edu.pl\/instytut\/ifil\/osoby\/krzysztof-wieczorek\/\" class=\"thumbnail blocks__item\" style=\"background-image: url()\">\r\n                        <span>wi\u0119cej<\/span>\r\n                        <div class=\"blocks__bottom\">\r\n                        <div class=\"blocks__title\">dr hab. Krzysztof A. Wieczorek, prof. U\u015a<\/div>\r\n                        \r\n                        <\/div>\r\n                     <\/a>\r\n                  \r\n                     <a href=\"https:\/\/us.edu.pl\/instytut\/ifil\/osoby\/krzysztof-wieczorek-2\/\" class=\"thumbnail blocks__item\" style=\"background-image: url(https:\/\/us.edu.pl\/instytut\/ifil\/wp-content\/uploads\/sites\/23\/pracownicy\/Wieczorek.jpg)\">\r\n                        <span>wi\u0119cej<\/span>\r\n                        <div class=\"blocks__bottom\">\r\n                        <div class=\"blocks__title\">prof. dr hab. Krzysztof Wieczorek<\/div>\r\n                        \r\n                        <\/div>\r\n                     <\/a>\r\n                  \r\n                     <a href=\"https:\/\/us.edu.pl\/instytut\/ifil\/osoby\/mariusz-wojewoda\/\" class=\"thumbnail blocks__item\" style=\"background-image: url(https:\/\/us.edu.pl\/instytut\/ifil\/wp-content\/uploads\/sites\/23\/pracownicy\/Wojewoda.jpg)\">\r\n                        <span>wi\u0119cej<\/span>\r\n                        <div class=\"blocks__bottom\">\r\n                        <div class=\"blocks__title\">dr hab. Mariusz Wojewoda, prof. U\u015a<\/div>\r\n                        \r\n                        <\/div>\r\n                     <\/a>\r\n                  \r\n                     <a href=\"https:\/\/us.edu.pl\/instytut\/ifil\/osoby\/hanna-wojtczak\/\" class=\"thumbnail blocks__item\" style=\"background-image: url(https:\/\/us.edu.pl\/instytut\/ifil\/wp-content\/uploads\/sites\/23\/Nieprzypisane\/logo-WH_800x800.jpg)\">\r\n                        <span>wi\u0119cej<\/span>\r\n                        <div class=\"blocks__bottom\">\r\n                        <div class=\"blocks__title\">prof. dr hab. Hanna Wojtczak<\/div>\r\n                        \r\n                        <\/div>\r\n                     <\/a>\r\n                  \r\n                     <a href=\"https:\/\/us.edu.pl\/instytut\/ifil\/osoby\/magdalena-wolek\/\" class=\"thumbnail blocks__item\" style=\"background-image: url(https:\/\/us.edu.pl\/instytut\/ifil\/wp-content\/uploads\/sites\/23\/Nieprzypisane\/Wo\u0142ek_zdj\u0119cie.jpeg)\">\r\n                        <span>wi\u0119cej<\/span>\r\n                        <div class=\"blocks__bottom\">\r\n                        <div class=\"blocks__title\">dr Magdalena Wo\u0142ek<\/div>\r\n                        \r\n                        <\/div>\r\n                     <\/a>\r\n                  \r\n                     <a href=\"https:\/\/us.edu.pl\/instytut\/ifil\/osoby\/agnieszka-woszczyk\/\" class=\"thumbnail blocks__item\" style=\"background-image: url(https:\/\/us.edu.pl\/instytut\/ifil\/wp-content\/uploads\/sites\/23\/pracownicy\/Agnieszka-Woszczyk.jpg)\">\r\n                        <span>wi\u0119cej<\/span>\r\n                        <div class=\"blocks__bottom\">\r\n                        <div class=\"blocks__title\">dr Agnieszka Woszczyk, prof. U\u015a<\/div>\r\n                        \r\n                        <\/div>\r\n                     <\/a><\/div>     \r\n               <\/div>\r\n            <\/div>[vc_empty_space][vc_separator][vc_empty_space]\r\n\r\n            <div class=\"blocks\" style=\"text-align: \">\r\n               <div class=\"container\">\r\n                  \r\n                  <div class=\"row m-0 blocks_3\">\r\n                  \r\n                     <a href=\"https:\/\/us.edu.pl\/instytut\/ifil\/osoby\/tomasz-czakon\/\" class=\"thumbnail blocks__item\" style=\"background-image: url(https:\/\/us.edu.pl\/instytut\/ifil\/wp-content\/uploads\/sites\/23\/pracownicy\/Czakon_zdj\u0119cie-884x1024.jpg)\">\r\n                        <span>wi\u0119cej<\/span>\r\n                        <div class=\"blocks__bottom\">\r\n                        <div class=\"blocks__title\">dr hab. Tomasz Czakon, prof. U\u015a<\/div>\r\n                        <div class=\"blocks__subtitle\">pracownik emerytowany<\/div>\r\n                        <\/div>\r\n                     <\/a>\r\n                  \r\n                     <a href=\"https:\/\/us.edu.pl\/instytut\/ifil\/osoby\/barbara-szotek\/\" class=\"thumbnail blocks__item\" style=\"background-image: url(https:\/\/us.edu.pl\/instytut\/ifil\/wp-content\/uploads\/sites\/23\/pracownicy\/Barbara-Szotek_wstazka.png)\">\r\n                        <span>wi\u0119cej<\/span>\r\n                        <div class=\"blocks__bottom\">\r\n                        <div class=\"blocks__title\">prof. dr hab. Barbara Szotek<\/div>\r\n                        <div class=\"blocks__subtitle\">pracownik emerytowany<\/div>\r\n                        <\/div>\r\n                     <\/a><\/div>     \r\n               <\/div>\r\n            <\/div>[\/vc_column][\/vc_row]<\/p>","protected":false},"excerpt":{"rendered":"<p>[vc_row el_class=&#8221;container&#8221;][vc_column][vc_empty_space][vc_separator][vc_empty_space][\/vc_column][\/vc_row] [&#8230;]<\/p>\n<p><a class=\"btn btn-secondary understrap-read-more-link\" href=\"https:\/\/us.edu.pl\/instytut\/ifil\/o-instytucie\/pracownicy\/\">Read More&#8230;<\/a><\/p>\n","protected":false},"author":32,"featured_media":0,"parent":410,"menu_order":0,"comment_status":"closed","ping_status":"closed","template":"","meta":{"_expiration-date-status":"","_expiration-date":0,"_expiration-date-type":"","_expiration-date-categories":[],"_expiration-date-options":[]},"acf":[],"_links":{"self":[{"href":"https:\/\/us.edu.pl\/instytut\/ifil\/wp-json\/wp\/v2\/pages\/425"}],"collection":[{"href":"https:\/\/us.edu.pl\/instytut\/ifil\/wp-json\/wp\/v2\/pages"}],"about":[{"href":"https:\/\/us.edu.pl\/instytut\/ifil\/wp-json\/wp\/v2\/types\/page"}],"author":[{"embeddable":true,"href":"https:\/\/us.edu.pl\/instytut\/ifil\/wp-json\/wp\/v2\/users\/32"}],"replies":[{"embeddable":true,"href":"https:\/\/us.edu.pl\/instytut\/ifil\/wp-json\/wp\/v2\/comments?post=425"}],"version-history":[{"count":10,"href":"https:\/\/us.edu.pl\/instytut\/ifil\/wp-json\/wp\/v2\/pages\/425\/revisions"}],"predecessor-version":[{"id":1692,"href":"https:\/\/us.edu.pl\/instytut\/ifil\/wp-json\/wp\/v2\/pages\/425\/revisions\/1692"}],"up":[{"embeddable":true,"href":"https:\/\/us.edu.pl\/instytut\/ifil\/wp-json\/wp\/v2\/pages\/410"}],"wp:attachment":[{"href":"https:\/\/us.edu.pl\/instytut\/ifil\/wp-json\/wp\/v2\/media?parent=425"}],"curies":[{"name":"wp","href":"https:\/\/api.w.org\/{rel}","templated":true}]}}