{"id":1220,"date":"2020-04-15T16:27:30","date_gmt":"2020-04-15T14:27:30","guid":{"rendered":"http:\/\/us.edu.pl\/instytut\/ifiz\/?page_id=1220"},"modified":"2026-03-06T14:08:36","modified_gmt":"2026-03-06T13:08:36","slug":"laboratorium-ochrony-srodowiska","status":"publish","type":"page","link":"https:\/\/us.edu.pl\/instytut\/ifiz\/nauka\/laboratoria\/laboratorium-ochrony-srodowiska\/","title":{"rendered":"Laboratorium Ochrony \u015arodowiska"},"content":{"rendered":"<p>[vc_row][vc_column]\r\n                <div class=\"text-modules\">\r\n                    <div class=\"container\">\r\n                        <h3 class=\"page-title text__title\">Laboratorium ochrony \u015brodowiska<\/h3>\r\n                        <div class=\"text-modules__content\"><p><strong>Opiekun:<\/strong><\/p>\n<ul>\n<li>dr Magdalena Szubka, <a href=\"mailto:magdalena.szubka@us.edu.pl\">magdalena.szubka@us.edu.pl<\/a><\/li>\n<li>dr Adam Guzik, <a href=\"mailto:adam.guzik@us.edu.pl\">adam.guzik@us.edu.pl<\/a><\/li>\n<\/ul>\n<h3>O NAS<\/h3>\n<p>Laboratorium wyposa\u017cone w zaawansowany skaningowy mikroskop elektronowy umo\u017cliwia badania szerokiego spektrum pr\u00f3bek \u2013 od materia\u0142\u00f3w biologicznych i ciek\u0142ych, przez nanokompozyty, po stopy i ceramik\u0119 \u2013 w skali od 10 nm do 1 mm. Prowadzone prace obejmuj\u0105 analiz\u0119 struktury, w\u0142a\u015bciwo\u015bci magnetycznych i elektronowych oraz lokaln\u0105 charakterystyk\u0119 chemiczn\u0105 materia\u0142\u00f3w, a tak\u017ce badania proces\u00f3w biomineralizacji i selektywnej adsorpcji jon\u00f3w.<\/p>\n<h3>NASZA APARATURA<\/h3>\n<ul>\n<li>Elektronowy mikroskop skaningowy JEOL\/EDX\/Cryo JSM 7600F<\/li>\n<\/ul>\n<h3>TEMATYKA BADAWCZA<\/h3>\n<ol>\n<li>w\u0142a\u015bciwo\u015bci nanokompozyt\u00f3w na bazie krzemionki z nanocz\u0105stami srebra i miedzi jako \u015brodk\u00f3w przeciwbakteryjnych,<\/li>\n<li>Charakteryzacja materia\u0142\u00f3w wyj\u015bciowych i samoorganizuj\u0105cych si\u0119 eutektyk Bi<sub>2<\/sub>O<sub>3<\/sub>-Ag,<\/li>\n<li>Synteza oraz w\u0142asno\u015bci strukturalne, magnetyczne i elektronowe pigment\u00f3w ceramicznych CaCoSi<sub>n<\/sub>O<sub>2(n+1)<\/sub>,<\/li>\n<li>Badania zwi\u0105zk\u00f3w mi\u0119dzymetalicznych wykazuj\u0105cych gigantyczny efekt magnetokaloryczny,<\/li>\n<li>Badania struktury krystalicznej, elektronowej, w\u0142asno\u015bci magnetycznych i transportowych stop\u00f3w wysokiej entropii,<\/li>\n<li>Badanie oddzia\u0142ywa\u0144 magnetycznych w monokryszta\u0142ach i mikrokryszta\u0142ach zwi\u0105zk\u00f3w mi\u0119dzymetalicznych pierwiastk\u00f3w ziem rzadkich i metali przej\u015bciowych typu d,<\/li>\n<li>W\u0142a\u015bciwo\u015bci aerozolu powietrza z Zabrza,<\/li>\n<li>selektywne oznaczanie jon\u00f3w arsenowych: \u015bladowych i ultra-\u015bladowych, tj. arsenitu i arsenianu poprzez nowatorskie funkcjonalizowane zminiaturyzowane membrany,<\/li>\n<li>Badania selektywnej adsorpcji i oznaczanie sze\u015bciowarto\u015bciowych jon\u00f3w chromu z wykorzystaniem tlenku grafenu modyfikowanego aminosilanami,<\/li>\n<li>Badanie proces\u00f3w biomineralizacji w li\u015bciach ro\u015blin w \u015brodowisku post-industrialnym,<\/li>\n<li>Obrazowanie jaj i kokon\u00f3w paj\u0105ka,<\/li>\n<li>Charakterystyka multiferroicznej ceramiki PbFe<sub>0,5<\/sub>Nb<sub>0,5<\/sub>O<sub>3<\/sub> i PbFe<sub>0,5<\/sub>Ta<sub>0,5<\/sub>O<sub>3<\/sub> uzyskanej z polimerowych prekursor\u00f3w cytrynianu,<\/li>\n<li>Wp\u0142yw D<sub>2<\/sub>O na peptydyzacj\u0119 L-metioniny i L-proliny,<\/li>\n<li>Metoda analityczna do ultra\u015bladowego oznaczania sze\u015bciowarto\u015bciowych jon\u00f3w chromu w oparciu o ekstrakcj\u0119 w fazie mikro-sta\u0142ej za pomoc\u0105 aminosilanizowanych membran celulozowych.<\/li>\n<\/ol>\n<h3>ZAKRES US\u0141UG<\/h3>\n<p>Skaningowy mikroskop elektronowy JEOL JSM7600F wraz z mikrosond\u0105 rentgenowsk\u0105 i komor\u0105 CRYO do preparatyki pr\u00f3bek do pomiar\u00f3w w stanie zamro\u017cenia, dzi\u0119ki zestawowi powy\u017cszych sk\u0142adowych infrastruktury oraz bardzo jasnemu \u017ar\u00f3d\u0142u elektronowemu (dzia\u0142o Schottky\u2019ego) jest unikatowym urz\u0105dzeniem w skali regionu, pozwalaj\u0105cym na obserwacj\u0119 szerokiego spektrum pr\u00f3bek np. ciek\u0142ych, biologicznych, mi\u0119kkiej materii, metalicznych, tlenkowych itd. obserwacj\u0119 mikrostruktury wraz z lokaln\u0105 analiz\u0105 sk\u0142adu chemicznego w zakresie rozmiar\u00f3w 10 nm &#8211; 1 mm.<\/p>\n<\/div>\r\n                    <\/div>\r\n                <\/div>            \r\n                    <div class=\"container\">\r\n                        <div class=\"gallery gallery_3\" data-images-in-row=\"3\">\r\n                            \r\n                            <div class=\"row m-0\">\r\n                                <a data-fancybox-group=\"button\" title=\"\" data-fancybox=\"2823\" href=\"https:\/\/us.edu.pl\/instytut\/ifiz\/wp-content\/uploads\/sites\/39\/Laboratoria\/JEOL-JSM7600F.jpg\" class=\"gallery__item thumbnail\"\r\n                                    style=\"background-image: url(https:\/\/us.edu.pl\/instytut\/ifiz\/wp-content\/uploads\/sites\/39\/Laboratoria\/JEOL-JSM7600F-1024x613.jpg)\"> <span class=\"d-none\">https:\/\/us.edu.pl\/instytut\/ifiz\/wp-content\/uploads\/sites\/39\/Laboratoria\/JEOL-JSM7600F.jpg<\/span> <\/a>\r\n                            <\/div>\r\n                    <\/div>\r\n                <\/div>\r\n                <div class=\"text-modules\">\r\n                    <div class=\"container\">\r\n                        \r\n                        <div class=\"text-modules__content\"><p>Fot. 1. JEOL JSM7600F.<\/p>\n<\/div>\r\n                    <\/div>\r\n                <\/div>[\/vc_column][\/vc_row]<\/p>","protected":false},"excerpt":{"rendered":"<p>[vc_row][vc_column][\/vc_column][\/vc_row] [&#8230;]<\/p>\n<p><a class=\"btn btn-secondary understrap-read-more-link\" href=\"https:\/\/us.edu.pl\/instytut\/ifiz\/nauka\/laboratoria\/laboratorium-ochrony-srodowiska\/\">Read More&#8230;<\/a><\/p>\n","protected":false},"author":104,"featured_media":0,"parent":1177,"menu_order":30,"comment_status":"closed","ping_status":"closed","template":"","meta":{"_expiration-date-status":"","_expiration-date":0,"_expiration-date-type":"","_expiration-date-categories":[],"_expiration-date-options":[]},"acf":[],"_links":{"self":[{"href":"https:\/\/us.edu.pl\/instytut\/ifiz\/wp-json\/wp\/v2\/pages\/1220"}],"collection":[{"href":"https:\/\/us.edu.pl\/instytut\/ifiz\/wp-json\/wp\/v2\/pages"}],"about":[{"href":"https:\/\/us.edu.pl\/instytut\/ifiz\/wp-json\/wp\/v2\/types\/page"}],"author":[{"embeddable":true,"href":"https:\/\/us.edu.pl\/instytut\/ifiz\/wp-json\/wp\/v2\/users\/104"}],"replies":[{"embeddable":true,"href":"https:\/\/us.edu.pl\/instytut\/ifiz\/wp-json\/wp\/v2\/comments?post=1220"}],"version-history":[{"count":0,"href":"https:\/\/us.edu.pl\/instytut\/ifiz\/wp-json\/wp\/v2\/pages\/1220\/revisions"}],"up":[{"embeddable":true,"href":"https:\/\/us.edu.pl\/instytut\/ifiz\/wp-json\/wp\/v2\/pages\/1177"}],"wp:attachment":[{"href":"https:\/\/us.edu.pl\/instytut\/ifiz\/wp-json\/wp\/v2\/media?parent=1220"}],"curies":[{"name":"wp","href":"https:\/\/api.w.org\/{rel}","templated":true}]}}