{"id":1225,"date":"2020-04-15T16:31:59","date_gmt":"2020-04-15T14:31:59","guid":{"rendered":"http:\/\/us.edu.pl\/instytut\/ifiz\/?page_id=1225"},"modified":"2026-03-06T14:00:33","modified_gmt":"2026-03-06T13:00:33","slug":"laboratorium-badan-wolumetrycznych-materii-skondensowanej","status":"publish","type":"page","link":"https:\/\/us.edu.pl\/instytut\/ifiz\/nauka\/laboratoria\/laboratorium-badan-wolumetrycznych-materii-skondensowanej\/","title":{"rendered":"Laboratorium bada\u0144 wolumetrycznych materii skondensowanej"},"content":{"rendered":"<p>[vc_row][vc_column]\r\n                <div class=\"text-modules\">\r\n                    <div class=\"container\">\r\n                        <h3 class=\"page-title text__title\">Laboratorium bada\u0144 wolumetrycznych materii skondensowanej<\/h3>\r\n                        <div class=\"text-modules__content\"><p><strong>Kierownik:<\/strong> prof. dr hab. \u017baneta Wojnarowska<\/p>\n<p><strong>Opiekun<\/strong><strong>:<\/strong> dr Ma\u0142gorzata Musia\u0142, <a href=\"mailto:malgorzata.musial@us.edu.pl\">malgorzata.musial@us.edu.pl<\/a><\/p>\n<p>&nbsp;<\/p>\n<h3>O NAS<\/h3>\n<p>Laboratorium prowadzi badania w\u0142a\u015bciwo\u015bci termodynamicznych i wolumetrycznych cieczy oraz cia\u0142 sta\u0142ych, w tym cieczy jonowych i polimer\u00f3w, tak\u017ce w warunkach wysokiego ci\u015bnienia. Nowoczesna aparatura umo\u017cliwia m.in. analiz\u0119 relacji ci\u015bnienie\u2013obj\u0119to\u015b\u0107\u2013temperatura oraz pomiary g\u0119sto\u015bci w funkcji temperatury.<\/p>\n<h3>NASZA APARATURA<\/h3>\n<ul>\n<li>G\u0118STO\u015aCIOMIERZ DMA 4500 M;<\/li>\n<li>KULOMETR 899;<\/li>\n<li>PVT 500.<\/li>\n<\/ul>\n<h3>TEMATYKA BADAWCZA<\/h3>\n<ul>\n<li>Wyznaczanie relacji ci\u015bnienie-obj\u0119to\u015b\u0107-temperatura w cieczach i cia\u0142ach sta\u0142ych (grupa badawcza prof. Mariana Palucha);<\/li>\n<li>Badanie wp\u0142ywu zawarto\u015bci wody na w\u0142a\u015bciwo\u015bci dynamiczne i termodynamiczne cieczy jonowych (grupa badawcza prof. Mariana Palucha);<\/li>\n<li>Badanie wp\u0142ywu zawarto\u015bci wody na procesy relaksacyjne cieczy przech\u0142odzonych i szkie\u0142 (grupa badawcza prof. Mariana Palucha);<\/li>\n<li>Badanie w\u0142a\u015bciwo\u015bci wolumetrycznych cieczy jonowych (grupa badawcza prof. Mariana Palucha);<\/li>\n<li>Badanie przej\u015bcia ciecz-szk\u0142o w warunkach wysokiego ci\u015bnienia (grupa badawcza prof. Mariana Palucha);<\/li>\n<li>Badanie przej\u015b\u0107 fazowych polimer\u00f3w oraz substancji niskomolekularnych w zmiennych warunkach T-P (grupa badawcza prof. Mariana Palucha).<\/li>\n<\/ul>\n<h3>ZAKRES US\u0141UG<\/h3>\n<ul>\n<li>Wyznaczanie relacji ci\u015bnienie-obj\u0119to\u015b\u0107-temperatura w cieczach i cia\u0142ach sta\u0142ych;<\/li>\n<li>Pomiar g\u0119sto\u015bci w funkcji temperatury (20\u00b0C- 90\u00b0C).<\/li>\n<\/ul>\n<p>\n<\/div>\r\n                    <\/div>\r\n                <\/div>[\/vc_column][\/vc_row]<\/p>","protected":false},"excerpt":{"rendered":"<p>[vc_row][vc_column][\/vc_column][\/vc_row] [&#8230;]<\/p>\n<p><a class=\"btn btn-secondary understrap-read-more-link\" href=\"https:\/\/us.edu.pl\/instytut\/ifiz\/nauka\/laboratoria\/laboratorium-badan-wolumetrycznych-materii-skondensowanej\/\">Read More&#8230;<\/a><\/p>\n","protected":false},"author":104,"featured_media":0,"parent":1177,"menu_order":15,"comment_status":"closed","ping_status":"closed","template":"","meta":{"_expiration-date-status":"","_expiration-date":0,"_expiration-date-type":"","_expiration-date-categories":[],"_expiration-date-options":[]},"acf":[],"_links":{"self":[{"href":"https:\/\/us.edu.pl\/instytut\/ifiz\/wp-json\/wp\/v2\/pages\/1225"}],"collection":[{"href":"https:\/\/us.edu.pl\/instytut\/ifiz\/wp-json\/wp\/v2\/pages"}],"about":[{"href":"https:\/\/us.edu.pl\/instytut\/ifiz\/wp-json\/wp\/v2\/types\/page"}],"author":[{"embeddable":true,"href":"https:\/\/us.edu.pl\/instytut\/ifiz\/wp-json\/wp\/v2\/users\/104"}],"replies":[{"embeddable":true,"href":"https:\/\/us.edu.pl\/instytut\/ifiz\/wp-json\/wp\/v2\/comments?post=1225"}],"version-history":[{"count":0,"href":"https:\/\/us.edu.pl\/instytut\/ifiz\/wp-json\/wp\/v2\/pages\/1225\/revisions"}],"up":[{"embeddable":true,"href":"https:\/\/us.edu.pl\/instytut\/ifiz\/wp-json\/wp\/v2\/pages\/1177"}],"wp:attachment":[{"href":"https:\/\/us.edu.pl\/instytut\/ifiz\/wp-json\/wp\/v2\/media?parent=1225"}],"curies":[{"name":"wp","href":"https:\/\/api.w.org\/{rel}","templated":true}]}}