{"id":1236,"date":"2020-04-15T16:38:17","date_gmt":"2020-04-15T14:38:17","guid":{"rendered":"http:\/\/us.edu.pl\/instytut\/ifiz\/?page_id=1236"},"modified":"2026-03-06T14:15:19","modified_gmt":"2026-03-06T13:15:19","slug":"laboratorium-spektroskopii-elektronowej-l112-bio-farma","status":"publish","type":"page","link":"https:\/\/us.edu.pl\/instytut\/ifiz\/nauka\/laboratoria\/laboratorium-spektroskopii-elektronowej-l112-bio-farma\/","title":{"rendered":"Laboratorium Spektroskopii Elektronowej  L112 BIO-FARMA"},"content":{"rendered":"<p>[vc_row][vc_column]\r\n                <div class=\"text-modules\">\r\n                    <div class=\"container\">\r\n                        <h3 class=\"page-title text__title\">Laboratorium Spektroskopii Elektronowej L112 BIO-FARMA | Pracownia spektroskopii fotoelektron\u00f3w oraz Pracownia spektroskopii masowej<\/h3>\r\n                        <div class=\"text-modules__content\"><p><strong>Kierownik: <\/strong>dr Katarzyna Balin, <a href=\"mailto:katarzyna.balin@us.edu.pl\">katarzyna.balin@us.edu.pl<\/a><\/p>\n<p><strong>Tel\/Phone:<\/strong> + 48 32 349 76 20, <strong>Pracownia:<\/strong> +48 32 349 75 73<\/p>\n<p>&nbsp;<\/p>\n<h3>O NAS<\/h3>\n<p>W ramach realizowanych projekt\u00f3w badawczych a tak\u017ce interdyscyplinarnej wsp\u00f3\u0142pracy z r\u00f3\u017cnymi o\u015brodkami naukowymi i akademickimi zesp\u00f3\u0142 kierowany przez prof. dr hab. Jacka Szade prowadzi badania z zakresu charakteryzacji fizyko-chemicznej r\u00f3\u017cnego typu materia\u0142\u00f3w. Prowadzone w laboratorium badania obejmuj\u0105 mi\u0119dzy innymi dyscypliny takie jak: nauki fizyczne, nauki chemiczne, in\u017cynieria materia\u0142owa, nauki biologiczne, nauki farmaceutyczne, nauki o ziemi i \u015brodowisku, nauki medyczne.<\/p>\n<h3>NASZA APARATURA<\/h3>\n<p>Laboratorium spektroskopii Elektronowej L112 BIO-FARMA powsta\u0142o w ramach projektu &#8222;\u015al\u0105ska BIOFARMA&#8221; w roku 2012. Laboratorium wyposa\u017cone jest w dwa spektrometry: (1) Spektrometr masowy jon\u00f3w wt\u00f3rnych z analizatorem czasu przelotu (TOF-SIMS.5, firmy ION-TOF), (2) Spektrometr fotoelektron\u00f3w wzbudzanych promieniowaniem rentgenowskim (XPS, firmy Prevac i VGScienta).<\/p>\n<ul>\n<li><strong>Spektrometr fotoelektron\u00f3w wzbudzanych promieniowaniem rentgenowskim (XPS)<\/strong><br \/>\nSpektrometr fotoelektron\u00f3w to urz\u0105dzenie umo\u017cliwiaj\u0105ce analiz\u0119 struktury elektronowej materia\u0142\u00f3w litych. Zawiera w sobie dwie techniki analityczne (XPS Spektroskopia fotoelektron\u00f3w wzbudzanych promieniowaniem rentgenowskim i UPS Spektroskopia fotoelektron\u00f3w wzbudzanych promieniowaniem ultra-fioletowym) i dwa podzespo\u0142y preparacyjne (przygotowanie powierzchni pr\u00f3bki do bada\u0144 z wykorzystaniem komory \u0142ami\u0105cej, oraz dzia\u0142a jonowego \u2013 wykorzystywanego r\u00f3wnie\u017c w trakcie bada\u0144 spektroskopowych. Badania z wykorzystaniem tej aparatury pozwalaj\u0105 na okre\u015blenie sk\u0142adu chemicznego badanej pr\u00f3bki (detekcja pierwiastk\u00f3w, stan\u00f3w chemicznych oraz sk\u0142adu procentowego) dowolnej pr\u00f3bki w postaci litej. Realizowane badania s\u0105 badaniami interdyscyplinarnymi z zakresu fizyki, biologii, farmacji, geologii, paleontologii, materia\u0142oznawstwa; badane s\u0105 materia\u0142y krystaliczne i amorficzne w formie proszk\u00f3w, cienkich warstw, materia\u0142\u00f3w litych, czy nanocz\u0105stek.<br \/>\nSpektrometr wykorzystywany jest do bada\u0144 naukowych (prowadzonych w ramach projekt\u00f3w realizowanych na Wydziale Nauk \u015acis\u0142ych i Technicznych oraz wsp\u00f3\u0142pracy z zewn\u0119trznymi o\u015brodkami akademickimi czy jednostkami przemys\u0142owymi) oraz do zaj\u0119\u0107 dydaktycznych.<\/li>\n<\/ul>\n<ul>\n<li><strong>Spektrometr masowy jon\u00f3w wt\u00f3rnych z analizatorem czasu przelotu (TOF-SIMS)<\/strong><br \/>\nSpektrometr TOF-SIMS to urz\u0105dzenie umo\u017cliwiaj\u0105c\u0105 analiz\u0119 sk\u0142adu chemicznego materia\u0142\u00f3w litych. Przeprowadzana analiza pozwala okre\u015bli\u0107 sk\u0142ad pierwiastkowy, wykry\u0107 izotopy wybranych pierwiastk\u00f3w a tak\u017ce wykry\u0107 zwi\u0105zki chemiczne na podstawie detekcji jon\u00f3w molekularnych. Analiza ta mo\u017ce by\u0107 przeprowadzana z obszaru o okre\u015blonej wielko\u015bci co pozwala na obrazowanie powierzchni a tak\u017ce przy zastosowaniu zainstalowanego w spektrometrze dzia\u0142a jonowego i cezowego (Ar, Cs) na obrazowanie tr\u00f3jwymiarowe. Realizowane badania s\u0105 badaniami interdyscyplinarnymi z zakresu fizyki, biologii, farmacji, geologii, paleontologii, materia\u0142oznawstwa; badane s\u0105 materia\u0142y krystaliczne i amorficzne w formie proszk\u00f3w, cienkich warstw, materia\u0142\u00f3w litych, czy nanocz\u0105stek.<br \/>\nSpektrometr wykorzystywany jest do bada\u0144 naukowych (prowadzonych w ramach projekt\u00f3w realizowanych na Wydziale Nauk \u015acis\u0142ych i Technicznych oraz wsp\u00f3\u0142pracy z zewn\u0119trznymi o\u015brodkami akademickimi czy jednostkami przemys\u0142owymi) jest r\u00f3wnie\u017c wykorzystywany w trakcie zaj\u0119\u0107 dydaktycznych.<\/li>\n<\/ul>\n<h3>TEMATYKA BADAWCZA<\/h3>\n<p>W minionych latach prace naukowe obejmowa\u0142y mi\u0119dzy innymi nast\u0119puj\u0105ce tematy badawcze:<\/p>\n<ul>\n<li>badania struktury elektronowej nowoczesnych materia\u0142\u00f3w, w tym cienkich warstw i uk\u0142ad\u00f3w wielowarstwowych, nanomateria\u0142\u00f3w i kompozyt\u00f3w, zwi\u0105zk\u00f3w mi\u0119dzymetalicznych,<\/li>\n<li>badania reakcji zachodz\u0105cych na powierzchni cia\u0142 sta\u0142ych, w tym zjawisk absorpcji i katalizy,<\/li>\n<li>badania materia\u0142\u00f3w stosowanych w medycynie obejmuj\u0105cych zar\u00f3wno farmaceutyki jak i biomateria\u0142y,<\/li>\n<li>badania materia\u0142\u00f3w biologicznych oraz \u015brodowiskowych,<\/li>\n<li>badania pow\u0142ok narz\u0119dziowych.<\/li>\n<\/ul>\n<p style=\"text-align: center;\"><img class=\"alignnone wp-image-1339\" src=\"http:\/\/us.edu.pl\/instytut\/ifiz\/wp-content\/uploads\/sites\/39\/Laboratoria\/diagram_1.png\" alt=\"\" width=\"800\" height=\"490\" srcset=\"https:\/\/us.edu.pl\/instytut\/ifiz\/wp-content\/uploads\/sites\/39\/Laboratoria\/diagram_1.png 1479w, https:\/\/us.edu.pl\/instytut\/ifiz\/wp-content\/uploads\/sites\/39\/Laboratoria\/diagram_1-300x184.png 300w, https:\/\/us.edu.pl\/instytut\/ifiz\/wp-content\/uploads\/sites\/39\/Laboratoria\/diagram_1-768x470.png 768w, https:\/\/us.edu.pl\/instytut\/ifiz\/wp-content\/uploads\/sites\/39\/Laboratoria\/diagram_1-1024x627.png 1024w, https:\/\/us.edu.pl\/instytut\/ifiz\/wp-content\/uploads\/sites\/39\/Laboratoria\/diagram_1-575x352.png 575w\" sizes=\"(max-width: 800px) 100vw, 800px\" \/><\/p>\n<p style=\"text-align: center;\"><em>Schemat g\u0142\u00f3wnych obszar\u00f3w bada\u0144<\/em><\/p>\n<h3>ZAKRES US\u0141UG<\/h3>\n<p>W Laboratorium Spektroskopii Elektronowej L112 realizowane s\u0105 badania naukowe w ramach projekt\u00f3w badawczych prowadzonych we wsp\u00f3\u0142pracy z jednostkami wybranych wydzia\u0142\u00f3w Uniwersytetu \u015al\u0105skiego, z innymi o\u015brodkami akademickimi czy naukowymi z Polski i \u015bwiata. W ramach realizowanych prac zleconych wykonywane s\u0105 r\u00f3wnie\u017c prace zlecone: badania, opracowania i ekspertyzy dla partner\u00f3w przemys\u0142owych.<\/p>\n<p>Laboratorium wsp\u00f3\u0142pracuje r\u00f3wnie\u017c z sp\u00f3\u0142k\u0105 SPINU\u015a poprzez kt\u00f3r\u0105 pozyskuje zlecenia.<\/p>\n<p>Oferta us\u0142ugowa dostosowywana jest do indywidualnych potrzeb partnera. Podstawowa oferta obejmuje:<\/p>\n<ul>\n<li>Analiz\u0119 chemiczn\u0105 obejmuj\u0105c\u0105: identyfikacj\u0119 pierwiastk\u00f3w, obliczenie koncentracji atomowej, analiz\u0119 stanu chemicznego pierwiastk\u00f3w wchodz\u0105cych w sk\u0142ad analizowanego materia\u0142u.<\/li>\n<li>Badanie niejednorodno\u015bci dostarczonego materia\u0142u (defekty, wytr\u0105cenia, charakteryzacja uk\u0142ad\u00f3w wielowarstwowych, detekcja \u015bladowych ilo\u015bci okre\u015blonego pierwiastka, analiza niejednorodno\u015bci na powierzchni i w g\u0142\u0119bi pr\u00f3bki).<\/li>\n<li>Analiz\u0119 zmian zachodz\u0105cych w procesach temperaturowych (wygrzewanie i ch\u0142odzenie \u2013 zakres dost\u0119pnych temperatur zale\u017cny od zastosowanego spektrometru).<\/li>\n<li>Opracowanie wynik\u00f3w zrealizowanych bada\u0144, ekspertyzy, doradztwo naukowo-techniczne.<\/li>\n<\/ul>\n<p>\n<\/div>\r\n                    <\/div>\r\n                <\/div>            \r\n                    <div class=\"container\">\r\n                        <div class=\"gallery gallery_3\" data-images-in-row=\"3\">\r\n                            \r\n                            <div class=\"row m-0\">\r\n                                <a data-fancybox-group=\"button\" title=\"\" data-fancybox=\"4365\" href=\"https:\/\/us.edu.pl\/instytut\/ifiz\/wp-content\/uploads\/sites\/39\/Laboratoria\/Laboratorium-spektroskopii-Elektronowej-L112-BIO-FARMA-spektrometr-TOF-SIMS.5-z-przodu-XPS-w-tle.png\" class=\"gallery__item thumbnail\"\r\n                                    style=\"background-image: url(https:\/\/us.edu.pl\/instytut\/ifiz\/wp-content\/uploads\/sites\/39\/Laboratoria\/Laboratorium-spektroskopii-Elektronowej-L112-BIO-FARMA-spektrometr-TOF-SIMS.5-z-przodu-XPS-w-tle-1024x771.png)\"> <span class=\"d-none\">https:\/\/us.edu.pl\/instytut\/ifiz\/wp-content\/uploads\/sites\/39\/Laboratoria\/Laboratorium-spektroskopii-Elektronowej-L112-BIO-FARMA-spektrometr-TOF-SIMS.5-z-przodu-XPS-w-tle.png<\/span> <\/a><a data-fancybox-group=\"button\" title=\"\" data-fancybox=\"4365\" href=\"https:\/\/us.edu.pl\/instytut\/ifiz\/wp-content\/uploads\/sites\/39\/Laboratoria\/Laboratorium-spektroskopii-Elektronowej-L112-BIO-FARMA-spektrometr-XPS.jpg\" class=\"gallery__item thumbnail\"\r\n                                    style=\"background-image: url(https:\/\/us.edu.pl\/instytut\/ifiz\/wp-content\/uploads\/sites\/39\/Laboratoria\/Laboratorium-spektroskopii-Elektronowej-L112-BIO-FARMA-spektrometr-XPS-1024x768.jpg)\"> <span class=\"d-none\">https:\/\/us.edu.pl\/instytut\/ifiz\/wp-content\/uploads\/sites\/39\/Laboratoria\/Laboratorium-spektroskopii-Elektronowej-L112-BIO-FARMA-spektrometr-XPS.jpg<\/span> <\/a><a data-fancybox-group=\"button\" title=\"\" data-fancybox=\"4365\" href=\"https:\/\/us.edu.pl\/instytut\/ifiz\/wp-content\/uploads\/sites\/39\/Laboratoria\/Laboratorium-spektroskopii-Elektronowej-L112-BIO-FARMA-spektrometr-TOF-SIMS.5.png\" class=\"gallery__item thumbnail\"\r\n                                    style=\"background-image: url(https:\/\/us.edu.pl\/instytut\/ifiz\/wp-content\/uploads\/sites\/39\/Laboratoria\/Laboratorium-spektroskopii-Elektronowej-L112-BIO-FARMA-spektrometr-TOF-SIMS.5-1024x921.png)\"> <span class=\"d-none\">https:\/\/us.edu.pl\/instytut\/ifiz\/wp-content\/uploads\/sites\/39\/Laboratoria\/Laboratorium-spektroskopii-Elektronowej-L112-BIO-FARMA-spektrometr-TOF-SIMS.5.png<\/span> <\/a>\r\n                            <\/div>\r\n                    <\/div>\r\n                <\/div>\r\n                <div class=\"text-modules\">\r\n                    <div class=\"container\">\r\n                        \r\n                        <div class=\"text-modules__content\"><p>Fot. 1. <em>Laboratorium spektroskopii Elektronowej L112 BIO-FARMA; spektrometr TOF-SIMS.5 (z przodu), XPS (w tle).<\/em><\/p>\n<p>Fot. 2.\u00a0<em>Laboratorium spektroskopii Elektronowej L112 BIO-FARMA; spektrometr XPS.<\/em><\/p>\n<p>Fot. 3. <em>Laboratorium spektroskopii Elektronowej L112 BIO-FARMA; spektrometr TOF-SIMS.5.<\/em><\/p>\n<\/div>\r\n                    <\/div>\r\n                <\/div>[\/vc_column][\/vc_row]<\/p>","protected":false},"excerpt":{"rendered":"<p>[vc_row][vc_column][\/vc_column][\/vc_row] [&#8230;]<\/p>\n<p><a class=\"btn btn-secondary understrap-read-more-link\" href=\"https:\/\/us.edu.pl\/instytut\/ifiz\/nauka\/laboratoria\/laboratorium-spektroskopii-elektronowej-l112-bio-farma\/\">Read More&#8230;<\/a><\/p>\n","protected":false},"author":104,"featured_media":0,"parent":1177,"menu_order":50,"comment_status":"closed","ping_status":"closed","template":"","meta":{"_expiration-date-status":"","_expiration-date":0,"_expiration-date-type":"","_expiration-date-categories":[],"_expiration-date-options":[]},"acf":[],"_links":{"self":[{"href":"https:\/\/us.edu.pl\/instytut\/ifiz\/wp-json\/wp\/v2\/pages\/1236"}],"collection":[{"href":"https:\/\/us.edu.pl\/instytut\/ifiz\/wp-json\/wp\/v2\/pages"}],"about":[{"href":"https:\/\/us.edu.pl\/instytut\/ifiz\/wp-json\/wp\/v2\/types\/page"}],"author":[{"embeddable":true,"href":"https:\/\/us.edu.pl\/instytut\/ifiz\/wp-json\/wp\/v2\/users\/104"}],"replies":[{"embeddable":true,"href":"https:\/\/us.edu.pl\/instytut\/ifiz\/wp-json\/wp\/v2\/comments?post=1236"}],"version-history":[{"count":0,"href":"https:\/\/us.edu.pl\/instytut\/ifiz\/wp-json\/wp\/v2\/pages\/1236\/revisions"}],"up":[{"embeddable":true,"href":"https:\/\/us.edu.pl\/instytut\/ifiz\/wp-json\/wp\/v2\/pages\/1177"}],"wp:attachment":[{"href":"https:\/\/us.edu.pl\/instytut\/ifiz\/wp-json\/wp\/v2\/media?parent=1236"}],"curies":[{"name":"wp","href":"https:\/\/api.w.org\/{rel}","templated":true}]}}