{"id":1241,"date":"2020-04-15T16:41:05","date_gmt":"2020-04-15T14:41:05","guid":{"rendered":"http:\/\/us.edu.pl\/instytut\/ifiz\/?page_id=1241"},"modified":"2026-03-06T14:21:11","modified_gmt":"2026-03-06T13:21:11","slug":"laboratorium-syntezy-organicznej-i-materialow-polimerowych","status":"publish","type":"page","link":"https:\/\/us.edu.pl\/instytut\/ifiz\/nauka\/laboratoria\/laboratorium-syntezy-organicznej-i-materialow-polimerowych\/","title":{"rendered":"Laboratorium syntezy organicznej i materia\u0142\u00f3w polimerowych"},"content":{"rendered":"<p>[vc_row][vc_column]\r\n                <div class=\"text-modules\">\r\n                    <div class=\"container\">\r\n                        <h3 class=\"page-title text__title\">Laboratorium syntezy organicznej i materia\u0142\u00f3w polimerowych<\/h3>\r\n                        <div class=\"text-modules__content\"><p><strong>Kierownik:<\/strong> dr hab. Kamil Kami\u0144ski, <a href=\"mailto:kamil.kaminski@us.edu.pl\">kamil.kaminski@us.edu.pl<\/a><\/p>\n<p><strong>Opiekun: <\/strong>dr in\u017c. Paulina Maksym, <a href=\"mailto:paulina.maksym@us.edu.pl\">paulina.maksym@us.edu.pl<\/a><\/p>\n<p><strong>Tel\/Phone:<\/strong> + 48 32 349 76 10<\/p>\n<p><strong>Lokalizacja:<\/strong> F\/1\/02<\/p>\n<p>&nbsp;<\/p>\n<h3>O NAS<\/h3>\n<p>Laboratorium skupia si\u0119 na otrzymywaniu ma\u0142ocz\u0105steczkowych substancji aktywnych, a tak\u017ce poszukiwaniu nowych dr\u00f3g syntetycznych, bazuj\u0105cych na zasadach \u201ezielonej chemii\u201d, jonowych i niejonowych materia\u0142\u00f3w polimerowych o \u015bci\u015ble zaprojektowanych w\u0142a\u015bciwo\u015bciach. W swoich badaniach wykorzystujemy m.in. kontrolowane metody polimeryzacji inicjowane termicznie oraz fotochemicznie (m.in. ATRP, RAFT), prowadzone w warunkach wysokich ci\u015bnie\u0144 (p\u22642000 MPa) i uk\u0142ad\u00f3w ograniczonych przestrzennie (mezopory z tlenku glinku lub tlenku krzemu) w celu syntezy i modyfikacji materia\u0142\u00f3w polimerowych o \u015bci\u015ble kontrolowanych w\u0142a\u015bciwo\u015bciach fizyko-chemicznych, strukturach i topologiach.<\/p>\n<h3>NASZA APARATURA<\/h3>\n<ul>\n<li>chromatograf \u017celowy z niskok\u0105towym rozpraszaniem \u015bwiat\u0142a GPC-LALLS;<\/li>\n<li>linie pr\u00f3\u017cniowa Schlenka po\u0142\u0105czone z olejow\u0105 pomp\u0105 pr\u00f3\u017cniow\u0105 oraz gazem oboj\u0119tnym;<\/li>\n<li>wyparka rotacyjna;<\/li>\n<li>diamentowe kowad\u0142a (Almax EasyLab);<\/li>\n<li>zestawy do ultrafiltracji.<\/li>\n<\/ul>\n<h3>TEMATYKA BADAWCZA<\/h3>\n<ul>\n<li>synteza \u015bci\u015ble zdefiniowanych polimer\u00f3w jonowych i niejonowych z wykorzystaniem alternatywnych metod polimeryzacji tj. prowadzonej w warunkach wysokiego ci\u015bnienia lub uk\u0142adach ograniczonych przestrzennie;<\/li>\n<li>badanie zale\u017cno\u015bci pomi\u0119dzy podstawowymi parametrami makrocz\u0105steczki np. temperatura zeszklenia-ci\u0119\u017car cz\u0105steczkowy-przewodnictwo.<\/li>\n<\/ul>\n<h3>ZAKRES US\u0141UG<\/h3>\n<ul>\n<li>wyznaczanie absolutnych ci\u0119\u017car\u00f3w cz\u0105steczkowych polimer\u00f3w za pomoc\u0105 GPC-LALLS;<\/li>\n<li>synteza polimer\u00f3w oraz oligomer\u00f3w jonowych i niejonowych o \u015bci\u015ble zdefiniowanych parametrach makrocz\u0105steczki.<\/li>\n<\/ul>\n<p>\n<\/div>\r\n                    <\/div>\r\n                <\/div>            \r\n                    <div class=\"container\">\r\n                        <div class=\"gallery gallery_3\" data-images-in-row=\"3\">\r\n                            \r\n                            <div class=\"row m-0\">\r\n                                <a data-fancybox-group=\"button\" title=\"\" data-fancybox=\"4221\" href=\"https:\/\/us.edu.pl\/instytut\/ifiz\/wp-content\/uploads\/sites\/39\/Laboratoria\/chromatograf-\u017celowy-z-niskok\u0105towym-rozpraszaniem-\u015bwiat\u0142a-GPC-LALLS.jpg\" class=\"gallery__item thumbnail\"\r\n                                    style=\"background-image: url(https:\/\/us.edu.pl\/instytut\/ifiz\/wp-content\/uploads\/sites\/39\/Laboratoria\/chromatograf-\u017celowy-z-niskok\u0105towym-rozpraszaniem-\u015bwiat\u0142a-GPC-LALLS-1024x683.jpg)\"> <span class=\"d-none\">https:\/\/us.edu.pl\/instytut\/ifiz\/wp-content\/uploads\/sites\/39\/Laboratoria\/chromatograf-\u017celowy-z-niskok\u0105towym-rozpraszaniem-\u015bwiat\u0142a-GPC-LALLS.jpg<\/span> <\/a><a data-fancybox-group=\"button\" title=\"\" data-fancybox=\"4221\" href=\"https:\/\/us.edu.pl\/instytut\/ifiz\/wp-content\/uploads\/sites\/39\/Laboratoria\/Zestaw-do-ultrafiltracji.jpg\" class=\"gallery__item thumbnail\"\r\n                                    style=\"background-image: url(https:\/\/us.edu.pl\/instytut\/ifiz\/wp-content\/uploads\/sites\/39\/Laboratoria\/Zestaw-do-ultrafiltracji-842x1024.jpg)\"> <span class=\"d-none\">https:\/\/us.edu.pl\/instytut\/ifiz\/wp-content\/uploads\/sites\/39\/Laboratoria\/Zestaw-do-ultrafiltracji.jpg<\/span> <\/a><a data-fancybox-group=\"button\" title=\"\" data-fancybox=\"4221\" href=\"https:\/\/us.edu.pl\/instytut\/ifiz\/wp-content\/uploads\/sites\/39\/Laboratoria\/linie-pr\u00f3\u017cniowa.jpg\" class=\"gallery__item thumbnail\"\r\n                                    style=\"background-image: url(https:\/\/us.edu.pl\/instytut\/ifiz\/wp-content\/uploads\/sites\/39\/Laboratoria\/linie-pr\u00f3\u017cniowa-682x1024.jpg)\"> <span class=\"d-none\">https:\/\/us.edu.pl\/instytut\/ifiz\/wp-content\/uploads\/sites\/39\/Laboratoria\/linie-pr\u00f3\u017cniowa.jpg<\/span> <\/a><a data-fancybox-group=\"button\" title=\"\" data-fancybox=\"4221\" href=\"https:\/\/us.edu.pl\/instytut\/ifiz\/wp-content\/uploads\/sites\/39\/Laboratoria\/wyparka-rotacyjna.jpg\" class=\"gallery__item thumbnail\"\r\n                                    style=\"background-image: url(https:\/\/us.edu.pl\/instytut\/ifiz\/wp-content\/uploads\/sites\/39\/Laboratoria\/wyparka-rotacyjna-787x1024.jpg)\"> <span class=\"d-none\">https:\/\/us.edu.pl\/instytut\/ifiz\/wp-content\/uploads\/sites\/39\/Laboratoria\/wyparka-rotacyjna.jpg<\/span> <\/a><a data-fancybox-group=\"button\" title=\"\" data-fancybox=\"4221\" href=\"https:\/\/us.edu.pl\/instytut\/ifiz\/wp-content\/uploads\/sites\/39\/Laboratoria\/diamentowe-kowad\u0142a_1.jpg\" class=\"gallery__item thumbnail\"\r\n                                    style=\"background-image: url(https:\/\/us.edu.pl\/instytut\/ifiz\/wp-content\/uploads\/sites\/39\/Laboratoria\/diamentowe-kowad\u0142a_1.jpg)\"> <span class=\"d-none\">https:\/\/us.edu.pl\/instytut\/ifiz\/wp-content\/uploads\/sites\/39\/Laboratoria\/diamentowe-kowad\u0142a_1.jpg<\/span> <\/a>\r\n                            <\/div>\r\n                    <\/div>\r\n                <\/div>\r\n                <div class=\"text-modules\">\r\n                    <div class=\"container\">\r\n                        \r\n                        <div class=\"text-modules__content\"><p>Fot. 1. Chromatograf \u017celowy z niskok\u0105towym rozpraszaniem \u015bwiat\u0142a GPC-LALLS.<\/p>\n<p>Fot. 2. Zestaw do ultrafiltracji.<\/p>\n<p>Fot. 3. Linie pr\u00f3\u017cniowe Schlenka po\u0142\u0105czone z olejow\u0105 pomp\u0105 pr\u00f3\u017cniow\u0105 oraz gazem oboj\u0119tnym.<\/p>\n<p>Fot. 4. Wyparka rotacyjna.<\/p>\n<p>Fot. 5. Diamentowe kowad\u0142a.<\/p>\n<\/div>\r\n                    <\/div>\r\n                <\/div>[\/vc_column][\/vc_row]<\/p>","protected":false},"excerpt":{"rendered":"<p>[vc_row][vc_column][\/vc_column][\/vc_row] [&#8230;]<\/p>\n<p><a class=\"btn btn-secondary understrap-read-more-link\" href=\"https:\/\/us.edu.pl\/instytut\/ifiz\/nauka\/laboratoria\/laboratorium-syntezy-organicznej-i-materialow-polimerowych\/\">Read More&#8230;<\/a><\/p>\n","protected":false},"author":104,"featured_media":0,"parent":1177,"menu_order":70,"comment_status":"closed","ping_status":"closed","template":"","meta":{"_expiration-date-status":"","_expiration-date":0,"_expiration-date-type":"","_expiration-date-categories":[],"_expiration-date-options":[]},"acf":[],"_links":{"self":[{"href":"https:\/\/us.edu.pl\/instytut\/ifiz\/wp-json\/wp\/v2\/pages\/1241"}],"collection":[{"href":"https:\/\/us.edu.pl\/instytut\/ifiz\/wp-json\/wp\/v2\/pages"}],"about":[{"href":"https:\/\/us.edu.pl\/instytut\/ifiz\/wp-json\/wp\/v2\/types\/page"}],"author":[{"embeddable":true,"href":"https:\/\/us.edu.pl\/instytut\/ifiz\/wp-json\/wp\/v2\/users\/104"}],"replies":[{"embeddable":true,"href":"https:\/\/us.edu.pl\/instytut\/ifiz\/wp-json\/wp\/v2\/comments?post=1241"}],"version-history":[{"count":0,"href":"https:\/\/us.edu.pl\/instytut\/ifiz\/wp-json\/wp\/v2\/pages\/1241\/revisions"}],"up":[{"embeddable":true,"href":"https:\/\/us.edu.pl\/instytut\/ifiz\/wp-json\/wp\/v2\/pages\/1177"}],"wp:attachment":[{"href":"https:\/\/us.edu.pl\/instytut\/ifiz\/wp-json\/wp\/v2\/media?parent=1241"}],"curies":[{"name":"wp","href":"https:\/\/api.w.org\/{rel}","templated":true}]}}