{"id":1251,"date":"2020-04-15T17:20:00","date_gmt":"2020-04-15T15:20:00","guid":{"rendered":"http:\/\/us.edu.pl\/instytut\/ifiz\/?page_id=1251"},"modified":"2026-03-06T14:10:50","modified_gmt":"2026-03-06T13:10:50","slug":"laboratorium-preparatyki-ukladow-ograniczonych-przestrzennie","status":"publish","type":"page","link":"https:\/\/us.edu.pl\/instytut\/ifiz\/nauka\/laboratoria\/laboratorium-preparatyki-ukladow-ograniczonych-przestrzennie\/","title":{"rendered":"Laboratorium preparatyki uk\u0142ad\u00f3w ograniczonych przestrzennie"},"content":{"rendered":"<p>[vc_row][vc_column]\r\n                <div class=\"text-modules\">\r\n                    <div class=\"container\">\r\n                        <h3 class=\"page-title text__title\">Laboratorium preparatyki uk\u0142ad\u00f3w ograniczonych przestrzennie<\/h3>\r\n                        <div class=\"text-modules__content\"><p><strong>Kierownik:<\/strong> prof. dr hab. Kamil Kami\u0144ski, <a href=\"mailto:kamil.kaminski@us.edu.pl\">kamil.kaminski@us.edu.pl<\/a><\/p>\n<p><strong>Opiekun: <\/strong>dr hab. Magdalena Tarnacka, <a href=\"mailto:magdalena.tarnacka@us.edu.pl\">magdalena.tarnacka@us.edu.pl<\/a><\/p>\n<p><strong>Tel\/Phone:<\/strong> + 48 32\u00a0349 76 10<\/p>\n<p><strong>Lokalizacja:<\/strong> F1\/01<\/p>\n<p>&nbsp;<\/p>\n<h3>O NAS<\/h3>\n<p>W ramach pracy laboratorium zajmujemy si\u0119 wytwarzaniem materia\u0142\u00f3w porowatych o zdefiniowanych wielko\u015bciach por\u00f3w wykonanych z tlenku glinu oraz tlenku krzemu i wykorzystywanych w badaniu (1) przej\u015b\u0107 fazowych oraz dynamiki molekularnej w fazie przech\u0142odzonej i szklistej cieczy ma\u0142o- i wielkocz\u0105steczkowych, o r\u00f3\u017cnym charakterze oddzia\u0142ywa\u0144 mi\u0119dzy molekularnych, ograniczonych przestrzennie jedno i dwuwymiarowo, oraz (2) przebiegu reakcji chemicznych w warunkach ograniczenia przestrzennego, tj. w \u015brodku materia\u0142\u00f3w porowatych pe\u0142ni\u0105cych rol\u0119 nanoreaktora. Jest to proste i innowacyjne rozwi\u0105zanie oparte na zastosowaniu ograniczenia przestrzennego jako dodatkowego elementu zwi\u0119kszaj\u0105cego kontrol\u0119 nad reakcj\u0105 i prowadz\u0105cego do otrzymania nanomateria\u0142\u00f3w o wyj\u0105tkowej strukturze, morfologii czy w\u0142a\u015bciwo\u015bciach.<\/p>\n<h3>NASZA APARATURA<\/h3>\n<ul>\n<li>Zestaw do otrzymywania uk\u0142ad\u00f3w nanoporowatych wykonanych z Al<sub>2<\/sub>O<sub>3<\/sub> i SiO<sub>2<\/sub> wraz z zasilaczami, celami anodyzacyjnymi oraz piecem laboratoryjnym;<\/li>\n<li>Zestaw do nape\u0142niania uk\u0142ad\u00f3w nanoporowatych wraz z komora laminarn\u0105;<\/li>\n<li>Aparat do czyszczenia powierzchni materia\u0142\u00f3w wykorzystywanych do produkcji cienkich warstw wraz z pomp\u0105 olejow\u0105.<\/li>\n<\/ul>\n<h3>TEMATYKA BADAWCZA<\/h3>\n<ul>\n<li>Badanie dynamiki molekularnej i przej\u015b\u0107 fazowych nisko i wysokocz\u0105steczkowych cieczy tworz\u0105cych faz\u0119 szklist\u0105 w porach wykonanych z krzemionki i tlenku glinu w r\u00f3\u017cnych warunkach termodynamicznych;<\/li>\n<li>Kinetyk\u0105 krystalizacji w uk\u0142adach ograniczonych przestrzennie, szukanie nowych form polimorficznych dla substancji umieszczonych w porach o r\u00f3\u017cnych \u015brednicach;<\/li>\n<li>Badanie przebiegu polimeryzacji opartych o ro\u017cne mechanizmy (rodnikowe, z otwarciem pier\u015bcienia itd.) oraz reakcji izomeryzacji w prostych i z\u0142o\u017conych uk\u0142adach w ograniczeniu przestrzennym.<\/li>\n<\/ul>\n<h3>ZAKRES US\u0141UG<\/h3>\n<ul>\n<li>Synteza polimer\u00f3w o morfologii kontrolowanej w skali nano-np. nanodruty;<\/li>\n<li>Synteza uk\u0142ad\u00f3w porowatych opartych na krzemionce o \u015bci\u015ble zdefiniowanych \u015brednicach por\u00f3w wahaj\u0105cych si\u0119 mi\u0119dzy 4-8 nm;<\/li>\n<li>Synteza uk\u0142ad\u00f3w porowatych opartych na tlenku glinu w pewnym zakresie \u015brednic por\u00f3w 35-400 nm;<\/li>\n<li>Czyszczenie powierzchni plazm\u0105.<\/li>\n<\/ul>\n<p>\n<\/div>\r\n                    <\/div>\r\n                <\/div>            \r\n                    <div class=\"container\">\r\n                        <div class=\"gallery gallery_3\" data-images-in-row=\"3\">\r\n                            \r\n                            <div class=\"row m-0\">\r\n                                <a data-fancybox-group=\"button\" title=\"\" data-fancybox=\"4305\" href=\"https:\/\/us.edu.pl\/instytut\/ifiz\/wp-content\/uploads\/sites\/39\/Laboratoria\/komputer-z-zasilaczem-i-celk\u0105.jpg\" class=\"gallery__item thumbnail\"\r\n                                    style=\"background-image: url(https:\/\/us.edu.pl\/instytut\/ifiz\/wp-content\/uploads\/sites\/39\/Laboratoria\/komputer-z-zasilaczem-i-celk\u0105.jpg)\"> <span class=\"d-none\">https:\/\/us.edu.pl\/instytut\/ifiz\/wp-content\/uploads\/sites\/39\/Laboratoria\/komputer-z-zasilaczem-i-celk\u0105.jpg<\/span> <\/a><a data-fancybox-group=\"button\" title=\"\" data-fancybox=\"4305\" href=\"https:\/\/us.edu.pl\/instytut\/ifiz\/wp-content\/uploads\/sites\/39\/Laboratoria\/celka-anodyzacyjna.jpg\" class=\"gallery__item thumbnail\"\r\n                                    style=\"background-image: url(https:\/\/us.edu.pl\/instytut\/ifiz\/wp-content\/uploads\/sites\/39\/Laboratoria\/celka-anodyzacyjna.jpg)\"> <span class=\"d-none\">https:\/\/us.edu.pl\/instytut\/ifiz\/wp-content\/uploads\/sites\/39\/Laboratoria\/celka-anodyzacyjna.jpg<\/span> <\/a><a data-fancybox-group=\"button\" title=\"\" data-fancybox=\"4305\" href=\"https:\/\/us.edu.pl\/instytut\/ifiz\/wp-content\/uploads\/sites\/39\/Laboratoria\/piec-laboratoryjny-1.jpg\" class=\"gallery__item thumbnail\"\r\n                                    style=\"background-image: url(https:\/\/us.edu.pl\/instytut\/ifiz\/wp-content\/uploads\/sites\/39\/Laboratoria\/piec-laboratoryjny-1-1024x1022.jpg)\"> <span class=\"d-none\">https:\/\/us.edu.pl\/instytut\/ifiz\/wp-content\/uploads\/sites\/39\/Laboratoria\/piec-laboratoryjny-1.jpg<\/span> <\/a><a data-fancybox-group=\"button\" title=\"\" data-fancybox=\"4305\" href=\"https:\/\/us.edu.pl\/instytut\/ifiz\/wp-content\/uploads\/sites\/39\/Laboratoria\/p\u0142aszcz-grzewczy.jpg\" class=\"gallery__item thumbnail\"\r\n                                    style=\"background-image: url(https:\/\/us.edu.pl\/instytut\/ifiz\/wp-content\/uploads\/sites\/39\/Laboratoria\/p\u0142aszcz-grzewczy.jpg)\"> <span class=\"d-none\">https:\/\/us.edu.pl\/instytut\/ifiz\/wp-content\/uploads\/sites\/39\/Laboratoria\/p\u0142aszcz-grzewczy.jpg<\/span> <\/a><a data-fancybox-group=\"button\" title=\"\" data-fancybox=\"4305\" href=\"https:\/\/us.edu.pl\/instytut\/ifiz\/wp-content\/uploads\/sites\/39\/Laboratoria\/wyparka.jpg\" class=\"gallery__item thumbnail\"\r\n                                    style=\"background-image: url(https:\/\/us.edu.pl\/instytut\/ifiz\/wp-content\/uploads\/sites\/39\/Laboratoria\/wyparka.jpg)\"> <span class=\"d-none\">https:\/\/us.edu.pl\/instytut\/ifiz\/wp-content\/uploads\/sites\/39\/Laboratoria\/wyparka.jpg<\/span> <\/a><a data-fancybox-group=\"button\" title=\"\" data-fancybox=\"4305\" href=\"https:\/\/us.edu.pl\/instytut\/ifiz\/wp-content\/uploads\/sites\/39\/Laboratoria\/komora-laminarna-2.jpg\" class=\"gallery__item thumbnail\"\r\n                                    style=\"background-image: url(https:\/\/us.edu.pl\/instytut\/ifiz\/wp-content\/uploads\/sites\/39\/Laboratoria\/komora-laminarna-2-643x1024.jpg)\"> <span class=\"d-none\">https:\/\/us.edu.pl\/instytut\/ifiz\/wp-content\/uploads\/sites\/39\/Laboratoria\/komora-laminarna-2.jpg<\/span> <\/a><a data-fancybox-group=\"button\" title=\"\" data-fancybox=\"4305\" href=\"https:\/\/us.edu.pl\/instytut\/ifiz\/wp-content\/uploads\/sites\/39\/Laboratoria\/Aparatura-do-czyszczenia-powierzchni.jpg\" class=\"gallery__item thumbnail\"\r\n                                    style=\"background-image: url(https:\/\/us.edu.pl\/instytut\/ifiz\/wp-content\/uploads\/sites\/39\/Laboratoria\/Aparatura-do-czyszczenia-powierzchni-1024x682.jpg)\"> <span class=\"d-none\">https:\/\/us.edu.pl\/instytut\/ifiz\/wp-content\/uploads\/sites\/39\/Laboratoria\/Aparatura-do-czyszczenia-powierzchni.jpg<\/span> <\/a><a data-fancybox-group=\"button\" title=\"\" data-fancybox=\"4305\" href=\"https:\/\/us.edu.pl\/instytut\/ifiz\/wp-content\/uploads\/sites\/39\/Laboratoria\/Aparatura-do-czyszczenia-powierzchni-2.jpg\" class=\"gallery__item thumbnail\"\r\n                                    style=\"background-image: url(https:\/\/us.edu.pl\/instytut\/ifiz\/wp-content\/uploads\/sites\/39\/Laboratoria\/Aparatura-do-czyszczenia-powierzchni-2-1024x683.jpg)\"> <span class=\"d-none\">https:\/\/us.edu.pl\/instytut\/ifiz\/wp-content\/uploads\/sites\/39\/Laboratoria\/Aparatura-do-czyszczenia-powierzchni-2.jpg<\/span> <\/a>\r\n                            <\/div>\r\n                    <\/div>\r\n                <\/div>\r\n                <div class=\"text-modules\">\r\n                    <div class=\"container\">\r\n                        \r\n                        <div class=\"text-modules__content\"><p>Fot. 1. Komputer z zasilaczem i celk\u0105.<\/p>\n<p>Fot. 2. Celka anodyzacyjna.<\/p>\n<p>Fot. 3. Piec laboratoryjny.<\/p>\n<p>Fot. 4. P\u0142aszcz grzewczy.<\/p>\n<p>Fot. 5. Wyparka.<\/p>\n<p>Fot. 6. Komora laminarna.<\/p>\n<p>Fot. 7, 8. Aparatura do czyszczenia powierzchni.<\/p>\n<\/div>\r\n                    <\/div>\r\n                <\/div>[\/vc_column][\/vc_row]<\/p>","protected":false},"excerpt":{"rendered":"<p>[vc_row][vc_column][\/vc_column][\/vc_row] [&#8230;]<\/p>\n<p><a class=\"btn btn-secondary understrap-read-more-link\" href=\"https:\/\/us.edu.pl\/instytut\/ifiz\/nauka\/laboratoria\/laboratorium-preparatyki-ukladow-ograniczonych-przestrzennie\/\">Read More&#8230;<\/a><\/p>\n","protected":false},"author":104,"featured_media":0,"parent":1177,"menu_order":35,"comment_status":"closed","ping_status":"closed","template":"","meta":{"_expiration-date-status":"","_expiration-date":0,"_expiration-date-type":"","_expiration-date-categories":[],"_expiration-date-options":[]},"acf":[],"_links":{"self":[{"href":"https:\/\/us.edu.pl\/instytut\/ifiz\/wp-json\/wp\/v2\/pages\/1251"}],"collection":[{"href":"https:\/\/us.edu.pl\/instytut\/ifiz\/wp-json\/wp\/v2\/pages"}],"about":[{"href":"https:\/\/us.edu.pl\/instytut\/ifiz\/wp-json\/wp\/v2\/types\/page"}],"author":[{"embeddable":true,"href":"https:\/\/us.edu.pl\/instytut\/ifiz\/wp-json\/wp\/v2\/users\/104"}],"replies":[{"embeddable":true,"href":"https:\/\/us.edu.pl\/instytut\/ifiz\/wp-json\/wp\/v2\/comments?post=1251"}],"version-history":[{"count":0,"href":"https:\/\/us.edu.pl\/instytut\/ifiz\/wp-json\/wp\/v2\/pages\/1251\/revisions"}],"up":[{"embeddable":true,"href":"https:\/\/us.edu.pl\/instytut\/ifiz\/wp-json\/wp\/v2\/pages\/1177"}],"wp:attachment":[{"href":"https:\/\/us.edu.pl\/instytut\/ifiz\/wp-json\/wp\/v2\/media?parent=1251"}],"curies":[{"name":"wp","href":"https:\/\/api.w.org\/{rel}","templated":true}]}}