{"id":1263,"date":"2020-04-16T12:40:16","date_gmt":"2020-04-16T10:40:16","guid":{"rendered":"http:\/\/us.edu.pl\/instytut\/ifiz\/?page_id=1263"},"modified":"2026-03-06T14:27:57","modified_gmt":"2026-03-06T13:27:57","slug":"pracownia-badan-elektrycznych-i-cisnieniowych-wlasciwosci-podwojnych-tlenkow","status":"publish","type":"page","link":"https:\/\/us.edu.pl\/instytut\/ifiz\/nauka\/laboratoria\/pracownia-badan-elektrycznych-i-cisnieniowych-wlasciwosci-podwojnych-tlenkow\/","title":{"rendered":"Pracownia bada\u0144 elektrycznych i ci\u015bnieniowych w\u0142a\u015bciwo\u015bci podw\u00f3jnych tlenk\u00f3w"},"content":{"rendered":"<p>[vc_row][vc_column]\r\n                <div class=\"text-modules\">\r\n                    <div class=\"container\">\r\n                        <h3 class=\"page-title text__title\">Pracownia bada\u0144 elektrycznych i ci\u015bnieniowych w\u0142a\u015bciwo\u015bci podw\u00f3jnych tlenk\u00f3w<\/h3>\r\n                        <div class=\"text-modules__content\"><p><strong>Lokalizacja: <\/strong>E\/0\/04<\/p>\n<p>&nbsp;<\/p>\n<h3>O NAS<\/h3>\n<p>Laboratorium wyposa\u017cone w piece nisko- i wysokotemperaturowe oraz zaawansowane mierniki impedancji i Rdc umo\u017cliwia badania elektrycznych w\u0142a\u015bciwo\u015bci materia\u0142\u00f3w w szerokim zakresie temperatur i cz\u0119stotliwo\u015bci. Prowadzone prace obejmuj\u0105 analiz\u0119 przemian fazowych, wp\u0142ywu napr\u0119\u017ce\u0144 i ci\u015bnienia na przewodnictwo, a tak\u017ce korelacj\u0119 mi\u0119dzy struktur\u0105 a lokalnymi w\u0142a\u015bciwo\u015bciami elektrycznymi materia\u0142\u00f3w ceramicznych i krystalicznych.<\/p>\n<h3>NASZA APARATURA<\/h3>\n<ul>\n<li>piece wysokotemperaturowe i nisko temperaturowe (80 \u2013 700 K);<\/li>\n<li>mierniki impedancji LCR (20Hz \u2013 1 MHz);<\/li>\n<li>mierniki Rdc;<\/li>\n<li>mikroskop, pi\u0142a tarczowa, p\u0142uczka ultrad\u017awi\u0119kowe\u00a0 do preparatyki pr\u00f3bek ceramicznych i krystalicznych;<\/li>\n<li>programowalne kontrolery temperatury;<\/li>\n<li>dewary na ciek\u0142y azot;<\/li>\n<li>komputery PC z oprogramowaniem do akwizycji danych.<\/li>\n<\/ul>\n<h3>ZAKRES BADA\u0143<\/h3>\n<ul>\n<li>pomiary impedancji w zale\u017cno\u015bci od cz\u0119stotliwo\u015bci, w szerokim zakresie temperatury;<\/li>\n<li>pomiar wp\u0142ywu ci\u015bnienia osiowego i napr\u0119\u017ce\u0144 wewn\u0119trznych na przemiany fazowe i w\u0142a\u015bciwo\u015bci elektryczne podw\u00f3jnych tlenk\u00f3w;<\/li>\n<li>okre\u015blanie powi\u0105za\u0144 mi\u0119dzy lokalnymi w\u0142a\u015bciwo\u015bciami elektrycznymi i strukturalnymi;<\/li>\n<li>badanie zale\u017cno\u015bci przewodnictwa elektrycznego i przenikalno\u015bci elektrycznej od koncentracji domieszek i ich niejednorodnego roz\u0142o\u017cenia w badanych materia\u0142ach.<\/li>\n<\/ul>\n<p>\n<\/div>\r\n                    <\/div>\r\n                <\/div>[\/vc_column][\/vc_row]<\/p>","protected":false},"excerpt":{"rendered":"<p>[vc_row][vc_column][\/vc_column][\/vc_row] [&#8230;]<\/p>\n<p><a class=\"btn btn-secondary understrap-read-more-link\" href=\"https:\/\/us.edu.pl\/instytut\/ifiz\/nauka\/laboratoria\/pracownia-badan-elektrycznych-i-cisnieniowych-wlasciwosci-podwojnych-tlenkow\/\">Read More&#8230;<\/a><\/p>\n","protected":false},"author":104,"featured_media":0,"parent":1177,"menu_order":160,"comment_status":"closed","ping_status":"closed","template":"","meta":{"_expiration-date-status":"","_expiration-date":0,"_expiration-date-type":"","_expiration-date-categories":[],"_expiration-date-options":[]},"acf":[],"_links":{"self":[{"href":"https:\/\/us.edu.pl\/instytut\/ifiz\/wp-json\/wp\/v2\/pages\/1263"}],"collection":[{"href":"https:\/\/us.edu.pl\/instytut\/ifiz\/wp-json\/wp\/v2\/pages"}],"about":[{"href":"https:\/\/us.edu.pl\/instytut\/ifiz\/wp-json\/wp\/v2\/types\/page"}],"author":[{"embeddable":true,"href":"https:\/\/us.edu.pl\/instytut\/ifiz\/wp-json\/wp\/v2\/users\/104"}],"replies":[{"embeddable":true,"href":"https:\/\/us.edu.pl\/instytut\/ifiz\/wp-json\/wp\/v2\/comments?post=1263"}],"version-history":[{"count":0,"href":"https:\/\/us.edu.pl\/instytut\/ifiz\/wp-json\/wp\/v2\/pages\/1263\/revisions"}],"up":[{"embeddable":true,"href":"https:\/\/us.edu.pl\/instytut\/ifiz\/wp-json\/wp\/v2\/pages\/1177"}],"wp:attachment":[{"href":"https:\/\/us.edu.pl\/instytut\/ifiz\/wp-json\/wp\/v2\/media?parent=1263"}],"curies":[{"name":"wp","href":"https:\/\/api.w.org\/{rel}","templated":true}]}}