{"id":1265,"date":"2020-04-16T12:41:52","date_gmt":"2020-04-16T10:41:52","guid":{"rendered":"http:\/\/us.edu.pl\/instytut\/ifiz\/?page_id=1265"},"modified":"2026-03-06T14:39:49","modified_gmt":"2026-03-06T13:39:49","slug":"pracownia-jadrowa","status":"publish","type":"page","link":"https:\/\/us.edu.pl\/instytut\/ifiz\/nauka\/laboratoria\/pracownia-jadrowa\/","title":{"rendered":"Pracownia j\u0105drowa"},"content":{"rendered":"<p>[vc_row][vc_column]\r\n                <div class=\"text-modules\">\r\n                    <div class=\"container\">\r\n                        <h3 class=\"page-title text__title\">Pracownia j\u0105drowa (dydaktyczna)<\/h3>\r\n                        <div class=\"text-modules__content\"><p><strong>Opiekun:<\/strong> dr hab. El\u017cbieta Stephan, <a href=\"mailto:elzbieta.stephan@us.edu.pl\">elzbieta.stephan@us.edu.pl<\/a><\/p>\n<p>&nbsp;<\/p>\n<h3>O NAS<\/h3>\n<p><u>Pracownia j\u0105drowa sk\u0142ada si\u0119 z trzech laboratori\u00f3w<\/u>:<\/p>\n<ol>\n<li>Laboratorium badania rozpad\u00f3w promieniotw\u00f3rczych i spektroskopii gamma;<\/li>\n<li>Laboratorium zastosowa\u0144 fizyki j\u0105drowej i spektroskopii beta<\/li>\n<li>Laboratorium obr\u00f3bki danych pomiarowych<\/li>\n<\/ol>\n<p>Eksperymentalne zestawy studenckie z zakresu fizyki j\u0105drowej zosta\u0142y przygotowane pod k\u0105tem zaj\u0119\u0107 laboratoryjnych na kierunkach Fizyka, Fizyka Medyczna i kierunkach pokrewnych, a tak\u017ce na studiach interdyscyplinarnych, jak np. Ochrona \u015arodowiska. Poziom zaawansowania \u0107wicze\u0144 jest dostosowany do studi\u00f3w I i II stopnia, ale dost\u0119pna \u00a0aparatura pozwala r\u00f3wnie\u017c na realizowanie projekt\u00f3w przez \u00a0doktorant\u00f3w.<\/p>\n<p><u>Najwa\u017cniejsz\u0105 cech\u0105 pracowni jest r\u00f3\u017cnorodno\u015b\u0107 zagadnie\u0144 i stosowanych technik<\/u>:<\/p>\n<ul>\n<li>Studenci wykonuj\u0105 pomiary promieniowania alfa, beta, gamma, mion\u00f3w kosmicznych, promieni X.<\/li>\n<li>Stosuj\u0105 w praktyce r\u00f3\u017cne techniki detekcji: detektory p\u00f3\u0142przewodnikowe (krzemowe i HPGe), scyntylacyjne (nieorganiczne i organiczne), gazowe, spektrometr magnetyczny (analiz\u0119 p\u0119du cz\u0105stek w polu magnetycznym).<\/li>\n<li>Poznaj\u0105 podstawy techniki pr\u00f3\u017cniowej, uk\u0142ady elektroniczne typowe dla fizyki j\u0105drowej i fizyki cz\u0105stek oraz metody komputerowego zapisu i analizy danych.<\/li>\n<\/ul>\n<h3>TEMATYKA BADAWCZA<\/h3>\n<ul>\n<li>z obszaru bada\u0144 podstawowych: rozpraszanie komptonowskie, eksperyment Rutherforda, rozk\u0142ad kierunkowy promieniowania kosmicznego, widmo promieniowania beta, korelacje kierunkowe kwant\u00f3w gamma;<\/li>\n<li>z obszaru zastosowa\u0144 fizyki j\u0105drowej i z zakresu ochrony radiologicznej\/dozymetrii promieniowania: poch\u0142anianie promieniowania przez os\u0142ony, badanie sk\u0142adu materia\u0142\u00f3w poprzez pomiar promieniowania X, spektrometria gamma (kt\u00f3ra jest szeroko stosowana m.in. w badaniach pr\u00f3bek \u015brodowiskowych);<\/li>\n<li>z zakresu fizyki medycznej: model liniowy PET.<\/li>\n<\/ul>\n<p>Na pracowni mo\u017cliwa jest realizacja zada\u0144 o charakterze projektowym i prac dyplomowych.<\/p>\n<\/div>\r\n                    <\/div>\r\n                <\/div>            \r\n                    <div class=\"container\">\r\n                        <div class=\"gallery gallery_2\" data-images-in-row=\"2\">\r\n                            \r\n                            <div class=\"row m-0\">\r\n                                <a data-fancybox-group=\"button\" title=\"\" data-fancybox=\"1084\" href=\"https:\/\/us.edu.pl\/instytut\/ifiz\/wp-content\/uploads\/sites\/39\/Laboratoria\/Pracownia_jadrowa_2.jpg\" class=\"gallery__item thumbnail\"\r\n                                    style=\"background-image: url(https:\/\/us.edu.pl\/instytut\/ifiz\/wp-content\/uploads\/sites\/39\/Laboratoria\/Pracownia_jadrowa_2-1024x768.jpg)\"> <span class=\"d-none\">https:\/\/us.edu.pl\/instytut\/ifiz\/wp-content\/uploads\/sites\/39\/Laboratoria\/Pracownia_jadrowa_2.jpg<\/span> <\/a><a data-fancybox-group=\"button\" title=\"\" data-fancybox=\"1084\" href=\"https:\/\/us.edu.pl\/instytut\/ifiz\/wp-content\/uploads\/sites\/39\/Laboratoria\/Pracownia_jadrowa_1.jpg\" class=\"gallery__item thumbnail\"\r\n                                    style=\"background-image: url(https:\/\/us.edu.pl\/instytut\/ifiz\/wp-content\/uploads\/sites\/39\/Laboratoria\/Pracownia_jadrowa_1-1024x706.jpg)\"> <span class=\"d-none\">https:\/\/us.edu.pl\/instytut\/ifiz\/wp-content\/uploads\/sites\/39\/Laboratoria\/Pracownia_jadrowa_1.jpg<\/span> <\/a>\r\n                            <\/div>\r\n                    <\/div>\r\n                <\/div>[\/vc_column][\/vc_row]<\/p>","protected":false},"excerpt":{"rendered":"<p>[vc_row][vc_column][\/vc_column][\/vc_row] [&#8230;]<\/p>\n<p><a class=\"btn btn-secondary understrap-read-more-link\" href=\"https:\/\/us.edu.pl\/instytut\/ifiz\/nauka\/laboratoria\/pracownia-jadrowa\/\">Read More&#8230;<\/a><\/p>\n","protected":false},"author":104,"featured_media":0,"parent":1177,"menu_order":240,"comment_status":"closed","ping_status":"closed","template":"","meta":{"_expiration-date-status":"","_expiration-date":0,"_expiration-date-type":"","_expiration-date-categories":[],"_expiration-date-options":[]},"acf":[],"_links":{"self":[{"href":"https:\/\/us.edu.pl\/instytut\/ifiz\/wp-json\/wp\/v2\/pages\/1265"}],"collection":[{"href":"https:\/\/us.edu.pl\/instytut\/ifiz\/wp-json\/wp\/v2\/pages"}],"about":[{"href":"https:\/\/us.edu.pl\/instytut\/ifiz\/wp-json\/wp\/v2\/types\/page"}],"author":[{"embeddable":true,"href":"https:\/\/us.edu.pl\/instytut\/ifiz\/wp-json\/wp\/v2\/users\/104"}],"replies":[{"embeddable":true,"href":"https:\/\/us.edu.pl\/instytut\/ifiz\/wp-json\/wp\/v2\/comments?post=1265"}],"version-history":[{"count":0,"href":"https:\/\/us.edu.pl\/instytut\/ifiz\/wp-json\/wp\/v2\/pages\/1265\/revisions"}],"up":[{"embeddable":true,"href":"https:\/\/us.edu.pl\/instytut\/ifiz\/wp-json\/wp\/v2\/pages\/1177"}],"wp:attachment":[{"href":"https:\/\/us.edu.pl\/instytut\/ifiz\/wp-json\/wp\/v2\/media?parent=1265"}],"curies":[{"name":"wp","href":"https:\/\/api.w.org\/{rel}","templated":true}]}}