{"id":1266,"date":"2020-04-16T12:43:05","date_gmt":"2020-04-16T10:43:05","guid":{"rendered":"http:\/\/us.edu.pl\/instytut\/ifiz\/?page_id=1266"},"modified":"2026-03-06T14:42:45","modified_gmt":"2026-03-06T13:42:45","slug":"pracownia-mechanosyntezy","status":"publish","type":"page","link":"https:\/\/us.edu.pl\/instytut\/ifiz\/nauka\/laboratoria\/pracownia-mechanosyntezy\/","title":{"rendered":"Pracownia mechanosyntezy"},"content":{"rendered":"<p>[vc_row][vc_column]\r\n                <div class=\"text-modules\">\r\n                    <div class=\"container\">\r\n                        <h3 class=\"page-title text__title\">Pracownia mechanosyntezy<\/h3>\r\n                        <div class=\"text-modules__content\"><p><strong>Opiekunowie:<\/strong><\/p>\n<ul>\n<li>dr Magdalena Szubka, <a href=\"mailto:magdalena.szubka@us.edu.pl\">magdalena.szubka@us.edu.pl<\/a><\/li>\n<li>dr Monika Oboz, <a href=\"mailto:monika.oboz@us.edu.pl\">monika.oboz@us.edu.pl<\/a><\/li>\n<li>dr Adam Guzik, <a href=\"mailto:adam.guzik@us.edu.pl\">adam.guzik@us.edu.pl<\/a><\/li>\n<\/ul>\n<h3>O NAS<\/h3>\n<p>Pracownia mechanosyntezy wyposa\u017cona jest w nowoczesny sprz\u0119t umo\u017cliwiaj\u0105cy bezpieczn\u0105 syntez\u0119 i przygotowanie pr\u00f3bek materia\u0142\u00f3w ceramicznych, mi\u0119dzymetalicznych i eutektyk\u00f3w. Prowadzone badania obejmuj\u0105 syntez\u0119, charakterystyk\u0119 strukturaln\u0105, magnetyczn\u0105 i elektronow\u0105 oraz wp\u0142yw mikrostruktury na w\u0142a\u015bciwo\u015bci magnetokaloryczne zwi\u0105zk\u00f3w. Aparatura pozwala na rozdrabnianie materia\u0142\u00f3w w mikro- i nanoskali, precyzyjne ci\u0119cie, polerowanie, wa\u017cenie, wygrzewanie oraz przygotowanie pr\u00f3bek do analiz mikroskopowych i magnetycznych.<\/p>\n<h3>NASZA APARATURA<\/h3>\n<ul>\n<li>M\u0142yn planetarno-kulowy;<\/li>\n<li>Pi\u0142a z tarcz\u0105 CBN;<\/li>\n<li>Polerko-szlifierka;<\/li>\n<li>Dygestorium;<\/li>\n<li>Precyzyjna pi\u0142a drutowa;<\/li>\n<li>Wagi analityczne szt.2;<\/li>\n<li>Piec rurowy 3-strefowy;<\/li>\n<li>Prasa hydrauliczna.<\/li>\n<\/ul>\n<h3>TEMATYKA BADAWCZA<\/h3>\n<ol>\n<li>Charakteryzacja materia\u0142\u00f3w wyj\u015bciowych i samoorganizuj\u0105cych si\u0119 eutektyk Bi<sub>2<\/sub>O<sub>3<\/sub>-Ag;<\/li>\n<li>Synteza oraz w\u0142asno\u015bci strukturalne, magnetyczne i elektronowe pigment\u00f3w ceramicznych CaCoSi<sub>n<\/sub>O<sub>2(n+1)<\/sub>;<\/li>\n<li>Otrzymywanie i badania zwi\u0105zk\u00f3w mi\u0119dzymetalicznych wykazuj\u0105cych gigantyczny efekt magnetokaloryczny dla szeregu Gd<sub>4-x<\/sub>Tb<sub>x<\/sub>Co<sub>3<\/sub> dla x=0, 1, 2, 3, 4;<\/li>\n<li>Otrzymywanie i badania zwi\u0105zk\u00f3w mi\u0119dzymetalicznych wykazuj\u0105cych gigantyczny efekt magnetokaloryczny dla szeregu Gd<sub>3-x<\/sub>Tb<sub>x<\/sub>Co;<\/li>\n<li>Wp\u0142yw mikrostruktury na wielko\u015b\u0107 efektu magnetokalorycznego zwi\u0105zk\u00f3w mi\u0119dzymetalicznych szeregu Gd<sub>7-x<\/sub>Y<sub>x<\/sub>Pd<sub>3<\/sub> (x = 1, 2, 3, 4, 5, 6) otrzymanych w postaci mikrokrystalicznej i amorficznej;<\/li>\n<li>Badanie wp\u0142ywu podstawienia Ni w szeregu Gd<sub>7<\/sub>Ni<sub>x<\/sub>Pd<sub>3-x<\/sub> (x = 1, 2) na w\u0142asno\u015bci strukturalne, magnetyczne i magnetokaloryczne.<\/li>\n<\/ol>\n<p><span style=\"text-decoration: underline;\">Pracownia mechanosyntezy wyposa\u017cona jest w sprz\u0119t umo\u017cliwiaj\u0105cy:<\/span><\/p>\n<ul>\n<li>bezpieczn\u0105 syntez\u0119 materia\u0142\u00f3w (dygestorium),<\/li>\n<li>nawa\u017cenie materia\u0142\u00f3w wyj\u015bciowych do syntez (wagi analityczne),<\/li>\n<li>odpowiednie przygotowywanie pr\u00f3bek do bada\u0144 mikroskopowych (szlifierko-polerka),<\/li>\n<li>precyzyjne ci\u0119cie uzyskanych pr\u00f3bek, np. zwi\u0105zk\u00f3w mi\u0119dzymetalicznych, ceramiki oraz materia\u0142\u00f3w mi\u0119kkich (przecinarka),<\/li>\n<li>odpowiednie przygotowywanie pr\u00f3bek do bada\u0144 w\u0142asno\u015bci magnetycznych oraz transportowych (przecinarka),<\/li>\n<li>wygrzewanie pr\u00f3bek (piec oporowy),<\/li>\n<li>syntez\u0119 zwi\u0105zk\u00f3w tlenkowych oraz rozdrabnianie materia\u0142\u00f3w mi\u0119kkich, \u015brednio twardych oraz ekstremalnie twardych w mikro i nano syntezie (m\u0142yn planetarno-kulowy).<\/li>\n<\/ul>\n<p>\n<\/div>\r\n                    <\/div>\r\n                <\/div>            \r\n                    <div class=\"container\">\r\n                        <div class=\"gallery gallery_3\" data-images-in-row=\"3\">\r\n                            \r\n                            <div class=\"row m-0\">\r\n                                <a data-fancybox-group=\"button\" title=\"\" data-fancybox=\"1912\" href=\"https:\/\/us.edu.pl\/instytut\/ifiz\/wp-content\/uploads\/sites\/39\/Laboratoria\/Pracownia_mechanosyntezy_1.png\" class=\"gallery__item thumbnail\"\r\n                                    style=\"background-image: url(https:\/\/us.edu.pl\/instytut\/ifiz\/wp-content\/uploads\/sites\/39\/Laboratoria\/Pracownia_mechanosyntezy_1.png)\"> <span class=\"d-none\">https:\/\/us.edu.pl\/instytut\/ifiz\/wp-content\/uploads\/sites\/39\/Laboratoria\/Pracownia_mechanosyntezy_1.png<\/span> <\/a><a data-fancybox-group=\"button\" title=\"\" data-fancybox=\"1912\" href=\"https:\/\/us.edu.pl\/instytut\/ifiz\/wp-content\/uploads\/sites\/39\/Laboratoria\/Pracownia_mechanosyntezy_2.png\" class=\"gallery__item thumbnail\"\r\n                                    style=\"background-image: url(https:\/\/us.edu.pl\/instytut\/ifiz\/wp-content\/uploads\/sites\/39\/Laboratoria\/Pracownia_mechanosyntezy_2.png)\"> <span class=\"d-none\">https:\/\/us.edu.pl\/instytut\/ifiz\/wp-content\/uploads\/sites\/39\/Laboratoria\/Pracownia_mechanosyntezy_2.png<\/span> <\/a><a data-fancybox-group=\"button\" title=\"\" data-fancybox=\"1912\" href=\"https:\/\/us.edu.pl\/instytut\/ifiz\/wp-content\/uploads\/sites\/39\/Laboratoria\/Pracownia_mechanosyntezy_3.png\" class=\"gallery__item thumbnail\"\r\n                                    style=\"background-image: url(https:\/\/us.edu.pl\/instytut\/ifiz\/wp-content\/uploads\/sites\/39\/Laboratoria\/Pracownia_mechanosyntezy_3.png)\"> <span class=\"d-none\">https:\/\/us.edu.pl\/instytut\/ifiz\/wp-content\/uploads\/sites\/39\/Laboratoria\/Pracownia_mechanosyntezy_3.png<\/span> <\/a>\r\n                            <\/div>\r\n                    <\/div>\r\n                <\/div>[\/vc_column][\/vc_row]<\/p>","protected":false},"excerpt":{"rendered":"<p>[vc_row][vc_column][\/vc_column][\/vc_row] [&#8230;]<\/p>\n<p><a class=\"btn btn-secondary understrap-read-more-link\" href=\"https:\/\/us.edu.pl\/instytut\/ifiz\/nauka\/laboratoria\/pracownia-mechanosyntezy\/\">Read More&#8230;<\/a><\/p>\n","protected":false},"author":104,"featured_media":0,"parent":1177,"menu_order":260,"comment_status":"closed","ping_status":"closed","template":"","meta":{"_expiration-date-status":"","_expiration-date":0,"_expiration-date-type":"","_expiration-date-categories":[],"_expiration-date-options":[]},"acf":[],"_links":{"self":[{"href":"https:\/\/us.edu.pl\/instytut\/ifiz\/wp-json\/wp\/v2\/pages\/1266"}],"collection":[{"href":"https:\/\/us.edu.pl\/instytut\/ifiz\/wp-json\/wp\/v2\/pages"}],"about":[{"href":"https:\/\/us.edu.pl\/instytut\/ifiz\/wp-json\/wp\/v2\/types\/page"}],"author":[{"embeddable":true,"href":"https:\/\/us.edu.pl\/instytut\/ifiz\/wp-json\/wp\/v2\/users\/104"}],"replies":[{"embeddable":true,"href":"https:\/\/us.edu.pl\/instytut\/ifiz\/wp-json\/wp\/v2\/comments?post=1266"}],"version-history":[{"count":0,"href":"https:\/\/us.edu.pl\/instytut\/ifiz\/wp-json\/wp\/v2\/pages\/1266\/revisions"}],"up":[{"embeddable":true,"href":"https:\/\/us.edu.pl\/instytut\/ifiz\/wp-json\/wp\/v2\/pages\/1177"}],"wp:attachment":[{"href":"https:\/\/us.edu.pl\/instytut\/ifiz\/wp-json\/wp\/v2\/media?parent=1266"}],"curies":[{"name":"wp","href":"https:\/\/api.w.org\/{rel}","templated":true}]}}